{"id":5132,"date":"2019-12-28T11:49:17","date_gmt":"2019-12-28T10:49:17","guid":{"rendered":"http:\/\/lorrylesmetz-histoire.fr\/?page_id=5132"},"modified":"2019-12-28T11:49:45","modified_gmt":"2019-12-28T10:49:45","slug":"le-pays-lorrain-1973-05","status":"publish","type":"page","link":"http:\/\/lorrylesmetz-histoire.fr\/?page_id=5132","title":{"rendered":"Le Pays lorrain \u2013 1977"},"content":{"rendered":"<h2>Num\u00e9ro 2<\/h2>\n<table>\n<tbody>\n<tr>\n<td width=\"650\">Francine ROZE, L\u2019abbaye Saint-Mansuy de Toul aux X<sup>e<\/sup>\u2011XII<sup>e<\/sup> si\u00e8cles<\/td>\n<td style=\"text-align: right;\" width=\"60\">75<\/td>\n<\/tr>\n<tr>\n<td>Louis K\u00d6LL, Pont-\u00e0-Mousson pendant le si\u00e8ge de Metz : le journal d\u2019Eug\u00e8ne Schwcebel et l\u2019\u00e9vasion du capitaine Faverot de Kerbreck<\/td>\n<td style=\"text-align: right;\">87<\/td>\n<\/tr>\n<tr>\n<td>Olivier VINCIENNE, Le g\u00e9n\u00e9ral Ducrot s\u2019\u00e9vade<\/td>\n<td style=\"text-align: right;\">97<\/td>\n<\/tr>\n<tr>\n<td>Jacques HENRI-ROBERT, Le commandeur de l\u2019Ordre de Malte Nicolas-Fran\u00e7ois Rouyer, diplomate lorrain en Suisse de 1803 \u00e0 1814<\/td>\n<td style=\"text-align: right;\">105<\/td>\n<\/tr>\n<tr>\n<td>Olivier VINCIENNE, Fran\u00e7ois-Dominique de Mory d\u2019Elvange (1738-1794)<\/td>\n<td style=\"text-align: right;\">107<\/td>\n<\/tr>\n<\/tbody>\n<\/table>\n<h2>Num\u00e9ro 3<\/h2>\n<table>\n<tbody>\n<tr>\n<td width=\"650\">Jean RICHARD, La Lorraine et les liaisons internes de l\u2019\u00c9tat bourguignon<\/td>\n<td style=\"text-align: right;\" width=\"60\">113<\/td>\n<\/tr>\n<tr>\n<td>Philippe CONTAMINE, Charles le T\u00e9m\u00e9raire, fossoyeur ou fondateur de l\u2019\u00c9tat bourguignon\u2005?<\/td>\n<td style=\"text-align: right;\">123<\/td>\n<\/tr>\n<tr>\n<td>Ren\u00e9 de VIENNE, Ren\u00e9 II et Venise<\/td>\n<td style=\"text-align: right;\">135<\/td>\n<\/tr>\n<tr>\n<td>Fr.-Th\u00e9r\u00e8se CHARPENTIER, De la croix de Bourgogne au monument de la Bataille de Nancy<\/td>\n<td style=\"text-align: right;\">147<\/td>\n<\/tr>\n<\/tbody>\n<\/table>\n<p><a href=\"http:\/\/lorrylesmetz-histoire.fr\/?page_id=4996\"><img loading=\"lazy\" decoding=\"async\" class=\"alignnone size-full wp-image-378\" src=\"http:\/\/lorrylesmetz-histoire.fr\/wp-content\/uploads\/2017\/05\/retour.png\" alt=\"\" width=\"89\" height=\"31\" \/><\/a><\/p>\n","protected":false},"excerpt":{"rendered":"<p>Num\u00e9ro 2 Francine ROZE, L\u2019abbaye Saint-Mansuy de Toul aux Xe\u2011XIIe si\u00e8cles 75 Louis K\u00d6LL, Pont-\u00e0-Mousson pendant le si\u00e8ge de Metz : le journal d\u2019Eug\u00e8ne Schwcebel et l\u2019\u00e9vasion du capitaine Faverot de Kerbreck 87 Olivier VINCIENNE, Le g\u00e9n\u00e9ral Ducrot s\u2019\u00e9vade 97&hellip; <\/p>\n","protected":false},"author":1,"featured_media":0,"parent":4996,"menu_order":34,"comment_status":"closed","ping_status":"closed","template":"","meta":{"_mc_calendar":[],"footnotes":""},"class_list":["post-5132","page","type-page","status-publish","hentry"],"_links":{"self":[{"href":"http:\/\/lorrylesmetz-histoire.fr\/index.php?rest_route=\/wp\/v2\/pages\/5132","targetHints":{"allow":["GET"]}}],"collection":[{"href":"http:\/\/lorrylesmetz-histoire.fr\/index.php?rest_route=\/wp\/v2\/pages"}],"about":[{"href":"http:\/\/lorrylesmetz-histoire.fr\/index.php?rest_route=\/wp\/v2\/types\/page"}],"author":[{"embeddable":true,"href":"http:\/\/lorrylesmetz-histoire.fr\/index.php?rest_route=\/wp\/v2\/users\/1"}],"replies":[{"embeddable":true,"href":"http:\/\/lorrylesmetz-histoire.fr\/index.php?rest_route=%2Fwp%2Fv2%2Fcomments&post=5132"}],"version-history":[{"count":3,"href":"http:\/\/lorrylesmetz-histoire.fr\/index.php?rest_route=\/wp\/v2\/pages\/5132\/revisions"}],"predecessor-version":[{"id":5190,"href":"http:\/\/lorrylesmetz-histoire.fr\/index.php?rest_route=\/wp\/v2\/pages\/5132\/revisions\/5190"}],"up":[{"embeddable":true,"href":"http:\/\/lorrylesmetz-histoire.fr\/index.php?rest_route=\/wp\/v2\/pages\/4996"}],"wp:attachment":[{"href":"http:\/\/lorrylesmetz-histoire.fr\/index.php?rest_route=%2Fwp%2Fv2%2Fmedia&parent=5132"}],"curies":[{"name":"wp","href":"https:\/\/api.w.org\/{rel}","templated":true}]}}