{"id":5134,"date":"2019-12-28T11:42:18","date_gmt":"2019-12-28T10:42:18","guid":{"rendered":"http:\/\/lorrylesmetz-histoire.fr\/?page_id=5134"},"modified":"2019-12-28T11:42:18","modified_gmt":"2019-12-28T10:42:18","slug":"le-pays-lorrain-1973-03","status":"publish","type":"page","link":"http:\/\/lorrylesmetz-histoire.fr\/?page_id=5134","title":{"rendered":"Le Pays lorrain \u2013 1975"},"content":{"rendered":"<p><a href=\"http:\/\/lorrylesmetz-histoire.fr\/?page_id=4996\"><img loading=\"lazy\" decoding=\"async\" class=\"alignnone size-full wp-image-378\" src=\"http:\/\/lorrylesmetz-histoire.fr\/wp-content\/uploads\/2017\/05\/retour.png\" alt=\"\" width=\"89\" height=\"31\" \/><\/a><\/p>\n<h2>Articles<\/h2>\n<table>\n<tbody>\n<tr>\n<td width=\"650\">CABOURDIN (Guy). Villages et maisons rurales au d\u00e9but des temps modernes, Toulois et Xaintois<\/td>\n<td style=\"text-align: right;\" width=\"60\">65<\/td>\n<\/tr>\n<tr>\n<td>CAREL (Jacques). Le ma\u00eetre du retable de Mairy, son atelier et ses continuateurs<\/td>\n<td style=\"text-align: right;\">85<\/td>\n<\/tr>\n<tr>\n<td>CHARPENTIER (Fr.-Th\u00e9r\u00e8se). Ascendance lor\u00adraine de Gall\u00e9<\/td>\n<td style=\"text-align: right;\">153<\/td>\n<\/tr>\n<tr>\n<td>CHOUX (Abb\u00e9 Jacques). Une synagogue du XVIIIe si\u00e8cle : la Schoule de Lun\u00e9ville<\/td>\n<td style=\"text-align: right;\">45<\/td>\n<\/tr>\n<tr>\n<td>\u2014. Nicolas de la Case, graveur lorrain du XVIe si\u00e8cle<\/td>\n<td style=\"text-align: right;\">175<\/td>\n<\/tr>\n<tr>\n<td>DENIS (Paul). Les g\u00e9n\u00e9raux Thiry<\/td>\n<td style=\"text-align: right;\">217<\/td>\n<\/tr>\n<tr>\n<td>DICOP (Nicolas). Au sujet de l\u2019origine du nom de la ville de Sierck\u2005; une r\u00e9trospective his\u00adtorique<\/td>\n<td style=\"text-align: right;\">115<\/td>\n<\/tr>\n<tr>\n<td>FAHRENHEIM (G\u00fcnther). Une construction du premier art roman dans les Vosges : l\u2019\u00e9glise du prieur\u00e9 de Bleurville<\/td>\n<td style=\"text-align: right;\">3<\/td>\n<\/tr>\n<tr>\n<td>JACOPS (Marie-France). Le patrimoine artistique des \u00e9glises lorraines en p\u00e9ril<\/td>\n<td style=\"text-align: right;\">119<\/td>\n<\/tr>\n<tr>\n<td>JOB (Fran\u00e7oise). Les cahiers de dol\u00e9ances des cor\u00adporations de Lun\u00e9ville en 1789<\/td>\n<td style=\"text-align: right;\">111<\/td>\n<\/tr>\n<tr>\n<td>OSTROWSKI (Jan). L\u2019\u00e9glise Notre-Dame de Bon-Secours \u00e0 Nancy<\/td>\n<td style=\"text-align: right;\">27<\/td>\n<\/tr>\n<tr>\n<td>PARISSE (Bernard et Michel). De Sorcy \u00e0 Void\u2005; l\u2019ascension de la famille Nicolas-Joseph Cugnot<\/td>\n<td style=\"text-align: right;\">137<\/td>\n<\/tr>\n<tr>\n<td>ROUSSEL (Francis). La basilique de Mattaincourt<\/td>\n<td style=\"text-align: right;\">205<\/td>\n<\/tr>\n<tr>\n<td>SIMONIN (Pierre). Boffrand et la d\u00e9coration de l\u2019appartement ducal au ch\u00e2teau de Lun\u00e9ville<\/td>\n<td style=\"text-align: right;\">213<\/td>\n<\/tr>\n<tr>\n<td>TRIBOUT DE MOREMBERT (Henri). La recons\u00adtruction de l\u2019\u00e9glise abbatiale de Saint-Avold (1755-1769)<\/td>\n<td style=\"text-align: right;\">39<\/td>\n<\/tr>\n<tr>\n<td>VAN HEES (Horst). Une vierge lorraine du d\u00e9but du XVIe si\u00e8cle conserv\u00e9e au Kunstmuseum de Dusseldorf<\/td>\n<td style=\"text-align: right;\">101<\/td>\n<\/tr>\n<tr>\n<td>\u2014. Le retable nord de G\u00e9nicourt-sur-Meuse et quelques sculptures analogues<\/td>\n<td style=\"text-align: right;\">105<\/td>\n<\/tr>\n<tr>\n<td>VINCIENNE (Olivier). Goethe et la campagne de Valmy<\/td>\n<td style=\"text-align: right;\">145<\/td>\n<\/tr>\n<tr>\n<td>\u2014. Les prisons du deu\u00adxi\u00e8me duc de Choiseul<\/td>\n<td style=\"text-align: right;\">213<\/td>\n<\/tr>\n<\/tbody>\n<\/table>\n<h2>Vari\u00e9t\u00e9s et chroniques<\/h2>\n<table>\n<tbody>\n<tr>\n<td width=\"550\">La vie de la Soci\u00e9t\u00e9 d\u2019Arch\u00e9ologie lorraine et du Mus\u00e9e historique lorrain. Nouvelles lorraines. Arch\u00e9ologie<\/td>\n<td style=\"text-align: right;\" width=\"160\">54, 159<\/td>\n<\/tr>\n<tr>\n<td>Livres r\u00e9cents<\/td>\n<td style=\"text-align: right;\">57, 166<\/td>\n<\/tr>\n<\/tbody>\n<\/table>\n<h2>Notices n\u00e9crologiques<\/h2>\n<table>\n<tbody>\n<tr>\n<td width=\"650\">L\u00e9on BASSOMPIERRE<\/td>\n<td style=\"text-align: right;\" width=\"60\">165<\/td>\n<\/tr>\n<tr>\n<td>Gabriel HOCQUARD<\/td>\n<td style=\"text-align: right;\">165<\/td>\n<\/tr>\n<\/tbody>\n<\/table>\n<p><a href=\"http:\/\/lorrylesmetz-histoire.fr\/?page_id=4996\"><img loading=\"lazy\" decoding=\"async\" class=\"alignnone size-full wp-image-378\" src=\"http:\/\/lorrylesmetz-histoire.fr\/wp-content\/uploads\/2017\/05\/retour.png\" alt=\"\" width=\"89\" height=\"31\" \/><\/a><\/p>\n","protected":false},"excerpt":{"rendered":"<p>Articles CABOURDIN (Guy). Villages et maisons rurales au d\u00e9but des temps modernes, Toulois et Xaintois 65 CAREL (Jacques). Le ma\u00eetre du retable de Mairy, son atelier et ses continuateurs 85 CHARPENTIER (Fr.-Th\u00e9r\u00e8se). Ascendance lor\u00adraine de Gall\u00e9 153 CHOUX (Abb\u00e9 Jacques).&hellip; <\/p>\n","protected":false},"author":1,"featured_media":0,"parent":4996,"menu_order":32,"comment_status":"closed","ping_status":"closed","template":"","meta":{"_mc_calendar":[],"footnotes":""},"class_list":["post-5134","page","type-page","status-publish","hentry"],"_links":{"self":[{"href":"http:\/\/lorrylesmetz-histoire.fr\/index.php?rest_route=\/wp\/v2\/pages\/5134","targetHints":{"allow":["GET"]}}],"collection":[{"href":"http:\/\/lorrylesmetz-histoire.fr\/index.php?rest_route=\/wp\/v2\/pages"}],"about":[{"href":"http:\/\/lorrylesmetz-histoire.fr\/index.php?rest_route=\/wp\/v2\/types\/page"}],"author":[{"embeddable":true,"href":"http:\/\/lorrylesmetz-histoire.fr\/index.php?rest_route=\/wp\/v2\/users\/1"}],"replies":[{"embeddable":true,"href":"http:\/\/lorrylesmetz-histoire.fr\/index.php?rest_route=%2Fwp%2Fv2%2Fcomments&post=5134"}],"version-history":[{"count":2,"href":"http:\/\/lorrylesmetz-histoire.fr\/index.php?rest_route=\/wp\/v2\/pages\/5134\/revisions"}],"predecessor-version":[{"id":5185,"href":"http:\/\/lorrylesmetz-histoire.fr\/index.php?rest_route=\/wp\/v2\/pages\/5134\/revisions\/5185"}],"up":[{"embeddable":true,"href":"http:\/\/lorrylesmetz-histoire.fr\/index.php?rest_route=\/wp\/v2\/pages\/4996"}],"wp:attachment":[{"href":"http:\/\/lorrylesmetz-histoire.fr\/index.php?rest_route=%2Fwp%2Fv2%2Fmedia&parent=5134"}],"curies":[{"name":"wp","href":"https:\/\/api.w.org\/{rel}","templated":true}]}}