{"id":5135,"date":"2019-12-28T11:37:42","date_gmt":"2019-12-28T10:37:42","guid":{"rendered":"http:\/\/lorrylesmetz-histoire.fr\/?page_id=5135"},"modified":"2019-12-28T11:37:42","modified_gmt":"2019-12-28T10:37:42","slug":"le-pays-lorrain-1973-02","status":"publish","type":"page","link":"http:\/\/lorrylesmetz-histoire.fr\/?page_id=5135","title":{"rendered":"Le Pays lorrain \u2013 1974"},"content":{"rendered":"<p><a href=\"http:\/\/lorrylesmetz-histoire.fr\/?page_id=4996\"><img loading=\"lazy\" decoding=\"async\" class=\"alignnone size-full wp-image-378\" src=\"http:\/\/lorrylesmetz-histoire.fr\/wp-content\/uploads\/2017\/05\/retour.png\" alt=\"\" width=\"89\" height=\"31\" \/><\/a><\/p>\n<h2>Articles<\/h2>\n<table>\n<tbody>\n<tr>\n<td width=\"650\">BEAU (A.) et STREIFF (Fr.). Le sceau du Coll\u00e8ge royal de chirurgie de Nancy<\/td>\n<td style=\"text-align: right;\" width=\"60\">111<\/td>\n<\/tr>\n<tr>\n<td>BER\u00c7OT (J.-Cl.). Une villa gallo-romaine \u00e0 Grand<\/td>\n<td style=\"text-align: right;\">31<\/td>\n<\/tr>\n<tr>\n<td>BRIX (A.). Les p\u00e8lerinages \u00e0 Beno\u00eete-Vaux au XVIIe si\u00e8cle<\/td>\n<td style=\"text-align: right;\">115<\/td>\n<\/tr>\n<tr>\n<td>Centenaire de Charles Gu\u00e9rin<\/td>\n<td style=\"text-align: right;\">99<\/td>\n<\/tr>\n<tr>\n<td>CHARPENTIER (Fr.-Th.). Une source parisienne de la statue du Bien-Aim\u00e9 \u00e0 Nancy<\/td>\n<td style=\"text-align: right;\">222<\/td>\n<\/tr>\n<tr>\n<td>CHOUX (J.). L\u2019authenticit\u00e9 de la maison de Jeanne d\u2019Arc<\/td>\n<td style=\"text-align: right;\">1<\/td>\n<\/tr>\n<tr>\n<td>\u2014. Une \u0153uvre inconnue du graveur Jean Appier<\/td>\n<td style=\"text-align: right;\">97<\/td>\n<\/tr>\n<tr>\n<td>\u2014. Les origines de la fa\u00efencerie en Lorraine<\/td>\n<td style=\"text-align: right;\">333<\/td>\n<\/tr>\n<tr>\n<td>DENIS (P.). Manifestations au th\u00e9\u00e2tre de Nancy en 1822<\/td>\n<td style=\"text-align: right;\">95<\/td>\n<\/tr>\n<tr>\n<td>FRAN\u00c7OIS (Ch.). Les combats du Bois-le-Pr\u00eatre<\/td>\n<td style=\"text-align: right;\">51<\/td>\n<\/tr>\n<tr>\n<td>GABER (Saint). Un bibliophile polonais \u00e0 la cour de Stanislas : Joseph-Andr\u00e9 Zaluski<\/td>\n<td style=\"text-align: right;\">65<\/td>\n<\/tr>\n<tr>\n<td>GEIMDRE (L.). Une industrie oubli\u00e9e : la fa\u00efencerie de Champigneulles<\/td>\n<td style=\"text-align: right;\">333<\/td>\n<\/tr>\n<tr>\n<td>LALOUETTE (X.). L\u2019iconographie de saint Hubert dans la sculpture lorraine<\/td>\n<td style=\"text-align: right;\">444<\/td>\n<\/tr>\n<tr>\n<td>LUTZ (M.). Le domaine gallo-romain de Saint\u2011Ulrich<\/td>\n<td style=\"text-align: right;\">15<\/td>\n<\/tr>\n<tr>\n<td>MARCHAL (J.). Arbeuville ou la querelle des trois cur\u00e9s<\/td>\n<td style=\"text-align: right;\">94<\/td>\n<\/tr>\n<tr>\n<td>MARCILLY-MEMDITH (Th.). Le m\u00e9lodrame de G. de Pixer\u00e9court aux \u00c9tats-Unis<\/td>\n<td style=\"text-align: right;\">83<\/td>\n<\/tr>\n<tr>\n<td>MAROT (P.). Les vicissitudes des globes c\u00e9leste et terrestre grav\u00e9s par le \u00ab math\u00e9maticien \u00bb Jean L\u2019Hoste pour le duc de Lorraine Henri II<\/td>\n<td style=\"text-align: right;\">105<\/td>\n<\/tr>\n<tr>\n<td>SCHWARZFUCHS (S.). Le contrat du premier rabbin du duch\u00e9 de Lorraine<\/td>\n<td style=\"text-align: right;\">183<\/td>\n<\/tr>\n<\/tbody>\n<\/table>\n<h2>Vari\u00e9t\u00e9s et chroniques<\/h2>\n<table>\n<tbody>\n<tr>\n<td width=\"500\">La vie de la Soci\u00e9t\u00e9 d\u2019arch\u00e9ologie lorraine et du Mus\u00e9e historique lorrain. Nouvelles lorraines. Arch\u00e9ologie. N\u00e9crologie<\/td>\n<td style=\"text-align: right;\" width=\"210\">37 \u00e0 42, 127 \u00e0 132<\/td>\n<\/tr>\n<\/tbody>\n<\/table>\n<h2>Bibliographie<\/h2>\n<table>\n<tbody>\n<tr>\n<td width=\"500\">Livres r\u00e9cents<\/td>\n<td style=\"wext-align: right;\" width=\"210\">43 \u00e0 50, 132 \u00e0 137<\/td>\n<\/tr>\n<\/tbody>\n<\/table>\n<p><a href=\"http:\/\/lorrylesmetz-histoire.fr\/?page_id=4996\"><img loading=\"lazy\" decoding=\"async\" class=\"alignnone size-full wp-image-378\" src=\"http:\/\/lorrylesmetz-histoire.fr\/wp-content\/uploads\/2017\/05\/retour.png\" alt=\"\" width=\"89\" height=\"31\" \/><\/a><\/p>\n","protected":false},"excerpt":{"rendered":"<p>Articles BEAU (A.) et STREIFF (Fr.). Le sceau du Coll\u00e8ge royal de chirurgie de Nancy 111 BER\u00c7OT (J.-Cl.). Une villa gallo-romaine \u00e0 Grand 31 BRIX (A.). Les p\u00e8lerinages \u00e0 Beno\u00eete-Vaux au XVIIe si\u00e8cle 115 Centenaire de Charles Gu\u00e9rin 99 CHARPENTIER&hellip; <\/p>\n","protected":false},"author":1,"featured_media":0,"parent":4996,"menu_order":31,"comment_status":"closed","ping_status":"closed","template":"","meta":{"_mc_calendar":[],"footnotes":""},"class_list":["post-5135","page","type-page","status-publish","hentry"],"_links":{"self":[{"href":"http:\/\/lorrylesmetz-histoire.fr\/index.php?rest_route=\/wp\/v2\/pages\/5135","targetHints":{"allow":["GET"]}}],"collection":[{"href":"http:\/\/lorrylesmetz-histoire.fr\/index.php?rest_route=\/wp\/v2\/pages"}],"about":[{"href":"http:\/\/lorrylesmetz-histoire.fr\/index.php?rest_route=\/wp\/v2\/types\/page"}],"author":[{"embeddable":true,"href":"http:\/\/lorrylesmetz-histoire.fr\/index.php?rest_route=\/wp\/v2\/users\/1"}],"replies":[{"embeddable":true,"href":"http:\/\/lorrylesmetz-histoire.fr\/index.php?rest_route=%2Fwp%2Fv2%2Fcomments&post=5135"}],"version-history":[{"count":2,"href":"http:\/\/lorrylesmetz-histoire.fr\/index.php?rest_route=\/wp\/v2\/pages\/5135\/revisions"}],"predecessor-version":[{"id":5183,"href":"http:\/\/lorrylesmetz-histoire.fr\/index.php?rest_route=\/wp\/v2\/pages\/5135\/revisions\/5183"}],"up":[{"embeddable":true,"href":"http:\/\/lorrylesmetz-histoire.fr\/index.php?rest_route=\/wp\/v2\/pages\/4996"}],"wp:attachment":[{"href":"http:\/\/lorrylesmetz-histoire.fr\/index.php?rest_route=%2Fwp%2Fv2%2Fmedia&parent=5135"}],"curies":[{"name":"wp","href":"https:\/\/api.w.org\/{rel}","templated":true}]}}