{"id":5136,"date":"2019-12-28T11:31:34","date_gmt":"2019-12-28T10:31:34","guid":{"rendered":"http:\/\/lorrylesmetz-histoire.fr\/?page_id=5136"},"modified":"2019-12-28T11:31:34","modified_gmt":"2019-12-28T10:31:34","slug":"le-pays-lorrain-1973-01","status":"publish","type":"page","link":"http:\/\/lorrylesmetz-histoire.fr\/?page_id=5136","title":{"rendered":"Le Pays lorrain \u2013 1973"},"content":{"rendered":"<p><a href=\"http:\/\/lorrylesmetz-histoire.fr\/?page_id=4996\"><img loading=\"lazy\" decoding=\"async\" class=\"alignnone size-full wp-image-378\" src=\"http:\/\/lorrylesmetz-histoire.fr\/wp-content\/uploads\/2017\/05\/retour.png\" alt=\"\" width=\"89\" height=\"31\" \/><\/a><\/p>\n<h2>Articles<\/h2>\n<table>\n<tbody>\n<tr>\n<td width=\"650\">CHARPENTIER (J.-T.). Peut-on toujours parler de \u00ab La Servante \u00e0 la puce \u00bb?<\/td>\n<td style=\"text-align: right;\" width=\"60\">101<\/td>\n<\/tr>\n<tr>\n<td>CHOUX (Abb\u00e9 Jacques). Jean Callot, h\u00e9raut d\u2019armes et peintre, fr\u00e8re de Jacques Callot<\/td>\n<td style=\"text-align: right;\">249<\/td>\n<\/tr>\n<tr>\n<td>\u2014. Le miroir de la Madeleine chez Georges La Tour<\/td>\n<td style=\"text-align: right;\">103<\/td>\n<\/tr>\n<tr>\n<td>\u2014. Valentin Bousch \u00e0 Saint\u00adNicolas-de-Port et \u00e0 Flavigny<\/td>\n<td style=\"text-align: right;\">157<\/td>\n<\/tr>\n<tr>\n<td>COLLIN (Hubert). De l\u2019enceinte pr\u00e9historique au ch\u00e2teau m\u00e9di\u00e9val : les sites fortifi\u00e9s de la Lor\u00adraine au Moyen \u00c2ge. Enseignements de la topo\u00adgraphie et de la toponymie<\/td>\n<td style=\"text-align: right;\">185<\/td>\n<\/tr>\n<tr>\n<td>DENIS (Paul). Qui a sauv\u00e9 Nancy en 1914\u2005?<\/td>\n<td style=\"text-align: right;\">33<\/td>\n<\/tr>\n<tr>\n<td>DOLLFUS (M.-A.). L\u2019ophtalmologie et l\u2019optique dans l\u2019\u0153uvre de Georges La Tour<\/td>\n<td style=\"text-align: right;\">95<\/td>\n<\/tr>\n<tr>\n<td>JANOT (Jean-Marie). Les fa\u00efences de G\u00e9rardmer<\/td>\n<td style=\"text-align: right;\">253<\/td>\n<\/tr>\n<tr>\n<td>MAROT (Pierre). La \u00ab R\u00e9surrection \u00bb de La Tour en Lorraine<\/td>\n<td style=\"text-align: right;\">53<\/td>\n<\/tr>\n<tr>\n<td>\u2014. La statue \u00e9questre du duc Charles III con\u00e7ue pour la Ville-Neuve de Nancy et son \u00ab mod\u00e8le \u00bb<\/td>\n<td style=\"text-align: right;\">13<\/td>\n<\/tr>\n<tr>\n<td>\u2014. Le cinquantenaire de la mort de Barr\u00e8s<\/td>\n<td style=\"text-align: right;\">119<\/td>\n<\/tr>\n<tr>\n<td>\u2014. Les promenades de Maurice Bar\u00adr\u00e8s en Bassigny, \u00e0 propos de sa correspondance avec Alcide Marot<\/td>\n<td style=\"text-align: right;\">123<\/td>\n<\/tr>\n<tr>\n<td>TERNOIS (Daniel). Callot et son temps\u2005; dix ans de recherches (1962-1972)<\/td>\n<td style=\"text-align: right;\">211<\/td>\n<\/tr>\n<tr>\n<td>TRIBOUT DE MOREMBERT (H.). Georges La Tour, homosexuel et h\u00e9r\u00e9tique\u2005?<\/td>\n<td style=\"text-align: right;\">115<\/td>\n<\/tr>\n<tr>\n<td>\u2014. La famille de Georges La Tour \u00e0 Vic, Moyenvic et Marsal<\/td>\n<td style=\"text-align: right;\">113<\/td>\n<\/tr>\n<tr>\n<td>\u2014. Un tableau de La Tour pour les Carmes de Metz : Saint Joseph charpentier<\/td>\n<td style=\"text-align: right;\">87<\/td>\n<\/tr>\n<tr>\n<td>VAUX DE FOLETIER (G. DE). Georges La Tour et le th\u00e8me de la bonne aventure<\/td>\n<td style=\"text-align: right;\">91<\/td>\n<\/tr>\n<tr>\n<td>VAZEMMES (F.). Deux pr\u00eatres vosgiens, amis de Maurice Barr\u00e8s<\/td>\n<td style=\"text-align: right;\">145<\/td>\n<\/tr>\n<\/tbody>\n<\/table>\n<h2>Vari\u00e9t\u00e9s et chroniques<\/h2>\n<table>\n<tbody>\n<tr>\n<td width=\"500\">La vie de la Soci\u00e9t\u00e9 d\u2019arch\u00e9ologie lorraine et du Mus\u00e9e historique lorrain. Nouvelles lorraines. Arch\u00e9ologie<\/td>\n<td style=\"text-align: right;\" width=\"210\">39 \u00e0 45, 171 \u00e0 174<\/td>\n<\/tr>\n<\/tbody>\n<\/table>\n<h2>Bibliographie<\/h2>\n<table>\n<tbody>\n<tr>\n<td width=\"500\">Livres r\u00e9cents<\/td>\n<td style=\"text-align: right;\" width=\"210\">46 \u00e0 49, 174 \u00e0 181<\/td>\n<\/tr>\n<\/tbody>\n<\/table>\n<h2>Notices n\u00e9crologiques<\/h2>\n<table>\n<tbody>\n<tr>\n<td width=\"650\">GRANDPIERRE (Andr\u00e9)<\/td>\n<td style=\"text-align: right;\" width=\"60\">45<\/td>\n<\/tr>\n<tr>\n<td>MERKELBACH-PINCK (Anna Angelika)<\/td>\n<td style=\"text-align: right;\">45<\/td>\n<\/tr>\n<tr>\n<td>NOMIN\u00c9 (Henri)<\/td>\n<td style=\"text-align: right;\">45<\/td>\n<\/tr>\n<tr>\n<td>THOMAS (Georges)<\/td>\n<td style=\"text-align: right;\">45<\/td>\n<\/tr>\n<tr>\n<td>VOIRIN (Pierre)<\/td>\n<td style=\"text-align: right;\">46<\/td>\n<\/tr>\n<\/tbody>\n<\/table>\n<p><a href=\"http:\/\/lorrylesmetz-histoire.fr\/?page_id=4996\"><img loading=\"lazy\" decoding=\"async\" class=\"alignnone size-full wp-image-378\" src=\"http:\/\/lorrylesmetz-histoire.fr\/wp-content\/uploads\/2017\/05\/retour.png\" alt=\"\" width=\"89\" height=\"31\" \/><\/a><\/p>\n","protected":false},"excerpt":{"rendered":"<p>Articles CHARPENTIER (J.-T.). Peut-on toujours parler de \u00ab La Servante \u00e0 la puce \u00bb? 101 CHOUX (Abb\u00e9 Jacques). Jean Callot, h\u00e9raut d\u2019armes et peintre, fr\u00e8re de Jacques Callot 249 \u2014. Le miroir de la Madeleine chez Georges La Tour 103&hellip; <\/p>\n","protected":false},"author":1,"featured_media":0,"parent":4996,"menu_order":30,"comment_status":"closed","ping_status":"closed","template":"","meta":{"_mc_calendar":[],"footnotes":""},"class_list":["post-5136","page","type-page","status-publish","hentry"],"_links":{"self":[{"href":"http:\/\/lorrylesmetz-histoire.fr\/index.php?rest_route=\/wp\/v2\/pages\/5136","targetHints":{"allow":["GET"]}}],"collection":[{"href":"http:\/\/lorrylesmetz-histoire.fr\/index.php?rest_route=\/wp\/v2\/pages"}],"about":[{"href":"http:\/\/lorrylesmetz-histoire.fr\/index.php?rest_route=\/wp\/v2\/types\/page"}],"author":[{"embeddable":true,"href":"http:\/\/lorrylesmetz-histoire.fr\/index.php?rest_route=\/wp\/v2\/users\/1"}],"replies":[{"embeddable":true,"href":"http:\/\/lorrylesmetz-histoire.fr\/index.php?rest_route=%2Fwp%2Fv2%2Fcomments&post=5136"}],"version-history":[{"count":2,"href":"http:\/\/lorrylesmetz-histoire.fr\/index.php?rest_route=\/wp\/v2\/pages\/5136\/revisions"}],"predecessor-version":[{"id":5180,"href":"http:\/\/lorrylesmetz-histoire.fr\/index.php?rest_route=\/wp\/v2\/pages\/5136\/revisions\/5180"}],"up":[{"embeddable":true,"href":"http:\/\/lorrylesmetz-histoire.fr\/index.php?rest_route=\/wp\/v2\/pages\/4996"}],"wp:attachment":[{"href":"http:\/\/lorrylesmetz-histoire.fr\/index.php?rest_route=%2Fwp%2Fv2%2Fmedia&parent=5136"}],"curies":[{"name":"wp","href":"https:\/\/api.w.org\/{rel}","templated":true}]}}