{"id":5279,"date":"2020-01-01T18:38:16","date_gmt":"2020-01-01T17:38:16","guid":{"rendered":"http:\/\/lorrylesmetz-histoire.fr\/?page_id=5279"},"modified":"2021-04-17T19:33:05","modified_gmt":"2021-04-17T17:33:05","slug":"2020-2","status":"publish","type":"page","link":"http:\/\/lorrylesmetz-histoire.fr\/?page_id=5279","title":{"rendered":"2020"},"content":{"rendered":"<table style=\"width: 100%;\">\n<tbody>\n<tr>\n<td style=\"width: 20.39%; text-align: left; vertical-align: middle;\">13 mars<\/td>\n<td style=\"width: 55.05%; text-align: left; vertical-align: middle;\">Assembl\u00e9e g\u00e9n\u00e9rale<\/td>\n<td style=\"width: 24.21%; text-align: center; vertical-align: middle;\"><a href=\"http:\/\/lorrylesmetz-histoire.fr\/?page_id=5487\"><img loading=\"lazy\" decoding=\"async\" class=\"alignnone size-full wp-image-683\" src=\"http:\/\/lorrylesmetz-histoire.fr\/wp-content\/uploads\/2017\/05\/voir.png\" alt=\"\" width=\"89\" height=\"31\" \/><\/a><\/td>\n<\/tr>\n<tr>\n<td style=\"width: 20.39%; text-align: left; vertical-align: middle;\">14 janvier<\/td>\n<td style=\"width: 55.05%; text-align: left; vertical-align: middle;\">Galette des rois<\/td>\n<td style=\"width: 24.21%; text-align: center; vertical-align: middle;\"><a href=\"http:\/\/lorrylesmetz-histoire.fr\/?page_id=5385\"><img loading=\"lazy\" decoding=\"async\" class=\"alignnone size-full wp-image-683\" src=\"http:\/\/lorrylesmetz-histoire.fr\/wp-content\/uploads\/2017\/05\/voir.png\" alt=\"\" width=\"89\" height=\"31\" \/><\/a><\/td>\n<\/tr>\n<tr>\n<td style=\"width: 20.39%; text-align: left; vertical-align: middle;\">8 septembre<\/td>\n<td style=\"width: 55.05%; text-align: left; vertical-align: middle;\">R\u00e9union\u00a0 mensuelle<\/td>\n<td style=\"width: 24.21%; text-align: center; vertical-align: middle;\"><a href=\"http:\/\/lorrylesmetz-histoire.fr\/?page_id=5629\"><img loading=\"lazy\" decoding=\"async\" class=\"alignnone wp-image-683 size-full\" src=\"http:\/\/lorrylesmetz-histoire.fr\/wp-content\/uploads\/2017\/05\/voir.png?_t=1603977647\" alt=\"\" width=\"89\" height=\"31\" \/><\/a><\/td>\n<\/tr>\n<tr>\n<td style=\"width: 20.39%; text-align: left; vertical-align: middle;\">24 septembre<\/td>\n<td style=\"width: 55.05%; text-align: left; vertical-align: middle;\">Roll&rsquo;up pour le Souvenir fran\u00e7ais<\/td>\n<td style=\"width: 24.21%; text-align: center; vertical-align: middle;\"><a href=\"http:\/\/lorrylesmetz-histoire.fr\/?page_id=5639\"><img loading=\"lazy\" decoding=\"async\" class=\"alignnone size-full wp-image-683\" src=\"http:\/\/lorrylesmetz-histoire.fr\/wp-content\/uploads\/2017\/05\/voir.png\" alt=\"\" width=\"89\" height=\"31\" \/><\/a><\/td>\n<\/tr>\n<\/tbody>\n<\/table>\n<p style=\"text-align: center;\"><a href=\"http:\/\/lorrylesmetz-histoire.fr\/?page_id=60\"><img loading=\"lazy\" decoding=\"async\" class=\"size-full wp-image-378 alignleft\" src=\"http:\/\/lorrylesmetz-histoire.fr\/wp-content\/uploads\/2017\/05\/retour.png\" alt=\"\" width=\"89\" height=\"31\" \/><\/a><\/p>\n","protected":false},"excerpt":{"rendered":"<p>13 mars Assembl\u00e9e g\u00e9n\u00e9rale 14 janvier Galette des rois 8 septembre R\u00e9union\u00a0 mensuelle 24 septembre Roll&rsquo;up pour le Souvenir fran\u00e7ais<\/p>\n","protected":false},"author":1,"featured_media":0,"parent":60,"menu_order":6,"comment_status":"closed","ping_status":"closed","template":"","meta":{"_mc_calendar":[],"footnotes":""},"class_list":["post-5279","page","type-page","status-publish","hentry"],"_links":{"self":[{"href":"http:\/\/lorrylesmetz-histoire.fr\/index.php?rest_route=\/wp\/v2\/pages\/5279","targetHints":{"allow":["GET"]}}],"collection":[{"href":"http:\/\/lorrylesmetz-histoire.fr\/index.php?rest_route=\/wp\/v2\/pages"}],"about":[{"href":"http:\/\/lorrylesmetz-histoire.fr\/index.php?rest_route=\/wp\/v2\/types\/page"}],"author":[{"embeddable":true,"href":"http:\/\/lorrylesmetz-histoire.fr\/index.php?rest_route=\/wp\/v2\/users\/1"}],"replies":[{"embeddable":true,"href":"http:\/\/lorrylesmetz-histoire.fr\/index.php?rest_route=%2Fwp%2Fv2%2Fcomments&post=5279"}],"version-history":[{"count":10,"href":"http:\/\/lorrylesmetz-histoire.fr\/index.php?rest_route=\/wp\/v2\/pages\/5279\/revisions"}],"predecessor-version":[{"id":5809,"href":"http:\/\/lorrylesmetz-histoire.fr\/index.php?rest_route=\/wp\/v2\/pages\/5279\/revisions\/5809"}],"up":[{"embeddable":true,"href":"http:\/\/lorrylesmetz-histoire.fr\/index.php?rest_route=\/wp\/v2\/pages\/60"}],"wp:attachment":[{"href":"http:\/\/lorrylesmetz-histoire.fr\/index.php?rest_route=%2Fwp%2Fv2%2Fmedia&parent=5279"}],"curies":[{"name":"wp","href":"https:\/\/api.w.org\/{rel}","templated":true}]}}