{"id":5282,"date":"2020-01-01T18:40:17","date_gmt":"2020-01-01T17:40:17","guid":{"rendered":"http:\/\/lorrylesmetz-histoire.fr\/?page_id=5282"},"modified":"2020-10-29T15:12:45","modified_gmt":"2020-10-29T14:12:45","slug":"2020-2","status":"publish","type":"page","link":"http:\/\/lorrylesmetz-histoire.fr\/?page_id=5282","title":{"rendered":"2020"},"content":{"rendered":"<table style=\"width: 100%; border-collapse: collapse;\">\n<tbody>\n<tr>\n<td style=\"width: 33.33%; text-align: left; vertical-align: middle;\">28 f\u00e9vrier<\/td>\n<td style=\"width: 33.33%; text-align: left; vertical-align: middle;\">Conf\u00e9rence \u00ab\u00a0hors les murs\u00a0\u00bb<\/td>\n<td style=\"width: 33.33%; text-align: center; vertical-align: middle;\"><a href=\"http:\/\/lorrylesmetz-histoire.fr\/?page_id=5530\"><img loading=\"lazy\" decoding=\"async\" class=\"alignnone size-full wp-image-683\" src=\"http:\/\/lorrylesmetz-histoire.fr\/wp-content\/uploads\/2017\/05\/voir.png\" alt=\"\" width=\"89\" height=\"31\" \/><\/a><\/td>\n<\/tr>\n<tr>\n<td style=\"width: 33.33%; text-align: left; vertical-align: middle;\">15 janvier<\/td>\n<td style=\"width: 33.33%; text-align: left; vertical-align: middle;\">V\u0153ux du maire<\/td>\n<td style=\"width: 33.33%; text-align: center; vertical-align: middle;\"><a href=\"http:\/\/lorrylesmetz-histoire.fr\/?page_id=5417\"><img loading=\"lazy\" decoding=\"async\" class=\"alignnone size-full wp-image-683\" src=\"http:\/\/lorrylesmetz-histoire.fr\/wp-content\/uploads\/2017\/05\/voir.png\" alt=\"\" width=\"89\" height=\"31\" \/><\/a><\/td>\n<\/tr>\n<tr>\n<td style=\"width: 33.33%; text-align: left; vertical-align: middle;\">1<sup>er<\/sup> octobre<\/td>\n<td style=\"width: 33.33%; text-align: left; vertical-align: middle;\">FIM Moselle d\u00e9racin\u00e9e<\/td>\n<td style=\"width: 33.33%; text-align: center; vertical-align: middle;\"><a href=\"http:\/\/lorrylesmetz-histoire.fr\/?page_id=5743\"><img loading=\"lazy\" decoding=\"async\" class=\"alignnone size-full wp-image-683\" src=\"http:\/\/lorrylesmetz-histoire.fr\/wp-content\/uploads\/2017\/05\/voir.png\" alt=\"\" width=\"89\" height=\"31\" \/><\/a><\/td>\n<\/tr>\n<\/tbody>\n<\/table>\n<p>&nbsp;<\/p>\n<p><a href=\"http:\/\/lorrylesmetz-histoire.fr\/?page_id=171\"><img loading=\"lazy\" decoding=\"async\" class=\"alignnone size-full wp-image-378\" src=\"http:\/\/lorrylesmetz-histoire.fr\/wp-content\/uploads\/2017\/05\/retour.png\" alt=\"\" width=\"89\" height=\"31\" \/><\/a><\/p>\n","protected":false},"excerpt":{"rendered":"<p>28 f\u00e9vrier Conf\u00e9rence \u00ab\u00a0hors les murs\u00a0\u00bb 15 janvier V\u0153ux du maire 1er octobre FIM Moselle d\u00e9racin\u00e9e &nbsp;<\/p>\n","protected":false},"author":1,"featured_media":0,"parent":171,"menu_order":6,"comment_status":"closed","ping_status":"closed","template":"","meta":{"_mc_calendar":[],"footnotes":""},"class_list":["post-5282","page","type-page","status-publish","hentry"],"_links":{"self":[{"href":"http:\/\/lorrylesmetz-histoire.fr\/index.php?rest_route=\/wp\/v2\/pages\/5282","targetHints":{"allow":["GET"]}}],"collection":[{"href":"http:\/\/lorrylesmetz-histoire.fr\/index.php?rest_route=\/wp\/v2\/pages"}],"about":[{"href":"http:\/\/lorrylesmetz-histoire.fr\/index.php?rest_route=\/wp\/v2\/types\/page"}],"author":[{"embeddable":true,"href":"http:\/\/lorrylesmetz-histoire.fr\/index.php?rest_route=\/wp\/v2\/users\/1"}],"replies":[{"embeddable":true,"href":"http:\/\/lorrylesmetz-histoire.fr\/index.php?rest_route=%2Fwp%2Fv2%2Fcomments&post=5282"}],"version-history":[{"count":10,"href":"http:\/\/lorrylesmetz-histoire.fr\/index.php?rest_route=\/wp\/v2\/pages\/5282\/revisions"}],"predecessor-version":[{"id":5746,"href":"http:\/\/lorrylesmetz-histoire.fr\/index.php?rest_route=\/wp\/v2\/pages\/5282\/revisions\/5746"}],"up":[{"embeddable":true,"href":"http:\/\/lorrylesmetz-histoire.fr\/index.php?rest_route=\/wp\/v2\/pages\/171"}],"wp:attachment":[{"href":"http:\/\/lorrylesmetz-histoire.fr\/index.php?rest_route=%2Fwp%2Fv2%2Fmedia&parent=5282"}],"curies":[{"name":"wp","href":"https:\/\/api.w.org\/{rel}","templated":true}]}}