{"id":536,"date":"2017-05-28T09:36:52","date_gmt":"2017-05-28T07:36:52","guid":{"rendered":"http:\/\/lorrylesmetz-histoire.fr\/?page_id=536"},"modified":"2020-05-23T12:35:46","modified_gmt":"2020-05-23T10:35:46","slug":"voir-a-lorry-les-metz","status":"publish","type":"page","link":"http:\/\/lorrylesmetz-histoire.fr\/?page_id=536","title":{"rendered":"&Agrave; voir \u00e0 Lorry-l\u00e8s-Metz"},"content":{"rendered":"<figure>\n<table border=\"0\" cellspacing=\"0\" cellpadding=\"0\">\n<tbody>\n<tr>\n<td>\n<p><div id=\"attachment_542\" style=\"width: 110px\" class=\"wp-caption aligncenter\"><a href=\"http:\/\/lorrylesmetz-histoire.fr\/wp-content\/uploads\/2017\/05\/blason_lorry-1.jpg\" target=\"_blank\" rel=\"noopener noreferrer\"><img loading=\"lazy\" decoding=\"async\" aria-describedby=\"caption-attachment-542\" class=\"wp-image-542\" src=\"http:\/\/lorrylesmetz-histoire.fr\/wp-content\/uploads\/2017\/05\/blason_lorry-1-150x150.jpg\" alt=\"Le blason de Lorry.\" width=\"100\" height=\"75\" srcset=\"http:\/\/lorrylesmetz-histoire.fr\/wp-content\/uploads\/2017\/05\/blason_lorry-1-300x225.jpg 300w, http:\/\/lorrylesmetz-histoire.fr\/wp-content\/uploads\/2017\/05\/blason_lorry-1-100x75.jpg 100w, http:\/\/lorrylesmetz-histoire.fr\/wp-content\/uploads\/2017\/05\/blason_lorry-1-150x113.jpg 150w, http:\/\/lorrylesmetz-histoire.fr\/wp-content\/uploads\/2017\/05\/blason_lorry-1-200x150.jpg 200w, http:\/\/lorrylesmetz-histoire.fr\/wp-content\/uploads\/2017\/05\/blason_lorry-1-450x338.jpg 450w, http:\/\/lorrylesmetz-histoire.fr\/wp-content\/uploads\/2017\/05\/blason_lorry-1-600x450.jpg 600w, http:\/\/lorrylesmetz-histoire.fr\/wp-content\/uploads\/2017\/05\/blason_lorry-1.jpg 640w\" sizes=\"auto, (max-width: 100px) 100vw, 100px\" \/><\/a><p id=\"caption-attachment-542\" class=\"wp-caption-text\">Le blason de Lorry.<\/p><\/div><\/td>\n<td><\/td>\n<td style=\"text-align: justify;\">Le blason de Lorry-l\u00e8s-Metz , c&rsquo;est une interpr\u00e9tation v\u00e9g\u00e9tale du blason de la commune. Il est situ\u00e9 au carrefour \u00e0 l&rsquo;entr\u00e9e du village.<\/td>\n<\/tr>\n<tr>\n<td>\n<p><div id=\"attachment_541\" style=\"width: 110px\" class=\"wp-caption aligncenter\"><a href=\"http:\/\/lorrylesmetz-histoire.fr\/wp-content\/uploads\/2017\/05\/blason_famille_baudoche.jpg\" target=\"_blank\" rel=\"noopener noreferrer\"><img loading=\"lazy\" decoding=\"async\" aria-describedby=\"caption-attachment-541\" class=\"wp-image-541\" src=\"http:\/\/lorrylesmetz-histoire.fr\/wp-content\/uploads\/2017\/05\/blason_famille_baudoche-150x150.jpg\" alt=\"le blason de la famille Baudoche\" width=\"100\" height=\"75\" srcset=\"http:\/\/lorrylesmetz-histoire.fr\/wp-content\/uploads\/2017\/05\/blason_famille_baudoche-300x225.jpg 300w, http:\/\/lorrylesmetz-histoire.fr\/wp-content\/uploads\/2017\/05\/blason_famille_baudoche-100x75.jpg 100w, http:\/\/lorrylesmetz-histoire.fr\/wp-content\/uploads\/2017\/05\/blason_famille_baudoche-150x113.jpg 150w, http:\/\/lorrylesmetz-histoire.fr\/wp-content\/uploads\/2017\/05\/blason_famille_baudoche-200x150.jpg 200w, http:\/\/lorrylesmetz-histoire.fr\/wp-content\/uploads\/2017\/05\/blason_famille_baudoche-450x338.jpg 450w, http:\/\/lorrylesmetz-histoire.fr\/wp-content\/uploads\/2017\/05\/blason_famille_baudoche-600x450.jpg 600w, http:\/\/lorrylesmetz-histoire.fr\/wp-content\/uploads\/2017\/05\/blason_famille_baudoche.jpg 640w\" sizes=\"auto, (max-width: 100px) 100vw, 100px\" \/><\/a><p id=\"caption-attachment-541\" class=\"wp-caption-text\">le blason de la famille Baudoche<\/p><\/div><\/td>\n<td><\/td>\n<td style=\"text-align: justify;\">Dans l&rsquo;\u00e9glise de Lorry-l\u00e8s-Metz, au plafond, \u00e0 la cl\u00e9 de vo\u00fbte du ch\u0153ur, les armes des Baudoche, constructeurs de l\u2019\u00e9glise au XV<sup>e<\/sup>\u00a0si\u00e8cle.<\/td>\n<\/tr>\n<tr>\n<td>\n<p><div id=\"attachment_409\" style=\"width: 110px\" class=\"wp-caption aligncenter\"><a href=\"http:\/\/lorrylesmetz-histoire.fr\/wp-content\/uploads\/2017\/05\/plafond.jpg\" target=\"_blank\" rel=\"noopener noreferrer\"><img loading=\"lazy\" decoding=\"async\" aria-describedby=\"caption-attachment-409\" class=\"wp-image-409\" src=\"http:\/\/lorrylesmetz-histoire.fr\/wp-content\/uploads\/2017\/05\/plafond-150x150.jpg\" alt=\"\" width=\"100\" height=\"75\" srcset=\"http:\/\/lorrylesmetz-histoire.fr\/wp-content\/uploads\/2017\/05\/plafond-300x225.jpg 300w, http:\/\/lorrylesmetz-histoire.fr\/wp-content\/uploads\/2017\/05\/plafond-100x75.jpg 100w, http:\/\/lorrylesmetz-histoire.fr\/wp-content\/uploads\/2017\/05\/plafond-150x113.jpg 150w, http:\/\/lorrylesmetz-histoire.fr\/wp-content\/uploads\/2017\/05\/plafond-200x150.jpg 200w, http:\/\/lorrylesmetz-histoire.fr\/wp-content\/uploads\/2017\/05\/plafond-450x338.jpg 450w, http:\/\/lorrylesmetz-histoire.fr\/wp-content\/uploads\/2017\/05\/plafond-600x450.jpg 600w, http:\/\/lorrylesmetz-histoire.fr\/wp-content\/uploads\/2017\/05\/plafond.jpg 640w\" sizes=\"auto, (max-width: 100px) 100vw, 100px\" \/><\/a><p id=\"caption-attachment-409\" class=\"wp-caption-text\">Les \u00e9cussons au plafond<\/p><\/div><\/td>\n<td><\/td>\n<td style=\"text-align: justify;\">Dans la nef de l&rsquo;\u00e9glise, le blason de Lorry-l\u00e8s-Metz et celui de Metz (faciles \u00e0 identifier), celui du chapitre de la cath\u00e9drale de Metz avec le glaive et celui de monseigneur Dupont des Loges.<\/td>\n<\/tr>\n<tr>\n<td>\n<p><div id=\"attachment_384\" style=\"width: 110px\" class=\"wp-caption aligncenter\"><a href=\"http:\/\/lorrylesmetz-histoire.fr\/wp-content\/uploads\/2017\/05\/fonts_baptismaux.jpg\" target=\"_blank\" rel=\"noopener noreferrer\"><img loading=\"lazy\" decoding=\"async\" aria-describedby=\"caption-attachment-384\" class=\"wp-image-384\" src=\"http:\/\/lorrylesmetz-histoire.fr\/wp-content\/uploads\/2017\/05\/fonts_baptismaux-150x150.jpg\" alt=\"\" width=\"100\" height=\"133\" srcset=\"http:\/\/lorrylesmetz-histoire.fr\/wp-content\/uploads\/2017\/05\/fonts_baptismaux-225x300.jpg 225w, http:\/\/lorrylesmetz-histoire.fr\/wp-content\/uploads\/2017\/05\/fonts_baptismaux-100x133.jpg 100w, http:\/\/lorrylesmetz-histoire.fr\/wp-content\/uploads\/2017\/05\/fonts_baptismaux-150x200.jpg 150w, http:\/\/lorrylesmetz-histoire.fr\/wp-content\/uploads\/2017\/05\/fonts_baptismaux-200x267.jpg 200w, http:\/\/lorrylesmetz-histoire.fr\/wp-content\/uploads\/2017\/05\/fonts_baptismaux-300x400.jpg 300w, http:\/\/lorrylesmetz-histoire.fr\/wp-content\/uploads\/2017\/05\/fonts_baptismaux-450x600.jpg 450w, http:\/\/lorrylesmetz-histoire.fr\/wp-content\/uploads\/2017\/05\/fonts_baptismaux.jpg 480w\" sizes=\"auto, (max-width: 100px) 100vw, 100px\" \/><\/a><p id=\"caption-attachment-384\" class=\"wp-caption-text\">Les fonts baptismaux<\/p><\/div><\/td>\n<td>\n<p><div id=\"attachment_547\" style=\"width: 110px\" class=\"wp-caption aligncenter\"><a href=\"http:\/\/lorrylesmetz-histoire.fr\/wp-content\/uploads\/2017\/05\/fonds_baptismaux_3.jpg\" target=\"_blank\" rel=\"noopener noreferrer\"><img loading=\"lazy\" decoding=\"async\" aria-describedby=\"caption-attachment-547\" class=\"wp-image-547\" src=\"http:\/\/lorrylesmetz-histoire.fr\/wp-content\/uploads\/2017\/05\/fonds_baptismaux_3-150x150.jpg\" alt=\"\" width=\"100\" height=\"71\" srcset=\"http:\/\/lorrylesmetz-histoire.fr\/wp-content\/uploads\/2017\/05\/fonds_baptismaux_3-300x212.jpg 300w, http:\/\/lorrylesmetz-histoire.fr\/wp-content\/uploads\/2017\/05\/fonds_baptismaux_3-100x71.jpg 100w, http:\/\/lorrylesmetz-histoire.fr\/wp-content\/uploads\/2017\/05\/fonds_baptismaux_3-150x106.jpg 150w, http:\/\/lorrylesmetz-histoire.fr\/wp-content\/uploads\/2017\/05\/fonds_baptismaux_3-200x142.jpg 200w, http:\/\/lorrylesmetz-histoire.fr\/wp-content\/uploads\/2017\/05\/fonds_baptismaux_3-450x319.jpg 450w, http:\/\/lorrylesmetz-histoire.fr\/wp-content\/uploads\/2017\/05\/fonds_baptismaux_3-600x425.jpg 600w, http:\/\/lorrylesmetz-histoire.fr\/wp-content\/uploads\/2017\/05\/fonds_baptismaux_3.jpg 640w\" sizes=\"auto, (max-width: 100px) 100vw, 100px\" \/><\/a><p id=\"caption-attachment-547\" class=\"wp-caption-text\">Explications sur les fonts baptismaux;<\/p><\/div><\/td>\n<td style=\"text-align: justify;\">Les fonts baptismaux, le p\u00e8re de Philippe de Vigneulles serait le donateur de cette cuve baptismale.<\/td>\n<\/tr>\n<tr>\n<td>\n<p><div id=\"attachment_441\" style=\"width: 110px\" class=\"wp-caption aligncenter\"><a href=\"http:\/\/lorrylesmetz-histoire.fr\/wp-content\/uploads\/2017\/05\/horloge1.jpg\" target=\"_blank\" rel=\"noopener noreferrer\"><img loading=\"lazy\" decoding=\"async\" aria-describedby=\"caption-attachment-441\" class=\"wp-image-441\" src=\"http:\/\/lorrylesmetz-histoire.fr\/wp-content\/uploads\/2017\/05\/horloge1-150x150.jpg\" alt=\"\" width=\"100\" height=\"79\" srcset=\"http:\/\/lorrylesmetz-histoire.fr\/wp-content\/uploads\/2017\/05\/horloge1-300x238.jpg 300w, http:\/\/lorrylesmetz-histoire.fr\/wp-content\/uploads\/2017\/05\/horloge1-100x79.jpg 100w, http:\/\/lorrylesmetz-histoire.fr\/wp-content\/uploads\/2017\/05\/horloge1-150x119.jpg 150w, http:\/\/lorrylesmetz-histoire.fr\/wp-content\/uploads\/2017\/05\/horloge1-200x159.jpg 200w, http:\/\/lorrylesmetz-histoire.fr\/wp-content\/uploads\/2017\/05\/horloge1-450x357.jpg 450w, http:\/\/lorrylesmetz-histoire.fr\/wp-content\/uploads\/2017\/05\/horloge1-600x476.jpg 600w, http:\/\/lorrylesmetz-histoire.fr\/wp-content\/uploads\/2017\/05\/horloge1.jpg 640w\" sizes=\"auto, (max-width: 100px) 100vw, 100px\" \/><\/a><p id=\"caption-attachment-441\" class=\"wp-caption-text\">L&rsquo;horloge en fonctionnement.<\/p><\/div><\/td>\n<td><\/td>\n<td style=\"text-align: justify;\">L&rsquo;horloge fut construite par Jean-Baptiste Schwilgu\u00e9, math\u00e9maticien, astronome et m\u00e9canicien. Il est aussi le constructeur de l\u2019horloge astronomique de la cath\u00e9drale de Strasbourg. Celle de Lorry-l\u00e8s-Metz fut mise en service dans le clocher en 1847 et donnait l\u2019heure au cadran et les sonneries des quarts d\u2019heures et des heures. Son fonctionnement, enti\u00e8rement m\u00e9canique, est la seule cause de son arr\u00eat en 1997 et elle demeure un des rares t\u00e9moins intacts des horloges monumentales du XIX<sup>e<\/sup> si\u00e8cle.<\/td>\n<\/tr>\n<tr>\n<td>\n<p><div id=\"attachment_546\" style=\"width: 110px\" class=\"wp-caption aligncenter\"><a href=\"http:\/\/lorrylesmetz-histoire.fr\/wp-content\/uploads\/2017\/05\/coq.jpg\" target=\"_blank\" rel=\"noopener noreferrer\"><img loading=\"lazy\" decoding=\"async\" aria-describedby=\"caption-attachment-546\" class=\"wp-image-546\" src=\"http:\/\/lorrylesmetz-histoire.fr\/wp-content\/uploads\/2017\/05\/coq-150x150.jpg\" alt=\"\" width=\"100\" height=\"75\" srcset=\"http:\/\/lorrylesmetz-histoire.fr\/wp-content\/uploads\/2017\/05\/coq-300x225.jpg 300w, http:\/\/lorrylesmetz-histoire.fr\/wp-content\/uploads\/2017\/05\/coq-100x75.jpg 100w, http:\/\/lorrylesmetz-histoire.fr\/wp-content\/uploads\/2017\/05\/coq-150x113.jpg 150w, http:\/\/lorrylesmetz-histoire.fr\/wp-content\/uploads\/2017\/05\/coq-200x150.jpg 200w, http:\/\/lorrylesmetz-histoire.fr\/wp-content\/uploads\/2017\/05\/coq-450x338.jpg 450w, http:\/\/lorrylesmetz-histoire.fr\/wp-content\/uploads\/2017\/05\/coq-600x450.jpg 600w, http:\/\/lorrylesmetz-histoire.fr\/wp-content\/uploads\/2017\/05\/coq.jpg 640w\" sizes=\"auto, (max-width: 100px) 100vw, 100px\" \/><\/a><p id=\"caption-attachment-546\" class=\"wp-caption-text\">Le coq, \u00e0 la pointe du clocher.<\/p><\/div><\/td>\n<td><\/td>\n<td style=\"text-align: justify;\">Perch\u00e9 \u00e0 42 m, le coq a \u00e9t\u00e9 remplac\u00e9 en 1990.<\/td>\n<\/tr>\n<tr>\n<td>\n<p><div id=\"attachment_543\" style=\"width: 110px\" class=\"wp-caption aligncenter\"><a href=\"http:\/\/lorrylesmetz-histoire.fr\/wp-content\/uploads\/2017\/05\/canonniere.jpg\" target=\"_blank\" rel=\"noopener noreferrer\"><img loading=\"lazy\" decoding=\"async\" aria-describedby=\"caption-attachment-543\" class=\"wp-image-543\" src=\"http:\/\/lorrylesmetz-histoire.fr\/wp-content\/uploads\/2017\/05\/canonniere-150x150.jpg\" alt=\"\" width=\"100\" height=\"75\" srcset=\"http:\/\/lorrylesmetz-histoire.fr\/wp-content\/uploads\/2017\/05\/canonniere-300x225.jpg 300w, http:\/\/lorrylesmetz-histoire.fr\/wp-content\/uploads\/2017\/05\/canonniere-100x75.jpg 100w, http:\/\/lorrylesmetz-histoire.fr\/wp-content\/uploads\/2017\/05\/canonniere-150x113.jpg 150w, http:\/\/lorrylesmetz-histoire.fr\/wp-content\/uploads\/2017\/05\/canonniere-200x150.jpg 200w, http:\/\/lorrylesmetz-histoire.fr\/wp-content\/uploads\/2017\/05\/canonniere-450x338.jpg 450w, http:\/\/lorrylesmetz-histoire.fr\/wp-content\/uploads\/2017\/05\/canonniere-600x450.jpg 600w, http:\/\/lorrylesmetz-histoire.fr\/wp-content\/uploads\/2017\/05\/canonniere.jpg 640w\" sizes=\"auto, (max-width: 100px) 100vw, 100px\" \/><\/a><p id=\"caption-attachment-543\" class=\"wp-caption-text\">Lla canonniere.<\/p><\/div><\/td>\n<td><\/td>\n<td style=\"text-align: justify;\">\u00c0 sa construction, la tour de l\u2019\u00e9glise a une vocation d\u00e9fensive dont l\u2019appareillage est toujours visible de l\u2019int\u00e9rieur. Cette canonni\u00e8re dans le mur qui fermait le jardin du presbyt\u00e8re faisait-elle partie d\u2019une ligne de d\u00e9fense avanc\u00e9e\u00a0?<\/td>\n<\/tr>\n<tr>\n<td>\n<p><div id=\"attachment_548\" style=\"width: 110px\" class=\"wp-caption aligncenter\"><a href=\"http:\/\/lorrylesmetz-histoire.fr\/wp-content\/uploads\/2017\/05\/foyer_carre.jpg\" target=\"_blank\" rel=\"noopener noreferrer\"><img loading=\"lazy\" decoding=\"async\" aria-describedby=\"caption-attachment-548\" class=\"wp-image-548\" src=\"http:\/\/lorrylesmetz-histoire.fr\/wp-content\/uploads\/2017\/05\/foyer_carre-150x150.jpg\" alt=\"\" width=\"100\" height=\"75\" srcset=\"http:\/\/lorrylesmetz-histoire.fr\/wp-content\/uploads\/2017\/05\/foyer_carre-300x225.jpg 300w, http:\/\/lorrylesmetz-histoire.fr\/wp-content\/uploads\/2017\/05\/foyer_carre-100x75.jpg 100w, http:\/\/lorrylesmetz-histoire.fr\/wp-content\/uploads\/2017\/05\/foyer_carre-150x113.jpg 150w, http:\/\/lorrylesmetz-histoire.fr\/wp-content\/uploads\/2017\/05\/foyer_carre-200x150.jpg 200w, http:\/\/lorrylesmetz-histoire.fr\/wp-content\/uploads\/2017\/05\/foyer_carre-450x338.jpg 450w, http:\/\/lorrylesmetz-histoire.fr\/wp-content\/uploads\/2017\/05\/foyer_carre-600x450.jpg 600w, http:\/\/lorrylesmetz-histoire.fr\/wp-content\/uploads\/2017\/05\/foyer_carre.jpg 640w\" sizes=\"auto, (max-width: 100px) 100vw, 100px\" \/><\/a><p id=\"caption-attachment-548\" class=\"wp-caption-text\">Le foyer Carr\u00e9 de Malberg.<\/p><\/div><\/td>\n<td>\n<p><div id=\"attachment_544\" style=\"width: 110px\" class=\"wp-caption aligncenter\"><a href=\"http:\/\/lorrylesmetz-histoire.fr\/wp-content\/uploads\/2017\/05\/chapelle_foyer_carre.jpg\" target=\"_blank\" rel=\"noopener noreferrer\"><img loading=\"lazy\" decoding=\"async\" aria-describedby=\"caption-attachment-544\" class=\"wp-image-544\" src=\"http:\/\/lorrylesmetz-histoire.fr\/wp-content\/uploads\/2017\/05\/chapelle_foyer_carre-150x150.jpg\" alt=\"\" width=\"100\" height=\"133\" srcset=\"http:\/\/lorrylesmetz-histoire.fr\/wp-content\/uploads\/2017\/05\/chapelle_foyer_carre-225x300.jpg 225w, http:\/\/lorrylesmetz-histoire.fr\/wp-content\/uploads\/2017\/05\/chapelle_foyer_carre-100x133.jpg 100w, http:\/\/lorrylesmetz-histoire.fr\/wp-content\/uploads\/2017\/05\/chapelle_foyer_carre-150x200.jpg 150w, http:\/\/lorrylesmetz-histoire.fr\/wp-content\/uploads\/2017\/05\/chapelle_foyer_carre-200x267.jpg 200w, http:\/\/lorrylesmetz-histoire.fr\/wp-content\/uploads\/2017\/05\/chapelle_foyer_carre-300x400.jpg 300w, http:\/\/lorrylesmetz-histoire.fr\/wp-content\/uploads\/2017\/05\/chapelle_foyer_carre.jpg 360w\" sizes=\"auto, (max-width: 100px) 100vw, 100px\" \/><\/a><p id=\"caption-attachment-544\" class=\"wp-caption-text\">La chapelle du foyer Carr\u00e9 de Malberg.<\/p><\/div><\/td>\n<td style=\"text-align: justify;\">Le foyer Carr\u00e9 de Malberg \u00e9tait la maison de famille de la v\u00e9n\u00e9rable madame Carr\u00e9 de Malberg n\u00e9e Colchen (1829-1891) qui y faisait de longs s\u00e9jours. Son mari \u00e9tait colonel dans l&rsquo;arm\u00e9e.<br \/>\nElle y est d\u00e9c\u00e9d\u00e9e le 28 janvier 1891 et repose dans la chapelle de la cour.<br \/>\nElle fut, avec le p\u00e8re Chaumont, la fondatrice de la soci\u00e9t\u00e9 des filles de saint Fran\u00e7ois de Sales, famille spirituelle devenue internationale.<\/td>\n<\/tr>\n<tr>\n<td>\n<p><div id=\"attachment_549\" style=\"width: 110px\" class=\"wp-caption aligncenter\"><a href=\"http:\/\/lorrylesmetz-histoire.fr\/wp-content\/uploads\/2017\/05\/lavoir_theme.jpg\" target=\"_blank\" rel=\"noopener noreferrer\"><img loading=\"lazy\" decoding=\"async\" aria-describedby=\"caption-attachment-549\" class=\"wp-image-549\" src=\"http:\/\/lorrylesmetz-histoire.fr\/wp-content\/uploads\/2017\/05\/lavoir_theme-150x150.jpg\" alt=\"\" width=\"100\" height=\"75\" srcset=\"http:\/\/lorrylesmetz-histoire.fr\/wp-content\/uploads\/2017\/05\/lavoir_theme-300x225.jpg 300w, http:\/\/lorrylesmetz-histoire.fr\/wp-content\/uploads\/2017\/05\/lavoir_theme-100x75.jpg 100w, http:\/\/lorrylesmetz-histoire.fr\/wp-content\/uploads\/2017\/05\/lavoir_theme-150x113.jpg 150w, http:\/\/lorrylesmetz-histoire.fr\/wp-content\/uploads\/2017\/05\/lavoir_theme-200x150.jpg 200w, http:\/\/lorrylesmetz-histoire.fr\/wp-content\/uploads\/2017\/05\/lavoir_theme-450x338.jpg 450w, http:\/\/lorrylesmetz-histoire.fr\/wp-content\/uploads\/2017\/05\/lavoir_theme-600x450.jpg 600w, http:\/\/lorrylesmetz-histoire.fr\/wp-content\/uploads\/2017\/05\/lavoir_theme.jpg 640w\" sizes=\"auto, (max-width: 100px) 100vw, 100px\" \/><\/a><p id=\"caption-attachment-549\" class=\"wp-caption-text\">Le lavoir du Th\u00e8me.<\/p><\/div><\/td>\n<td><\/td>\n<td style=\"text-align: justify;\">Le lavoir du Th\u00e8me recevait en abondance l\u2019eau des sources capt\u00e9es alentour et alimentait les six fontaines r\u00e9parties le long de la Grand-Rue. Les travaux de terrassement entrepris en voieries dans le dernier quart du XX<sup>e<\/sup>\u00a0si\u00e8cle l\u2019ont priv\u00e9 de ses ressources.<\/td>\n<\/tr>\n<tr>\n<td>\n<p><div id=\"attachment_545\" style=\"width: 110px\" class=\"wp-caption aligncenter\"><a href=\"http:\/\/lorrylesmetz-histoire.fr\/wp-content\/uploads\/2017\/05\/chateau.jpg\" target=\"_blank\" rel=\"noopener noreferrer\"><img loading=\"lazy\" decoding=\"async\" aria-describedby=\"caption-attachment-545\" class=\"wp-image-545\" src=\"http:\/\/lorrylesmetz-histoire.fr\/wp-content\/uploads\/2017\/05\/chateau-150x150.jpg\" alt=\"\" width=\"100\" height=\"75\" srcset=\"http:\/\/lorrylesmetz-histoire.fr\/wp-content\/uploads\/2017\/05\/chateau-300x225.jpg 300w, http:\/\/lorrylesmetz-histoire.fr\/wp-content\/uploads\/2017\/05\/chateau-100x75.jpg 100w, http:\/\/lorrylesmetz-histoire.fr\/wp-content\/uploads\/2017\/05\/chateau-150x113.jpg 150w, http:\/\/lorrylesmetz-histoire.fr\/wp-content\/uploads\/2017\/05\/chateau-200x150.jpg 200w, http:\/\/lorrylesmetz-histoire.fr\/wp-content\/uploads\/2017\/05\/chateau-450x338.jpg 450w, http:\/\/lorrylesmetz-histoire.fr\/wp-content\/uploads\/2017\/05\/chateau-600x450.jpg 600w, http:\/\/lorrylesmetz-histoire.fr\/wp-content\/uploads\/2017\/05\/chateau.jpg 640w\" sizes=\"auto, (max-width: 100px) 100vw, 100px\" \/><\/a><p id=\"caption-attachment-545\" class=\"wp-caption-text\">Le ch\u00e2teau,<\/p><\/div><\/td>\n<td><\/td>\n<td style=\"text-align: justify;\">Le ch\u00e2teau, maison de ma\u00eetre construite au XIX<sup>e<\/sup>\u00a0si\u00e8cle, fut appel\u00e9 ch\u00e2teau en raison de sa taille et de l\u2019importance de son parc. La d\u00e9coration int\u00e9rieure t\u00e9moigne de l\u2019annexion de 1870. Le ch\u00e2teau et son parc ont subi de nombreux r\u00e9am\u00e9nagements depuis 1950 pour servir \u00e0 l\u2019accueil d\u2019enfants en difficult\u00e9.<\/td>\n<\/tr>\n<tr>\n<td>\n<p><div id=\"attachment_553\" style=\"width: 110px\" class=\"wp-caption aligncenter\"><a href=\"http:\/\/lorrylesmetz-histoire.fr\/wp-content\/uploads\/2017\/05\/maison_soeurs.jpg\" target=\"_blank\" rel=\"noopener noreferrer\"><img loading=\"lazy\" decoding=\"async\" aria-describedby=\"caption-attachment-553\" class=\"wp-image-553\" src=\"http:\/\/lorrylesmetz-histoire.fr\/wp-content\/uploads\/2017\/05\/maison_soeurs-150x150.jpg\" alt=\"\" width=\"100\" height=\"75\" srcset=\"http:\/\/lorrylesmetz-histoire.fr\/wp-content\/uploads\/2017\/05\/maison_soeurs-300x225.jpg 300w, http:\/\/lorrylesmetz-histoire.fr\/wp-content\/uploads\/2017\/05\/maison_soeurs-100x75.jpg 100w, http:\/\/lorrylesmetz-histoire.fr\/wp-content\/uploads\/2017\/05\/maison_soeurs-150x113.jpg 150w, http:\/\/lorrylesmetz-histoire.fr\/wp-content\/uploads\/2017\/05\/maison_soeurs-200x150.jpg 200w, http:\/\/lorrylesmetz-histoire.fr\/wp-content\/uploads\/2017\/05\/maison_soeurs-450x338.jpg 450w, http:\/\/lorrylesmetz-histoire.fr\/wp-content\/uploads\/2017\/05\/maison_soeurs-600x450.jpg 600w, http:\/\/lorrylesmetz-histoire.fr\/wp-content\/uploads\/2017\/05\/maison_soeurs.jpg 640w\" sizes=\"auto, (max-width: 100px) 100vw, 100px\" \/><\/a><p id=\"caption-attachment-553\" class=\"wp-caption-text\">La maison des s\u0153urs \u00e0 Vigneulles.<\/p><\/div><\/td>\n<td><\/td>\n<td style=\"text-align: justify;\">La maison des s\u0153urs \u00e0 Vigneulles. Propri\u00e9t\u00e9 de Madame de Thury elle a abrit\u00e9 une maison de retraite pour dames et un ouvroir, g\u00e9r\u00e9s par les S\u0153urs de la Providence de Saint Andr\u00e9 (S\u0153urs de Peltre) de 1896 \u00e0 la guerre de 1914-18. En 1920 elle est devenue propri\u00e9t\u00e9 de la mense \u00e9piscopale par donation. De 1921 \u00e0 1966 les S\u0153urs de Saint Joseph de Cluny y ont fait fonctionner un cours m\u00e9nager puis un cours commercial. Apr\u00e8s 1966 la maison a \u00e9t\u00e9 vendue en copropri\u00e9t\u00e9.<\/td>\n<\/tr>\n<tr>\n<td>\n<p><div id=\"attachment_551\" style=\"width: 110px\" class=\"wp-caption aligncenter\"><a href=\"http:\/\/lorrylesmetz-histoire.fr\/wp-content\/uploads\/2017\/05\/linteau_vigneulles.jpg\" target=\"_blank\" rel=\"noopener noreferrer\"><img loading=\"lazy\" decoding=\"async\" aria-describedby=\"caption-attachment-551\" class=\"wp-image-551\" src=\"http:\/\/lorrylesmetz-histoire.fr\/wp-content\/uploads\/2017\/05\/linteau_vigneulles-150x150.jpg\" alt=\"\" width=\"100\" height=\"75\" srcset=\"http:\/\/lorrylesmetz-histoire.fr\/wp-content\/uploads\/2017\/05\/linteau_vigneulles-300x225.jpg 300w, http:\/\/lorrylesmetz-histoire.fr\/wp-content\/uploads\/2017\/05\/linteau_vigneulles-100x75.jpg 100w, http:\/\/lorrylesmetz-histoire.fr\/wp-content\/uploads\/2017\/05\/linteau_vigneulles-150x113.jpg 150w, http:\/\/lorrylesmetz-histoire.fr\/wp-content\/uploads\/2017\/05\/linteau_vigneulles-200x150.jpg 200w, http:\/\/lorrylesmetz-histoire.fr\/wp-content\/uploads\/2017\/05\/linteau_vigneulles-450x338.jpg 450w, http:\/\/lorrylesmetz-histoire.fr\/wp-content\/uploads\/2017\/05\/linteau_vigneulles-600x450.jpg 600w, http:\/\/lorrylesmetz-histoire.fr\/wp-content\/uploads\/2017\/05\/linteau_vigneulles.jpg 640w\" sizes=\"auto, (max-width: 100px) 100vw, 100px\" \/><\/a><p id=\"caption-attachment-551\" class=\"wp-caption-text\">Le linteau d&rsquo;une fen\u00eatre \u00e0 Vigneulles.<\/p><\/div><\/td>\n<td><\/td>\n<td style=\"text-align: justify;\">Le linteau d&rsquo;une fen\u00eatre \u00e0 Vigneulles. D\u00e9cor\u00e9 d\u2019une serpette et d\u2019une grappe de raisin ce linteau t\u00e9moigne sans doute de la pr\u00e9sence d\u2019un pressoir dans cette maison \u00e0 l\u2019\u00e9poque o\u00f9 la vigne occupait une place importante dans le village.<\/td>\n<\/tr>\n<tr>\n<td>\n<p><div id=\"attachment_550\" style=\"width: 110px\" class=\"wp-caption aligncenter\"><a href=\"http:\/\/lorrylesmetz-histoire.fr\/wp-content\/uploads\/2017\/05\/lavoir_vigneulles.jpg\" target=\"_blank\" rel=\"noopener noreferrer\"><img loading=\"lazy\" decoding=\"async\" aria-describedby=\"caption-attachment-550\" class=\"wp-image-550\" src=\"http:\/\/lorrylesmetz-histoire.fr\/wp-content\/uploads\/2017\/05\/lavoir_vigneulles-150x150.jpg\" alt=\"\" width=\"100\" height=\"75\" srcset=\"http:\/\/lorrylesmetz-histoire.fr\/wp-content\/uploads\/2017\/05\/lavoir_vigneulles-300x225.jpg 300w, http:\/\/lorrylesmetz-histoire.fr\/wp-content\/uploads\/2017\/05\/lavoir_vigneulles-100x75.jpg 100w, http:\/\/lorrylesmetz-histoire.fr\/wp-content\/uploads\/2017\/05\/lavoir_vigneulles-150x113.jpg 150w, http:\/\/lorrylesmetz-histoire.fr\/wp-content\/uploads\/2017\/05\/lavoir_vigneulles-200x150.jpg 200w, http:\/\/lorrylesmetz-histoire.fr\/wp-content\/uploads\/2017\/05\/lavoir_vigneulles-450x338.jpg 450w, http:\/\/lorrylesmetz-histoire.fr\/wp-content\/uploads\/2017\/05\/lavoir_vigneulles-600x450.jpg 600w, http:\/\/lorrylesmetz-histoire.fr\/wp-content\/uploads\/2017\/05\/lavoir_vigneulles.jpg 640w\" sizes=\"auto, (max-width: 100px) 100vw, 100px\" \/><\/a><p id=\"caption-attachment-550\" class=\"wp-caption-text\">Le lavoir de Vigneulles.<\/p><\/div><\/td>\n<td><\/td>\n<td style=\"text-align: justify;\">Le lavoir de Vigneulles est le seul point d\u2019eau \u00e0 Lorry-l\u00e8s-Metz encore aliment\u00e9 par une source. La maison qui apparait sur la photo derri\u00e8re le lavoir occupe l\u2019emplacement de la maison natale de Philippe de Vigneulles.<\/td>\n<\/tr>\n<\/tbody>\n<\/table>\n<\/figure>\n","protected":false},"excerpt":{"rendered":"<p>Le blason de Lorry-l\u00e8s-Metz , c&rsquo;est une interpr\u00e9tation v\u00e9g\u00e9tale du blason de la commune. Il est situ\u00e9 au carrefour \u00e0 l&rsquo;entr\u00e9e du village. Dans l&rsquo;\u00e9glise de Lorry-l\u00e8s-Metz, au plafond, \u00e0 la cl\u00e9 de vo\u00fbte du ch\u0153ur, les armes des Baudoche,&hellip; <\/p>\n","protected":false},"author":1,"featured_media":0,"parent":80,"menu_order":2,"comment_status":"closed","ping_status":"closed","template":"","meta":{"_mc_calendar":[],"footnotes":""},"class_list":["post-536","page","type-page","status-publish","hentry"],"_links":{"self":[{"href":"http:\/\/lorrylesmetz-histoire.fr\/index.php?rest_route=\/wp\/v2\/pages\/536","targetHints":{"allow":["GET"]}}],"collection":[{"href":"http:\/\/lorrylesmetz-histoire.fr\/index.php?rest_route=\/wp\/v2\/pages"}],"about":[{"href":"http:\/\/lorrylesmetz-histoire.fr\/index.php?rest_route=\/wp\/v2\/types\/page"}],"author":[{"embeddable":true,"href":"http:\/\/lorrylesmetz-histoire.fr\/index.php?rest_route=\/wp\/v2\/users\/1"}],"replies":[{"embeddable":true,"href":"http:\/\/lorrylesmetz-histoire.fr\/index.php?rest_route=%2Fwp%2Fv2%2Fcomments&post=536"}],"version-history":[{"count":1,"href":"http:\/\/lorrylesmetz-histoire.fr\/index.php?rest_route=\/wp\/v2\/pages\/536\/revisions"}],"predecessor-version":[{"id":5611,"href":"http:\/\/lorrylesmetz-histoire.fr\/index.php?rest_route=\/wp\/v2\/pages\/536\/revisions\/5611"}],"up":[{"embeddable":true,"href":"http:\/\/lorrylesmetz-histoire.fr\/index.php?rest_route=\/wp\/v2\/pages\/80"}],"wp:attachment":[{"href":"http:\/\/lorrylesmetz-histoire.fr\/index.php?rest_route=%2Fwp%2Fv2%2Fmedia&parent=536"}],"curies":[{"name":"wp","href":"https:\/\/api.w.org\/{rel}","templated":true}]}}