{"id":5417,"date":"2020-02-03T16:33:31","date_gmt":"2020-02-03T15:33:31","guid":{"rendered":"http:\/\/lorrylesmetz-histoire.fr\/?page_id=5417"},"modified":"2020-03-19T10:58:46","modified_gmt":"2020-03-19T09:58:46","slug":"les-voeux-de-monsieur-le-maire","status":"publish","type":"page","link":"http:\/\/lorrylesmetz-histoire.fr\/?page_id=5417","title":{"rendered":"Les v\u0153ux de Monsieur le maire"},"content":{"rendered":"<h2>15 janvier 2020<\/h2>\n<p>Lorry-l\u00e8s-Metz \u00ab\u00a0au fil du temps\u00a0\u00bb \u00e9tait convi\u00e9 aux v\u0153ux du maire. Membres du comit\u00e9 et adh\u00e9rents \u00e9taient venus nombreux.<\/p>\n<p>Apr\u00e8s les v\u0153ux des conseillers municipaux et le bilan du mandat pr\u00e9sent\u00e9 au maire par Alain\u00a0Cur\u00e9, Jean-Yves Le Ber a pris la parole pour adresser ses v\u0153ux aux officiels (M.\u00a0Grosdidier, M<sup>me<\/sup>\u00a0Khun, M.\u00a0Fran\u00e7ois, les maires des communes environnantes) \u00e0 ses conseillers, au secr\u00e9tariat de la mairie, aux policiers et gendarmes, aux pr\u00e9sidents d\u2019associations, aux agents techniques et \u00e0 tous les Lorriots, v\u0153ux accompagn\u00e9s d\u2019un mot aimable pour chacun. Il a ensuite confirm\u00e9 qu\u2019il ne se repr\u00e9sentait pas aux prochaines \u00e9lections municipales et, apr\u00e8s un commentaire sur les actions men\u00e9es, il a souhait\u00e9 \u00e0 l\u2019\u00e9quipe qui suivrait r\u00e9ussite dans ses projets. Il a \u00e9galement remerci\u00e9 les siens de l\u2019avoir soutenu dans cette difficile, complexe et prenante t\u00e2che de l\u2019\u00e9lu.<\/p>\n<p>Un bouquet fut offert \u00e0 son \u00e9pouse, V\u00e9ronique.<\/p>\n<p>Un verre de l\u2019amiti\u00e9 permit d\u2019\u00e9changer sympathiquement.<\/p>\n<div id=\"metaslider-id-5424\" style=\"width: 100%; margin: 0 auto;\" class=\"ml-slider-3-108-0 metaslider metaslider-responsive metaslider-5424 ml-slider has-dots-nav ms-theme-default\" role=\"region\" aria-label=\"voeux du maire 2020\" data-height=\"800\" data-width=\"1000\">\n    <div id=\"metaslider_container_5424\">\n        <ul id='metaslider_5424' class='rslides'>\n            <li aria-roledescription='slide' aria-labelledby='slide-0'><a href=\"http:\/\/lorrylesmetz-histoire.fr\/wp-content\/uploads\/2020\/02\/B001.jpg\" target=\"_blank\"><img loading=\"lazy\" decoding=\"async\" src=\"http:\/\/lorrylesmetz-histoire.fr\/wp-content\/uploads\/2020\/02\/B001-1000x800.jpg\" height=\"800\" width=\"1000\" alt=\"\" class=\"slider-5424 slide-5425 msDefaultImage\" title=\"B001\" \/><\/a><\/li>\n            <li style='display: none;' aria-roledescription='slide' aria-labelledby='slide-1'><a href=\"http:\/\/lorrylesmetz-histoire.fr\/wp-content\/uploads\/2020\/02\/B002.jpg\" target=\"_blank\"><img loading=\"lazy\" decoding=\"async\" src=\"http:\/\/lorrylesmetz-histoire.fr\/wp-content\/uploads\/2020\/02\/B002-1000x800.jpg\" height=\"800\" width=\"1000\" alt=\"\" class=\"slider-5424 slide-5426 msDefaultImage\" title=\"B002\" \/><\/a><\/li>\n            <li style='display: none;' aria-roledescription='slide' aria-labelledby='slide-2'><a href=\"http:\/\/lorrylesmetz-histoire.fr\/wp-content\/uploads\/2020\/02\/B003.jpg\" target=\"_blank\"><img loading=\"lazy\" decoding=\"async\" src=\"http:\/\/lorrylesmetz-histoire.fr\/wp-content\/uploads\/2020\/02\/B003-1000x800.jpg\" height=\"800\" width=\"1000\" alt=\"\" class=\"slider-5424 slide-5427 msDefaultImage\" title=\"B003\" \/><\/a><\/li>\n            <li style='display: none;' aria-roledescription='slide' aria-labelledby='slide-3'><a href=\"http:\/\/lorrylesmetz-histoire.fr\/wp-content\/uploads\/2020\/02\/B004.jpg\" target=\"_blank\"><img loading=\"lazy\" decoding=\"async\" src=\"http:\/\/lorrylesmetz-histoire.fr\/wp-content\/uploads\/2020\/02\/B004-1000x800.jpg\" height=\"800\" width=\"1000\" alt=\"\" class=\"slider-5424 slide-5428 msDefaultImage\" title=\"B004\" \/><\/a><\/li>\n            <li style='display: none;' aria-roledescription='slide' aria-labelledby='slide-4'><a href=\"http:\/\/lorrylesmetz-histoire.fr\/wp-content\/uploads\/2020\/02\/B005.jpg\" target=\"_blank\"><img loading=\"lazy\" decoding=\"async\" src=\"http:\/\/lorrylesmetz-histoire.fr\/wp-content\/uploads\/2020\/02\/B005-1000x800.jpg\" height=\"800\" width=\"1000\" alt=\"\" class=\"slider-5424 slide-5429 msDefaultImage\" title=\"B005\" \/><\/a><\/li>\n            <li style='display: none;' aria-roledescription='slide' aria-labelledby='slide-5'><a href=\"http:\/\/lorrylesmetz-histoire.fr\/wp-content\/uploads\/2020\/02\/B006.jpg\" target=\"_blank\"><img loading=\"lazy\" decoding=\"async\" src=\"http:\/\/lorrylesmetz-histoire.fr\/wp-content\/uploads\/2020\/02\/B006-1000x800.jpg\" height=\"800\" width=\"1000\" alt=\"\" class=\"slider-5424 slide-5430 msDefaultImage\" title=\"B006\" \/><\/a><\/li>\n            <li style='display: none;' aria-roledescription='slide' aria-labelledby='slide-6'><a href=\"http:\/\/lorrylesmetz-histoire.fr\/wp-content\/uploads\/2020\/02\/B007.jpg\" target=\"_blank\"><img loading=\"lazy\" decoding=\"async\" src=\"http:\/\/lorrylesmetz-histoire.fr\/wp-content\/uploads\/2020\/02\/B007-1000x800.jpg\" height=\"800\" width=\"1000\" alt=\"\" class=\"slider-5424 slide-5431 msDefaultImage\" title=\"B007\" \/><\/a><\/li>\n            <li style='display: none;' aria-roledescription='slide' aria-labelledby='slide-7'><a href=\"http:\/\/lorrylesmetz-histoire.fr\/wp-content\/uploads\/2020\/02\/B008.jpg\" target=\"_blank\"><img loading=\"lazy\" decoding=\"async\" src=\"http:\/\/lorrylesmetz-histoire.fr\/wp-content\/uploads\/2020\/02\/B008-1000x800.jpg\" height=\"800\" width=\"1000\" alt=\"\" class=\"slider-5424 slide-5432 msDefaultImage\" title=\"B008\" \/><\/a><\/li>\n            <li style='display: none;' aria-roledescription='slide' aria-labelledby='slide-8'><a href=\"http:\/\/lorrylesmetz-histoire.fr\/wp-content\/uploads\/2020\/02\/B009.jpg\" target=\"_blank\"><img loading=\"lazy\" decoding=\"async\" src=\"http:\/\/lorrylesmetz-histoire.fr\/wp-content\/uploads\/2020\/02\/B009-1000x800.jpg\" height=\"800\" width=\"1000\" alt=\"\" class=\"slider-5424 slide-5433 msDefaultImage\" title=\"B009\" \/><\/a><\/li>\n            <li style='display: none;' aria-roledescription='slide' aria-labelledby='slide-9'><a href=\"http:\/\/lorrylesmetz-histoire.fr\/wp-content\/uploads\/2020\/02\/B010.jpg\" target=\"_blank\"><img loading=\"lazy\" decoding=\"async\" src=\"http:\/\/lorrylesmetz-histoire.fr\/wp-content\/uploads\/2020\/02\/B010-1000x800.jpg\" height=\"800\" width=\"1000\" alt=\"\" class=\"slider-5424 slide-5434 msDefaultImage\" title=\"B010\" \/><\/a><\/li>\n            <li style='display: none;' aria-roledescription='slide' aria-labelledby='slide-10'><a href=\"http:\/\/lorrylesmetz-histoire.fr\/wp-content\/uploads\/2020\/02\/B011.jpg\" target=\"_blank\"><img loading=\"lazy\" decoding=\"async\" src=\"http:\/\/lorrylesmetz-histoire.fr\/wp-content\/uploads\/2020\/02\/B011-1000x800.jpg\" height=\"800\" width=\"1000\" alt=\"\" class=\"slider-5424 slide-5435 msDefaultImage\" title=\"B011\" \/><\/a><\/li>\n        <\/ul>\n        \n    <\/div>\n<\/div>\n<p>Photos Claudine Kester<\/p>\n<p><a href=\"http:\/\/lorrylesmetz-histoire.fr\/?page_id=5282\"><img loading=\"lazy\" decoding=\"async\" class=\"alignnone size-full wp-image-378\" src=\"http:\/\/lorrylesmetz-histoire.fr\/wp-content\/uploads\/2017\/05\/retour.png\" alt=\"\" width=\"89\" height=\"31\" \/><\/a><\/p>\n","protected":false},"excerpt":{"rendered":"<p>15 janvier 2020 Lorry-l\u00e8s-Metz \u00ab\u00a0au fil du temps\u00a0\u00bb \u00e9tait convi\u00e9 aux v\u0153ux du maire. Membres du comit\u00e9 et adh\u00e9rents \u00e9taient venus nombreux. Apr\u00e8s les v\u0153ux des conseillers municipaux et le bilan du mandat pr\u00e9sent\u00e9 au maire par Alain\u00a0Cur\u00e9, Jean-Yves Le&hellip; <\/p>\n","protected":false},"author":1,"featured_media":0,"parent":5282,"menu_order":1,"comment_status":"closed","ping_status":"closed","template":"","meta":{"_mc_calendar":[],"footnotes":""},"class_list":["post-5417","page","type-page","status-publish","hentry"],"_links":{"self":[{"href":"http:\/\/lorrylesmetz-histoire.fr\/index.php?rest_route=\/wp\/v2\/pages\/5417","targetHints":{"allow":["GET"]}}],"collection":[{"href":"http:\/\/lorrylesmetz-histoire.fr\/index.php?rest_route=\/wp\/v2\/pages"}],"about":[{"href":"http:\/\/lorrylesmetz-histoire.fr\/index.php?rest_route=\/wp\/v2\/types\/page"}],"author":[{"embeddable":true,"href":"http:\/\/lorrylesmetz-histoire.fr\/index.php?rest_route=\/wp\/v2\/users\/1"}],"replies":[{"embeddable":true,"href":"http:\/\/lorrylesmetz-histoire.fr\/index.php?rest_route=%2Fwp%2Fv2%2Fcomments&post=5417"}],"version-history":[{"count":6,"href":"http:\/\/lorrylesmetz-histoire.fr\/index.php?rest_route=\/wp\/v2\/pages\/5417\/revisions"}],"predecessor-version":[{"id":5436,"href":"http:\/\/lorrylesmetz-histoire.fr\/index.php?rest_route=\/wp\/v2\/pages\/5417\/revisions\/5436"}],"up":[{"embeddable":true,"href":"http:\/\/lorrylesmetz-histoire.fr\/index.php?rest_route=\/wp\/v2\/pages\/5282"}],"wp:attachment":[{"href":"http:\/\/lorrylesmetz-histoire.fr\/index.php?rest_route=%2Fwp%2Fv2%2Fmedia&parent=5417"}],"curies":[{"name":"wp","href":"https:\/\/api.w.org\/{rel}","templated":true}]}}