{"id":5440,"date":"2020-02-29T17:51:00","date_gmt":"2020-02-29T16:51:00","guid":{"rendered":"http:\/\/lorrylesmetz-histoire.fr\/?page_id=5440"},"modified":"2020-02-29T17:51:00","modified_gmt":"2020-02-29T16:51:00","slug":"messa-pour-saint-roch","status":"publish","type":"page","link":"http:\/\/lorrylesmetz-histoire.fr\/?page_id=5440","title":{"rendered":"Messe pour saint Roch"},"content":{"rendered":"<h2>26\u00a0ao\u00fbt\u00a02017<\/h2>\n<p>Plusieurs membres de Lorry-l\u00e8s-Metz \u00ab\u00a0au fil du temps\u00a0\u00bb \u00e9taient \u00e0 la messe festive de l\u2019\u00e9glise Saint-Cl\u00e9ment qui s\u2019adjoignait un second patron\u00a0: saint Roch.<\/p>\n<p>Apr\u00e8s un accueil chaleureux, le p\u00e8re Daniel\u00a0Piovesan et l\u2019abb\u00e9 C\u00e9dric\u00a0Triponey conc\u00e9l\u00e9br\u00e8rent l\u2019office, accompagn\u00e9 d\u2019orgue et de violon, la c\u00e9l\u00e9bration fut tr\u00e8s musicale. Dans son hom\u00e9lie, l\u2019abb\u00e9 Triponet rappela la vie de saint Roch\u00a0: n\u00e9 en 1295, il \u00e9tait le fils du gouverneur de Montpellier. \u00c0 20\u00a0ans, apr\u00e8s la mort de ses parents, il vendit tous ses biens et se rendit Rome, en pleine \u00e9pid\u00e9mie de peste o\u00f9 il soigna les pauvres. Contamin\u00e9, il surv\u00e9cut gr\u00e2ce \u00e0 son chien qui lui apportait journellement un petit pain. Revenu \u00e0 Montpellier, on le jeta en ge\u00f4le comme espion o\u00f9 il mourut vers 1379. On le reconnut en lui donnant les derniers sacrements gr\u00e2ce \u00e0 une tache de naissance. L\u2019abb\u00e9 rappela que, dans toutes les \u00e9glises sous la protection de saint Roch, les chiens avaient permission d\u2019entrer. Il avait d\u2019ailleurs amen\u00e9 sa chienne Jaipur\u2026 qui fut tr\u00e8s sage.<\/p>\n<p>Des corbeilles de petits pains furent b\u00e9nies, chacun partit avec un petit pain et une image souvenir de cette journ\u00e9e.<\/p>\n<p>\u00c0 l\u2019origine, baptis\u00e9e Sainte-Barbe (1404), puis Saint-Cl\u00e9ment (1673), d\u00e9sormais, l\u2019\u00e9glise de Lorry-l\u00e8s-Metz s\u2019appelle Saint-Cl\u00e9ment-Saint-Roch.<\/p>\n<p>Photos Claudine Kester.<\/p>\n<div id=\"metaslider-id-5458\" style=\"width: 100%; margin: 0 auto;\" class=\"ml-slider-3-108-0 metaslider metaslider-responsive metaslider-5458 ml-slider has-dots-nav ms-theme-default\" role=\"region\" aria-label=\"Saint Roch\" data-height=\"800\" data-width=\"1000\">\n    <div id=\"metaslider_container_5458\">\n        <ul id='metaslider_5458' class='rslides'>\n            <li aria-roledescription='slide' aria-labelledby='slide-0'><a href=\"http:\/\/lorrylesmetz-histoire.fr\/wp-content\/uploads\/2017\/08\/IMG_5410.jpg\" target=\"_blank\"><img loading=\"lazy\" decoding=\"async\" src=\"http:\/\/lorrylesmetz-histoire.fr\/wp-content\/uploads\/2017\/08\/IMG_5410-1000x800.jpg\" height=\"800\" width=\"1000\" alt=\"\" class=\"slider-5458 slide-5459 msDefaultImage\" title=\"IMG_5410\" \/><\/a><\/li>\n            <li style='display: none;' aria-roledescription='slide' aria-labelledby='slide-1'><a href=\"http:\/\/lorrylesmetz-histoire.fr\/wp-content\/uploads\/2017\/08\/IMG_5412.jpg\" target=\"_blank\"><img loading=\"lazy\" decoding=\"async\" src=\"http:\/\/lorrylesmetz-histoire.fr\/wp-content\/uploads\/2017\/08\/IMG_5412-1000x800.jpg\" height=\"800\" width=\"1000\" alt=\"\" class=\"slider-5458 slide-5460 msDefaultImage\" title=\"IMG_5412\" \/><\/a><\/li>\n            <li style='display: none;' aria-roledescription='slide' aria-labelledby='slide-2'><a href=\"http:\/\/lorrylesmetz-histoire.fr\/wp-content\/uploads\/2017\/08\/IMG_5415.jpg\" target=\"_blank\"><img loading=\"lazy\" decoding=\"async\" src=\"http:\/\/lorrylesmetz-histoire.fr\/wp-content\/uploads\/2017\/08\/IMG_5415-1000x800.jpg\" height=\"800\" width=\"1000\" alt=\"\" class=\"slider-5458 slide-5461 msDefaultImage\" title=\"IMG_5415\" \/><\/a><\/li>\n            <li style='display: none;' aria-roledescription='slide' aria-labelledby='slide-3'><a href=\"http:\/\/lorrylesmetz-histoire.fr\/wp-content\/uploads\/2017\/08\/IMG_5417.jpg\" target=\"_blank\"><img loading=\"lazy\" decoding=\"async\" src=\"http:\/\/lorrylesmetz-histoire.fr\/wp-content\/uploads\/2017\/08\/IMG_5417-1000x800.jpg\" height=\"800\" width=\"1000\" alt=\"\" class=\"slider-5458 slide-5462 msDefaultImage\" title=\"IMG_5417\" \/><\/a><\/li>\n            <li style='display: none;' aria-roledescription='slide' aria-labelledby='slide-4'><a href=\"http:\/\/lorrylesmetz-histoire.fr\/wp-content\/uploads\/2017\/08\/IMG_5422.jpg\" target=\"_blank\"><img loading=\"lazy\" decoding=\"async\" src=\"http:\/\/lorrylesmetz-histoire.fr\/wp-content\/uploads\/2017\/08\/IMG_5422-1000x800.jpg\" height=\"800\" width=\"1000\" alt=\"\" class=\"slider-5458 slide-5463 msDefaultImage\" title=\"IMG_5422\" \/><\/a><\/li>\n            <li style='display: none;' aria-roledescription='slide' aria-labelledby='slide-5'><a href=\"http:\/\/lorrylesmetz-histoire.fr\/wp-content\/uploads\/2017\/08\/IMG_5431.jpg\" target=\"_blank\"><img loading=\"lazy\" decoding=\"async\" src=\"http:\/\/lorrylesmetz-histoire.fr\/wp-content\/uploads\/2017\/08\/IMG_5431-1000x800.jpg\" height=\"800\" width=\"1000\" alt=\"\" class=\"slider-5458 slide-5464 msDefaultImage\" title=\"IMG_5431\" \/><\/a><\/li>\n            <li style='display: none;' aria-roledescription='slide' aria-labelledby='slide-6'><a href=\"http:\/\/lorrylesmetz-histoire.fr\/wp-content\/uploads\/2017\/08\/IMG_5433.jpg\" target=\"_blank\"><img loading=\"lazy\" decoding=\"async\" src=\"http:\/\/lorrylesmetz-histoire.fr\/wp-content\/uploads\/2017\/08\/IMG_5433-1000x800.jpg\" height=\"800\" width=\"1000\" alt=\"\" class=\"slider-5458 slide-5465 msDefaultImage\" title=\"IMG_5433\" \/><\/a><\/li>\n            <li style='display: none;' aria-roledescription='slide' aria-labelledby='slide-7'><a href=\"http:\/\/lorrylesmetz-histoire.fr\/wp-content\/uploads\/2017\/08\/IMG_5434.jpg\" target=\"_blank\"><img loading=\"lazy\" decoding=\"async\" src=\"http:\/\/lorrylesmetz-histoire.fr\/wp-content\/uploads\/2017\/08\/IMG_5434-1000x800.jpg\" height=\"800\" width=\"1000\" alt=\"\" class=\"slider-5458 slide-5466 msDefaultImage\" title=\"IMG_5434\" \/><\/a><\/li>\n            <li style='display: none;' aria-roledescription='slide' aria-labelledby='slide-8'><a href=\"http:\/\/lorrylesmetz-histoire.fr\/wp-content\/uploads\/2017\/08\/IMG_5435.jpg\" target=\"_blank\"><img loading=\"lazy\" decoding=\"async\" src=\"http:\/\/lorrylesmetz-histoire.fr\/wp-content\/uploads\/2017\/08\/IMG_5435-1000x800.jpg\" height=\"800\" width=\"1000\" alt=\"\" class=\"slider-5458 slide-5467 msDefaultImage\" title=\"IMG_5435\" \/><\/a><\/li>\n            <li style='display: none;' aria-roledescription='slide' aria-labelledby='slide-9'><a href=\"http:\/\/lorrylesmetz-histoire.fr\/wp-content\/uploads\/2017\/08\/IMG_538.jpg\" target=\"_blank\"><img loading=\"lazy\" decoding=\"async\" src=\"http:\/\/lorrylesmetz-histoire.fr\/wp-content\/uploads\/2017\/08\/IMG_5438-1000x800.jpg\" height=\"800\" width=\"1000\" alt=\"\" class=\"slider-5458 slide-5468 msDefaultImage\" title=\"IMG_5438\" \/><\/a><\/li>\n            <li style='display: none;' aria-roledescription='slide' aria-labelledby='slide-10'><a href=\"http:\/\/lorrylesmetz-histoire.fr\/wp-content\/uploads\/2017\/08\/IMG_5440.jpg\" target=\"_blank\"><img loading=\"lazy\" decoding=\"async\" src=\"http:\/\/lorrylesmetz-histoire.fr\/wp-content\/uploads\/2017\/08\/IMG_5440-1000x800.jpg\" height=\"800\" width=\"1000\" alt=\"\" class=\"slider-5458 slide-5469 msDefaultImage\" title=\"IMG_5440\" \/><\/a><\/li>\n            <li style='display: none;' aria-roledescription='slide' aria-labelledby='slide-11'><a href=\"http:\/\/lorrylesmetz-histoire.fr\/wp-content\/uploads\/2017\/08\/IMG_5444.jpg\" target=\"_blank\"><img loading=\"lazy\" decoding=\"async\" src=\"http:\/\/lorrylesmetz-histoire.fr\/wp-content\/uploads\/2017\/08\/IMG_5444-1000x800.jpg\" height=\"800\" width=\"1000\" alt=\"\" class=\"slider-5458 slide-5470 msDefaultImage\" title=\"IMG_5444\" \/><\/a><\/li>\n            <li style='display: none;' aria-roledescription='slide' aria-labelledby='slide-12'><a href=\"http:\/\/lorrylesmetz-histoire.fr\/wp-content\/uploads\/2017\/08\/IMG_5447.jpg\" target=\"_blank\"><img loading=\"lazy\" decoding=\"async\" src=\"http:\/\/lorrylesmetz-histoire.fr\/wp-content\/uploads\/2017\/08\/IMG_5447-1000x800.jpg\" height=\"800\" width=\"1000\" alt=\"\" class=\"slider-5458 slide-5471 msDefaultImage\" title=\"IMG_5447\" \/><\/a><\/li>\n        <\/ul>\n        \n    <\/div>\n<\/div>\n<p><a href=\"http:\/\/lorrylesmetz-histoire.fr\/?page_id=593\"><img loading=\"lazy\" decoding=\"async\" class=\"alignnone size-full wp-image-378\" src=\"http:\/\/lorrylesmetz-histoire.fr\/wp-content\/uploads\/2017\/05\/retour.png\" alt=\"\" width=\"89\" height=\"31\" \/><\/a><\/p>\n","protected":false},"excerpt":{"rendered":"<p>26\u00a0ao\u00fbt\u00a02017 Plusieurs membres de Lorry-l\u00e8s-Metz \u00ab\u00a0au fil du temps\u00a0\u00bb \u00e9taient \u00e0 la messe festive de l\u2019\u00e9glise Saint-Cl\u00e9ment qui s\u2019adjoignait un second patron\u00a0: saint Roch. Apr\u00e8s un accueil chaleureux, le p\u00e8re Daniel\u00a0Piovesan et l\u2019abb\u00e9 C\u00e9dric\u00a0Triponey conc\u00e9l\u00e9br\u00e8rent l\u2019office, accompagn\u00e9 d\u2019orgue et de&hellip; <\/p>\n","protected":false},"author":1,"featured_media":0,"parent":593,"menu_order":1,"comment_status":"closed","ping_status":"closed","template":"","meta":{"_mc_calendar":[],"footnotes":""},"class_list":["post-5440","page","type-page","status-publish","hentry"],"_links":{"self":[{"href":"http:\/\/lorrylesmetz-histoire.fr\/index.php?rest_route=\/wp\/v2\/pages\/5440","targetHints":{"allow":["GET"]}}],"collection":[{"href":"http:\/\/lorrylesmetz-histoire.fr\/index.php?rest_route=\/wp\/v2\/pages"}],"about":[{"href":"http:\/\/lorrylesmetz-histoire.fr\/index.php?rest_route=\/wp\/v2\/types\/page"}],"author":[{"embeddable":true,"href":"http:\/\/lorrylesmetz-histoire.fr\/index.php?rest_route=\/wp\/v2\/users\/1"}],"replies":[{"embeddable":true,"href":"http:\/\/lorrylesmetz-histoire.fr\/index.php?rest_route=%2Fwp%2Fv2%2Fcomments&post=5440"}],"version-history":[{"count":2,"href":"http:\/\/lorrylesmetz-histoire.fr\/index.php?rest_route=\/wp\/v2\/pages\/5440\/revisions"}],"predecessor-version":[{"id":5472,"href":"http:\/\/lorrylesmetz-histoire.fr\/index.php?rest_route=\/wp\/v2\/pages\/5440\/revisions\/5472"}],"up":[{"embeddable":true,"href":"http:\/\/lorrylesmetz-histoire.fr\/index.php?rest_route=\/wp\/v2\/pages\/593"}],"wp:attachment":[{"href":"http:\/\/lorrylesmetz-histoire.fr\/index.php?rest_route=%2Fwp%2Fv2%2Fmedia&parent=5440"}],"curies":[{"name":"wp","href":"https:\/\/api.w.org\/{rel}","templated":true}]}}