{"id":5487,"date":"2020-03-19T10:40:53","date_gmt":"2020-03-19T09:40:53","guid":{"rendered":"http:\/\/lorrylesmetz-histoire.fr\/?page_id=5487"},"modified":"2020-10-29T14:10:54","modified_gmt":"2020-10-29T13:10:54","slug":"assemblee-generale","status":"publish","type":"page","link":"http:\/\/lorrylesmetz-histoire.fr\/?page_id=5487","title":{"rendered":"Assembl\u00e9e g\u00e9n\u00e9rale"},"content":{"rendered":"<h2>13\u00a0mars\u00a02020<\/h2>\n<p>L\u2019assembl\u00e9e g\u00e9n\u00e9rale de Lorry-l\u00e8s-Metz \u00ab\u00a0au fil du temps\u00a0\u00bb s\u2019est tenue dans des conditions particuli\u00e8res vu le contexte actuel. Des mesures sanitaires tr\u00e8s strictes avaient \u00e9t\u00e9 prises, notamment, et avec regrets, l\u2019annulation du verre de l\u2019amiti\u00e9.<\/p>\n<p>La pr\u00e9sidente a annonc\u00e9 que l\u2019association se portait bien\u00a0: 105 adh\u00e9rents, une page Facebook et un site tr\u00e8s fr\u00e9quent\u00e9s, une renomm\u00e9e \u00e9tendue au Pays messin.<\/p>\n<p>Dans la conf\u00e9rence qui suivit, S\u00e9bastien\u00a0Wagner, d\u2019une statue \u00e0 l\u2019autre, a pr\u00e9sent\u00e9 les rapports \u00e9troits entre la ville de Metz et l\u2019Am\u00e9rique gr\u00e2ce \u00e0 Monsieur de\u00a0La Fayette, suite au fameux \u00ab\u00a0souper de Metz\u00a0\u00bb qui fut le d\u00e9but de l\u2019aventure am\u00e9ricaine pour la France.<\/p>\n<div id=\"metaslider-id-5515\" style=\"width: 100%; margin: 0 auto;\" class=\"ml-slider-3-108-0 metaslider metaslider-responsive metaslider-5515 ml-slider has-dots-nav ms-theme-default\" role=\"region\" aria-label=\"AG 2020\" data-height=\"800\" data-width=\"1000\">\n    <div id=\"metaslider_container_5515\">\n        <ul id='metaslider_5515' class='rslides'>\n            <li aria-roledescription='slide' aria-labelledby='slide-0'><a href=\"http:\/\/lorrylesmetz-histoire.fr\/wp-content\/uploads\/2020\/03\/A001.jpg\" target=\"_self\"><img loading=\"lazy\" decoding=\"async\" src=\"http:\/\/lorrylesmetz-histoire.fr\/wp-content\/uploads\/2020\/03\/A001-1000x800.jpg\" height=\"800\" width=\"1000\" alt=\"\" class=\"slider-5515 slide-5516 msDefaultImage\" title=\"A001\" \/><\/a><\/li>\n            <li style='display: none;' aria-roledescription='slide' aria-labelledby='slide-1'><a href=\"http:\/\/lorrylesmetz-histoire.fr\/wp-content\/uploads\/2020\/03\/A002.jpg\" target=\"_self\"><img loading=\"lazy\" decoding=\"async\" src=\"http:\/\/lorrylesmetz-histoire.fr\/wp-content\/uploads\/2020\/03\/A002-1000x800.jpg\" height=\"800\" width=\"1000\" alt=\"\" class=\"slider-5515 slide-5517 msDefaultImage\" title=\"A002\" \/><\/a><\/li>\n            <li style='display: none;' aria-roledescription='slide' aria-labelledby='slide-2'><a href=\"http:\/\/lorrylesmetz-histoire.fr\/wp-content\/uploads\/2020\/03\/A003.jpg\" target=\"_self\"><img loading=\"lazy\" decoding=\"async\" src=\"http:\/\/lorrylesmetz-histoire.fr\/wp-content\/uploads\/2020\/03\/A003-1000x800.jpg\" height=\"800\" width=\"1000\" alt=\"\" class=\"slider-5515 slide-5518 msDefaultImage\" title=\"A003\" \/><\/a><\/li>\n            <li style='display: none;' aria-roledescription='slide' aria-labelledby='slide-3'><a href=\"http:\/\/lorrylesmetz-histoire.fr\/wp-content\/uploads\/2020\/03\/A004.jpg\" target=\"_self\"><img loading=\"lazy\" decoding=\"async\" src=\"http:\/\/lorrylesmetz-histoire.fr\/wp-content\/uploads\/2020\/03\/A004-1000x800.jpg\" height=\"800\" width=\"1000\" alt=\"\" class=\"slider-5515 slide-5519 msDefaultImage\" title=\"A004\" \/><\/a><\/li>\n            <li style='display: none;' aria-roledescription='slide' aria-labelledby='slide-4'><a href=\"http:\/\/lorrylesmetz-histoire.fr\/wp-content\/uploads\/2020\/03\/A005.jpg\" target=\"_self\"><img loading=\"lazy\" decoding=\"async\" src=\"http:\/\/lorrylesmetz-histoire.fr\/wp-content\/uploads\/2020\/03\/A005-1000x800.jpg\" height=\"800\" width=\"1000\" alt=\"\" class=\"slider-5515 slide-5520 msDefaultImage\" title=\"A005\" \/><\/a><\/li>\n            <li style='display: none;' aria-roledescription='slide' aria-labelledby='slide-5'><a href=\"http:\/\/lorrylesmetz-histoire.fr\/wp-content\/uploads\/2020\/03\/A006.jpg\" target=\"_self\"><img loading=\"lazy\" decoding=\"async\" src=\"http:\/\/lorrylesmetz-histoire.fr\/wp-content\/uploads\/2020\/03\/A006-1000x800.jpg\" height=\"800\" width=\"1000\" alt=\"\" class=\"slider-5515 slide-5521 msDefaultImage\" title=\"A006\" \/><\/a><\/li>\n            <li style='display: none;' aria-roledescription='slide' aria-labelledby='slide-6'><a href=\"http:\/\/lorrylesmetz-histoire.fr\/wp-content\/uploads\/2020\/03\/A007.jpg\" target=\"_self\"><img loading=\"lazy\" decoding=\"async\" src=\"http:\/\/lorrylesmetz-histoire.fr\/wp-content\/uploads\/2020\/03\/A007-1000x800.jpg\" height=\"800\" width=\"1000\" alt=\"\" class=\"slider-5515 slide-5522 msDefaultImage\" title=\"A007\" \/><\/a><\/li>\n            <li style='display: none;' aria-roledescription='slide' aria-labelledby='slide-7'><a href=\"http:\/\/lorrylesmetz-histoire.fr\/wp-content\/uploads\/2020\/03\/A008.jpg\" target=\"_self\"><img loading=\"lazy\" decoding=\"async\" src=\"http:\/\/lorrylesmetz-histoire.fr\/wp-content\/uploads\/2020\/03\/A008-1000x800.jpg\" height=\"800\" width=\"1000\" alt=\"\" class=\"slider-5515 slide-5523 msDefaultImage\" title=\"A008\" \/><\/a><\/li>\n            <li style='display: none;' aria-roledescription='slide' aria-labelledby='slide-8'><a href=\"http:\/\/lorrylesmetz-histoire.fr\/wp-content\/uploads\/2020\/03\/A009.jpg\" target=\"_self\"><img loading=\"lazy\" decoding=\"async\" src=\"http:\/\/lorrylesmetz-histoire.fr\/wp-content\/uploads\/2020\/03\/A009-1000x800.jpg\" height=\"800\" width=\"1000\" alt=\"\" class=\"slider-5515 slide-5524 msDefaultImage\" title=\"A009\" \/><\/a><\/li>\n            <li style='display: none;' aria-roledescription='slide' aria-labelledby='slide-9'><a href=\"http:\/\/lorrylesmetz-histoire.fr\/wp-content\/uploads\/2020\/03\/A010.jpg\" target=\"_self\"><img loading=\"lazy\" decoding=\"async\" src=\"http:\/\/lorrylesmetz-histoire.fr\/wp-content\/uploads\/2020\/03\/A010-1000x800.jpg\" height=\"800\" width=\"1000\" alt=\"\" class=\"slider-5515 slide-5525 msDefaultImage\" title=\"A010\" \/><\/a><\/li>\n            <li style='display: none;' aria-roledescription='slide' aria-labelledby='slide-10'><a href=\"http:\/\/lorrylesmetz-histoire.fr\/wp-content\/uploads\/2020\/03\/A011.jpg\" target=\"_self\"><img loading=\"lazy\" decoding=\"async\" src=\"http:\/\/lorrylesmetz-histoire.fr\/wp-content\/uploads\/2020\/03\/A011-1000x800.jpg\" height=\"800\" width=\"1000\" alt=\"\" class=\"slider-5515 slide-5526 msDefaultImage\" title=\"A011\" \/><\/a><\/li>\n            <li style='display: none;' aria-roledescription='slide' aria-labelledby='slide-11'><a href=\"http:\/\/lorrylesmetz-histoire.fr\/wp-content\/uploads\/2020\/03\/A012.jpg\" target=\"_self\"><img loading=\"lazy\" decoding=\"async\" src=\"http:\/\/lorrylesmetz-histoire.fr\/wp-content\/uploads\/2020\/03\/A012-1000x800.jpg\" height=\"800\" width=\"1000\" alt=\"\" class=\"slider-5515 slide-5527 msDefaultImage\" title=\"A012\" \/><\/a><\/li>\n            <li style='display: none;' aria-roledescription='slide' aria-labelledby='slide-12'><a href=\"http:\/\/lorrylesmetz-histoire.fr\/wp-content\/uploads\/2020\/03\/A013.jpg\" target=\"_self\"><img loading=\"lazy\" decoding=\"async\" src=\"http:\/\/lorrylesmetz-histoire.fr\/wp-content\/uploads\/2020\/03\/A013-1000x800.jpg\" height=\"800\" width=\"1000\" alt=\"\" class=\"slider-5515 slide-5528 msDefaultImage\" title=\"A013\" \/><\/a><\/li>\n        <\/ul>\n        \n    <\/div>\n<\/div>\n<p>Photos Claudine et G\u00e9rard\u00a0Kester<\/p>\n<p><a href=\"http:\/\/lorrylesmetz-histoire.fr\/?page_id=5279\"><img loading=\"lazy\" decoding=\"async\" class=\"alignnone size-full wp-image-378\" src=\"http:\/\/lorrylesmetz-histoire.fr\/wp-content\/uploads\/2017\/05\/retour.png\" alt=\"\" width=\"89\" height=\"31\" \/><\/a><\/p>\n","protected":false},"excerpt":{"rendered":"<p>13\u00a0mars\u00a02020 L\u2019assembl\u00e9e g\u00e9n\u00e9rale de Lorry-l\u00e8s-Metz \u00ab\u00a0au fil du temps\u00a0\u00bb s\u2019est tenue dans des conditions particuli\u00e8res vu le contexte actuel. Des mesures sanitaires tr\u00e8s strictes avaient \u00e9t\u00e9 prises, notamment, et avec regrets, l\u2019annulation du verre de l\u2019amiti\u00e9. La pr\u00e9sidente a annonc\u00e9&hellip; <\/p>\n","protected":false},"author":1,"featured_media":0,"parent":5279,"menu_order":1,"comment_status":"closed","ping_status":"closed","template":"","meta":{"_mc_calendar":[],"footnotes":""},"class_list":["post-5487","page","type-page","status-publish","hentry"],"_links":{"self":[{"href":"http:\/\/lorrylesmetz-histoire.fr\/index.php?rest_route=\/wp\/v2\/pages\/5487","targetHints":{"allow":["GET"]}}],"collection":[{"href":"http:\/\/lorrylesmetz-histoire.fr\/index.php?rest_route=\/wp\/v2\/pages"}],"about":[{"href":"http:\/\/lorrylesmetz-histoire.fr\/index.php?rest_route=\/wp\/v2\/types\/page"}],"author":[{"embeddable":true,"href":"http:\/\/lorrylesmetz-histoire.fr\/index.php?rest_route=\/wp\/v2\/users\/1"}],"replies":[{"embeddable":true,"href":"http:\/\/lorrylesmetz-histoire.fr\/index.php?rest_route=%2Fwp%2Fv2%2Fcomments&post=5487"}],"version-history":[{"count":6,"href":"http:\/\/lorrylesmetz-histoire.fr\/index.php?rest_route=\/wp\/v2\/pages\/5487\/revisions"}],"predecessor-version":[{"id":5529,"href":"http:\/\/lorrylesmetz-histoire.fr\/index.php?rest_route=\/wp\/v2\/pages\/5487\/revisions\/5529"}],"up":[{"embeddable":true,"href":"http:\/\/lorrylesmetz-histoire.fr\/index.php?rest_route=\/wp\/v2\/pages\/5279"}],"wp:attachment":[{"href":"http:\/\/lorrylesmetz-histoire.fr\/index.php?rest_route=%2Fwp%2Fv2%2Fmedia&parent=5487"}],"curies":[{"name":"wp","href":"https:\/\/api.w.org\/{rel}","templated":true}]}}