{"id":5639,"date":"2020-10-29T14:41:49","date_gmt":"2020-10-29T13:41:49","guid":{"rendered":"http:\/\/lorrylesmetz-histoire.fr\/?page_id=5639"},"modified":"2021-04-17T19:33:33","modified_gmt":"2021-04-17T17:33:33","slug":"panneaux-pour-le-souvenir-franjcais","status":"publish","type":"page","link":"http:\/\/lorrylesmetz-histoire.fr\/?page_id=5639","title":{"rendered":"Panneaux pour le Souvenir fran\u00e7ais"},"content":{"rendered":"<h2>24\u00a0septembre\u00a02020<\/h2>\n<p>&nbsp;<\/p>\n<p>LA MOSELLE D\u00c9RACIN\u00c9E<\/p>\n<p>&nbsp;<\/p>\n<p>Au mois de septembre\u00a02020, Christian\u00a0Evesque, au nom du Souvenir fran\u00e7ais, est venu demander \u00e0 Lorry-l\u00e8s-Metz \u00ab\u00a0au fil du temps\u00a0\u00bb la permission d\u2019utiliser les textes des t\u00e9moignages des Lorriots qui avaient \u00e9t\u00e9 expuls\u00e9s par les Allemands dans le sud de la France, notamment du c\u00f4t\u00e9 de Carcassonne. <em>(<\/em><em>Bulletin<\/em>, num\u00e9ro sp\u00e9cial\u00a01939-1945 T\u00e9moignages). La finalit\u00e9 de cette demande \u00e9tait d\u2019exposer \u00e0 la FIM la m\u00e9moire d\u2019un village messin pris dans la tourmente de la guerre sur le stand du Souvenir fran\u00e7ais.<\/p>\n<p>Il a donc \u00e9t\u00e9 d\u00e9cid\u00e9 de collaborer pour confectionner une s\u00e9rie de 11\u00a0Roll-up sur ce sujet. Ensemble, des t\u00e9moignages ont \u00e9t\u00e9 s\u00e9lectionn\u00e9s et la pr\u00e9sidente les a synth\u00e9tis\u00e9s, choisissant les r\u00e9cits les plus repr\u00e9sentatifs et marquants, ce qui ne fut pas forc\u00e9ment chose facile.<\/p>\n<p>Pour la lisibilit\u00e9 des \u00e9v\u00e9nements de l\u2019\u00e9poque, elle fut d\u00e9coup\u00e9e en p\u00e9riodes\u00a0: Le d\u00e9part, Le voyage\u00a01 &amp; 2, La vie quotidienne\u00a01 &amp; 2, Carcassonne, Anecdotes, Le retour\u00a01, 2 &amp; 3, L\u2019abb\u00e9 Armand\u00a0Blanchebarbe. Pour conserver une unit\u00e9 de pr\u00e9sentation, il a \u00e9t\u00e9 d\u00e9cid\u00e9 de pr\u00e9parer un 12<sup>e<\/sup> Roll-up sur l\u2019histoire du drapeau du Souvenir fran\u00e7ais qui a voyag\u00e9 entre le village et Carcassonne, le texte \u00e9tant pr\u00e9par\u00e9 par le Souvenir fran\u00e7ais.<\/p>\n<p>En plongeant dans les archives personnelles, les archives du d\u00e9partement, les fonds documentaires des Lorriots, un certain nombre de photos ont \u00e9t\u00e9 choisies.<\/p>\n<p>G\u00e9rard\u00a0Kester a effectu\u00e9 la r\u00e9alisation compl\u00e8te des d\u00e9roulants et le Souvenir fran\u00e7ais s\u2019est charg\u00e9 de les faire imprimer.<\/p>\n<p>Le 24 septembre, une petite \u00e9quipe \u00e9tait r\u00e9unie \u00e0 l\u2019espace Philippe-de-Vigneulles pour valider le travail fini. Une r\u00e9ussite.<\/p>\n<div id=\"metaslider-id-5657\" style=\"width: 100%; margin: 0 auto;\" class=\"ml-slider-3-108-0 metaslider metaslider-responsive metaslider-5657 ml-slider has-dots-nav ms-theme-default\" role=\"region\" aria-label=\"Roll&#039;up Souvenir fran\u00e7ais\" data-height=\"600\" data-width=\"600\">\n    <div id=\"metaslider_container_5657\">\n        <ul id='metaslider_5657' class='rslides'>\n            <li aria-roledescription='slide' aria-labelledby='slide-0'><a href=\"http:\/\/lorrylesmetz-histoire.fr\/wp-content\/uploads\/2020\/10\/B001.jpg\" target=\"_blank\"><img loading=\"lazy\" decoding=\"async\" src=\"http:\/\/lorrylesmetz-histoire.fr\/wp-content\/uploads\/2020\/10\/B001-600x600.jpg\" height=\"600\" width=\"600\" alt=\"\" class=\"slider-5657 slide-5658 msDefaultImage\" title=\"B001\" \/><\/a><\/li>\n            <li style='display: none;' aria-roledescription='slide' aria-labelledby='slide-1'><a href=\"http:\/\/lorrylesmetz-histoire.fr\/wp-content\/uploads\/2020\/10\/B002.jpg\" target=\"_blank\"><img loading=\"lazy\" decoding=\"async\" src=\"http:\/\/lorrylesmetz-histoire.fr\/wp-content\/uploads\/2020\/10\/B002-600x600.jpg\" height=\"600\" width=\"600\" alt=\"\" class=\"slider-5657 slide-5659 msDefaultImage\" title=\"B002\" \/><\/a><\/li>\n            <li style='display: none;' aria-roledescription='slide' aria-labelledby='slide-2'><a href=\"http:\/\/lorrylesmetz-histoire.fr\/wp-content\/uploads\/2020\/10\/B003.jpg\" target=\"_blank\"><img loading=\"lazy\" decoding=\"async\" src=\"http:\/\/lorrylesmetz-histoire.fr\/wp-content\/uploads\/2020\/10\/B003-600x600.jpg\" height=\"600\" width=\"600\" alt=\"\" class=\"slider-5657 slide-5660 msDefaultImage\" title=\"B003\" \/><\/a><\/li>\n            <li style='display: none;' aria-roledescription='slide' aria-labelledby='slide-3'><a href=\"http:\/\/lorrylesmetz-histoire.fr\/wp-content\/uploads\/2020\/10\/B004.jpg\" target=\"_blank\"><img loading=\"lazy\" decoding=\"async\" src=\"http:\/\/lorrylesmetz-histoire.fr\/wp-content\/uploads\/2020\/10\/B004-600x600.jpg\" height=\"600\" width=\"600\" alt=\"\" class=\"slider-5657 slide-5661 msDefaultImage\" title=\"B004\" \/><\/a><\/li>\n            <li style='display: none;' aria-roledescription='slide' aria-labelledby='slide-4'><a href=\"http:\/\/lorrylesmetz-histoire.fr\/wp-content\/uploads\/2020\/10\/B005.jpg\" target=\"_blank\"><img loading=\"lazy\" decoding=\"async\" src=\"http:\/\/lorrylesmetz-histoire.fr\/wp-content\/uploads\/2020\/10\/B005-600x600.jpg\" height=\"600\" width=\"600\" alt=\"\" class=\"slider-5657 slide-5662 msDefaultImage\" title=\"B005\" \/><\/a><\/li>\n            <li style='display: none;' aria-roledescription='slide' aria-labelledby='slide-5'><a href=\"http:\/\/lorrylesmetz-histoire.fr\/wp-content\/uploads\/2020\/10\/B006.jpg\" target=\"_blank\"><img loading=\"lazy\" decoding=\"async\" src=\"http:\/\/lorrylesmetz-histoire.fr\/wp-content\/uploads\/2020\/10\/B006-600x600.jpg\" height=\"600\" width=\"600\" alt=\"\" class=\"slider-5657 slide-5663 msDefaultImage\" title=\"B006\" \/><\/a><\/li>\n            <li style='display: none;' aria-roledescription='slide' aria-labelledby='slide-6'><a href=\"http:\/\/lorrylesmetz-histoire.fr\/wp-content\/uploads\/2020\/10\/B007.jpg\" target=\"_blank\"><img loading=\"lazy\" decoding=\"async\" src=\"http:\/\/lorrylesmetz-histoire.fr\/wp-content\/uploads\/2020\/10\/B007-600x600.jpg\" height=\"600\" width=\"600\" alt=\"\" class=\"slider-5657 slide-5664 msDefaultImage\" title=\"B007\" \/><\/a><\/li>\n            <li style='display: none;' aria-roledescription='slide' aria-labelledby='slide-7'><a href=\"http:\/\/lorrylesmetz-histoire.fr\/wp-content\/uploads\/2020\/10\/B008.jpg\" target=\"_blank\"><img loading=\"lazy\" decoding=\"async\" src=\"http:\/\/lorrylesmetz-histoire.fr\/wp-content\/uploads\/2020\/10\/B008-600x600.jpg\" height=\"600\" width=\"600\" alt=\"\" class=\"slider-5657 slide-5665 msDefaultImage\" title=\"B008\" \/><\/a><\/li>\n            <li style='display: none;' aria-roledescription='slide' aria-labelledby='slide-8'><a href=\"http:\/\/lorrylesmetz-histoire.fr\/wp-content\/uploads\/2020\/10\/B009.jpg\" target=\"_blank\"><img loading=\"lazy\" decoding=\"async\" src=\"http:\/\/lorrylesmetz-histoire.fr\/wp-content\/uploads\/2020\/10\/B009-600x600.jpg\" height=\"600\" width=\"600\" alt=\"\" class=\"slider-5657 slide-5666 msDefaultImage\" title=\"B009\" \/><\/a><\/li>\n            <li style='display: none;' aria-roledescription='slide' aria-labelledby='slide-9'><a href=\"http:\/\/lorrylesmetz-histoire.fr\/wp-content\/uploads\/2020\/10\/B010.jpg\" target=\"_blank\"><img loading=\"lazy\" decoding=\"async\" src=\"http:\/\/lorrylesmetz-histoire.fr\/wp-content\/uploads\/2020\/10\/B010-600x600.jpg\" height=\"600\" width=\"600\" alt=\"\" class=\"slider-5657 slide-5667 msDefaultImage\" title=\"B010\" \/><\/a><\/li>\n            <li style='display: none;' aria-roledescription='slide' aria-labelledby='slide-10'><a href=\"http:\/\/lorrylesmetz-histoire.fr\/wp-content\/uploads\/2020\/10\/B011.jpg\" target=\"_blank\"><img loading=\"lazy\" decoding=\"async\" src=\"http:\/\/lorrylesmetz-histoire.fr\/wp-content\/uploads\/2020\/10\/B011-600x600.jpg\" height=\"600\" width=\"600\" alt=\"\" class=\"slider-5657 slide-5668 msDefaultImage\" title=\"B011\" \/><\/a><\/li>\n            <li style='display: none;' aria-roledescription='slide' aria-labelledby='slide-11'><a href=\"http:\/\/lorrylesmetz-histoire.fr\/wp-content\/uploads\/2020\/10\/B012.jpg\" target=\"_blank\"><img loading=\"lazy\" decoding=\"async\" src=\"http:\/\/lorrylesmetz-histoire.fr\/wp-content\/uploads\/2020\/10\/B012-600x600.jpg\" height=\"600\" width=\"600\" alt=\"\" class=\"slider-5657 slide-5669 msDefaultImage\" title=\"B012\" \/><\/a><\/li>\n            <li style='display: none;' aria-roledescription='slide' aria-labelledby='slide-12'><a href=\"http:\/\/lorrylesmetz-histoire.fr\/wp-content\/uploads\/2020\/10\/B013.jpg\" target=\"_blank\"><img loading=\"lazy\" decoding=\"async\" src=\"http:\/\/lorrylesmetz-histoire.fr\/wp-content\/uploads\/2020\/10\/B013-600x600.jpg\" height=\"600\" width=\"600\" alt=\"\" class=\"slider-5657 slide-5670 msDefaultImage\" title=\"B013\" \/><\/a><\/li>\n            <li style='display: none;' aria-roledescription='slide' aria-labelledby='slide-13'><a href=\"http:\/\/lorrylesmetz-histoire.fr\/wp-content\/uploads\/2020\/10\/B014.jpg\" target=\"_blank\"><img loading=\"lazy\" decoding=\"async\" src=\"http:\/\/lorrylesmetz-histoire.fr\/wp-content\/uploads\/2020\/10\/B014-600x600.jpg\" height=\"600\" width=\"600\" alt=\"\" class=\"slider-5657 slide-5671 msDefaultImage\" title=\"B014\" \/><\/a><\/li>\n            <li style='display: none;' aria-roledescription='slide' aria-labelledby='slide-14'><a href=\"http:\/\/lorrylesmetz-histoire.fr\/wp-content\/uploads\/2020\/10\/B015.jpg\" target=\"_blank\"><img loading=\"lazy\" decoding=\"async\" src=\"http:\/\/lorrylesmetz-histoire.fr\/wp-content\/uploads\/2020\/10\/B015-600x600.jpg\" height=\"600\" width=\"600\" alt=\"\" class=\"slider-5657 slide-5672 msDefaultImage\" title=\"B015\" \/><\/a><\/li>\n            <li style='display: none;' aria-roledescription='slide' aria-labelledby='slide-15'><a href=\"http:\/\/lorrylesmetz-histoire.fr\/wp-content\/uploads\/2020\/10\/B016.jpg\" target=\"_blank\"><img loading=\"lazy\" decoding=\"async\" src=\"http:\/\/lorrylesmetz-histoire.fr\/wp-content\/uploads\/2020\/10\/B016-600x600.jpg\" height=\"600\" width=\"600\" alt=\"\" class=\"slider-5657 slide-5673 msDefaultImage\" title=\"B016\" \/><\/a><\/li>\n        <\/ul>\n        \n    <\/div>\n<\/div>\n<p>Photos G\u00e9rard Kester et Claudine Kester.<\/p>\n<p><a href=\"http:\/\/lorrylesmetz-histoire.fr\/?page_id=5279\"><img loading=\"lazy\" decoding=\"async\" class=\"alignnone size-full wp-image-378\" src=\"http:\/\/lorrylesmetz-histoire.fr\/wp-content\/uploads\/2017\/05\/retour.png\" alt=\"\" width=\"89\" height=\"31\" \/><\/a><\/p>\n","protected":false},"excerpt":{"rendered":"<p>24\u00a0septembre\u00a02020 &nbsp; LA MOSELLE D\u00c9RACIN\u00c9E &nbsp; Au mois de septembre\u00a02020, Christian\u00a0Evesque, au nom du Souvenir fran\u00e7ais, est venu demander \u00e0 Lorry-l\u00e8s-Metz \u00ab\u00a0au fil du temps\u00a0\u00bb la permission d\u2019utiliser les textes des t\u00e9moignages des Lorriots qui avaient \u00e9t\u00e9 expuls\u00e9s par les&hellip; <\/p>\n","protected":false},"author":1,"featured_media":0,"parent":5279,"menu_order":3,"comment_status":"closed","ping_status":"closed","template":"","meta":{"_mc_calendar":[],"footnotes":""},"class_list":["post-5639","page","type-page","status-publish","hentry"],"_links":{"self":[{"href":"http:\/\/lorrylesmetz-histoire.fr\/index.php?rest_route=\/wp\/v2\/pages\/5639","targetHints":{"allow":["GET"]}}],"collection":[{"href":"http:\/\/lorrylesmetz-histoire.fr\/index.php?rest_route=\/wp\/v2\/pages"}],"about":[{"href":"http:\/\/lorrylesmetz-histoire.fr\/index.php?rest_route=\/wp\/v2\/types\/page"}],"author":[{"embeddable":true,"href":"http:\/\/lorrylesmetz-histoire.fr\/index.php?rest_route=\/wp\/v2\/users\/1"}],"replies":[{"embeddable":true,"href":"http:\/\/lorrylesmetz-histoire.fr\/index.php?rest_route=%2Fwp%2Fv2%2Fcomments&post=5639"}],"version-history":[{"count":5,"href":"http:\/\/lorrylesmetz-histoire.fr\/index.php?rest_route=\/wp\/v2\/pages\/5639\/revisions"}],"predecessor-version":[{"id":5810,"href":"http:\/\/lorrylesmetz-histoire.fr\/index.php?rest_route=\/wp\/v2\/pages\/5639\/revisions\/5810"}],"up":[{"embeddable":true,"href":"http:\/\/lorrylesmetz-histoire.fr\/index.php?rest_route=\/wp\/v2\/pages\/5279"}],"wp:attachment":[{"href":"http:\/\/lorrylesmetz-histoire.fr\/index.php?rest_route=%2Fwp%2Fv2%2Fmedia&parent=5639"}],"curies":[{"name":"wp","href":"https:\/\/api.w.org\/{rel}","templated":true}]}}