{"id":573,"date":"2017-05-28T12:34:40","date_gmt":"2017-05-28T10:34:40","guid":{"rendered":"http:\/\/lorrylesmetz-histoire.fr\/?page_id=573"},"modified":"2017-05-30T10:10:45","modified_gmt":"2017-05-30T08:10:45","slug":"les-calvaires","status":"publish","type":"page","link":"http:\/\/lorrylesmetz-histoire.fr\/?page_id=573","title":{"rendered":"Les calvaires"},"content":{"rendered":"<table>\n<tbody>\n<tr>\n<td>\n<p><div id=\"attachment_575\" style=\"width: 110px\" class=\"wp-caption aligncenter\"><a href=\"http:\/\/lorrylesmetz-histoire.fr\/wp-content\/uploads\/2017\/05\/calvaire_chateau.jpg\" target=\"_blank\"><img loading=\"lazy\" decoding=\"async\" aria-describedby=\"caption-attachment-575\" class=\"wp-image-575\" src=\"http:\/\/lorrylesmetz-histoire.fr\/wp-content\/uploads\/2017\/05\/calvaire_chateau-150x150.jpg\" alt=\"\" width=\"100\" height=\"133\" srcset=\"http:\/\/lorrylesmetz-histoire.fr\/wp-content\/uploads\/2017\/05\/calvaire_chateau-225x300.jpg 225w, http:\/\/lorrylesmetz-histoire.fr\/wp-content\/uploads\/2017\/05\/calvaire_chateau-100x133.jpg 100w, http:\/\/lorrylesmetz-histoire.fr\/wp-content\/uploads\/2017\/05\/calvaire_chateau-150x200.jpg 150w, http:\/\/lorrylesmetz-histoire.fr\/wp-content\/uploads\/2017\/05\/calvaire_chateau-200x267.jpg 200w, http:\/\/lorrylesmetz-histoire.fr\/wp-content\/uploads\/2017\/05\/calvaire_chateau-300x400.jpg 300w, http:\/\/lorrylesmetz-histoire.fr\/wp-content\/uploads\/2017\/05\/calvaire_chateau-450x600.jpg 450w, http:\/\/lorrylesmetz-histoire.fr\/wp-content\/uploads\/2017\/05\/calvaire_chateau.jpg 480w\" sizes=\"auto, (max-width: 100px) 100vw, 100px\" \/><\/a><p id=\"caption-attachment-575\" class=\"wp-caption-text\">Le calvaire du ch\u00e2teau.<\/p><\/div><\/td>\n<td>\n<p><div id=\"attachment_576\" style=\"width: 110px\" class=\"wp-caption aligncenter\"><a href=\"http:\/\/lorrylesmetz-histoire.fr\/wp-content\/uploads\/2017\/05\/calvaire_chateau_detail.jpg\" target=\"_blank\"><img loading=\"lazy\" decoding=\"async\" aria-describedby=\"caption-attachment-576\" class=\"wp-image-576\" src=\"http:\/\/lorrylesmetz-histoire.fr\/wp-content\/uploads\/2017\/05\/calvaire_chateau_detail-150x150.jpg\" alt=\"\" width=\"100\" height=\"133\" srcset=\"http:\/\/lorrylesmetz-histoire.fr\/wp-content\/uploads\/2017\/05\/calvaire_chateau_detail-225x300.jpg 225w, http:\/\/lorrylesmetz-histoire.fr\/wp-content\/uploads\/2017\/05\/calvaire_chateau_detail-100x133.jpg 100w, http:\/\/lorrylesmetz-histoire.fr\/wp-content\/uploads\/2017\/05\/calvaire_chateau_detail-150x200.jpg 150w, http:\/\/lorrylesmetz-histoire.fr\/wp-content\/uploads\/2017\/05\/calvaire_chateau_detail-200x267.jpg 200w, http:\/\/lorrylesmetz-histoire.fr\/wp-content\/uploads\/2017\/05\/calvaire_chateau_detail-300x400.jpg 300w, http:\/\/lorrylesmetz-histoire.fr\/wp-content\/uploads\/2017\/05\/calvaire_chateau_detail-450x600.jpg 450w, http:\/\/lorrylesmetz-histoire.fr\/wp-content\/uploads\/2017\/05\/calvaire_chateau_detail.jpg 480w\" sizes=\"auto, (max-width: 100px) 100vw, 100px\" \/><\/a><p id=\"caption-attachment-576\" class=\"wp-caption-text\">D\u00e9tail du calvaire du ch\u00e2teau.<\/p><\/div><\/td>\n<td>Le calvaire du ch\u00e2teau.<\/td>\n<\/tr>\n<tr>\n<td>\n<p><div id=\"attachment_580\" style=\"width: 110px\" class=\"wp-caption aligncenter\"><a href=\"http:\/\/lorrylesmetz-histoire.fr\/wp-content\/uploads\/2017\/05\/calvaire_grand_rue.jpg\" target=\"_blank\"><img loading=\"lazy\" decoding=\"async\" aria-describedby=\"caption-attachment-580\" class=\"wp-image-580\" src=\"http:\/\/lorrylesmetz-histoire.fr\/wp-content\/uploads\/2017\/05\/calvaire_grand_rue-150x150.jpg\" alt=\"\" width=\"100\" height=\"133\" srcset=\"http:\/\/lorrylesmetz-histoire.fr\/wp-content\/uploads\/2017\/05\/calvaire_grand_rue-225x300.jpg 225w, http:\/\/lorrylesmetz-histoire.fr\/wp-content\/uploads\/2017\/05\/calvaire_grand_rue-100x133.jpg 100w, http:\/\/lorrylesmetz-histoire.fr\/wp-content\/uploads\/2017\/05\/calvaire_grand_rue-150x200.jpg 150w, http:\/\/lorrylesmetz-histoire.fr\/wp-content\/uploads\/2017\/05\/calvaire_grand_rue-200x267.jpg 200w, http:\/\/lorrylesmetz-histoire.fr\/wp-content\/uploads\/2017\/05\/calvaire_grand_rue-300x400.jpg 300w, http:\/\/lorrylesmetz-histoire.fr\/wp-content\/uploads\/2017\/05\/calvaire_grand_rue-450x600.jpg 450w, http:\/\/lorrylesmetz-histoire.fr\/wp-content\/uploads\/2017\/05\/calvaire_grand_rue.jpg 480w\" sizes=\"auto, (max-width: 100px) 100vw, 100px\" \/><\/a><p id=\"caption-attachment-580\" class=\"wp-caption-text\">Le calvaire de la Grand&rsquo;Rue.<\/p><\/div><\/td>\n<td>\n<p><div id=\"attachment_581\" style=\"width: 110px\" class=\"wp-caption aligncenter\"><a href=\"http:\/\/lorrylesmetz-histoire.fr\/wp-content\/uploads\/2017\/05\/calvaire_grand_rue_detail.jpg\" target=\"_blank\"><img loading=\"lazy\" decoding=\"async\" aria-describedby=\"caption-attachment-581\" class=\"wp-image-581\" src=\"http:\/\/lorrylesmetz-histoire.fr\/wp-content\/uploads\/2017\/05\/calvaire_grand_rue_detail-150x150.jpg\" alt=\"\" width=\"100\" height=\"75\" srcset=\"http:\/\/lorrylesmetz-histoire.fr\/wp-content\/uploads\/2017\/05\/calvaire_grand_rue_detail-300x225.jpg 300w, http:\/\/lorrylesmetz-histoire.fr\/wp-content\/uploads\/2017\/05\/calvaire_grand_rue_detail-100x75.jpg 100w, http:\/\/lorrylesmetz-histoire.fr\/wp-content\/uploads\/2017\/05\/calvaire_grand_rue_detail-150x113.jpg 150w, http:\/\/lorrylesmetz-histoire.fr\/wp-content\/uploads\/2017\/05\/calvaire_grand_rue_detail-200x150.jpg 200w, http:\/\/lorrylesmetz-histoire.fr\/wp-content\/uploads\/2017\/05\/calvaire_grand_rue_detail-450x338.jpg 450w, http:\/\/lorrylesmetz-histoire.fr\/wp-content\/uploads\/2017\/05\/calvaire_grand_rue_detail-600x450.jpg 600w, http:\/\/lorrylesmetz-histoire.fr\/wp-content\/uploads\/2017\/05\/calvaire_grand_rue_detail.jpg 640w\" sizes=\"auto, (max-width: 100px) 100vw, 100px\" \/><\/a><p id=\"caption-attachment-581\" class=\"wp-caption-text\">D\u00e9tail du calvaire de la Grand&rsquo;Rue.<\/p><\/div><\/td>\n<td style=\"text-align: justify;\">Le calvaire de la Grand&rsquo;Rue. C\u2019est le 18 f\u00e9vrier 1674, sous le r\u00e8gne de Louis XIV, que Monseigneur Georges d\u2019Aubusson de la Feuillade, \u00e9v\u00eaque de Metz, nomme le premier cur\u00e9 de la paroisse de Lorry-l\u00e8s-Metz en la personne de l\u2019abb\u00e9 Antoine Darda.<br \/>\nEn 1681 l\u2019ann\u00e9e du d\u00e9c\u00e8s de sa m\u00e8re, l\u2019abb\u00e9 Darda fait \u00e9riger une croix au milieu du village.<\/td>\n<\/tr>\n<tr>\n<td>\n<p><div id=\"attachment_578\" style=\"width: 110px\" class=\"wp-caption aligncenter\"><a href=\"http:\/\/lorrylesmetz-histoire.fr\/wp-content\/uploads\/2017\/05\/calvaire_croix_de_lorry.jpg\" target=\"_blank\"><img loading=\"lazy\" decoding=\"async\" aria-describedby=\"caption-attachment-578\" class=\"wp-image-578\" src=\"http:\/\/lorrylesmetz-histoire.fr\/wp-content\/uploads\/2017\/05\/calvaire_croix_de_lorry-150x150.jpg\" alt=\"\" width=\"100\" height=\"133\" srcset=\"http:\/\/lorrylesmetz-histoire.fr\/wp-content\/uploads\/2017\/05\/calvaire_croix_de_lorry-225x300.jpg 225w, http:\/\/lorrylesmetz-histoire.fr\/wp-content\/uploads\/2017\/05\/calvaire_croix_de_lorry-100x133.jpg 100w, http:\/\/lorrylesmetz-histoire.fr\/wp-content\/uploads\/2017\/05\/calvaire_croix_de_lorry-150x200.jpg 150w, http:\/\/lorrylesmetz-histoire.fr\/wp-content\/uploads\/2017\/05\/calvaire_croix_de_lorry-200x267.jpg 200w, http:\/\/lorrylesmetz-histoire.fr\/wp-content\/uploads\/2017\/05\/calvaire_croix_de_lorry-300x400.jpg 300w, http:\/\/lorrylesmetz-histoire.fr\/wp-content\/uploads\/2017\/05\/calvaire_croix_de_lorry-450x600.jpg 450w, http:\/\/lorrylesmetz-histoire.fr\/wp-content\/uploads\/2017\/05\/calvaire_croix_de_lorry.jpg 480w\" sizes=\"auto, (max-width: 100px) 100vw, 100px\" \/><\/a><p id=\"caption-attachment-578\" class=\"wp-caption-text\">Le calvaire de la Croix-de-Lorry.<\/p><\/div><\/td>\n<td><\/td>\n<td>Le calvaire de la Croix de Lorry.<\/td>\n<\/tr>\n<tr>\n<td>\n<p><div id=\"attachment_582\" style=\"width: 110px\" class=\"wp-caption aligncenter\"><a href=\"http:\/\/lorrylesmetz-histoire.fr\/wp-content\/uploads\/2017\/05\/calvaire_haut_village.jpg\" target=\"_blank\"><img loading=\"lazy\" decoding=\"async\" aria-describedby=\"caption-attachment-582\" class=\"wp-image-582\" src=\"http:\/\/lorrylesmetz-histoire.fr\/wp-content\/uploads\/2017\/05\/calvaire_haut_village-150x150.jpg\" alt=\"\" width=\"100\" height=\"133\" srcset=\"http:\/\/lorrylesmetz-histoire.fr\/wp-content\/uploads\/2017\/05\/calvaire_haut_village-225x300.jpg 225w, http:\/\/lorrylesmetz-histoire.fr\/wp-content\/uploads\/2017\/05\/calvaire_haut_village-100x133.jpg 100w, http:\/\/lorrylesmetz-histoire.fr\/wp-content\/uploads\/2017\/05\/calvaire_haut_village-150x200.jpg 150w, http:\/\/lorrylesmetz-histoire.fr\/wp-content\/uploads\/2017\/05\/calvaire_haut_village-200x267.jpg 200w, http:\/\/lorrylesmetz-histoire.fr\/wp-content\/uploads\/2017\/05\/calvaire_haut_village-300x400.jpg 300w, http:\/\/lorrylesmetz-histoire.fr\/wp-content\/uploads\/2017\/05\/calvaire_haut_village-450x600.jpg 450w, http:\/\/lorrylesmetz-histoire.fr\/wp-content\/uploads\/2017\/05\/calvaire_haut_village.jpg 480w\" sizes=\"auto, (max-width: 100px) 100vw, 100px\" \/><\/a><p id=\"caption-attachment-582\" class=\"wp-caption-text\">Le calvaire du haut du village.<\/p><\/div><\/td>\n<td><\/td>\n<td>Le calvaire du haut du village.<\/td>\n<\/tr>\n<tr>\n<td>\n<p><div id=\"attachment_574\" style=\"width: 110px\" class=\"wp-caption aligncenter\"><a href=\"http:\/\/lorrylesmetz-histoire.fr\/wp-content\/uploads\/2017\/05\/calvaire_vigneulles.jpg\" target=\"_blank\"><img loading=\"lazy\" decoding=\"async\" aria-describedby=\"caption-attachment-574\" class=\"wp-image-574\" src=\"http:\/\/lorrylesmetz-histoire.fr\/wp-content\/uploads\/2017\/05\/calvaire_vigneulles-150x150.jpg\" alt=\"\" width=\"100\" height=\"133\" srcset=\"http:\/\/lorrylesmetz-histoire.fr\/wp-content\/uploads\/2017\/05\/calvaire_vigneulles-225x300.jpg 225w, http:\/\/lorrylesmetz-histoire.fr\/wp-content\/uploads\/2017\/05\/calvaire_vigneulles-100x133.jpg 100w, http:\/\/lorrylesmetz-histoire.fr\/wp-content\/uploads\/2017\/05\/calvaire_vigneulles-150x200.jpg 150w, http:\/\/lorrylesmetz-histoire.fr\/wp-content\/uploads\/2017\/05\/calvaire_vigneulles-200x267.jpg 200w, http:\/\/lorrylesmetz-histoire.fr\/wp-content\/uploads\/2017\/05\/calvaire_vigneulles-300x400.jpg 300w, http:\/\/lorrylesmetz-histoire.fr\/wp-content\/uploads\/2017\/05\/calvaire_vigneulles-450x600.jpg 450w, http:\/\/lorrylesmetz-histoire.fr\/wp-content\/uploads\/2017\/05\/calvaire_vigneulles.jpg 480w\" sizes=\"auto, (max-width: 100px) 100vw, 100px\" \/><\/a><p id=\"caption-attachment-574\" class=\"wp-caption-text\">Le calvaire de Vigneulles.<\/p><\/div><\/td>\n<td><\/td>\n<td>Le calvaire de Vigneulles.<\/td>\n<\/tr>\n<tr>\n<td>\n<p><div id=\"attachment_583\" style=\"width: 110px\" class=\"wp-caption aligncenter\"><a href=\"http:\/\/lorrylesmetz-histoire.fr\/wp-content\/uploads\/2017\/05\/calvaire_ruelle_des_ecoliers.jpg\" target=\"_blank\"><img loading=\"lazy\" decoding=\"async\" aria-describedby=\"caption-attachment-583\" class=\"wp-image-583\" src=\"http:\/\/lorrylesmetz-histoire.fr\/wp-content\/uploads\/2017\/05\/calvaire_ruelle_des_ecoliers-150x150.jpg\" alt=\"\" width=\"100\" height=\"133\" srcset=\"http:\/\/lorrylesmetz-histoire.fr\/wp-content\/uploads\/2017\/05\/calvaire_ruelle_des_ecoliers-225x300.jpg 225w, http:\/\/lorrylesmetz-histoire.fr\/wp-content\/uploads\/2017\/05\/calvaire_ruelle_des_ecoliers-100x133.jpg 100w, http:\/\/lorrylesmetz-histoire.fr\/wp-content\/uploads\/2017\/05\/calvaire_ruelle_des_ecoliers-150x200.jpg 150w, http:\/\/lorrylesmetz-histoire.fr\/wp-content\/uploads\/2017\/05\/calvaire_ruelle_des_ecoliers-200x267.jpg 200w, http:\/\/lorrylesmetz-histoire.fr\/wp-content\/uploads\/2017\/05\/calvaire_ruelle_des_ecoliers-300x400.jpg 300w, http:\/\/lorrylesmetz-histoire.fr\/wp-content\/uploads\/2017\/05\/calvaire_ruelle_des_ecoliers-450x600.jpg 450w, http:\/\/lorrylesmetz-histoire.fr\/wp-content\/uploads\/2017\/05\/calvaire_ruelle_des_ecoliers.jpg 480w\" sizes=\"auto, (max-width: 100px) 100vw, 100px\" \/><\/a><p id=\"caption-attachment-583\" class=\"wp-caption-text\">Le calvaire ruelle des \u00e9coles.<\/p><\/div><\/td>\n<td><\/td>\n<td>Le calvaire de la ruelle des \u00c9coliers.<\/td>\n<\/tr>\n<tr>\n<td>\n<p><div id=\"attachment_577\" style=\"width: 110px\" class=\"wp-caption aligncenter\"><a href=\"http:\/\/lorrylesmetz-histoire.fr\/wp-content\/uploads\/2017\/05\/calvaire_cimetiere.jpg\" target=\"_blank\"><img loading=\"lazy\" decoding=\"async\" aria-describedby=\"caption-attachment-577\" class=\"wp-image-577\" src=\"http:\/\/lorrylesmetz-histoire.fr\/wp-content\/uploads\/2017\/05\/calvaire_cimetiere-150x150.jpg\" alt=\"\" width=\"100\" height=\"75\" srcset=\"http:\/\/lorrylesmetz-histoire.fr\/wp-content\/uploads\/2017\/05\/calvaire_cimetiere-300x225.jpg 300w, http:\/\/lorrylesmetz-histoire.fr\/wp-content\/uploads\/2017\/05\/calvaire_cimetiere-100x75.jpg 100w, http:\/\/lorrylesmetz-histoire.fr\/wp-content\/uploads\/2017\/05\/calvaire_cimetiere-150x113.jpg 150w, http:\/\/lorrylesmetz-histoire.fr\/wp-content\/uploads\/2017\/05\/calvaire_cimetiere-200x150.jpg 200w, http:\/\/lorrylesmetz-histoire.fr\/wp-content\/uploads\/2017\/05\/calvaire_cimetiere-450x338.jpg 450w, http:\/\/lorrylesmetz-histoire.fr\/wp-content\/uploads\/2017\/05\/calvaire_cimetiere-600x450.jpg 600w, http:\/\/lorrylesmetz-histoire.fr\/wp-content\/uploads\/2017\/05\/calvaire_cimetiere.jpg 640w\" sizes=\"auto, (max-width: 100px) 100vw, 100px\" \/><\/a><p id=\"caption-attachment-577\" class=\"wp-caption-text\">Le calvaire du cimeti\u00e8re.<\/p><\/div><\/td>\n<td><\/td>\n<td>\u00a0Le calvaire du cimeti\u00e8re.<\/td>\n<\/tr>\n<\/tbody>\n<\/table>\n<p>&nbsp;<\/p>\n","protected":false},"excerpt":{"rendered":"<p>Le calvaire du ch\u00e2teau. Le calvaire de la Grand&rsquo;Rue. C\u2019est le 18 f\u00e9vrier 1674, sous le r\u00e8gne de Louis XIV, que Monseigneur Georges d\u2019Aubusson de la Feuillade, \u00e9v\u00eaque de Metz, nomme le premier cur\u00e9 de la paroisse de Lorry-l\u00e8s-Metz en&hellip; <\/p>\n","protected":false},"author":1,"featured_media":0,"parent":80,"menu_order":3,"comment_status":"closed","ping_status":"closed","template":"full-width-page.php","meta":{"_mc_calendar":[],"footnotes":""},"class_list":["post-573","page","type-page","status-publish","hentry"],"_links":{"self":[{"href":"http:\/\/lorrylesmetz-histoire.fr\/index.php?rest_route=\/wp\/v2\/pages\/573","targetHints":{"allow":["GET"]}}],"collection":[{"href":"http:\/\/lorrylesmetz-histoire.fr\/index.php?rest_route=\/wp\/v2\/pages"}],"about":[{"href":"http:\/\/lorrylesmetz-histoire.fr\/index.php?rest_route=\/wp\/v2\/types\/page"}],"author":[{"embeddable":true,"href":"http:\/\/lorrylesmetz-histoire.fr\/index.php?rest_route=\/wp\/v2\/users\/1"}],"replies":[{"embeddable":true,"href":"http:\/\/lorrylesmetz-histoire.fr\/index.php?rest_route=%2Fwp%2Fv2%2Fcomments&post=573"}],"version-history":[{"count":0,"href":"http:\/\/lorrylesmetz-histoire.fr\/index.php?rest_route=\/wp\/v2\/pages\/573\/revisions"}],"up":[{"embeddable":true,"href":"http:\/\/lorrylesmetz-histoire.fr\/index.php?rest_route=\/wp\/v2\/pages\/80"}],"wp:attachment":[{"href":"http:\/\/lorrylesmetz-histoire.fr\/index.php?rest_route=%2Fwp%2Fv2%2Fmedia&parent=573"}],"curies":[{"name":"wp","href":"https:\/\/api.w.org\/{rel}","templated":true}]}}