{"id":5784,"date":"2021-03-17T12:09:04","date_gmt":"2021-03-17T11:09:04","guid":{"rendered":"http:\/\/lorrylesmetz-histoire.fr\/?page_id=5784"},"modified":"2021-10-10T07:48:04","modified_gmt":"2021-10-10T05:48:04","slug":"publications","status":"publish","type":"page","link":"http:\/\/lorrylesmetz-histoire.fr\/?page_id=5784","title":{"rendered":"Les publications bimestrielles"},"content":{"rendered":"<p><b>\u00ab\u00a0Un peuple sans m\u00e9moire est un peuple sans <\/b><b>avenir\u00a0\u00bb<\/b><\/p>\n<p>Cette nouvelle publication bimestrielle rappelle quelques temps forts de l\u2019histoire du village pour que l\u2019avenir se construise plus \u00e9clair\u00e9 que le pass\u00e9.<\/p>\n<table style=\"border-collapse: collapse; width: 94.195%;\">\n<tbody>\n<tr>\n<td style=\"width: 15%; vertical-align: middle;\"><strong>Octobre 2021<br \/>\n<\/strong><\/td>\n<td style=\"width: 29.4014%; vertical-align: middle;\">Les noms des rues &#8211; Le quartier de Vigneulles<\/td>\n<td style=\"width: 18.4155%; vertical-align: middle;\"><a href=\"http:\/\/lorrylesmetz-histoire.fr\/wp-content\/uploads\/2021\/10\/2021-10.pdf\"><img loading=\"lazy\" decoding=\"async\" class=\"alignnone wp-image-683 size-full\" src=\"http:\/\/lorrylesmetz-histoire.fr\/wp-content\/uploads\/2017\/05\/voir.png?_t=1633844834\" alt=\"\" width=\"89\" height=\"31\" \/><\/a><\/td>\n<td style=\"width: 37.1831%; vertical-align: middle;\"><a href=\"http:\/\/lorrylesmetz-histoire.fr\/?media_dl=5963\"><img decoding=\"async\" src=\"http:\/\/lorrylesmetz-histoire.fr\/wp-content\/uploads\/2017\/05\/telecharger_pdf.png\" \/><\/a><\/td>\n<\/tr>\n<tr>\n<td style=\"width: 15%; vertical-align: middle;\"><strong>Avril 2021<br \/>\n<\/strong><\/td>\n<td style=\"width: 29.4014%; vertical-align: middle;\">Les noms des rues &#8211;<br \/>\nLe Pr\u00e9-Dames-Belles<\/td>\n<td style=\"width: 18.4155%; vertical-align: middle;\"><a href=\"http:\/\/lorrylesmetz-histoire.fr\/wp-content\/uploads\/2021\/04\/2021-04.pdf\" target=\"_blank\" rel=\"noopener\"><img loading=\"lazy\" decoding=\"async\" class=\"alignnone wp-image-683 size-full\" src=\"http:\/\/lorrylesmetz-histoire.fr\/wp-content\/uploads\/2017\/05\/voir.png\" alt=\"\" width=\"89\" height=\"31\" \/><\/a><\/td>\n<td style=\"width: 37.1831%; vertical-align: middle;\"><a href=\"http:\/\/lorrylesmetz-histoire.fr\/?media_dl=5814\"><img decoding=\"async\" src=\"http:\/\/lorrylesmetz-histoire.fr\/wp-content\/uploads\/2017\/05\/telecharger_pdf.png\" \/><\/a><\/td>\n<\/tr>\n<tr>\n<td style=\"width: 15%; vertical-align: middle;\"><strong>F\u00e9vrier 2021<\/strong><\/td>\n<td style=\"width: 29.4014%; vertical-align: middle;\">Connaissez-vous le nom de votre village<br \/>\nau cours des si\u00e8cles\u00a0?<\/td>\n<td style=\"width: 18.4155%; vertical-align: middle;\"><a href=\"http:\/\/lorrylesmetz-histoire.fr\/wp-content\/uploads\/2021\/03\/2021-02.pdf\" target=\"_blank\" rel=\"noopener\"><img loading=\"lazy\" decoding=\"async\" class=\"alignnone wp-image-683 size-full\" src=\"http:\/\/lorrylesmetz-histoire.fr\/wp-content\/uploads\/2017\/05\/voir.png\" alt=\"\" width=\"89\" height=\"31\" \/><\/a><\/td>\n<td style=\"width: 37.1831%; vertical-align: middle;\"><a href=\"http:\/\/lorrylesmetz-histoire.fr\/?media_dl=5783\"><img decoding=\"async\" src=\"http:\/\/lorrylesmetz-histoire.fr\/wp-content\/uploads\/2017\/05\/telecharger_pdf.png\" \/><\/a><\/td>\n<\/tr>\n<\/tbody>\n<\/table>\n<p>&nbsp;<\/p>\n","protected":false},"excerpt":{"rendered":"<p>\u00ab\u00a0Un peuple sans m\u00e9moire est un peuple sans avenir\u00a0\u00bb Cette nouvelle publication bimestrielle rappelle quelques temps forts de l\u2019histoire du village pour que l\u2019avenir se construise plus \u00e9clair\u00e9 que le pass\u00e9. Octobre 2021 Les noms des rues &#8211; Le quartier&hellip; <\/p>\n","protected":false},"author":1,"featured_media":0,"parent":159,"menu_order":2,"comment_status":"closed","ping_status":"closed","template":"","meta":{"_mc_calendar":[],"footnotes":""},"class_list":["post-5784","page","type-page","status-publish","hentry"],"_links":{"self":[{"href":"http:\/\/lorrylesmetz-histoire.fr\/index.php?rest_route=\/wp\/v2\/pages\/5784","targetHints":{"allow":["GET"]}}],"collection":[{"href":"http:\/\/lorrylesmetz-histoire.fr\/index.php?rest_route=\/wp\/v2\/pages"}],"about":[{"href":"http:\/\/lorrylesmetz-histoire.fr\/index.php?rest_route=\/wp\/v2\/types\/page"}],"author":[{"embeddable":true,"href":"http:\/\/lorrylesmetz-histoire.fr\/index.php?rest_route=\/wp\/v2\/users\/1"}],"replies":[{"embeddable":true,"href":"http:\/\/lorrylesmetz-histoire.fr\/index.php?rest_route=%2Fwp%2Fv2%2Fcomments&post=5784"}],"version-history":[{"count":10,"href":"http:\/\/lorrylesmetz-histoire.fr\/index.php?rest_route=\/wp\/v2\/pages\/5784\/revisions"}],"predecessor-version":[{"id":5965,"href":"http:\/\/lorrylesmetz-histoire.fr\/index.php?rest_route=\/wp\/v2\/pages\/5784\/revisions\/5965"}],"up":[{"embeddable":true,"href":"http:\/\/lorrylesmetz-histoire.fr\/index.php?rest_route=\/wp\/v2\/pages\/159"}],"wp:attachment":[{"href":"http:\/\/lorrylesmetz-histoire.fr\/index.php?rest_route=%2Fwp%2Fv2%2Fmedia&parent=5784"}],"curies":[{"name":"wp","href":"https:\/\/api.w.org\/{rel}","templated":true}]}}