{"id":5823,"date":"2021-05-08T11:50:50","date_gmt":"2021-05-08T09:50:50","guid":{"rendered":"http:\/\/lorrylesmetz-histoire.fr\/?page_id=5823"},"modified":"2021-05-08T11:50:50","modified_gmt":"2021-05-08T09:50:50","slug":"assemblee-generale","status":"publish","type":"page","link":"http:\/\/lorrylesmetz-histoire.fr\/?page_id=5823","title":{"rendered":"Assembl\u00e9e g\u00e9n\u00e9rale"},"content":{"rendered":"<p><span class=\"d2edcug0 hpfvmrgz qv66sw1b c1et5uql lr9zc1uh a8c37x1j keod5gw0 nxhoafnm aigsh9s9 d3f4x2em fe6kdd0r mau55g9w c8b282yb iv3no6db jq4qci2q a3bd9o3v knj5qynh oo9gr5id hzawbc8m\" dir=\"auto\">Assembl\u00e9e g\u00e9n\u00e9rale virtuelle de Lorry-l\u00e8s-Metz \u00ab\u00a0au fil du temps\u00a0\u00bb.<\/span><\/p>\n<div id=\"metaslider-id-5834\" style=\"width: 100%; margin: 0 auto;\" class=\"ml-slider-3-108-0 metaslider metaslider-responsive metaslider-5834 ml-slider has-dots-nav ms-theme-default\" role=\"region\" aria-label=\"AG 2021\" data-height=\"600\" data-width=\"800\">\n    <div id=\"metaslider_container_5834\">\n        <ul id='metaslider_5834' class='rslides'>\n            <li aria-roledescription='slide' aria-labelledby='slide-0'><a href=\"http:\/\/lorrylesmetz-histoire.fr\/wp-content\/uploads\/2021\/05\/Diapositive01.jpg\" target=\"_blank\"><img loading=\"lazy\" decoding=\"async\" src=\"http:\/\/lorrylesmetz-histoire.fr\/wp-content\/uploads\/2021\/05\/Diapositive01-800x600.jpg\" height=\"600\" width=\"800\" alt=\"\" class=\"slider-5834 slide-5835 msDefaultImage\" title=\"Diapositive01\" \/><\/a><\/li>\n            <li style='display: none;' aria-roledescription='slide' aria-labelledby='slide-1'><a href=\"http:\/\/lorrylesmetz-histoire.fr\/wp-content\/uploads\/2021\/05\/Diapositive02.jpg\" target=\"_blank\"><img loading=\"lazy\" decoding=\"async\" src=\"http:\/\/lorrylesmetz-histoire.fr\/wp-content\/uploads\/2021\/05\/Diapositive02-800x600.jpg\" height=\"600\" width=\"800\" alt=\"\" class=\"slider-5834 slide-5836 msDefaultImage\" title=\"Diapositive02\" \/><\/a><\/li>\n            <li style='display: none;' aria-roledescription='slide' aria-labelledby='slide-2'><a href=\"http:\/\/lorrylesmetz-histoire.fr\/wp-content\/uploads\/2021\/05\/Diapositive03.jpg\" target=\"_blank\"><img loading=\"lazy\" decoding=\"async\" src=\"http:\/\/lorrylesmetz-histoire.fr\/wp-content\/uploads\/2021\/05\/Diapositive03-800x600.jpg\" height=\"600\" width=\"800\" alt=\"\" class=\"slider-5834 slide-5837 msDefaultImage\" title=\"Diapositive03\" \/><\/a><\/li>\n            <li style='display: none;' aria-roledescription='slide' aria-labelledby='slide-3'><a href=\"http:\/\/lorrylesmetz-histoire.fr\/wp-content\/uploads\/2021\/05\/Diapositive04.jpg\" target=\"_blank\"><img loading=\"lazy\" decoding=\"async\" src=\"http:\/\/lorrylesmetz-histoire.fr\/wp-content\/uploads\/2021\/05\/Diapositive04-800x600.jpg\" height=\"600\" width=\"800\" alt=\"\" class=\"slider-5834 slide-5838 msDefaultImage\" title=\"Diapositive04\" \/><\/a><\/li>\n            <li style='display: none;' aria-roledescription='slide' aria-labelledby='slide-4'><a href=\"http:\/\/lorrylesmetz-histoire.fr\/wp-content\/uploads\/2021\/05\/Diapositive05.jpg\" target=\"_blank\"><img loading=\"lazy\" decoding=\"async\" src=\"http:\/\/lorrylesmetz-histoire.fr\/wp-content\/uploads\/2021\/05\/Diapositive05-800x600.jpg\" height=\"600\" width=\"800\" alt=\"\" class=\"slider-5834 slide-5839 msDefaultImage\" title=\"Diapositive05\" \/><\/a><\/li>\n            <li style='display: none;' aria-roledescription='slide' aria-labelledby='slide-5'><a href=\"http:\/\/lorrylesmetz-histoire.fr\/wp-content\/uploads\/2021\/05\/Diapositive06.jpg\" target=\"_blank\"><img loading=\"lazy\" decoding=\"async\" src=\"http:\/\/lorrylesmetz-histoire.fr\/wp-content\/uploads\/2021\/05\/Diapositive06-800x600.jpg\" height=\"600\" width=\"800\" alt=\"\" class=\"slider-5834 slide-5840 msDefaultImage\" title=\"Diapositive06\" \/><\/a><\/li>\n            <li style='display: none;' aria-roledescription='slide' aria-labelledby='slide-6'><a href=\"http:\/\/lorrylesmetz-histoire.fr\/wp-content\/uploads\/2021\/05\/Diapositive07.jpg\" target=\"_blank\"><img loading=\"lazy\" decoding=\"async\" src=\"http:\/\/lorrylesmetz-histoire.fr\/wp-content\/uploads\/2021\/05\/Diapositive07-800x600.jpg\" height=\"600\" width=\"800\" alt=\"\" class=\"slider-5834 slide-5841 msDefaultImage\" title=\"Diapositive07\" \/><\/a><\/li>\n            <li style='display: none;' aria-roledescription='slide' aria-labelledby='slide-7'><a href=\"http:\/\/lorrylesmetz-histoire.fr\/wp-content\/uploads\/2021\/05\/Diapositive08.jpg\" target=\"_blank\"><img loading=\"lazy\" decoding=\"async\" src=\"http:\/\/lorrylesmetz-histoire.fr\/wp-content\/uploads\/2021\/05\/Diapositive08-800x600.jpg\" height=\"600\" width=\"800\" alt=\"\" class=\"slider-5834 slide-5842 msDefaultImage\" title=\"Diapositive08\" \/><\/a><\/li>\n            <li style='display: none;' aria-roledescription='slide' aria-labelledby='slide-8'><a href=\"http:\/\/lorrylesmetz-histoire.fr\/wp-content\/uploads\/2021\/05\/Diapositive09.jpg\" target=\"_blank\"><img loading=\"lazy\" decoding=\"async\" src=\"http:\/\/lorrylesmetz-histoire.fr\/wp-content\/uploads\/2021\/05\/Diapositive09-800x600.jpg\" height=\"600\" width=\"800\" alt=\"\" class=\"slider-5834 slide-5843 msDefaultImage\" title=\"Diapositive09\" \/><\/a><\/li>\n            <li style='display: none;' aria-roledescription='slide' aria-labelledby='slide-9'><a href=\"http:\/\/lorrylesmetz-histoire.fr\/wp-content\/uploads\/2021\/05\/Diapositive10\" target=\"_blank\"><img loading=\"lazy\" decoding=\"async\" src=\"http:\/\/lorrylesmetz-histoire.fr\/wp-content\/uploads\/2021\/05\/Diapositive10-800x600.jpg\" height=\"600\" width=\"800\" alt=\"\" class=\"slider-5834 slide-5844 msDefaultImage\" title=\"Diapositive10\" \/><\/a><\/li>\n        <\/ul>\n        \n    <\/div>\n<\/div>\n<p><img loading=\"lazy\" decoding=\"async\" class=\"alignnone wp-image-378 size-full\" src=\"http:\/\/lorrylesmetz-histoire.fr\/wp-content\/uploads\/2017\/05\/retour.png?_t=1620467386\" alt=\"\" width=\"89\" height=\"31\" \/><\/p>\n<p>&nbsp;<\/p>\n","protected":false},"excerpt":{"rendered":"<p>Assembl\u00e9e g\u00e9n\u00e9rale virtuelle de Lorry-l\u00e8s-Metz \u00ab\u00a0au fil du temps\u00a0\u00bb. &nbsp;<\/p>\n","protected":false},"author":1,"featured_media":0,"parent":5820,"menu_order":0,"comment_status":"closed","ping_status":"closed","template":"","meta":{"_mc_calendar":[],"footnotes":""},"class_list":["post-5823","page","type-page","status-publish","hentry"],"_links":{"self":[{"href":"http:\/\/lorrylesmetz-histoire.fr\/index.php?rest_route=\/wp\/v2\/pages\/5823","targetHints":{"allow":["GET"]}}],"collection":[{"href":"http:\/\/lorrylesmetz-histoire.fr\/index.php?rest_route=\/wp\/v2\/pages"}],"about":[{"href":"http:\/\/lorrylesmetz-histoire.fr\/index.php?rest_route=\/wp\/v2\/types\/page"}],"author":[{"embeddable":true,"href":"http:\/\/lorrylesmetz-histoire.fr\/index.php?rest_route=\/wp\/v2\/users\/1"}],"replies":[{"embeddable":true,"href":"http:\/\/lorrylesmetz-histoire.fr\/index.php?rest_route=%2Fwp%2Fv2%2Fcomments&post=5823"}],"version-history":[{"count":2,"href":"http:\/\/lorrylesmetz-histoire.fr\/index.php?rest_route=\/wp\/v2\/pages\/5823\/revisions"}],"predecessor-version":[{"id":5846,"href":"http:\/\/lorrylesmetz-histoire.fr\/index.php?rest_route=\/wp\/v2\/pages\/5823\/revisions\/5846"}],"up":[{"embeddable":true,"href":"http:\/\/lorrylesmetz-histoire.fr\/index.php?rest_route=\/wp\/v2\/pages\/5820"}],"wp:attachment":[{"href":"http:\/\/lorrylesmetz-histoire.fr\/index.php?rest_route=%2Fwp%2Fv2%2Fmedia&parent=5823"}],"curies":[{"name":"wp","href":"https:\/\/api.w.org\/{rel}","templated":true}]}}