{"id":592,"date":"2017-05-28T12:48:39","date_gmt":"2017-05-28T10:48:39","guid":{"rendered":"http:\/\/lorrylesmetz-histoire.fr\/?page_id=592"},"modified":"2017-05-28T16:16:40","modified_gmt":"2017-05-28T14:16:40","slug":"le-circuit-pedestre-03-2","status":"publish","type":"page","link":"http:\/\/lorrylesmetz-histoire.fr\/?page_id=592","title":{"rendered":"Le nom des rues"},"content":{"rendered":"<h2>Nom des rues<\/h2>\n<table border=\"0px\" cellspacing=\"2\" cellpadding=\"2px\">\n<tbody>\n<tr>\n<td style=\"width: 40%; vertical-align: top;\">ACACIAS (impasse des)<br \/>\nCARCASSONNE (rue de)<br \/>\nCH\u00caNE (ruelle du)<br \/>\nCUMENELLES (rue des)<br \/>\n\u00c9COLES (rue des)<br \/>\nFAUVETTES (rue des)<br \/>\nFORTE MAISON (ruelle de la)<br \/>\nFOUILLY (chemin de)<br \/>\nFRAISES (impasse des)<br \/>\nFR\u00caNES (rue des)<br \/>\nFRI\u00c8RES (rue des)<br \/>\nGENETS (impasse des)<br \/>\nGRAND &lsquo;RUE<br \/>\nGRANDS JARDINS (chemin des)<br \/>\nH\u00caTRES (impasse des)<\/td>\n<td style=\"width: 40%; vertical-align: top;\">JEU-de-QUILLES (ruelle du)<br \/>\nLAVANDI\u00c8RES (ch. des)<br \/>\nLORIOTS (rue des)<br \/>\nMETZ (route de)<br \/>\nMORET (rue)<br \/>\nMOULIN (rue du)<br \/>\nNAUVIGNE (rue de)<br \/>\nNOIR (chemin)<br \/>\nPEUPLIERS (rue des)<br \/>\nPLAPPEVILLE (route de)<br \/>\nXAVIER-ROUSSEL (rue)<br \/>\nSOURCE (chemin de la)<br \/>\nTILLEULS (impasse des)<br \/>\nTULIPES (impasse des)<br \/>\nVIGNEULLES (route de)<br \/>\nWOIPPY (route de)<\/td>\n<\/tr>\n<\/tbody>\n<\/table>\n<p>&nbsp;<\/p>\n<h3>Nouvelles rues<\/h3>\n<table border=\"0px\" cellspacing=\"2px\" cellpadding=\"2px\">\n<tbody>\n<tr>\n<td style=\"width: 40%;\">BOIS-des-DAMES (impasse du)<br \/>\nDAMES-de-METZ (rue des)<br \/>\n\u00c9COLES (ruelle des)<br \/>\nLAMPE (rue de la)<br \/>\nLONGEROIS (rue des)<\/td>\n<td style=\"width: 40%;\">MADAME-CARR\u00c9-de-MALBERG (rue)<br \/>\nMADAME-de-THURY (place)<br \/>\nPLAPPEVILLE (route de)<br \/>\nPETIT-CH\u00caNE (rue du)<br \/>\nVIGNE (rue de la)<\/td>\n<\/tr>\n<\/tbody>\n<\/table>\n","protected":false},"excerpt":{"rendered":"<p>Nom des rues ACACIAS (impasse des) CARCASSONNE (rue de) CH\u00caNE (ruelle du) CUMENELLES (rue des) \u00c9COLES (rue des) FAUVETTES (rue des) FORTE MAISON (ruelle de la) FOUILLY (chemin de) FRAISES (impasse des) FR\u00caNES (rue des) FRI\u00c8RES (rue des) GENETS (impasse&hellip; <\/p>\n","protected":false},"author":1,"featured_media":0,"parent":80,"menu_order":6,"comment_status":"closed","ping_status":"closed","template":"","meta":{"_mc_calendar":[],"footnotes":""},"class_list":["post-592","page","type-page","status-publish","hentry"],"_links":{"self":[{"href":"http:\/\/lorrylesmetz-histoire.fr\/index.php?rest_route=\/wp\/v2\/pages\/592","targetHints":{"allow":["GET"]}}],"collection":[{"href":"http:\/\/lorrylesmetz-histoire.fr\/index.php?rest_route=\/wp\/v2\/pages"}],"about":[{"href":"http:\/\/lorrylesmetz-histoire.fr\/index.php?rest_route=\/wp\/v2\/types\/page"}],"author":[{"embeddable":true,"href":"http:\/\/lorrylesmetz-histoire.fr\/index.php?rest_route=\/wp\/v2\/users\/1"}],"replies":[{"embeddable":true,"href":"http:\/\/lorrylesmetz-histoire.fr\/index.php?rest_route=%2Fwp%2Fv2%2Fcomments&post=592"}],"version-history":[{"count":0,"href":"http:\/\/lorrylesmetz-histoire.fr\/index.php?rest_route=\/wp\/v2\/pages\/592\/revisions"}],"up":[{"embeddable":true,"href":"http:\/\/lorrylesmetz-histoire.fr\/index.php?rest_route=\/wp\/v2\/pages\/80"}],"wp:attachment":[{"href":"http:\/\/lorrylesmetz-histoire.fr\/index.php?rest_route=%2Fwp%2Fv2%2Fmedia&parent=592"}],"curies":[{"name":"wp","href":"https:\/\/api.w.org\/{rel}","templated":true}]}}