{"id":593,"date":"2018-01-02T08:03:48","date_gmt":"2018-01-02T07:03:48","guid":{"rendered":"http:\/\/lorrylesmetz-histoire.fr\/?page_id=593"},"modified":"2020-02-29T17:52:44","modified_gmt":"2020-02-29T16:52:44","slug":"le-circuit-pedestre-03","status":"publish","type":"page","link":"http:\/\/lorrylesmetz-histoire.fr\/?page_id=593","title":{"rendered":"2017"},"content":{"rendered":"<table style=\"width: 603px;\">\n<tbody>\n<tr>\n<td style=\"width: 83.1px;\">26 ao\u00fct<\/td>\n<td style=\"width: 354.9px;\">Messe \u00e0 saint Roch<\/td>\n<td style=\"width: 81px;\"><a href=\"http:\/\/lorrylesmetz-histoire.fr\/?page_id=5440\"><img loading=\"lazy\" decoding=\"async\" class=\"alignnone size-full wp-image-683\" src=\"http:\/\/lorrylesmetz-histoire.fr\/wp-content\/uploads\/2017\/05\/voir.png\" alt=\"\" width=\"89\" height=\"31\" \/><\/a><\/td>\n<\/tr>\n<tr>\n<td style=\"width: 83.1px;\">12 juin<\/td>\n<td style=\"width: 354.9px;\">R\u00e9union du Comit\u00e9 d\u2019Histoire du Pays messin<\/td>\n<td style=\"width: 81px;\"><a href=\"http:\/\/lorrylesmetz-histoire.fr\/?page_id=1522\"><img loading=\"lazy\" decoding=\"async\" class=\"alignnone\" src=\"http:\/\/lorrylesmetz-histoire.fr\/wp-content\/uploads\/2017\/05\/voir.png?_t=1496509679\" alt=\"\" width=\"89\" height=\"31\" \/><\/a><\/td>\n<\/tr>\n<tr>\n<td style=\"width: 83.1px;\">20 mai<\/td>\n<td style=\"width: 354.9px;\">Camille Maring, r\u00e9sistant<\/td>\n<td style=\"width: 81px;\"><a href=\"http:\/\/lorrylesmetz-histoire.fr\/?page_id=594\"><img loading=\"lazy\" decoding=\"async\" class=\"alignnone\" src=\"http:\/\/lorrylesmetz-histoire.fr\/wp-content\/uploads\/2017\/05\/voir.png?_t=1496509679\" alt=\"\" width=\"89\" height=\"31\" \/><\/a><\/td>\n<\/tr>\n<tr>\n<td style=\"width: 83.1px;\">18 mai<\/td>\n<td style=\"width: 354.9px;\">Conf\u00e9rence Jean-Victor\u00a0Poncelet<\/td>\n<td style=\"width: 81px;\"><a href=\"http:\/\/lorrylesmetz-histoire.fr\/?page_id=1634\"><img loading=\"lazy\" decoding=\"async\" class=\"alignnone\" src=\"http:\/\/lorrylesmetz-histoire.fr\/wp-content\/uploads\/2017\/05\/voir.png?_t=1496509679\" alt=\"\" width=\"89\" height=\"31\" \/><\/a><\/td>\n<\/tr>\n<tr>\n<td style=\"width: 83.1px;\">22 avril<\/td>\n<td style=\"width: 354.9px;\">Conf\u00e9rence \u00ab Plappeville au fil des si\u00e8cles \u00bb<\/td>\n<td style=\"width: 81px;\"><a href=\"http:\/\/lorrylesmetz-histoire.fr\/?page_id=1210\"><img loading=\"lazy\" decoding=\"async\" src=\"http:\/\/lorrylesmetz-histoire.fr\/wp-content\/uploads\/2017\/05\/voir.png?_t=1496509679\" alt=\"\" width=\"89\" height=\"31\" \/><\/a><\/td>\n<\/tr>\n<tr>\n<td style=\"width: 83.1px;\">21 avril<\/td>\n<td style=\"width: 354.9px;\">Assembl\u00e9e g\u00e9n\u00e9rale \u00ab\u00a0Les amis du vieux Plappeville\u00a0\u00bb<\/td>\n<td style=\"width: 81px;\"><a href=\"http:\/\/lorrylesmetz-histoire.fr\/?page_id=801\"><img loading=\"lazy\" decoding=\"async\" src=\"http:\/\/lorrylesmetz-histoire.fr\/wp-content\/uploads\/2017\/05\/voir.png?_t=1496508941\" alt=\"\" width=\"89\" height=\"31\" \/><\/a><\/td>\n<\/tr>\n<tr>\n<td style=\"width: 83.1px;\">25 mars<\/td>\n<td style=\"width: 354.9px;\">Quand la fraise r\u00e9galait l\u2019Allemagne<\/td>\n<td style=\"width: 81px;\"><a href=\"http:\/\/lorrylesmetz-histoire.fr\/?page_id=802\"><img loading=\"lazy\" decoding=\"async\" src=\"http:\/\/lorrylesmetz-histoire.fr\/wp-content\/uploads\/2017\/05\/voir.png?_t=1496507688\" alt=\"\" width=\"89\" height=\"31\" \/><\/a><\/td>\n<\/tr>\n<tr>\n<td style=\"width: 83.1px;\">20 mars<\/td>\n<td style=\"width: 354.9px;\">R\u00e9union du Comit\u00e9 d\u2019Histoire du Pays Messin<\/td>\n<td style=\"width: 81px;\"><a href=\"http:\/\/lorrylesmetz-histoire.fr\/?page_id=803\"><img loading=\"lazy\" decoding=\"async\" src=\"http:\/\/lorrylesmetz-histoire.fr\/wp-content\/uploads\/2017\/05\/voir.png?_t=1496506250\" alt=\"\" width=\"89\" height=\"31\" \/><\/a><\/td>\n<\/tr>\n<tr>\n<td style=\"width: 83.1px;\">17 mars<\/td>\n<td style=\"width: 354.9px;\">Conf\u00e9rence sur le pasteur Ancillon<\/td>\n<td style=\"width: 81px;\"><a href=\"http:\/\/lorrylesmetz-histoire.fr\/?page_id=804\"><img loading=\"lazy\" decoding=\"async\" src=\"http:\/\/lorrylesmetz-histoire.fr\/wp-content\/uploads\/2017\/05\/voir.png?_t=1496504687\" alt=\"\" width=\"89\" height=\"31\" \/><\/a><\/td>\n<\/tr>\n<tr>\n<td style=\"width: 83.1px;\">16 mars<\/td>\n<td style=\"width: 354.9px;\">\u00a0Assembl\u00e9e g\u00e9n\u00e9rale de la SHW<\/td>\n<td style=\"width: 81px;\"><a href=\"http:\/\/lorrylesmetz-histoire.fr\/?page_id=805\"><img loading=\"lazy\" decoding=\"async\" src=\"http:\/\/lorrylesmetz-histoire.fr\/wp-content\/uploads\/2017\/05\/voir.png?_t=1496503225\" alt=\"\" width=\"89\" height=\"31\" \/><\/a><\/td>\n<\/tr>\n<tr>\n<td style=\"width: 83.1px;\">10\u00a0mars<\/td>\n<td style=\"width: 354.9px;\">Conf\u00e9rence \u00ab\u00a02017, ann\u00e9e de l\u2019Europe \u00e0 Scy-Chazelles\u00a0\u00bb<\/td>\n<td style=\"width: 81px;\"><a href=\"http:\/\/lorrylesmetz-histoire.fr\/?page_id=806\"><img loading=\"lazy\" decoding=\"async\" src=\"http:\/\/lorrylesmetz-histoire.fr\/wp-content\/uploads\/2017\/05\/voir.png?_t=1496252971\" alt=\"\" width=\"89\" height=\"31\" \/><\/a><\/td>\n<\/tr>\n<\/tbody>\n<\/table>\n<p><a href=\"http:\/\/lorrylesmetz-histoire.fr\/?page_id=171\"><img loading=\"lazy\" decoding=\"async\" class=\"alignnone wp-image-378 size-full\" src=\"http:\/\/lorrylesmetz-histoire.fr\/wp-content\/uploads\/2017\/05\/retour.png?_t=1502434071\" alt=\"\" width=\"89\" height=\"31\" \/><\/a><\/p>\n","protected":false},"excerpt":{"rendered":"<p>26 ao\u00fct Messe \u00e0 saint Roch 12 juin R\u00e9union du Comit\u00e9 d\u2019Histoire du Pays messin 20 mai Camille Maring, r\u00e9sistant 18 mai Conf\u00e9rence Jean-Victor\u00a0Poncelet 22 avril Conf\u00e9rence \u00ab Plappeville au fil des si\u00e8cles \u00bb 21 avril Assembl\u00e9e g\u00e9n\u00e9rale \u00ab\u00a0Les amis&hellip; <\/p>\n","protected":false},"author":1,"featured_media":0,"parent":171,"menu_order":9,"comment_status":"closed","ping_status":"closed","template":"","meta":{"_mc_calendar":[],"footnotes":""},"class_list":["post-593","page","type-page","status-publish","hentry"],"_links":{"self":[{"href":"http:\/\/lorrylesmetz-histoire.fr\/index.php?rest_route=\/wp\/v2\/pages\/593","targetHints":{"allow":["GET"]}}],"collection":[{"href":"http:\/\/lorrylesmetz-histoire.fr\/index.php?rest_route=\/wp\/v2\/pages"}],"about":[{"href":"http:\/\/lorrylesmetz-histoire.fr\/index.php?rest_route=\/wp\/v2\/types\/page"}],"author":[{"embeddable":true,"href":"http:\/\/lorrylesmetz-histoire.fr\/index.php?rest_route=\/wp\/v2\/users\/1"}],"replies":[{"embeddable":true,"href":"http:\/\/lorrylesmetz-histoire.fr\/index.php?rest_route=%2Fwp%2Fv2%2Fcomments&post=593"}],"version-history":[{"count":4,"href":"http:\/\/lorrylesmetz-histoire.fr\/index.php?rest_route=\/wp\/v2\/pages\/593\/revisions"}],"predecessor-version":[{"id":5474,"href":"http:\/\/lorrylesmetz-histoire.fr\/index.php?rest_route=\/wp\/v2\/pages\/593\/revisions\/5474"}],"up":[{"embeddable":true,"href":"http:\/\/lorrylesmetz-histoire.fr\/index.php?rest_route=\/wp\/v2\/pages\/171"}],"wp:attachment":[{"href":"http:\/\/lorrylesmetz-histoire.fr\/index.php?rest_route=%2Fwp%2Fv2%2Fmedia&parent=593"}],"curies":[{"name":"wp","href":"https:\/\/api.w.org\/{rel}","templated":true}]}}