{"id":594,"date":"2017-06-03T19:07:52","date_gmt":"2017-06-03T17:07:52","guid":{"rendered":"http:\/\/lorrylesmetz-histoire.fr\/?page_id=594"},"modified":"2018-01-02T08:11:08","modified_gmt":"2018-01-02T07:11:08","slug":"le-circuit-pedestre-02","status":"publish","type":"page","link":"http:\/\/lorrylesmetz-histoire.fr\/?page_id=594","title":{"rendered":"Camille Maring, r\u00e9sistant"},"content":{"rendered":"<h3>20\u00a0mai\u00a02017<\/h3>\n<p style=\"text-align: justify;\">Plusieurs membres de Lorry-l\u00e8s-Metz \u00ab\u00a0au fil du temps\u00a0\u00bb \u00e9taient aux obs\u00e8ques de Camille\u00a0Maring (c\u00e9l\u00e9br\u00e9es \u00e0 l\u2019\u00e9glise du Saint-Sacrement de Devant-l\u00e8s-Ponts) ainsi que Jean-Yves Le Ber, maire de Lorry-l\u00e8s-Metz.<\/p>\n<p style=\"text-align: justify;\">Ce Lorriot nous avait fait l\u2019honneur de nous confier sa vie de r\u00e9sistant \u00e0 quinze ans et demi. Il tenait, par son r\u00e9cit, \u00e0 honorer les amis de son \u00e2ge, disparus dans la tourmente de la guerre. Patricia\u00a0Lallier a recueilli ses paroles durant ces derniers mois, ce qui permettra de lui consacrer plusieurs pages dans notre prochain bulletin. Il lui avait confi\u00e9 une page \u00e0 lire durant la messe o\u00f9 il redisait combien il souhaitait qu\u2019on n\u2019oublie pas la m\u00e9moire de ses compagnons\u00a0: Monsieur Maring, c\u2019est chose faite, reposez en paix.<\/p>\n<p style=\"text-align: justify;\">Lors de la c\u00e9r\u00e9monie religieuse, des drapeaux attestaient de son patriotisme\u2009; selon ses v\u0153ux, la musique du \u00ab\u00a0<em>Chant des Partisans<\/em>\u00a0\u00bb a accompagn\u00e9 la sortie de l\u2019\u00e9glise.<\/p>\n<p><iframe loading=\"lazy\" width=\"700\" height=\"525\" src=\"https:\/\/www.youtube.com\/embed\/sUZWlf_vuKg?feature=oembed\" frameborder=\"0\" gesture=\"media\" allow=\"encrypted-media\" allowfullscreen><\/iframe><\/p>\n<div id=\"metaslider-id-1509\" style=\"width: 100%; margin: 0 auto;\" class=\"ml-slider-3-108-0 metaslider metaslider-responsive metaslider-1509 ml-slider has-dots-nav ms-theme-default\" role=\"region\" aria-label=\"Maring\" data-height=\"400\" data-width=\"400\">\n    <div id=\"metaslider_container_1509\">\n        <ul id='metaslider_1509' class='rslides'>\n            <li aria-roledescription='slide' aria-labelledby='slide-0'><img loading=\"lazy\" decoding=\"async\" src=\"http:\/\/lorrylesmetz-histoire.fr\/wp-content\/uploads\/2017\/07\/1-1-400x400.jpg\" height=\"400\" width=\"400\" alt=\"\" class=\"slider-1509 slide-1510 msDefaultImage\" \/><\/li>\n            <li style='display: none;' aria-roledescription='slide' aria-labelledby='slide-1'><a href=\"http:\/\/localhost\/lfdt2\/wp-content\/uploads\/2017\/07\/2-1.jpg\" target=\"_blank\"><img loading=\"lazy\" decoding=\"async\" src=\"http:\/\/lorrylesmetz-histoire.fr\/wp-content\/uploads\/2017\/07\/2-1-400x400.jpg\" height=\"400\" width=\"400\" alt=\"\" class=\"slider-1509 slide-1511 msDefaultImage\" \/><\/a><\/li>\n            <li style='display: none;' aria-roledescription='slide' aria-labelledby='slide-2'><a href=\"http:\/\/localhost\/lfdt2\/wp-content\/uploads\/2017\/07\/3-1.jpg\" target=\"_blank\"><img loading=\"lazy\" decoding=\"async\" src=\"http:\/\/lorrylesmetz-histoire.fr\/wp-content\/uploads\/2017\/07\/3-1-400x400.jpg\" height=\"400\" width=\"400\" alt=\"\" class=\"slider-1509 slide-1512 msDefaultImage\" \/><\/a><\/li>\n            <li style='display: none;' aria-roledescription='slide' aria-labelledby='slide-3'><a href=\"http:\/\/localhost\/lfdt2\/wp-content\/uploads\/2017\/07\/4-1.jpg\" target=\"_blank\"><img loading=\"lazy\" decoding=\"async\" src=\"http:\/\/lorrylesmetz-histoire.fr\/wp-content\/uploads\/2017\/07\/4-1-400x400.jpg\" height=\"400\" width=\"400\" alt=\"\" class=\"slider-1509 slide-1513 msDefaultImage\" \/><\/a><\/li>\n            <li style='display: none;' aria-roledescription='slide' aria-labelledby='slide-4'><a href=\"http:\/\/localhost\/lfdt2\/wp-content\/uploads\/2017\/07\/5-1.jpg\" target=\"_blank\"><img loading=\"lazy\" decoding=\"async\" src=\"http:\/\/lorrylesmetz-histoire.fr\/wp-content\/uploads\/2017\/07\/5-1-400x400.jpg\" height=\"400\" width=\"400\" alt=\"\" class=\"slider-1509 slide-1514 msDefaultImage\" \/><\/a><\/li>\n            <li style='display: none;' aria-roledescription='slide' aria-labelledby='slide-5'><a href=\"http:\/\/localhost\/lfdt2\/wp-content\/uploads\/2017\/07\/6-1.jpg\" target=\"_blank\"><img loading=\"lazy\" decoding=\"async\" src=\"http:\/\/lorrylesmetz-histoire.fr\/wp-content\/uploads\/2017\/07\/6-1-400x400.jpg\" height=\"400\" width=\"400\" alt=\"\" class=\"slider-1509 slide-1515 msDefaultImage\" \/><\/a><\/li>\n            <li style='display: none;' aria-roledescription='slide' aria-labelledby='slide-6'><a href=\"http:\/\/localhost\/lfdt2\/wp-content\/uploads\/2017\/07\/7-1.jpg\" target=\"_blank\"><img loading=\"lazy\" decoding=\"async\" src=\"http:\/\/lorrylesmetz-histoire.fr\/wp-content\/uploads\/2017\/07\/7-1-400x400.jpg\" height=\"400\" width=\"400\" alt=\"\" class=\"slider-1509 slide-1516 msDefaultImage\" \/><\/a><\/li>\n            <li style='display: none;' aria-roledescription='slide' aria-labelledby='slide-7'><img loading=\"lazy\" decoding=\"async\" src=\"http:\/\/lorrylesmetz-histoire.fr\/wp-content\/uploads\/2017\/07\/8-1-400x400.jpg\" height=\"400\" width=\"400\" alt=\"\" class=\"slider-1509 slide-1517 msDefaultImage\" \/><\/li>\n        <\/ul>\n        \n    <\/div>\n<\/div>\n<p>Photos Claudine\u00a0Kester-Elghozi<\/p>\n<p><a href=\"http:\/\/lorrylesmetz-histoire.fr\/?page_id=171\"><img loading=\"lazy\" decoding=\"async\" class=\"alignnone wp-image-378 size-full\" src=\"http:\/\/lorrylesmetz-histoire.fr\/wp-content\/uploads\/2017\/05\/retour.png?_t=1496252615\" alt=\"\" width=\"89\" height=\"31\" \/><\/a><\/p>\n","protected":false},"excerpt":{"rendered":"<p>20\u00a0mai\u00a02017 Plusieurs membres de Lorry-l\u00e8s-Metz \u00ab\u00a0au fil du temps\u00a0\u00bb \u00e9taient aux obs\u00e8ques de Camille\u00a0Maring (c\u00e9l\u00e9br\u00e9es \u00e0 l\u2019\u00e9glise du Saint-Sacrement de Devant-l\u00e8s-Ponts) ainsi que Jean-Yves Le Ber, maire de Lorry-l\u00e8s-Metz. Ce Lorriot nous avait fait l\u2019honneur de nous confier sa vie&hellip; <\/p>\n","protected":false},"author":1,"featured_media":0,"parent":593,"menu_order":8,"comment_status":"closed","ping_status":"closed","template":"","meta":{"_mc_calendar":[],"footnotes":""},"class_list":["post-594","page","type-page","status-publish","hentry"],"_links":{"self":[{"href":"http:\/\/lorrylesmetz-histoire.fr\/index.php?rest_route=\/wp\/v2\/pages\/594","targetHints":{"allow":["GET"]}}],"collection":[{"href":"http:\/\/lorrylesmetz-histoire.fr\/index.php?rest_route=\/wp\/v2\/pages"}],"about":[{"href":"http:\/\/lorrylesmetz-histoire.fr\/index.php?rest_route=\/wp\/v2\/types\/page"}],"author":[{"embeddable":true,"href":"http:\/\/lorrylesmetz-histoire.fr\/index.php?rest_route=\/wp\/v2\/users\/1"}],"replies":[{"embeddable":true,"href":"http:\/\/lorrylesmetz-histoire.fr\/index.php?rest_route=%2Fwp%2Fv2%2Fcomments&post=594"}],"version-history":[{"count":5,"href":"http:\/\/lorrylesmetz-histoire.fr\/index.php?rest_route=\/wp\/v2\/pages\/594\/revisions"}],"predecessor-version":[{"id":2999,"href":"http:\/\/lorrylesmetz-histoire.fr\/index.php?rest_route=\/wp\/v2\/pages\/594\/revisions\/2999"}],"up":[{"embeddable":true,"href":"http:\/\/lorrylesmetz-histoire.fr\/index.php?rest_route=\/wp\/v2\/pages\/593"}],"wp:attachment":[{"href":"http:\/\/lorrylesmetz-histoire.fr\/index.php?rest_route=%2Fwp%2Fv2%2Fmedia&parent=594"}],"curies":[{"name":"wp","href":"https:\/\/api.w.org\/{rel}","templated":true}]}}