{"id":60,"date":"2017-05-23T14:58:05","date_gmt":"2017-05-23T12:58:05","guid":{"rendered":"http:\/\/lorrylesmetz-histoire.fr\/?page_id=60"},"modified":"2026-04-14T09:02:11","modified_gmt":"2026-04-14T07:02:11","slug":"nos-activites-2","status":"publish","type":"page","link":"http:\/\/lorrylesmetz-histoire.fr\/?page_id=60","title":{"rendered":"Nous organisons"},"content":{"rendered":"<h2>Cette ann\u00e9e<\/h2>\n<span class=\"btImage1\"><a href=\"http:\/\/lorrylesmetz-histoire.fr\/?page_id=8906\"><img decoding=\"async\" src=\"http:\/\/lorrylesmetz-histoire.fr\/wp-content\/plugins\/bt-annee\/images\/bt_annee.png\" class=\"btImage2\"><span class=\"btImage3\">2026<\/span><\/a><\/span>\n\n<h2>Les ann\u00e9es pass\u00e9es<\/h2>\n<span class=\"btImage1\"><a href=\"http:\/\/lorrylesmetz-histoire.fr\/?page_id=8645\"><img decoding=\"async\" src=\"http:\/\/lorrylesmetz-histoire.fr\/wp-content\/plugins\/bt-annee\/images\/bt_annee.png\" class=\"btImage2\"><span class=\"btImage3\">2025<\/span><\/a><\/span>\n\n<span class=\"btImage1\"><a href=\"http:\/\/lorrylesmetz-histoire.fr\/?page_id=7649\"><img decoding=\"async\" src=\"http:\/\/lorrylesmetz-histoire.fr\/wp-content\/plugins\/bt-annee\/images\/bt_annee.png\" class=\"btImage2\"><span class=\"btImage3\">2024<\/span><\/a><\/span>\n\n<span class=\"btImage1\"><a href=\"http:\/\/lorrylesmetz-histoire.fr\/?page_id=6688\"><img decoding=\"async\" src=\"http:\/\/lorrylesmetz-histoire.fr\/wp-content\/plugins\/bt-annee\/images\/bt_annee.png\" class=\"btImage2\"><span class=\"btImage3\">2023<\/span><\/a><\/span>\n\n<span class=\"btImage1\"><a href=\"http:\/\/lorrylesmetz-histoire.fr\/?page_id=6317\"><img decoding=\"async\" src=\"http:\/\/lorrylesmetz-histoire.fr\/wp-content\/plugins\/bt-annee\/images\/bt_annee.png\" class=\"btImage2\"><span class=\"btImage3\">2022<\/span><\/a><\/span>\n\n<span class=\"btImage1\"><a href=\"http:\/\/lorrylesmetz-histoire.fr\/?page_id=5820\"><img decoding=\"async\" src=\"http:\/\/lorrylesmetz-histoire.fr\/wp-content\/plugins\/bt-annee\/images\/bt_annee.png\" class=\"btImage2\"><span class=\"btImage3\">2021<\/span><\/a><\/span>\n\n<span class=\"btImage1\"><a href=\"http:\/\/lorrylesmetz-histoire.fr\/?page_id=5279\"><img decoding=\"async\" src=\"http:\/\/lorrylesmetz-histoire.fr\/wp-content\/plugins\/bt-annee\/images\/bt_annee.png\" class=\"btImage2\"><span class=\"btImage3\">2020<\/span><\/a><\/span>\n\n<span class=\"btImage1\"><a href=\"http:\/\/lorrylesmetz-histoire.fr\/?page_id=4354\"><img decoding=\"async\" src=\"http:\/\/lorrylesmetz-histoire.fr\/wp-content\/plugins\/bt-annee\/images\/bt_annee.png\" class=\"btImage2\"><span class=\"btImage3\">2019<\/span><\/a><\/span>\n\n<span class=\"btImage1\"><a href=\"http:\/\/lorrylesmetz-histoire.fr\/?page_id=2991\"><img decoding=\"async\" src=\"http:\/\/lorrylesmetz-histoire.fr\/wp-content\/plugins\/bt-annee\/images\/bt_annee.png\" class=\"btImage2\"><span class=\"btImage3\">2018<\/span><\/a><\/span>\n\n<span class=\"btImage1\"><a href=\"http:\/\/lorrylesmetz-histoire.fr\/?page_id=738\"><img decoding=\"async\" src=\"http:\/\/lorrylesmetz-histoire.fr\/wp-content\/plugins\/bt-annee\/images\/bt_annee.png\" class=\"btImage2\"><span class=\"btImage3\">2017<\/span><\/a><\/span>\n\n<span class=\"btImage1\"><a href=\"http:\/\/lorrylesmetz-histoire.fr\/?page_id=744\"><img decoding=\"async\" src=\"http:\/\/lorrylesmetz-histoire.fr\/wp-content\/plugins\/bt-annee\/images\/bt_annee.png\" class=\"btImage2\"><span class=\"btImage3\">2016<\/span><\/a><\/span>\n\n<span class=\"btImage1\"><a href=\"http:\/\/lorrylesmetz-histoire.fr\/?page_id=1865\"><img decoding=\"async\" src=\"http:\/\/lorrylesmetz-histoire.fr\/wp-content\/plugins\/bt-annee\/images\/bt_annee.png\" class=\"btImage2\"><span class=\"btImage3\">2015<\/span><\/a><\/span>\n\n<span class=\"btImage1\"><a href=\"http:\/\/lorrylesmetz-histoire.fr\/?page_id=1921\"><img decoding=\"async\" src=\"http:\/\/lorrylesmetz-histoire.fr\/wp-content\/plugins\/bt-annee\/images\/bt_annee.png\" class=\"btImage2\"><span class=\"btImage3\">2014<\/span><\/a><\/span>\n\n<span class=\"btImage1\"><a href=\"http:\/\/lorrylesmetz-histoire.fr\/?page_id=2073\"><img decoding=\"async\" src=\"http:\/\/lorrylesmetz-histoire.fr\/wp-content\/plugins\/bt-annee\/images\/bt_annee.png\" class=\"btImage2\"><span class=\"btImage3\">2013<\/span><\/a><\/span>\n\n<span class=\"btImage1\"><a href=\"http:\/\/lorrylesmetz-histoire.fr\/?page_id=2134\"><img decoding=\"async\" src=\"http:\/\/lorrylesmetz-histoire.fr\/wp-content\/plugins\/bt-annee\/images\/bt_annee.png\" class=\"btImage2\"><span class=\"btImage3\">2012<\/span><\/a><\/span>\n\n<span class=\"btImage1\"><a href=\"http:\/\/lorrylesmetz-histoire.fr\/?page_id=2257\"><img decoding=\"async\" src=\"http:\/\/lorrylesmetz-histoire.fr\/wp-content\/plugins\/bt-annee\/images\/bt_annee.png\" class=\"btImage2\"><span class=\"btImage3\">2011<\/span><\/a><\/span>\n\n<span class=\"btImage1\"><a href=\"http:\/\/lorrylesmetz-histoire.fr\/?page_id=2256\"><img decoding=\"async\" src=\"http:\/\/lorrylesmetz-histoire.fr\/wp-content\/plugins\/bt-annee\/images\/bt_annee.png\" class=\"btImage2\"><span class=\"btImage3\">2010<\/span><\/a><\/span>\n\n<span class=\"btImage1\"><a href=\"http:\/\/lorrylesmetz-histoire.fr\/?page_id=2255\"><img decoding=\"async\" src=\"http:\/\/lorrylesmetz-histoire.fr\/wp-content\/plugins\/bt-annee\/images\/bt_annee.png\" class=\"btImage2\"><span class=\"btImage3\">2009<\/span><\/a><\/span>\n\n","protected":false},"excerpt":{"rendered":"<p>Cette ann\u00e9e Les ann\u00e9es pass\u00e9es<\/p>\n","protected":false},"author":1,"featured_media":0,"parent":0,"menu_order":5,"comment_status":"closed","ping_status":"closed","template":"","meta":{"_mc_calendar":[],"footnotes":""},"class_list":["post-60","page","type-page","status-publish","hentry"],"_links":{"self":[{"href":"http:\/\/lorrylesmetz-histoire.fr\/index.php?rest_route=\/wp\/v2\/pages\/60","targetHints":{"allow":["GET"]}}],"collection":[{"href":"http:\/\/lorrylesmetz-histoire.fr\/index.php?rest_route=\/wp\/v2\/pages"}],"about":[{"href":"http:\/\/lorrylesmetz-histoire.fr\/index.php?rest_route=\/wp\/v2\/types\/page"}],"author":[{"embeddable":true,"href":"http:\/\/lorrylesmetz-histoire.fr\/index.php?rest_route=\/wp\/v2\/users\/1"}],"replies":[{"embeddable":true,"href":"http:\/\/lorrylesmetz-histoire.fr\/index.php?rest_route=%2Fwp%2Fv2%2Fcomments&post=60"}],"version-history":[{"count":10,"href":"http:\/\/lorrylesmetz-histoire.fr\/index.php?rest_route=\/wp\/v2\/pages\/60\/revisions"}],"predecessor-version":[{"id":8908,"href":"http:\/\/lorrylesmetz-histoire.fr\/index.php?rest_route=\/wp\/v2\/pages\/60\/revisions\/8908"}],"wp:attachment":[{"href":"http:\/\/lorrylesmetz-histoire.fr\/index.php?rest_route=%2Fwp%2Fv2%2Fmedia&parent=60"}],"curies":[{"name":"wp","href":"https:\/\/api.w.org\/{rel}","templated":true}]}}