{"id":6045,"date":"2021-11-09T08:11:29","date_gmt":"2021-11-09T07:11:29","guid":{"rendered":"http:\/\/lorrylesmetz-histoire.fr\/?page_id=6045"},"modified":"2021-11-09T08:11:29","modified_gmt":"2021-11-09T07:11:29","slug":"moselle-deracinee","status":"publish","type":"page","link":"http:\/\/lorrylesmetz-histoire.fr\/?page_id=6045","title":{"rendered":"Moselle d\u00e9racin\u00e9e"},"content":{"rendered":"<h2>30 octobre 2021<\/h2>\n<p>Les quatre jours d\u2019\u00e9vocation des tourments de la population mosellane pendant le deuxi\u00e8me conflit mondial se sont achev\u00e9s \u00e0 Lorry-l\u00e8s-Metz, le samedi 30 octobre dernier. Jean Rottner, Jean-Luc Bohl, Belkhir\u00a0Belhaddad, Bernadette Lapaque et C\u00e9dric Gouth honoraient de leur pr\u00e9sence cette comm\u00e9moration. Lors du d\u00e9p\u00f4t de gerbes au monument aux morts, le maire a rappel\u00e9 que les liens avec la cit\u00e9 de Carcassonne perduraient et a remerci\u00e9 les associations participant \u00e0 la c\u00e9r\u00e9monie :<\/p>\n<ul>\n<li>La section locale du Souvenir fran\u00e7ais<\/li>\n<li>Lorry-l\u00e8s-Metz \u00ab au fil du temps \u00bb, association d\u2019histoire lorriote. La pr\u00e9sidente, Claudine Kester-ElGhozi, \u00e9tant absente, Maurice Vigneron et Andr\u00e9 De Pizzol la suppl\u00e9aient.<\/li>\n<\/ul>\n<p>Lorry-l\u00e8s-Metz \u00ab\u00a0au fil du temps\u00a0\u00bb exposait \u00e0 l\u2019Espace Philippe-de-Vigneulles des visuels relatant des t\u00e9moignages poignants des expuls\u00e9s du village, le 11\u00a0novembre\u00a01940. (<em>Bulletin <\/em>n<sup>os<\/sup> 19, 20, 21,<em> + Bulletin Hors-s\u00e9rie<\/em>)<\/p>\n<p>Gis\u00e8le\u00a0Guthmuller, ayant v\u00e9cu cette expulsion, a racont\u00e9 le d\u00e9roulement tragique de ces \u00e9v\u00e9nements et Marie-Jeanne\u00a0Bottcher a confi\u00e9 ses souvenirs dans un brillant expos\u00e9. Il y eut beaucoup d\u2019\u00e9motion et d\u2019applaudissements.<\/p>\n<p>Un d\u00e9jeuner convivial eut lieu ensuite dans une ambiance chaleureuse o\u00f9 se firent quelques retrouvailles \u00e9mues.<\/p>\n<p>Texte de Maurice\u00a0Vigneron\u00a0\u2013 Photos d\u2019Andr\u00e9\u00a0De\u00a0Pizzol et Roger\u00a0Mariotte<\/p>\n<p>Merci \u00e0 Christian\u00a0\u00c9vesque pour le partage des photos prises \u00e0 l\u2019espace Philippe-de-Vigneulles.<\/p>\n<div id=\"metaslider-id-6014\" style=\"width: 100%; margin: 0 auto;\" class=\"ml-slider-3-108-0 metaslider metaslider-responsive metaslider-6014 ml-slider has-dots-nav ms-theme-default\" role=\"region\" aria-label=\"Moselle d\u00e9racin\u00e9e\" data-height=\"600\" data-width=\"800\">\n    <div id=\"metaslider_container_6014\">\n        <ul id='metaslider_6014' class='rslides'>\n            <li aria-roledescription='slide' aria-labelledby='slide-0'><a href=\"http:\/\/lorrylesmetz-histoire.fr\/wp-content\/uploads\/2021\/11\/A01.jpg\" target=\"_blank\"><img loading=\"lazy\" decoding=\"async\" src=\"http:\/\/lorrylesmetz-histoire.fr\/wp-content\/uploads\/2021\/11\/A01-800x600.jpg\" height=\"600\" width=\"800\" alt=\"\" class=\"slider-6014 slide-6015 msDefaultImage\" title=\"A01\" \/><\/a><\/li>\n            <li style='display: none;' aria-roledescription='slide' aria-labelledby='slide-1'><a href=\"http:\/\/lorrylesmetz-histoire.fr\/wp-content\/uploads\/2021\/11\/A02.jpg\" target=\"_blank\"><img loading=\"lazy\" decoding=\"async\" src=\"http:\/\/lorrylesmetz-histoire.fr\/wp-content\/uploads\/2021\/11\/A02-800x600.jpg\" height=\"600\" width=\"800\" alt=\"\" class=\"slider-6014 slide-6016 msDefaultImage\" title=\"A02\" \/><\/a><\/li>\n            <li style='display: none;' aria-roledescription='slide' aria-labelledby='slide-2'><a href=\"http:\/\/lorrylesmetz-histoire.fr\/wp-content\/uploads\/2021\/11\/A03.jpg\" target=\"_blank\"><img loading=\"lazy\" decoding=\"async\" src=\"http:\/\/lorrylesmetz-histoire.fr\/wp-content\/uploads\/2021\/11\/A03-800x600.jpg\" height=\"600\" width=\"800\" alt=\"\" class=\"slider-6014 slide-6017 msDefaultImage\" title=\"A03\" \/><\/a><\/li>\n            <li style='display: none;' aria-roledescription='slide' aria-labelledby='slide-3'><a href=\"http:\/\/lorrylesmetz-histoire.fr\/wp-content\/uploads\/2021\/11\/A04.jpg\" target=\"_blank\"><img loading=\"lazy\" decoding=\"async\" src=\"http:\/\/lorrylesmetz-histoire.fr\/wp-content\/uploads\/2021\/11\/A04-800x600.jpg\" height=\"600\" width=\"800\" alt=\"\" class=\"slider-6014 slide-6018 msDefaultImage\" title=\"A04\" \/><\/a><\/li>\n            <li style='display: none;' aria-roledescription='slide' aria-labelledby='slide-4'><a href=\"http:\/\/lorrylesmetz-histoire.fr\/wp-content\/uploads\/2021\/11\/A05.jpg\" target=\"_blank\"><img loading=\"lazy\" decoding=\"async\" src=\"http:\/\/lorrylesmetz-histoire.fr\/wp-content\/uploads\/2021\/11\/A05-800x600.jpg\" height=\"600\" width=\"800\" alt=\"\" class=\"slider-6014 slide-6019 msDefaultImage\" title=\"A05\" \/><\/a><\/li>\n            <li style='display: none;' aria-roledescription='slide' aria-labelledby='slide-5'><a href=\"http:\/\/lorrylesmetz-histoire.fr\/wp-content\/uploads\/2021\/11\/A06.jpg\" target=\"_blank\"><img loading=\"lazy\" decoding=\"async\" src=\"http:\/\/lorrylesmetz-histoire.fr\/wp-content\/uploads\/2021\/11\/A06-800x600.jpg\" height=\"600\" width=\"800\" alt=\"\" class=\"slider-6014 slide-6020 msDefaultImage\" title=\"A06\" \/><\/a><\/li>\n            <li style='display: none;' aria-roledescription='slide' aria-labelledby='slide-6'><a href=\"http:\/\/lorrylesmetz-histoire.fr\/wp-content\/uploads\/2021\/11\/A07.jpg\" target=\"_blank\"><img loading=\"lazy\" decoding=\"async\" src=\"http:\/\/lorrylesmetz-histoire.fr\/wp-content\/uploads\/2021\/11\/A07-800x600.jpg\" height=\"600\" width=\"800\" alt=\"\" class=\"slider-6014 slide-6021 msDefaultImage\" title=\"A07\" \/><\/a><\/li>\n            <li style='display: none;' aria-roledescription='slide' aria-labelledby='slide-7'><a href=\"http:\/\/lorrylesmetz-histoire.fr\/wp-content\/uploads\/2021\/11\/A08.jpg\" target=\"_blank\"><img loading=\"lazy\" decoding=\"async\" src=\"http:\/\/lorrylesmetz-histoire.fr\/wp-content\/uploads\/2021\/11\/A08-800x600.jpg\" height=\"600\" width=\"800\" alt=\"\" class=\"slider-6014 slide-6022 msDefaultImage\" title=\"A08\" \/><\/a><\/li>\n            <li style='display: none;' aria-roledescription='slide' aria-labelledby='slide-8'><a href=\"http:\/\/lorrylesmetz-histoire.fr\/wp-content\/uploads\/2021\/11\/A09.jpg\" target=\"_blank\"><img loading=\"lazy\" decoding=\"async\" src=\"http:\/\/lorrylesmetz-histoire.fr\/wp-content\/uploads\/2021\/11\/A09-800x600.jpg\" height=\"600\" width=\"800\" alt=\"\" class=\"slider-6014 slide-6023 msDefaultImage\" title=\"A09\" \/><\/a><\/li>\n            <li style='display: none;' aria-roledescription='slide' aria-labelledby='slide-9'><a href=\"http:\/\/lorrylesmetz-histoire.fr\/wp-content\/uploads\/2021\/11\/A10.jpg\" target=\"_blank\"><img loading=\"lazy\" decoding=\"async\" src=\"http:\/\/lorrylesmetz-histoire.fr\/wp-content\/uploads\/2021\/11\/A10-800x600.jpg\" height=\"600\" width=\"800\" alt=\"\" class=\"slider-6014 slide-6024 msDefaultImage\" title=\"A10\" \/><\/a><\/li>\n            <li style='display: none;' aria-roledescription='slide' aria-labelledby='slide-10'><a href=\"http:\/\/lorrylesmetz-histoire.fr\/wp-content\/uploads\/2021\/11\/A11.jpg\" target=\"_blank\"><img loading=\"lazy\" decoding=\"async\" src=\"http:\/\/lorrylesmetz-histoire.fr\/wp-content\/uploads\/2021\/11\/A11-800x600.jpg\" height=\"600\" width=\"800\" alt=\"\" class=\"slider-6014 slide-6025 msDefaultImage\" title=\"A11\" \/><\/a><\/li>\n            <li style='display: none;' aria-roledescription='slide' aria-labelledby='slide-11'><a href=\"http:\/\/lorrylesmetz-histoire.fr\/wp-content\/uploads\/2021\/11\/A12.jpg\" target=\"_blank\"><img loading=\"lazy\" decoding=\"async\" src=\"http:\/\/lorrylesmetz-histoire.fr\/wp-content\/uploads\/2021\/11\/A12-800x600.jpg\" height=\"600\" width=\"800\" alt=\"\" class=\"slider-6014 slide-6026 msDefaultImage\" title=\"A12\" \/><\/a><\/li>\n            <li style='display: none;' aria-roledescription='slide' aria-labelledby='slide-12'><a href=\"http:\/\/lorrylesmetz-histoire.fr\/wp-content\/uploads\/2021\/11\/A13.jpg\" target=\"_blank\"><img loading=\"lazy\" decoding=\"async\" src=\"http:\/\/lorrylesmetz-histoire.fr\/wp-content\/uploads\/2021\/11\/A13-800x600.jpg\" height=\"600\" width=\"800\" alt=\"\" class=\"slider-6014 slide-6027 msDefaultImage\" title=\"A13\" \/><\/a><\/li>\n            <li style='display: none;' aria-roledescription='slide' aria-labelledby='slide-13'><a href=\"http:\/\/lorrylesmetz-histoire.fr\/wp-content\/uploads\/2021\/11\/A14.jpg\" target=\"_blank\"><img loading=\"lazy\" decoding=\"async\" src=\"http:\/\/lorrylesmetz-histoire.fr\/wp-content\/uploads\/2021\/11\/A14-800x600.jpg\" height=\"600\" width=\"800\" alt=\"\" class=\"slider-6014 slide-6028 msDefaultImage\" title=\"A14\" \/><\/a><\/li>\n            <li style='display: none;' aria-roledescription='slide' aria-labelledby='slide-14'><a href=\"http:\/\/lorrylesmetz-histoire.fr\/wp-content\/uploads\/2021\/11\/A15.jpg\" target=\"_blank\"><img loading=\"lazy\" decoding=\"async\" src=\"http:\/\/lorrylesmetz-histoire.fr\/wp-content\/uploads\/2021\/11\/A15-800x600.jpg\" height=\"600\" width=\"800\" alt=\"\" class=\"slider-6014 slide-6029 msDefaultImage\" title=\"A15\" \/><\/a><\/li>\n            <li style='display: none;' aria-roledescription='slide' aria-labelledby='slide-15'><a href=\"http:\/\/lorrylesmetz-histoire.fr\/wp-content\/uploads\/2021\/11\/A16.jpg\" target=\"_blank\"><img loading=\"lazy\" decoding=\"async\" src=\"http:\/\/lorrylesmetz-histoire.fr\/wp-content\/uploads\/2021\/11\/A16-800x600.jpg\" height=\"600\" width=\"800\" alt=\"\" class=\"slider-6014 slide-6030 msDefaultImage\" title=\"A16\" \/><\/a><\/li>\n            <li style='display: none;' aria-roledescription='slide' aria-labelledby='slide-16'><a href=\"http:\/\/lorrylesmetz-histoire.fr\/wp-content\/uploads\/2021\/11\/A17.jpg\" target=\"_blank\"><img loading=\"lazy\" decoding=\"async\" src=\"http:\/\/lorrylesmetz-histoire.fr\/wp-content\/uploads\/2021\/11\/A17-800x600.jpg\" height=\"600\" width=\"800\" alt=\"\" class=\"slider-6014 slide-6031 msDefaultImage\" title=\"A17\" \/><\/a><\/li>\n            <li style='display: none;' aria-roledescription='slide' aria-labelledby='slide-17'><a href=\"http:\/\/lorrylesmetz-histoire.fr\/wp-content\/uploads\/2021\/11\/A18.jpg\" target=\"_blank\"><img loading=\"lazy\" decoding=\"async\" src=\"http:\/\/lorrylesmetz-histoire.fr\/wp-content\/uploads\/2021\/11\/A18-800x600.jpg\" height=\"600\" width=\"800\" alt=\"\" class=\"slider-6014 slide-6032 msDefaultImage\" title=\"A18\" \/><\/a><\/li>\n            <li style='display: none;' aria-roledescription='slide' aria-labelledby='slide-18'><a href=\"http:\/\/lorrylesmetz-histoire.fr\/wp-content\/uploads\/2021\/11\/A19.jpg\" target=\"_blank\"><img loading=\"lazy\" decoding=\"async\" src=\"http:\/\/lorrylesmetz-histoire.fr\/wp-content\/uploads\/2021\/11\/A19-800x600.jpg\" height=\"600\" width=\"800\" alt=\"\" class=\"slider-6014 slide-6033 msDefaultImage\" title=\"A19\" \/><\/a><\/li>\n            <li style='display: none;' aria-roledescription='slide' aria-labelledby='slide-19'><a href=\"http:\/\/lorrylesmetz-histoire.fr\/wp-content\/uploads\/2021\/11\/A20.jpg\" target=\"_blank\"><img loading=\"lazy\" decoding=\"async\" src=\"http:\/\/lorrylesmetz-histoire.fr\/wp-content\/uploads\/2021\/11\/A20-800x600.jpg\" height=\"600\" width=\"800\" alt=\"\" class=\"slider-6014 slide-6034 msDefaultImage\" title=\"A20\" \/><\/a><\/li>\n            <li style='display: none;' aria-roledescription='slide' aria-labelledby='slide-20'><a href=\"http:\/\/lorrylesmetz-histoire.fr\/wp-content\/uploads\/2021\/11\/A21.jpg\" target=\"_blank\"><img loading=\"lazy\" decoding=\"async\" src=\"http:\/\/lorrylesmetz-histoire.fr\/wp-content\/uploads\/2021\/11\/A21-800x600.jpg\" height=\"600\" width=\"800\" alt=\"\" class=\"slider-6014 slide-6035 msDefaultImage\" title=\"A21\" \/><\/a><\/li>\n            <li style='display: none;' aria-roledescription='slide' aria-labelledby='slide-21'><a href=\"http:\/\/lorrylesmetz-histoire.fr\/wp-content\/uploads\/2021\/11\/A22.jpg\" target=\"_blank\"><img loading=\"lazy\" decoding=\"async\" src=\"http:\/\/lorrylesmetz-histoire.fr\/wp-content\/uploads\/2021\/11\/A22-800x600.jpg\" height=\"600\" width=\"800\" alt=\"\" class=\"slider-6014 slide-6036 msDefaultImage\" title=\"A22\" \/><\/a><\/li>\n            <li style='display: none;' aria-roledescription='slide' aria-labelledby='slide-22'><a href=\"http:\/\/lorrylesmetz-histoire.fr\/wp-content\/uploads\/2021\/11\/A23.jpg\" target=\"_blank\"><img loading=\"lazy\" decoding=\"async\" src=\"http:\/\/lorrylesmetz-histoire.fr\/wp-content\/uploads\/2021\/11\/A23-800x600.jpg\" height=\"600\" width=\"800\" alt=\"\" class=\"slider-6014 slide-6037 msDefaultImage\" title=\"A23\" \/><\/a><\/li>\n            <li style='display: none;' aria-roledescription='slide' aria-labelledby='slide-23'><a href=\"http:\/\/lorrylesmetz-histoire.fr\/wp-content\/uploads\/2021\/11\/A24.jpg\" target=\"_blank\"><img loading=\"lazy\" decoding=\"async\" src=\"http:\/\/lorrylesmetz-histoire.fr\/wp-content\/uploads\/2021\/11\/A24-800x600.jpg\" height=\"600\" width=\"800\" alt=\"\" class=\"slider-6014 slide-6038 msDefaultImage\" title=\"A24\" \/><\/a><\/li>\n            <li style='display: none;' aria-roledescription='slide' aria-labelledby='slide-24'><a href=\"http:\/\/lorrylesmetz-histoire.fr\/wp-content\/uploads\/2021\/11\/A25.jpg\" target=\"_blank\"><img loading=\"lazy\" decoding=\"async\" src=\"http:\/\/lorrylesmetz-histoire.fr\/wp-content\/uploads\/2021\/11\/A25-800x600.jpg\" height=\"600\" width=\"800\" alt=\"\" class=\"slider-6014 slide-6039 msDefaultImage\" title=\"A25\" \/><\/a><\/li>\n            <li style='display: none;' aria-roledescription='slide' aria-labelledby='slide-25'><a href=\"http:\/\/lorrylesmetz-histoire.fr\/wp-content\/uploads\/2021\/11\/A26.jpg\" target=\"_blank\"><img loading=\"lazy\" decoding=\"async\" src=\"http:\/\/lorrylesmetz-histoire.fr\/wp-content\/uploads\/2021\/11\/A26-800x600.jpg\" height=\"600\" width=\"800\" alt=\"\" class=\"slider-6014 slide-6040 msDefaultImage\" title=\"A26\" \/><\/a><\/li>\n            <li style='display: none;' aria-roledescription='slide' aria-labelledby='slide-26'><a href=\"http:\/\/lorrylesmetz-histoire.fr\/wp-content\/uploads\/2021\/11\/A27.jpg\" target=\"_blank\"><img loading=\"lazy\" decoding=\"async\" src=\"http:\/\/lorrylesmetz-histoire.fr\/wp-content\/uploads\/2021\/11\/A27-800x600.jpg\" height=\"600\" width=\"800\" alt=\"\" class=\"slider-6014 slide-6041 msDefaultImage\" title=\"A27\" \/><\/a><\/li>\n            <li style='display: none;' aria-roledescription='slide' aria-labelledby='slide-27'><a href=\"http:\/\/lorrylesmetz-histoire.fr\/wp-content\/uploads\/2021\/11\/A28.jpg\" target=\"_blank\"><img loading=\"lazy\" decoding=\"async\" src=\"http:\/\/lorrylesmetz-histoire.fr\/wp-content\/uploads\/2021\/11\/A28-800x600.jpg\" height=\"600\" width=\"800\" alt=\"\" class=\"slider-6014 slide-6042 msDefaultImage\" title=\"A28\" \/><\/a><\/li>\n            <li style='display: none;' aria-roledescription='slide' aria-labelledby='slide-28'><a href=\"http:\/\/lorrylesmetz-histoire.fr\/wp-content\/uploads\/2021\/11\/A29.jpg\" target=\"_blank\"><img loading=\"lazy\" decoding=\"async\" src=\"http:\/\/lorrylesmetz-histoire.fr\/wp-content\/uploads\/2021\/11\/A29-800x600.jpg\" height=\"600\" width=\"800\" alt=\"\" class=\"slider-6014 slide-6043 msDefaultImage\" title=\"A29\" \/><\/a><\/li>\n            <li style='display: none;' aria-roledescription='slide' aria-labelledby='slide-29'><a href=\"http:\/\/lorrylesmetz-histoire.fr\/wp-content\/uploads\/2021\/11\/A30.jpg\" target=\"_blank\"><img loading=\"lazy\" decoding=\"async\" src=\"http:\/\/lorrylesmetz-histoire.fr\/wp-content\/uploads\/2021\/11\/A30-800x600.jpg\" height=\"600\" width=\"800\" alt=\"\" class=\"slider-6014 slide-6044 msDefaultImage\" title=\"A30\" \/><\/a><\/li>\n        <\/ul>\n        \n    <\/div>\n<\/div>\n<p><a href=\"http:\/\/lorrylesmetz-histoire.fr\/?page_id=5871\"><img loading=\"lazy\" decoding=\"async\" class=\"alignnone size-full wp-image-378\" src=\"http:\/\/lorrylesmetz-histoire.fr\/wp-content\/uploads\/2017\/05\/retour.png\" alt=\"\" width=\"89\" height=\"31\" \/><\/a><\/p>\n","protected":false},"excerpt":{"rendered":"<p>30 octobre 2021 Les quatre jours d\u2019\u00e9vocation des tourments de la population mosellane pendant le deuxi\u00e8me conflit mondial se sont achev\u00e9s \u00e0 Lorry-l\u00e8s-Metz, le samedi 30 octobre dernier. Jean Rottner, Jean-Luc Bohl, Belkhir\u00a0Belhaddad, Bernadette Lapaque et C\u00e9dric Gouth honoraient de&hellip; <\/p>\n","protected":false},"author":1,"featured_media":0,"parent":5871,"menu_order":2,"comment_status":"closed","ping_status":"closed","template":"","meta":{"_mc_calendar":[],"footnotes":""},"class_list":["post-6045","page","type-page","status-publish","hentry"],"_links":{"self":[{"href":"http:\/\/lorrylesmetz-histoire.fr\/index.php?rest_route=\/wp\/v2\/pages\/6045","targetHints":{"allow":["GET"]}}],"collection":[{"href":"http:\/\/lorrylesmetz-histoire.fr\/index.php?rest_route=\/wp\/v2\/pages"}],"about":[{"href":"http:\/\/lorrylesmetz-histoire.fr\/index.php?rest_route=\/wp\/v2\/types\/page"}],"author":[{"embeddable":true,"href":"http:\/\/lorrylesmetz-histoire.fr\/index.php?rest_route=\/wp\/v2\/users\/1"}],"replies":[{"embeddable":true,"href":"http:\/\/lorrylesmetz-histoire.fr\/index.php?rest_route=%2Fwp%2Fv2%2Fcomments&post=6045"}],"version-history":[{"count":2,"href":"http:\/\/lorrylesmetz-histoire.fr\/index.php?rest_route=\/wp\/v2\/pages\/6045\/revisions"}],"predecessor-version":[{"id":6047,"href":"http:\/\/lorrylesmetz-histoire.fr\/index.php?rest_route=\/wp\/v2\/pages\/6045\/revisions\/6047"}],"up":[{"embeddable":true,"href":"http:\/\/lorrylesmetz-histoire.fr\/index.php?rest_route=\/wp\/v2\/pages\/5871"}],"wp:attachment":[{"href":"http:\/\/lorrylesmetz-histoire.fr\/index.php?rest_route=%2Fwp%2Fv2%2Fmedia&parent=6045"}],"curies":[{"name":"wp","href":"https:\/\/api.w.org\/{rel}","templated":true}]}}