{"id":6087,"date":"2021-11-17T07:42:56","date_gmt":"2021-11-17T06:42:56","guid":{"rendered":"http:\/\/lorrylesmetz-histoire.fr\/?page_id=6087"},"modified":"2021-11-17T07:42:56","modified_gmt":"2021-11-17T06:42:56","slug":"11-novembre-vaux","status":"publish","type":"page","link":"http:\/\/lorrylesmetz-histoire.fr\/?page_id=6087","title":{"rendered":"11 novembre &#8211; Vaux"},"content":{"rendered":"<p>Lorry-l\u00e8s-Metz \u00ab au fil du temps\u00a0\u00bb \u00e9tait invit\u00e9 par Bernadette Klein de Vaux \u00e0 l\u2019inauguration de son exposition \u00ab La Moselle d\u00e9racin\u00e9e \u00bb qui suivait une courte c\u00e9r\u00e9monie au Monument aux Morts.<\/p>\n<p>On pouvait y voir une impressionnante collection de maquettes de v\u00e9hicules de la Seconde Guerre mondiale rassembl\u00e9e par un jeune passionn\u00e9 qui avait rev\u00eatu \u00e0 cette occasion un uniforme de l\u2019\u00e9poque.<\/p>\n<p>Des panneaux racontaient les \u00e9v\u00e9nements majeurs des expuls\u00e9s qui se sont retrouv\u00e9s en Aude. On y a reconnu des photos qui avaient \u00e9t\u00e9 projet\u00e9es \u00e0 Lorry-l\u00e8s-Metz o\u00f9 l\u2019on reconnaissait Gabriel\u00a0Poir\u00e9, le pr\u00e9sident du Groupement des Expuls\u00e9s de Lorraine et d\u2019Alsace et des R\u00e9fugi\u00e9s de l\u2019Aude. Le lien est simple\u00a0: Paulette\u00a0Boulier (19\u00a0ans en 1944), m\u00e8re de Bernadette\u00a0Klein, \u00e9tait secr\u00e9taire au bureau des r\u00e9fugi\u00e9s \u00e0 la pr\u00e9fecture, dans le service des Expuls\u00e9s de Monsieur B\u00e9na (de Metz) o\u00f9 travaillait aussi Gabriel\u00a0Poir\u00e9 comme traducteur. Elle portait souvent des plis \u00e0 l\u2019\u00c9cole d\u2019Agriculture de Carcassonne ou chez des particuliers. On ne lui a jamais rien dit de la teneur de ces courriers, mais elle \u00e9tait sure que c\u2019\u00e9tait dangereux. Pourquoi l\u2019\u00c9cole d\u2019Agriculture\u2009? Parce que cette \u00e9cole, o\u00f9 il y avait un groupe de jeunes Lorrains de Ch\u00e2teau-Salins, collectait les sacs vides de pommes de terre des Carcassonnais (chaque sac avait un patronyme \u00e9crit dessus) et allait les remplir aupr\u00e8s d\u2019autres \u00e9coles d\u2019agriculture de la r\u00e9gion\u2009! Est avis qu\u2019il ne voyageait pas que des patates avec les sacs\u2009!<\/p>\n<p>L\u2019exposition est visible plusieurs jours.<\/p>\n<div id=\"metaslider-id-6068\" style=\"width: 100%; margin: 0 auto;\" class=\"ml-slider-3-108-0 metaslider metaslider-responsive metaslider-6068 ml-slider has-dots-nav ms-theme-default\" role=\"region\" aria-label=\"Vaux 11-11-2021\" data-height=\"600\" data-width=\"800\">\n    <div id=\"metaslider_container_6068\">\n        <ul id='metaslider_6068' class='rslides'>\n            <li aria-roledescription='slide' aria-labelledby='slide-0'><a href=\"http:\/\/lorrylesmetz-histoire.fr\/wp-content\/uploads\/2021\/11\/IMG_3416.jpg\" target=\"_blank\"><img loading=\"lazy\" decoding=\"async\" src=\"http:\/\/lorrylesmetz-histoire.fr\/wp-content\/uploads\/2021\/11\/IMG_3416-800x600.jpg\" height=\"600\" width=\"800\" alt=\"\" class=\"slider-6068 slide-6069 msDefaultImage\" title=\"IMG_3416\" \/><\/a><\/li>\n            <li style='display: none;' aria-roledescription='slide' aria-labelledby='slide-1'><a href=\"http:\/\/lorrylesmetz-histoire.fr\/wp-content\/uploads\/2021\/11\/IMG_3417.jpg\" target=\"_blank\"><img loading=\"lazy\" decoding=\"async\" src=\"http:\/\/lorrylesmetz-histoire.fr\/wp-content\/uploads\/2021\/11\/IMG_3417-800x600.jpg\" height=\"600\" width=\"800\" alt=\"\" class=\"slider-6068 slide-6070 msDefaultImage\" title=\"IMG_3417\" \/><\/a><\/li>\n            <li style='display: none;' aria-roledescription='slide' aria-labelledby='slide-2'><a href=\"http:\/\/lorrylesmetz-histoire.fr\/wp-content\/uploads\/2021\/11\/IMG_3420.jpg\" target=\"_blank\"><img loading=\"lazy\" decoding=\"async\" src=\"http:\/\/lorrylesmetz-histoire.fr\/wp-content\/uploads\/2021\/11\/IMG_3420-800x600.jpg\" height=\"600\" width=\"800\" alt=\"\" class=\"slider-6068 slide-6071 msDefaultImage\" title=\"IMG_3420\" \/><\/a><\/li>\n            <li style='display: none;' aria-roledescription='slide' aria-labelledby='slide-3'><a href=\"http:\/\/lorrylesmetz-histoire.fr\/wp-content\/uploads\/2021\/11\/IMG_3421.jpg\" target=\"_blank\"><img loading=\"lazy\" decoding=\"async\" src=\"http:\/\/lorrylesmetz-histoire.fr\/wp-content\/uploads\/2021\/11\/IMG_3421-800x600.jpg\" height=\"600\" width=\"800\" alt=\"\" class=\"slider-6068 slide-6072 msDefaultImage\" title=\"IMG_3421\" \/><\/a><\/li>\n            <li style='display: none;' aria-roledescription='slide' aria-labelledby='slide-4'><a href=\"http:\/\/lorrylesmetz-histoire.fr\/wp-content\/uploads\/2021\/11\/IMG_3422.jpg\" target=\"_blank\"><img loading=\"lazy\" decoding=\"async\" src=\"http:\/\/lorrylesmetz-histoire.fr\/wp-content\/uploads\/2021\/11\/IMG_3422-800x600.jpg\" height=\"600\" width=\"800\" alt=\"\" class=\"slider-6068 slide-6073 msDefaultImage\" title=\"IMG_3422\" \/><\/a><\/li>\n            <li style='display: none;' aria-roledescription='slide' aria-labelledby='slide-5'><a href=\"http:\/\/lorrylesmetz-histoire.fr\/wp-content\/uploads\/2021\/11\/IMG_3423.jpg\" target=\"_blank\"><img loading=\"lazy\" decoding=\"async\" src=\"http:\/\/lorrylesmetz-histoire.fr\/wp-content\/uploads\/2021\/11\/IMG_3423-800x600.jpg\" height=\"600\" width=\"800\" alt=\"\" class=\"slider-6068 slide-6074 msDefaultImage\" title=\"IMG_3423\" \/><\/a><\/li>\n            <li style='display: none;' aria-roledescription='slide' aria-labelledby='slide-6'><a href=\"http:\/\/lorrylesmetz-histoire.fr\/wp-content\/uploads\/2021\/11\/IMG_3425.jpg\" target=\"_blank\"><img loading=\"lazy\" decoding=\"async\" src=\"http:\/\/lorrylesmetz-histoire.fr\/wp-content\/uploads\/2021\/11\/IMG_3425-800x600.jpg\" height=\"600\" width=\"800\" alt=\"\" class=\"slider-6068 slide-6075 msDefaultImage\" title=\"IMG_3425\" \/><\/a><\/li>\n            <li style='display: none;' aria-roledescription='slide' aria-labelledby='slide-7'><a href=\"http:\/\/lorrylesmetz-histoire.fr\/wp-content\/uploads\/2021\/11\/IMG_3428.jpg\" target=\"_blank\"><img loading=\"lazy\" decoding=\"async\" src=\"http:\/\/lorrylesmetz-histoire.fr\/wp-content\/uploads\/2021\/11\/IMG_3428-800x600.jpg\" height=\"600\" width=\"800\" alt=\"\" class=\"slider-6068 slide-6076 msDefaultImage\" title=\"IMG_3428\" \/><\/a><\/li>\n            <li style='display: none;' aria-roledescription='slide' aria-labelledby='slide-8'><a href=\"http:\/\/lorrylesmetz-histoire.fr\/wp-content\/uploads\/2021\/11\/IMG_3429.jpg\" target=\"_blank\"><img loading=\"lazy\" decoding=\"async\" src=\"http:\/\/lorrylesmetz-histoire.fr\/wp-content\/uploads\/2021\/11\/IMG_3429-800x600.jpg\" height=\"600\" width=\"800\" alt=\"\" class=\"slider-6068 slide-6077 msDefaultImage\" title=\"IMG_3429\" \/><\/a><\/li>\n            <li style='display: none;' aria-roledescription='slide' aria-labelledby='slide-9'><a href=\"http:\/\/lorrylesmetz-histoire.fr\/wp-content\/uploads\/2021\/11\/IMG_3430.jpg\" target=\"_blank\"><img loading=\"lazy\" decoding=\"async\" src=\"http:\/\/lorrylesmetz-histoire.fr\/wp-content\/uploads\/2021\/11\/IMG_3430-800x600.jpg\" height=\"600\" width=\"800\" alt=\"\" class=\"slider-6068 slide-6078 msDefaultImage\" title=\"IMG_3430\" \/><\/a><\/li>\n            <li style='display: none;' aria-roledescription='slide' aria-labelledby='slide-10'><a href=\"http:\/\/lorrylesmetz-histoire.fr\/wp-content\/uploads\/2021\/11\/IMG_3431.jpg\" target=\"_blank\"><img loading=\"lazy\" decoding=\"async\" src=\"http:\/\/lorrylesmetz-histoire.fr\/wp-content\/uploads\/2021\/11\/IMG_3431-800x600.jpg\" height=\"600\" width=\"800\" alt=\"\" class=\"slider-6068 slide-6079 msDefaultImage\" title=\"IMG_3431\" \/><\/a><\/li>\n            <li style='display: none;' aria-roledescription='slide' aria-labelledby='slide-11'><a href=\"http:\/\/lorrylesmetz-histoire.fr\/wp-content\/uploads\/2021\/11\/IMG_3432.jpg\" target=\"_blank\"><img loading=\"lazy\" decoding=\"async\" src=\"http:\/\/lorrylesmetz-histoire.fr\/wp-content\/uploads\/2021\/11\/IMG_3432-800x600.jpg\" height=\"600\" width=\"800\" alt=\"\" class=\"slider-6068 slide-6080 msDefaultImage\" title=\"IMG_3432\" \/><\/a><\/li>\n            <li style='display: none;' aria-roledescription='slide' aria-labelledby='slide-12'><a href=\"http:\/\/lorrylesmetz-histoire.fr\/wp-content\/uploads\/2021\/11\/IMG_3433.jpg\" target=\"_blank\"><img loading=\"lazy\" decoding=\"async\" src=\"http:\/\/lorrylesmetz-histoire.fr\/wp-content\/uploads\/2021\/11\/IMG_3433-800x600.jpg\" height=\"600\" width=\"800\" alt=\"\" class=\"slider-6068 slide-6081 msDefaultImage\" title=\"IMG_3433\" \/><\/a><\/li>\n            <li style='display: none;' aria-roledescription='slide' aria-labelledby='slide-13'><a href=\"http:\/\/lorrylesmetz-histoire.fr\/wp-content\/uploads\/2021\/11\/IMG_3434.jpg\" target=\"_blank\"><img loading=\"lazy\" decoding=\"async\" src=\"http:\/\/lorrylesmetz-histoire.fr\/wp-content\/uploads\/2021\/11\/IMG_3434-800x600.jpg\" height=\"600\" width=\"800\" alt=\"\" class=\"slider-6068 slide-6082 msDefaultImage\" title=\"IMG_3434\" \/><\/a><\/li>\n            <li style='display: none;' aria-roledescription='slide' aria-labelledby='slide-14'><a href=\"http:\/\/lorrylesmetz-histoire.fr\/wp-content\/uploads\/2021\/11\/IMG_3435.jpg\" target=\"_blank\"><img loading=\"lazy\" decoding=\"async\" src=\"http:\/\/lorrylesmetz-histoire.fr\/wp-content\/uploads\/2021\/11\/IMG_3435-800x600.jpg\" height=\"600\" width=\"800\" alt=\"\" class=\"slider-6068 slide-6083 msDefaultImage\" title=\"IMG_3435\" \/><\/a><\/li>\n            <li style='display: none;' aria-roledescription='slide' aria-labelledby='slide-15'><a href=\"http:\/\/lorrylesmetz-histoire.fr\/wp-content\/uploads\/2021\/11\/IMG_3436.jpg\" target=\"_blank\"><img loading=\"lazy\" decoding=\"async\" src=\"http:\/\/lorrylesmetz-histoire.fr\/wp-content\/uploads\/2021\/11\/IMG_3436-800x600.jpg\" height=\"600\" width=\"800\" alt=\"\" class=\"slider-6068 slide-6084 msDefaultImage\" title=\"IMG_3436\" \/><\/a><\/li>\n            <li style='display: none;' aria-roledescription='slide' aria-labelledby='slide-16'><a href=\"http:\/\/lorrylesmetz-histoire.fr\/wp-content\/uploads\/2021\/11\/IMG_3438.jpg\" target=\"_blank\"><img loading=\"lazy\" decoding=\"async\" src=\"http:\/\/lorrylesmetz-histoire.fr\/wp-content\/uploads\/2021\/11\/IMG_3438-800x600.jpg\" height=\"600\" width=\"800\" alt=\"\" class=\"slider-6068 slide-6085 msDefaultImage\" title=\"IMG_3438\" \/><\/a><\/li>\n            <li style='display: none;' aria-roledescription='slide' aria-labelledby='slide-17'><a href=\"http:\/\/lorrylesmetz-histoire.fr\/wp-content\/uploads\/2021\/11\/IMG_3439.jpg\" target=\"_blank\"><img loading=\"lazy\" decoding=\"async\" src=\"http:\/\/lorrylesmetz-histoire.fr\/wp-content\/uploads\/2021\/11\/IMG_3439-800x600.jpg\" height=\"600\" width=\"800\" alt=\"\" class=\"slider-6068 slide-6086 msDefaultImage\" title=\"IMG_3439\" \/><\/a><\/li>\n        <\/ul>\n        \n    <\/div>\n<\/div>\n<p>Photos Claudine Kester-ElGhozi<\/p>\n<p><a href=\"http:\/\/lorrylesmetz-histoire.fr\/?page_id=5871\"><img loading=\"lazy\" decoding=\"async\" class=\"alignnone size-full wp-image-378\" src=\"http:\/\/lorrylesmetz-histoire.fr\/wp-content\/uploads\/2017\/05\/retour.png\" alt=\"\" width=\"89\" height=\"31\" \/><\/a><\/p>\n","protected":false},"excerpt":{"rendered":"<p>Lorry-l\u00e8s-Metz \u00ab au fil du temps\u00a0\u00bb \u00e9tait invit\u00e9 par Bernadette Klein de Vaux \u00e0 l\u2019inauguration de son exposition \u00ab La Moselle d\u00e9racin\u00e9e \u00bb qui suivait une courte c\u00e9r\u00e9monie au Monument aux Morts. On pouvait y voir une impressionnante collection de&hellip; <\/p>\n","protected":false},"author":1,"featured_media":0,"parent":5871,"menu_order":3,"comment_status":"closed","ping_status":"closed","template":"","meta":{"_mc_calendar":[],"footnotes":""},"class_list":["post-6087","page","type-page","status-publish","hentry"],"_links":{"self":[{"href":"http:\/\/lorrylesmetz-histoire.fr\/index.php?rest_route=\/wp\/v2\/pages\/6087","targetHints":{"allow":["GET"]}}],"collection":[{"href":"http:\/\/lorrylesmetz-histoire.fr\/index.php?rest_route=\/wp\/v2\/pages"}],"about":[{"href":"http:\/\/lorrylesmetz-histoire.fr\/index.php?rest_route=\/wp\/v2\/types\/page"}],"author":[{"embeddable":true,"href":"http:\/\/lorrylesmetz-histoire.fr\/index.php?rest_route=\/wp\/v2\/users\/1"}],"replies":[{"embeddable":true,"href":"http:\/\/lorrylesmetz-histoire.fr\/index.php?rest_route=%2Fwp%2Fv2%2Fcomments&post=6087"}],"version-history":[{"count":2,"href":"http:\/\/lorrylesmetz-histoire.fr\/index.php?rest_route=\/wp\/v2\/pages\/6087\/revisions"}],"predecessor-version":[{"id":6090,"href":"http:\/\/lorrylesmetz-histoire.fr\/index.php?rest_route=\/wp\/v2\/pages\/6087\/revisions\/6090"}],"up":[{"embeddable":true,"href":"http:\/\/lorrylesmetz-histoire.fr\/index.php?rest_route=\/wp\/v2\/pages\/5871"}],"wp:attachment":[{"href":"http:\/\/lorrylesmetz-histoire.fr\/index.php?rest_route=%2Fwp%2Fv2%2Fmedia&parent=6087"}],"curies":[{"name":"wp","href":"https:\/\/api.w.org\/{rel}","templated":true}]}}