{"id":6121,"date":"2021-11-26T15:16:03","date_gmt":"2021-11-26T14:16:03","guid":{"rendered":"http:\/\/lorrylesmetz-histoire.fr\/?page_id=6121"},"modified":"2021-11-26T15:16:03","modified_gmt":"2021-11-26T14:16:03","slug":"lorry-en-100-cliches","status":"publish","type":"page","link":"http:\/\/lorrylesmetz-histoire.fr\/?page_id=6121","title":{"rendered":"Lorry en 100 clich\u00e9s"},"content":{"rendered":"<h2>19\u00a0novembre\u00a02021<\/h2>\n<p>Lorry-l\u00e8s-Metz \u00ab\u00a0au fil du temps\u00a0\u00bb relan\u00e7ait ses activit\u00e9s par une soir\u00e9e (d\u00e9di\u00e9e \u00e0 notre ami disparu Philippe\u00a0Tho\u00ebn de la SHW) en montrant des photos et cartes postales anciennes concernant exclusivement le village. Certaines dat\u00e9es du d\u00e9but du si\u00e8cle dernier (avant 1903) montraient Lorry-Vigneulles sous l\u2019Annexion, sign\u00e9es par les deux grands photographes de l\u2019\u00e9poque\u00a0: \u00c9douard\u00a0Nels et \u00c9mille Prillot.<\/p>\n<p>Roger\u00a0Mariotte, collectionneur passionn\u00e9 des cartes postales anciennes a r\u00e9gal\u00e9 l\u2019assembl\u00e9e avec son expos\u00e9. \u00c0 partir des ann\u00e9es\u00a01950, la salle a commenc\u00e9 \u00e0 faire des commentaires, certains reconnaissant qui une tante, qui un voisin\u2026 Une ambiance conviviale qui faisait chaud au c\u0153ur apr\u00e8s dix-huit mois de silence\u2009! La salle \u00e9tait comble, MERCI \u00c0 TOUS d\u2019\u00eatre venus si nombreux, cela a fait un plaisir fou de vous retrouver\u2009!<\/p>\n<p>L\u2019ann\u00e9e prochaine, nous f\u00eaterons les 20\u00a0ans de l\u2019association\u2009; un beau programme vous attend.<\/p>\n<div id=\"metaslider-id-6106\" style=\"width: 100%; margin: 0 auto;\" class=\"ml-slider-3-108-0 metaslider metaslider-responsive metaslider-6106 ml-slider has-dots-nav ms-theme-default\" role=\"region\" aria-label=\"Lorry en 100 clich\u00e9s\" data-height=\"600\" data-width=\"800\">\n    <div id=\"metaslider_container_6106\">\n        <ul id='metaslider_6106' class='rslides'>\n            <li aria-roledescription='slide' aria-labelledby='slide-0'><a href=\"http:\/\/lorrylesmetz-histoire.fr\/wp-content\/uploads\/2021\/11\/D01.jpg\" target=\"_blank\"><img loading=\"lazy\" decoding=\"async\" src=\"http:\/\/lorrylesmetz-histoire.fr\/wp-content\/uploads\/2021\/11\/D01-800x600.jpg\" height=\"600\" width=\"800\" alt=\"\" class=\"slider-6106 slide-6107 msDefaultImage\" title=\"D01\" \/><\/a><\/li>\n            <li style='display: none;' aria-roledescription='slide' aria-labelledby='slide-1'><a href=\"http:\/\/lorrylesmetz-histoire.fr\/wp-content\/uploads\/2021\/11\/D02.jpg\" target=\"_blank\"><img loading=\"lazy\" decoding=\"async\" src=\"http:\/\/lorrylesmetz-histoire.fr\/wp-content\/uploads\/2021\/11\/D02-800x600.jpg\" height=\"600\" width=\"800\" alt=\"\" class=\"slider-6106 slide-6108 msDefaultImage\" title=\"D02\" \/><\/a><\/li>\n            <li style='display: none;' aria-roledescription='slide' aria-labelledby='slide-2'><a href=\"http:\/\/lorrylesmetz-histoire.fr\/wp-content\/uploads\/2021\/11\/D03.jpg\" target=\"_blank\"><img loading=\"lazy\" decoding=\"async\" src=\"http:\/\/lorrylesmetz-histoire.fr\/wp-content\/uploads\/2021\/11\/D03-800x600.jpg\" height=\"600\" width=\"800\" alt=\"\" class=\"slider-6106 slide-6109 msDefaultImage\" title=\"D03\" \/><\/a><\/li>\n            <li style='display: none;' aria-roledescription='slide' aria-labelledby='slide-3'><a href=\"http:\/\/lorrylesmetz-histoire.fr\/wp-content\/uploads\/2021\/12\/D04.jpg\" target=\"_blank\"><img loading=\"lazy\" decoding=\"async\" src=\"http:\/\/lorrylesmetz-histoire.fr\/wp-content\/uploads\/2021\/12\/D04-800x600.jpg\" height=\"600\" width=\"800\" alt=\"\" class=\"slider-6106 slide-6168 msDefaultImage\" title=\"D04\" \/><\/a><\/li>\n            <li style='display: none;' aria-roledescription='slide' aria-labelledby='slide-4'><a href=\"http:\/\/lorrylesmetz-histoire.fr\/wp-content\/uploads\/2021\/11\/D05.jpg\" target=\"_blank\"><img loading=\"lazy\" decoding=\"async\" src=\"http:\/\/lorrylesmetz-histoire.fr\/wp-content\/uploads\/2021\/11\/D05-800x600.jpg\" height=\"600\" width=\"800\" alt=\"\" class=\"slider-6106 slide-6111 msDefaultImage\" title=\"D05\" \/><\/a><\/li>\n            <li style='display: none;' aria-roledescription='slide' aria-labelledby='slide-5'><a href=\"http:\/\/lorrylesmetz-histoire.fr\/wp-content\/uploads\/2021\/11\/D06.jpg\" target=\"_blank\"><img loading=\"lazy\" decoding=\"async\" src=\"http:\/\/lorrylesmetz-histoire.fr\/wp-content\/uploads\/2021\/11\/D06-800x600.jpg\" height=\"600\" width=\"800\" alt=\"\" class=\"slider-6106 slide-6112 msDefaultImage\" title=\"D06\" \/><\/a><\/li>\n            <li style='display: none;' aria-roledescription='slide' aria-labelledby='slide-6'><a href=\"http:\/\/lorrylesmetz-histoire.fr\/wp-content\/uploads\/2021\/11\/D07.jpg\" target=\"_blank\"><img loading=\"lazy\" decoding=\"async\" src=\"http:\/\/lorrylesmetz-histoire.fr\/wp-content\/uploads\/2021\/11\/D07-800x600.jpg\" height=\"600\" width=\"800\" alt=\"\" class=\"slider-6106 slide-6113 msDefaultImage\" title=\"D07\" \/><\/a><\/li>\n            <li style='display: none;' aria-roledescription='slide' aria-labelledby='slide-7'><a href=\"http:\/\/lorrylesmetz-histoire.fr\/wp-content\/uploads\/2021\/11\/D08.jpg\" target=\"_blank\"><img loading=\"lazy\" decoding=\"async\" src=\"http:\/\/lorrylesmetz-histoire.fr\/wp-content\/uploads\/2021\/11\/D08-800x600.jpg\" height=\"600\" width=\"800\" alt=\"\" class=\"slider-6106 slide-6114 msDefaultImage\" title=\"D08\" \/><\/a><\/li>\n            <li style='display: none;' aria-roledescription='slide' aria-labelledby='slide-8'><a href=\"http:\/\/lorrylesmetz-histoire.fr\/wp-content\/uploads\/2021\/11\/D09.jpg\" target=\"_blank\"><img loading=\"lazy\" decoding=\"async\" src=\"http:\/\/lorrylesmetz-histoire.fr\/wp-content\/uploads\/2021\/11\/D09-800x600.jpg\" height=\"600\" width=\"800\" alt=\"\" class=\"slider-6106 slide-6115 msDefaultImage\" title=\"D09\" \/><\/a><\/li>\n            <li style='display: none;' aria-roledescription='slide' aria-labelledby='slide-9'><a href=\"http:\/\/lorrylesmetz-histoire.fr\/wp-content\/uploads\/2021\/11\/D10.jpg\" target=\"_blank\"><img loading=\"lazy\" decoding=\"async\" src=\"http:\/\/lorrylesmetz-histoire.fr\/wp-content\/uploads\/2021\/11\/D10-800x600.jpg\" height=\"600\" width=\"800\" alt=\"\" class=\"slider-6106 slide-6116 msDefaultImage\" title=\"D10\" \/><\/a><\/li>\n            <li style='display: none;' aria-roledescription='slide' aria-labelledby='slide-10'><a href=\"http:\/\/lorrylesmetz-histoire.fr\/wp-content\/uploads\/2021\/11\/D11.jpg\" target=\"_blank\"><img loading=\"lazy\" decoding=\"async\" src=\"http:\/\/lorrylesmetz-histoire.fr\/wp-content\/uploads\/2021\/11\/D11-800x600.jpg\" height=\"600\" width=\"800\" alt=\"\" class=\"slider-6106 slide-6117 msDefaultImage\" title=\"D11\" \/><\/a><\/li>\n            <li style='display: none;' aria-roledescription='slide' aria-labelledby='slide-11'><a href=\"http:\/\/lorrylesmetz-histoire.fr\/wp-content\/uploads\/2021\/11\/D12.jpg\" target=\"_blank\"><img loading=\"lazy\" decoding=\"async\" src=\"http:\/\/lorrylesmetz-histoire.fr\/wp-content\/uploads\/2021\/11\/D12-800x600.jpg\" height=\"600\" width=\"800\" alt=\"\" class=\"slider-6106 slide-6118 msDefaultImage\" title=\"D12\" \/><\/a><\/li>\n            <li style='display: none;' aria-roledescription='slide' aria-labelledby='slide-12'><a href=\"http:\/\/lorrylesmetz-histoire.fr\/wp-content\/uploads\/2021\/11\/D13.jpg\" target=\"_blank\"><img loading=\"lazy\" decoding=\"async\" src=\"http:\/\/lorrylesmetz-histoire.fr\/wp-content\/uploads\/2021\/11\/D13-800x600.jpg\" height=\"600\" width=\"800\" alt=\"\" class=\"slider-6106 slide-6119 msDefaultImage\" title=\"D13\" \/><\/a><\/li>\n            <li style='display: none;' aria-roledescription='slide' aria-labelledby='slide-13'><a href=\"http:\/\/lorrylesmetz-histoire.fr\/wp-content\/uploads\/2021\/11\/D14.jpg\" target=\"_blank\"><img loading=\"lazy\" decoding=\"async\" src=\"http:\/\/lorrylesmetz-histoire.fr\/wp-content\/uploads\/2021\/11\/D14-800x600.jpg\" height=\"600\" width=\"800\" alt=\"\" class=\"slider-6106 slide-6120 msDefaultImage\" title=\"D14\" \/><\/a><\/li>\n        <\/ul>\n        \n    <\/div>\n<\/div>\n<p>Photos G\u00e9rard Kester et extraits de la conf\u00e9rence<\/p>\n<p><a href=\"http:\/\/lorrylesmetz-histoire.fr\/?page_id=5820\"><img loading=\"lazy\" decoding=\"async\" class=\"alignnone size-full wp-image-378\" src=\"http:\/\/lorrylesmetz-histoire.fr\/wp-content\/uploads\/2017\/05\/retour.png\" alt=\"\" width=\"89\" height=\"31\" \/><\/a><\/p>\n","protected":false},"excerpt":{"rendered":"<p>19\u00a0novembre\u00a02021 Lorry-l\u00e8s-Metz \u00ab\u00a0au fil du temps\u00a0\u00bb relan\u00e7ait ses activit\u00e9s par une soir\u00e9e (d\u00e9di\u00e9e \u00e0 notre ami disparu Philippe\u00a0Tho\u00ebn de la SHW) en montrant des photos et cartes postales anciennes concernant exclusivement le village. Certaines dat\u00e9es du d\u00e9but du si\u00e8cle dernier&hellip; <\/p>\n","protected":false},"author":1,"featured_media":0,"parent":5820,"menu_order":1,"comment_status":"closed","ping_status":"closed","template":"","meta":{"_mc_calendar":[],"footnotes":""},"class_list":["post-6121","page","type-page","status-publish","hentry"],"_links":{"self":[{"href":"http:\/\/lorrylesmetz-histoire.fr\/index.php?rest_route=\/wp\/v2\/pages\/6121","targetHints":{"allow":["GET"]}}],"collection":[{"href":"http:\/\/lorrylesmetz-histoire.fr\/index.php?rest_route=\/wp\/v2\/pages"}],"about":[{"href":"http:\/\/lorrylesmetz-histoire.fr\/index.php?rest_route=\/wp\/v2\/types\/page"}],"author":[{"embeddable":true,"href":"http:\/\/lorrylesmetz-histoire.fr\/index.php?rest_route=\/wp\/v2\/users\/1"}],"replies":[{"embeddable":true,"href":"http:\/\/lorrylesmetz-histoire.fr\/index.php?rest_route=%2Fwp%2Fv2%2Fcomments&post=6121"}],"version-history":[{"count":1,"href":"http:\/\/lorrylesmetz-histoire.fr\/index.php?rest_route=\/wp\/v2\/pages\/6121\/revisions"}],"predecessor-version":[{"id":6122,"href":"http:\/\/lorrylesmetz-histoire.fr\/index.php?rest_route=\/wp\/v2\/pages\/6121\/revisions\/6122"}],"up":[{"embeddable":true,"href":"http:\/\/lorrylesmetz-histoire.fr\/index.php?rest_route=\/wp\/v2\/pages\/5820"}],"wp:attachment":[{"href":"http:\/\/lorrylesmetz-histoire.fr\/index.php?rest_route=%2Fwp%2Fv2%2Fmedia&parent=6121"}],"curies":[{"name":"wp","href":"https:\/\/api.w.org\/{rel}","templated":true}]}}