{"id":6125,"date":"2021-11-26T15:34:44","date_gmt":"2021-11-26T14:34:44","guid":{"rendered":"http:\/\/lorrylesmetz-histoire.fr\/?page_id=6125"},"modified":"2021-11-26T15:49:10","modified_gmt":"2021-11-26T14:49:10","slug":"salon-woippy-2021","status":"publish","type":"page","link":"http:\/\/lorrylesmetz-histoire.fr\/?page_id=6125","title":{"rendered":"Salon de Woippy 2021"},"content":{"rendered":"<h2>20\u00a0novembre\u00a02021<\/h2>\n<p>Lorry l\u00e8s Metz \u00ab\u00a0au fil du temps\u00a0\u00bb \u00e9tait au 18<sup>e<\/sup>\u00a0Salon du livre d\u2019histoire de la ville de Woippy. Le th\u00e8me\u00a0: \u00ab\u00a0La III<sup>e<\/sup>\u00a0R\u00e9publique (1870-1940)\u00a0\u00bb. Exceptionnellement, l\u2019association n\u2019y \u00e9tait pr\u00e9sente qu\u2019une journ\u00e9e car, pour des raisons sanitaires, les organisateurs avaient intelligemment r\u00e9parti sur deux jours les associations, une moiti\u00e9 pr\u00e9sente le samedi, l\u2019autre le dimanche. Ainsi, tous pouvaient pr\u00e9senter leurs travaux. Malheureusement, moins de monde qu\u2019habituellement, Covid impose\u2026 h\u00e9las.<\/p>\n<p>Marc\u00a0Bojic, pr\u00e9sident de la SHW, a commenc\u00e9 son discours d\u2019ouverture par un long hommage \u00e0 Philippe\u00a0Tho\u00ebn r\u00e9cemment disparu, qui fut tr\u00e8s applaudi. Puis plusieurs autres personnalit\u00e9s ont pris la parole pour souligner l\u2019importance de conna\u00eetre l\u2019Histoire pour construire l\u2019avenir.<\/p>\n<p>Le parrain \u00e9tait le prince Charles\u00a0Bonaparte, arri\u00e8re-petit-neveu de Napol\u00e9on\u00a0I<sup>er<\/sup>. Ce grand Monsieur est l\u2019a\u00een\u00e9 de la derni\u00e8re branche de la famille Napol\u00e9on. Par esprit d\u2019ind\u00e9pendance, de Charles\u00a0Napol\u00e9on, il prend le nom de Bonaparte qui lui convient mieux\u2026 Docteur en sciences \u00e9conomiques, ing\u00e9nieur-conseil, il est devenu le \u00ab\u00a0premier Napol\u00e9on \u00e0 gagner sa vie\u00a0\u00bb. Pr\u00e9sident du Souvenir napol\u00e9onien, il pr\u00e9side la F\u00e9d\u00e9ration nationale des cit\u00e9s napol\u00e9oniennes et se dit d\u00e9mocrate socialiste. Le prince travaille sur le projet d\u2019un parc attractif Le bivouac de Montereau aux portes de Paris, visant \u00e0 atteindre le succ\u00e8s du Puy-du-Fou, en Vend\u00e9e. Il a aimablement bien voulu poser avec la pr\u00e9sidente de Lorry-l\u00e8s-Metz \u00ab\u00a0au fil du temps\u00a0\u00bb.<\/p>\n<p>Le Prix du livre d\u2019Histoire de la Ville a \u00e9t\u00e9 d\u00e9cern\u00e9 \u00e0 David\u00a0Chanteranne, auteur de l\u2019ouvrage <em>Les douze morts de Napol\u00e9on<\/em><em>.<\/em><\/p>\n<p>Patricia\u00a0Lallier, fid\u00e8le au poste, tenait le stand, relay\u00e9e par G\u00e9rard\u00a0Kester. Les visiteurs ont pu ainsi prendre connaissance et appr\u00e9cier les travaux de l\u2019association. Des amis et des membres de l\u2019association sont bien entendu pass\u00e9s.<\/p>\n<p>Lorry-l\u00e8s-Metz \u00ab\u00a0au fil du temps\u00a0\u00bb remercie la ville de Woippy et tous les organisateurs de ce salon, qui ann\u00e9e apr\u00e8s ann\u00e9e re\u00e7oivent et dorlotent les auteurs et les participants. La gentillesse est grande.<\/p>\n<p>Photos Claudine Kester<\/p>\n<div id=\"metaslider-id-6143\" style=\"width: 100%; margin: 0 auto;\" class=\"ml-slider-3-108-0 metaslider metaslider-responsive metaslider-6143 ml-slider has-dots-nav ms-theme-default\" role=\"region\" aria-label=\"Salon Woippy 2021\" data-height=\"600\" data-width=\"800\">\n    <div id=\"metaslider_container_6143\">\n        <ul id='metaslider_6143' class='rslides'>\n            <li aria-roledescription='slide' aria-labelledby='slide-0'><a href=\"http:\/\/lorrylesmetz-histoire.fr\/wp-content\/uploads\/2021\/11\/F01.jpg\" target=\"_blank\"><img loading=\"lazy\" decoding=\"async\" src=\"http:\/\/lorrylesmetz-histoire.fr\/wp-content\/uploads\/2021\/11\/F01-800x600.jpg\" height=\"600\" width=\"800\" alt=\"\" class=\"slider-6143 slide-6144 msDefaultImage\" title=\"F01\" \/><\/a><\/li>\n            <li style='display: none;' aria-roledescription='slide' aria-labelledby='slide-1'><a href=\"http:\/\/lorrylesmetz-histoire.fr\/wp-content\/uploads\/2021\/11\/F02.jpg\" target=\"_blank\"><img loading=\"lazy\" decoding=\"async\" src=\"http:\/\/lorrylesmetz-histoire.fr\/wp-content\/uploads\/2021\/11\/F02-800x600.jpg\" height=\"600\" width=\"800\" alt=\"\" class=\"slider-6143 slide-6145 msDefaultImage\" title=\"F02\" \/><\/a><\/li>\n            <li style='display: none;' aria-roledescription='slide' aria-labelledby='slide-2'><a href=\"http:\/\/lorrylesmetz-histoire.fr\/wp-content\/uploads\/2021\/11\/F03.jpg\" target=\"_blank\"><img loading=\"lazy\" decoding=\"async\" src=\"http:\/\/lorrylesmetz-histoire.fr\/wp-content\/uploads\/2021\/11\/F03-800x600.jpg\" height=\"600\" width=\"800\" alt=\"\" class=\"slider-6143 slide-6146 msDefaultImage\" title=\"F03\" \/><\/a><\/li>\n            <li style='display: none;' aria-roledescription='slide' aria-labelledby='slide-3'><a href=\"http:\/\/lorrylesmetz-histoire.fr\/wp-content\/uploads\/2021\/11\/F04.jpg\" target=\"_blank\"><img loading=\"lazy\" decoding=\"async\" src=\"http:\/\/lorrylesmetz-histoire.fr\/wp-content\/uploads\/2021\/11\/F04-800x600.jpg\" height=\"600\" width=\"800\" alt=\"\" class=\"slider-6143 slide-6147 msDefaultImage\" title=\"F04\" \/><\/a><\/li>\n            <li style='display: none;' aria-roledescription='slide' aria-labelledby='slide-4'><a href=\"http:\/\/lorrylesmetz-histoire.fr\/wp-content\/uploads\/2021\/11\/F05.jpg\" target=\"_blank\"><img loading=\"lazy\" decoding=\"async\" src=\"http:\/\/lorrylesmetz-histoire.fr\/wp-content\/uploads\/2021\/11\/F05-800x600.jpg\" height=\"600\" width=\"800\" alt=\"\" class=\"slider-6143 slide-6148 msDefaultImage\" title=\"F05\" \/><\/a><\/li>\n            <li style='display: none;' aria-roledescription='slide' aria-labelledby='slide-5'><a href=\"http:\/\/lorrylesmetz-histoire.fr\/wp-content\/uploads\/2021\/11\/F06.jpg\" target=\"_blank\"><img loading=\"lazy\" decoding=\"async\" src=\"http:\/\/lorrylesmetz-histoire.fr\/wp-content\/uploads\/2021\/11\/F06-800x600.jpg\" height=\"600\" width=\"800\" alt=\"\" class=\"slider-6143 slide-6149 msDefaultImage\" title=\"F06\" \/><\/a><\/li>\n            <li style='display: none;' aria-roledescription='slide' aria-labelledby='slide-6'><a href=\"http:\/\/lorrylesmetz-histoire.fr\/wp-content\/uploads\/2021\/11\/F07.jpg\" target=\"_blank\"><img loading=\"lazy\" decoding=\"async\" src=\"http:\/\/lorrylesmetz-histoire.fr\/wp-content\/uploads\/2021\/11\/F07-800x600.jpg\" height=\"600\" width=\"800\" alt=\"\" class=\"slider-6143 slide-6150 msDefaultImage\" title=\"F07\" \/><\/a><\/li>\n            <li style='display: none;' aria-roledescription='slide' aria-labelledby='slide-7'><a href=\"http:\/\/lorrylesmetz-histoire.fr\/wp-content\/uploads\/2021\/11\/F08.jpg\" target=\"_blank\"><img loading=\"lazy\" decoding=\"async\" src=\"http:\/\/lorrylesmetz-histoire.fr\/wp-content\/uploads\/2021\/11\/F08-800x600.jpg\" height=\"600\" width=\"800\" alt=\"\" class=\"slider-6143 slide-6151 msDefaultImage\" title=\"F08\" \/><\/a><\/li>\n            <li style='display: none;' aria-roledescription='slide' aria-labelledby='slide-8'><a href=\"http:\/\/lorrylesmetz-histoire.fr\/wp-content\/uploads\/2021\/11\/F09.jpg\" target=\"_blank\"><img loading=\"lazy\" decoding=\"async\" src=\"http:\/\/lorrylesmetz-histoire.fr\/wp-content\/uploads\/2021\/11\/F09-800x600.jpg\" height=\"600\" width=\"800\" alt=\"\" class=\"slider-6143 slide-6152 msDefaultImage\" title=\"F09\" \/><\/a><\/li>\n            <li style='display: none;' aria-roledescription='slide' aria-labelledby='slide-9'><a href=\"http:\/\/lorrylesmetz-histoire.fr\/wp-content\/uploads\/2021\/11\/F10.jpg\" target=\"_blank\"><img loading=\"lazy\" decoding=\"async\" src=\"http:\/\/lorrylesmetz-histoire.fr\/wp-content\/uploads\/2021\/11\/F10-800x600.jpg\" height=\"600\" width=\"800\" alt=\"\" class=\"slider-6143 slide-6153 msDefaultImage\" title=\"F10\" \/><\/a><\/li>\n            <li style='display: none;' aria-roledescription='slide' aria-labelledby='slide-10'><a href=\"http:\/\/lorrylesmetz-histoire.fr\/wp-content\/uploads\/2021\/11\/F11.jpg\" target=\"_blank\"><img loading=\"lazy\" decoding=\"async\" src=\"http:\/\/lorrylesmetz-histoire.fr\/wp-content\/uploads\/2021\/11\/F11-800x600.jpg\" height=\"600\" width=\"800\" alt=\"\" class=\"slider-6143 slide-6154 msDefaultImage\" title=\"F11\" \/><\/a><\/li>\n            <li style='display: none;' aria-roledescription='slide' aria-labelledby='slide-11'><a href=\"http:\/\/lorrylesmetz-histoire.fr\/wp-content\/uploads\/2021\/11\/F12.jpg\" target=\"_blank\"><img loading=\"lazy\" decoding=\"async\" src=\"http:\/\/lorrylesmetz-histoire.fr\/wp-content\/uploads\/2021\/11\/F12-800x600.jpg\" height=\"600\" width=\"800\" alt=\"\" class=\"slider-6143 slide-6155 msDefaultImage\" title=\"F12\" \/><\/a><\/li>\n            <li style='display: none;' aria-roledescription='slide' aria-labelledby='slide-12'><a href=\"http:\/\/lorrylesmetz-histoire.fr\/wp-content\/uploads\/2021\/11\/F13.jpg\" target=\"_blank\"><img loading=\"lazy\" decoding=\"async\" src=\"http:\/\/lorrylesmetz-histoire.fr\/wp-content\/uploads\/2021\/11\/F13-800x600.jpg\" height=\"600\" width=\"800\" alt=\"\" class=\"slider-6143 slide-6160 msDefaultImage\" title=\"F13\" \/><\/a><\/li>\n            <li style='display: none;' aria-roledescription='slide' aria-labelledby='slide-13'><a href=\"http:\/\/lorrylesmetz-histoire.fr\/wp-content\/uploads\/2021\/11\/F14.jpg\" target=\"_blank\"><img loading=\"lazy\" decoding=\"async\" src=\"http:\/\/lorrylesmetz-histoire.fr\/wp-content\/uploads\/2021\/11\/F14-800x600.jpg\" height=\"600\" width=\"800\" alt=\"\" class=\"slider-6143 slide-6156 msDefaultImage\" title=\"F14\" \/><\/a><\/li>\n            <li style='display: none;' aria-roledescription='slide' aria-labelledby='slide-14'><a href=\"http:\/\/lorrylesmetz-histoire.fr\/wp-content\/uploads\/2021\/11\/F15.jpg\" target=\"_blank\"><img loading=\"lazy\" decoding=\"async\" src=\"http:\/\/lorrylesmetz-histoire.fr\/wp-content\/uploads\/2021\/11\/F15-800x600.jpg\" height=\"600\" width=\"800\" alt=\"\" class=\"slider-6143 slide-6157 msDefaultImage\" title=\"F15\" \/><\/a><\/li>\n        <\/ul>\n        \n    <\/div>\n<\/div>\n<p><a href=\"http:\/\/lorrylesmetz-histoire.fr\/?page_id=5871\"><img loading=\"lazy\" decoding=\"async\" class=\"alignnone size-full wp-image-378\" src=\"http:\/\/lorrylesmetz-histoire.fr\/wp-content\/uploads\/2017\/05\/retour.png\" alt=\"\" width=\"89\" height=\"31\" \/><\/a><\/p>\n<p>&nbsp;<\/p>\n","protected":false},"excerpt":{"rendered":"<p>20\u00a0novembre\u00a02021 Lorry l\u00e8s Metz \u00ab\u00a0au fil du temps\u00a0\u00bb \u00e9tait au 18e\u00a0Salon du livre d\u2019histoire de la ville de Woippy. Le th\u00e8me\u00a0: \u00ab\u00a0La IIIe\u00a0R\u00e9publique (1870-1940)\u00a0\u00bb. Exceptionnellement, l\u2019association n\u2019y \u00e9tait pr\u00e9sente qu\u2019une journ\u00e9e car, pour des raisons sanitaires, les organisateurs avaient intelligemment&hellip; <\/p>\n","protected":false},"author":1,"featured_media":0,"parent":5871,"menu_order":4,"comment_status":"closed","ping_status":"closed","template":"","meta":{"_mc_calendar":[],"footnotes":""},"class_list":["post-6125","page","type-page","status-publish","hentry"],"_links":{"self":[{"href":"http:\/\/lorrylesmetz-histoire.fr\/index.php?rest_route=\/wp\/v2\/pages\/6125","targetHints":{"allow":["GET"]}}],"collection":[{"href":"http:\/\/lorrylesmetz-histoire.fr\/index.php?rest_route=\/wp\/v2\/pages"}],"about":[{"href":"http:\/\/lorrylesmetz-histoire.fr\/index.php?rest_route=\/wp\/v2\/types\/page"}],"author":[{"embeddable":true,"href":"http:\/\/lorrylesmetz-histoire.fr\/index.php?rest_route=\/wp\/v2\/users\/1"}],"replies":[{"embeddable":true,"href":"http:\/\/lorrylesmetz-histoire.fr\/index.php?rest_route=%2Fwp%2Fv2%2Fcomments&post=6125"}],"version-history":[{"count":4,"href":"http:\/\/lorrylesmetz-histoire.fr\/index.php?rest_route=\/wp\/v2\/pages\/6125\/revisions"}],"predecessor-version":[{"id":6163,"href":"http:\/\/lorrylesmetz-histoire.fr\/index.php?rest_route=\/wp\/v2\/pages\/6125\/revisions\/6163"}],"up":[{"embeddable":true,"href":"http:\/\/lorrylesmetz-histoire.fr\/index.php?rest_route=\/wp\/v2\/pages\/5871"}],"wp:attachment":[{"href":"http:\/\/lorrylesmetz-histoire.fr\/index.php?rest_route=%2Fwp%2Fv2%2Fmedia&parent=6125"}],"curies":[{"name":"wp","href":"https:\/\/api.w.org\/{rel}","templated":true}]}}