{"id":6222,"date":"2022-03-15T09:31:17","date_gmt":"2022-03-15T08:31:17","guid":{"rendered":"http:\/\/lorrylesmetz-histoire.fr\/?page_id=6222"},"modified":"2022-10-16T18:50:44","modified_gmt":"2022-10-16T16:50:44","slug":"2022-2","status":"publish","type":"page","link":"http:\/\/lorrylesmetz-histoire.fr\/?page_id=6222","title":{"rendered":"2022"},"content":{"rendered":"<table style=\"width: 100%; height: 99px;\">\n<tbody>\n<tr>\n<td style=\"width: 19.7347%;\">18 mai<\/td>\n<td style=\"width: 63.5158%;\">Inauguration du march\u00e9<\/td>\n<td style=\"width: 16.2521%;\"><a href=\"http:\/\/lorrylesmetz-histoire.fr\/?page_id=6588\"><img loading=\"lazy\" decoding=\"async\" class=\"alignnone size-full wp-image-683\" src=\"http:\/\/lorrylesmetz-histoire.fr\/wp-content\/uploads\/2017\/05\/voir.png\" alt=\"\" width=\"89\" height=\"31\" \/><\/a><\/td>\n<\/tr>\n<tr style=\"height: 25px;\">\n<td style=\"width: 19.7347%; height: 25px;\">27 avril<\/td>\n<td style=\"width: 63.5158%; height: 25px;\">A G Les amis du temple de Longeville<\/td>\n<td style=\"width: 16.2521%; height: 25px;\"><a href=\"http:\/\/lorrylesmetz-histoire.fr\/?page_id=6434\"><img loading=\"lazy\" decoding=\"async\" class=\"alignnone size-full wp-image-683\" src=\"http:\/\/lorrylesmetz-histoire.fr\/wp-content\/uploads\/2017\/05\/voir.png\" alt=\"\" width=\"89\" height=\"31\" \/><\/a><\/td>\n<\/tr>\n<tr style=\"height: 25px;\">\n<td style=\"width: 19.7347%; height: 25px;\">9 avril<\/td>\n<td style=\"width: 63.5158%; height: 25px;\">Colloque du CHPM<\/td>\n<td style=\"width: 16.2521%; height: 25px;\"><a href=\"http:\/\/lorrylesmetz-histoire.fr\/?page_id=6381\"><img loading=\"lazy\" decoding=\"async\" class=\"alignnone size-full wp-image-683\" src=\"http:\/\/lorrylesmetz-histoire.fr\/wp-content\/uploads\/2017\/05\/voir.png\" alt=\"\" width=\"89\" height=\"31\" \/><\/a><\/td>\n<\/tr>\n<tr style=\"height: 25px;\">\n<td style=\"width: 19.7347%; height: 25px;\">10 mars<\/td>\n<td style=\"width: 63.5158%; height: 25px;\">Assembl\u00e9e g\u00e9n\u00e9rale de la SHW<\/td>\n<td style=\"width: 16.2521%; height: 25px;\"><a href=\"http:\/\/lorrylesmetz-histoire.fr\/?page_id=6224\"><img loading=\"lazy\" decoding=\"async\" class=\"alignnone wp-image-683 size-full\" src=\"http:\/\/lorrylesmetz-histoire.fr\/wp-content\/uploads\/2017\/05\/voir.png?_t=1647333134\" alt=\"\" width=\"89\" height=\"31\" \/><\/a><\/td>\n<\/tr>\n<\/tbody>\n<\/table>\n<p><a href=\"http:\/\/lorrylesmetz-histoire.fr\/?page_id=171\"><img loading=\"lazy\" decoding=\"async\" class=\"alignnone size-full wp-image-378\" src=\"http:\/\/lorrylesmetz-histoire.fr\/wp-content\/uploads\/2017\/05\/retour.png\" alt=\"\" width=\"89\" height=\"31\" \/><\/a><\/p>\n","protected":false},"excerpt":{"rendered":"<p>18 mai Inauguration du march\u00e9 27 avril A G Les amis du temple de Longeville 9 avril Colloque du CHPM 10 mars Assembl\u00e9e g\u00e9n\u00e9rale de la SHW<\/p>\n","protected":false},"author":1,"featured_media":0,"parent":171,"menu_order":4,"comment_status":"closed","ping_status":"closed","template":"","meta":{"_mc_calendar":[],"footnotes":""},"class_list":["post-6222","page","type-page","status-publish","hentry"],"_links":{"self":[{"href":"http:\/\/lorrylesmetz-histoire.fr\/index.php?rest_route=\/wp\/v2\/pages\/6222","targetHints":{"allow":["GET"]}}],"collection":[{"href":"http:\/\/lorrylesmetz-histoire.fr\/index.php?rest_route=\/wp\/v2\/pages"}],"about":[{"href":"http:\/\/lorrylesmetz-histoire.fr\/index.php?rest_route=\/wp\/v2\/types\/page"}],"author":[{"embeddable":true,"href":"http:\/\/lorrylesmetz-histoire.fr\/index.php?rest_route=\/wp\/v2\/users\/1"}],"replies":[{"embeddable":true,"href":"http:\/\/lorrylesmetz-histoire.fr\/index.php?rest_route=%2Fwp%2Fv2%2Fcomments&post=6222"}],"version-history":[{"count":10,"href":"http:\/\/lorrylesmetz-histoire.fr\/index.php?rest_route=\/wp\/v2\/pages\/6222\/revisions"}],"predecessor-version":[{"id":6592,"href":"http:\/\/lorrylesmetz-histoire.fr\/index.php?rest_route=\/wp\/v2\/pages\/6222\/revisions\/6592"}],"up":[{"embeddable":true,"href":"http:\/\/lorrylesmetz-histoire.fr\/index.php?rest_route=\/wp\/v2\/pages\/171"}],"wp:attachment":[{"href":"http:\/\/lorrylesmetz-histoire.fr\/index.php?rest_route=%2Fwp%2Fv2%2Fmedia&parent=6222"}],"curies":[{"name":"wp","href":"https:\/\/api.w.org\/{rel}","templated":true}]}}