{"id":6224,"date":"2022-03-15T09:32:01","date_gmt":"2022-03-15T08:32:01","guid":{"rendered":"http:\/\/lorrylesmetz-histoire.fr\/?page_id=6224"},"modified":"2022-03-15T09:32:01","modified_gmt":"2022-03-15T08:32:01","slug":"assemblee-generale-shw","status":"publish","type":"page","link":"http:\/\/lorrylesmetz-histoire.fr\/?page_id=6224","title":{"rendered":"Assembl\u00e9e g\u00e9n\u00e9rale de la SHW"},"content":{"rendered":"<h3>Jeudi\u00a010\u00a0mars\u00a02022<\/h3>\n<p>Lorry-l\u00e8s-Metz \u00ab\u00a0au fil du temps\u00a0\u00bb \u00e9tait \u00e0 l\u2019assembl\u00e9e g\u00e9n\u00e9rale de ses amis de la Soci\u00e9t\u00e9 d\u2019Histoire de Woippy.<\/p>\n<p>Marc\u00a0Bojic et Pierre\u00a0Brasme ont \u00e9voqu\u00e9 avec \u00e9motion Philippe\u00a0Tho\u00ebn dont l\u2019amiti\u00e9 \u00e9tait si pr\u00e9cieuse et qui manque \u00e0 tous. Quelques minutes, l\u2019image de Philippe, perch\u00e9 sur une chaise, appareil photo \u00e0 l\u2019\u0153il, a surplomb\u00e9 l\u2019assistance \u00e9mue.<\/p>\n<p>En pr\u00e9sence de Michel\u00a0Worms, repr\u00e9sentant M.\u00a0Grosdidier, maire de Metz et de la repr\u00e9sentante du maire de Woippy, Jo\u00ebl\u00a0Doub a lu le rapport d\u2019activit\u00e9s des trois ann\u00e9es \u00e9coul\u00e9es, Covid oblige. Ensuite Marc\u00a0Bojic a pr\u00e9sent\u00e9 les rapports financiers et moraux, tous approuv\u00e9s \u00e0 l\u2019unanimit\u00e9.<\/p>\n<p>Pierre\u00a0Brasme a rappel\u00e9 la belle sortie de 2019 \u00e0 Sarrebr\u00fcck.<\/p>\n<p>Pour clore la soir\u00e9e, une conf\u00e9rence de Marie\u00a0Daffini a r\u00e9v\u00e9l\u00e9 Amable\u00a0Tastu, po\u00e9tesse du xix<sup>e<\/sup>\u00a0si\u00e8cle n\u00e9e \u00e0 Metz.<\/p>\n<p>Le verre de l\u2019amiti\u00e9 a clos la soir\u00e9e.<\/p>\n<p>Photos Claudine Kester<\/p>\n<div id=\"metaslider-id-6237\" style=\"width: 100%; margin: 0 auto;\" class=\"ml-slider-3-108-0 metaslider metaslider-responsive metaslider-6237 ml-slider has-dots-nav ms-theme-default\" role=\"region\" aria-label=\"AG SHW 2021\" data-height=\"800\" data-width=\"800\">\n    <div id=\"metaslider_container_6237\">\n        <ul id='metaslider_6237' class='rslides'>\n            <li aria-roledescription='slide' aria-labelledby='slide-0'><a href=\"http:\/\/lorrylesmetz-histoire.fr\/wp-content\/uploads\/2022\/03\/01.jpg\" target=\"_blank\"><img loading=\"lazy\" decoding=\"async\" src=\"http:\/\/lorrylesmetz-histoire.fr\/wp-content\/uploads\/2022\/03\/01-800x800.jpg\" height=\"800\" width=\"800\" alt=\"\" class=\"slider-6237 slide-6238 msDefaultImage\" title=\"01\" \/><\/a><\/li>\n            <li style='display: none;' aria-roledescription='slide' aria-labelledby='slide-1'><a href=\"http:\/\/lorrylesmetz-histoire.fr\/wp-content\/uploads\/2022\/03\/02.jpg\" target=\"_blank\"><img loading=\"lazy\" decoding=\"async\" src=\"http:\/\/lorrylesmetz-histoire.fr\/wp-content\/uploads\/2022\/03\/02-800x800.jpg\" height=\"800\" width=\"800\" alt=\"\" class=\"slider-6237 slide-6239 msDefaultImage\" title=\"02\" \/><\/a><\/li>\n            <li style='display: none;' aria-roledescription='slide' aria-labelledby='slide-2'><a href=\"http:\/\/lorrylesmetz-histoire.fr\/wp-content\/uploads\/2022\/03\/03.jpg\" target=\"_blank\"><img loading=\"lazy\" decoding=\"async\" src=\"http:\/\/lorrylesmetz-histoire.fr\/wp-content\/uploads\/2022\/03\/03-800x800.jpg\" height=\"800\" width=\"800\" alt=\"\" class=\"slider-6237 slide-6240 msDefaultImage\" title=\"03\" \/><\/a><\/li>\n            <li style='display: none;' aria-roledescription='slide' aria-labelledby='slide-3'><a href=\"http:\/\/lorrylesmetz-histoire.fr\/wp-content\/uploads\/2022\/03\/04.jpg\" target=\"_blank\"><img loading=\"lazy\" decoding=\"async\" src=\"http:\/\/lorrylesmetz-histoire.fr\/wp-content\/uploads\/2022\/03\/04-800x800.jpg\" height=\"800\" width=\"800\" alt=\"\" class=\"slider-6237 slide-6241 msDefaultImage\" title=\"04\" \/><\/a><\/li>\n            <li style='display: none;' aria-roledescription='slide' aria-labelledby='slide-4'><a href=\"http:\/\/lorrylesmetz-histoire.fr\/wp-content\/uploads\/2022\/03\/05.jpg\" target=\"_blank\"><img loading=\"lazy\" decoding=\"async\" src=\"http:\/\/lorrylesmetz-histoire.fr\/wp-content\/uploads\/2022\/03\/05-800x800.jpg\" height=\"800\" width=\"800\" alt=\"\" class=\"slider-6237 slide-6242 msDefaultImage\" title=\"05\" \/><\/a><\/li>\n            <li style='display: none;' aria-roledescription='slide' aria-labelledby='slide-5'><a href=\"http:\/\/lorrylesmetz-histoire.fr\/wp-content\/uploads\/2022\/03\/06.jpg\" target=\"_blank\"><img loading=\"lazy\" decoding=\"async\" src=\"http:\/\/lorrylesmetz-histoire.fr\/wp-content\/uploads\/2022\/03\/06-800x800.jpg\" height=\"800\" width=\"800\" alt=\"\" class=\"slider-6237 slide-6243 msDefaultImage\" title=\"06\" \/><\/a><\/li>\n            <li style='display: none;' aria-roledescription='slide' aria-labelledby='slide-6'><a href=\"http:\/\/lorrylesmetz-histoire.fr\/wp-content\/uploads\/2022\/03\/07.jpg\" target=\"_blank\"><img loading=\"lazy\" decoding=\"async\" src=\"http:\/\/lorrylesmetz-histoire.fr\/wp-content\/uploads\/2022\/03\/07-800x800.jpg\" height=\"800\" width=\"800\" alt=\"\" class=\"slider-6237 slide-6244 msDefaultImage\" title=\"07\" \/><\/a><\/li>\n            <li style='display: none;' aria-roledescription='slide' aria-labelledby='slide-7'><a href=\"http:\/\/lorrylesmetz-histoire.fr\/wp-content\/uploads\/2022\/03\/08.jpg\" target=\"_blank\"><img loading=\"lazy\" decoding=\"async\" src=\"http:\/\/lorrylesmetz-histoire.fr\/wp-content\/uploads\/2022\/03\/08-800x800.jpg\" height=\"800\" width=\"800\" alt=\"\" class=\"slider-6237 slide-6245 msDefaultImage\" title=\"08\" \/><\/a><\/li>\n            <li style='display: none;' aria-roledescription='slide' aria-labelledby='slide-8'><a href=\"http:\/\/lorrylesmetz-histoire.fr\/wp-content\/uploads\/2022\/03\/09.jpg\" target=\"_blank\"><img loading=\"lazy\" decoding=\"async\" src=\"http:\/\/lorrylesmetz-histoire.fr\/wp-content\/uploads\/2022\/03\/09-800x800.jpg\" height=\"800\" width=\"800\" alt=\"\" class=\"slider-6237 slide-6246 msDefaultImage\" title=\"09\" \/><\/a><\/li>\n            <li style='display: none;' aria-roledescription='slide' aria-labelledby='slide-9'><a href=\"http:\/\/lorrylesmetz-histoire.fr\/wp-content\/uploads\/2022\/03\/10.jpg\" target=\"_blank\"><img loading=\"lazy\" decoding=\"async\" src=\"http:\/\/lorrylesmetz-histoire.fr\/wp-content\/uploads\/2022\/03\/10-800x800.jpg\" height=\"800\" width=\"800\" alt=\"\" class=\"slider-6237 slide-6247 msDefaultImage\" title=\"10\" \/><\/a><\/li>\n        <\/ul>\n        \n    <\/div>\n<\/div>\n<p><a href=\"http:\/\/lorrylesmetz-histoire.fr\/?page_id=6222\"><img loading=\"lazy\" decoding=\"async\" class=\"alignnone size-full wp-image-378\" src=\"http:\/\/lorrylesmetz-histoire.fr\/wp-content\/uploads\/2017\/05\/retour.png\" alt=\"\" width=\"89\" height=\"31\" \/><\/a><\/p>\n<p>&nbsp;<\/p>\n","protected":false},"excerpt":{"rendered":"<p>Jeudi\u00a010\u00a0mars\u00a02022 Lorry-l\u00e8s-Metz \u00ab\u00a0au fil du temps\u00a0\u00bb \u00e9tait \u00e0 l\u2019assembl\u00e9e g\u00e9n\u00e9rale de ses amis de la Soci\u00e9t\u00e9 d\u2019Histoire de Woippy. Marc\u00a0Bojic et Pierre\u00a0Brasme ont \u00e9voqu\u00e9 avec \u00e9motion Philippe\u00a0Tho\u00ebn dont l\u2019amiti\u00e9 \u00e9tait si pr\u00e9cieuse et qui manque \u00e0 tous. Quelques minutes, l\u2019image&hellip; <\/p>\n","protected":false},"author":1,"featured_media":0,"parent":6222,"menu_order":1,"comment_status":"closed","ping_status":"closed","template":"","meta":{"_mc_calendar":[],"footnotes":""},"class_list":["post-6224","page","type-page","status-publish","hentry"],"_links":{"self":[{"href":"http:\/\/lorrylesmetz-histoire.fr\/index.php?rest_route=\/wp\/v2\/pages\/6224","targetHints":{"allow":["GET"]}}],"collection":[{"href":"http:\/\/lorrylesmetz-histoire.fr\/index.php?rest_route=\/wp\/v2\/pages"}],"about":[{"href":"http:\/\/lorrylesmetz-histoire.fr\/index.php?rest_route=\/wp\/v2\/types\/page"}],"author":[{"embeddable":true,"href":"http:\/\/lorrylesmetz-histoire.fr\/index.php?rest_route=\/wp\/v2\/users\/1"}],"replies":[{"embeddable":true,"href":"http:\/\/lorrylesmetz-histoire.fr\/index.php?rest_route=%2Fwp%2Fv2%2Fcomments&post=6224"}],"version-history":[{"count":3,"href":"http:\/\/lorrylesmetz-histoire.fr\/index.php?rest_route=\/wp\/v2\/pages\/6224\/revisions"}],"predecessor-version":[{"id":6249,"href":"http:\/\/lorrylesmetz-histoire.fr\/index.php?rest_route=\/wp\/v2\/pages\/6224\/revisions\/6249"}],"up":[{"embeddable":true,"href":"http:\/\/lorrylesmetz-histoire.fr\/index.php?rest_route=\/wp\/v2\/pages\/6222"}],"wp:attachment":[{"href":"http:\/\/lorrylesmetz-histoire.fr\/index.php?rest_route=%2Fwp%2Fv2%2Fmedia&parent=6224"}],"curies":[{"name":"wp","href":"https:\/\/api.w.org\/{rel}","templated":true}]}}