{"id":6317,"date":"2022-03-23T07:38:30","date_gmt":"2022-03-23T06:38:30","guid":{"rendered":"http:\/\/lorrylesmetz-histoire.fr\/?page_id=6317"},"modified":"2022-10-16T18:12:10","modified_gmt":"2022-10-16T16:12:10","slug":"2022-2","status":"publish","type":"page","link":"http:\/\/lorrylesmetz-histoire.fr\/?page_id=6317","title":{"rendered":"2022"},"content":{"rendered":"<table style=\"width: 100.5%;\">\n<tbody>\n<tr>\n<td style=\"width: 25.0144%;\">24 &amp; 25 septembre<\/td>\n<td style=\"width: 58.2361%;\">Exposition pour nos 20 ans<\/td>\n<td style=\"width: 16.4179%;\"><a href=\"http:\/\/lorrylesmetz-histoire.fr\/?page_id=6479\"><img loading=\"lazy\" decoding=\"async\" class=\"alignnone size-full wp-image-683\" src=\"http:\/\/lorrylesmetz-histoire.fr\/wp-content\/uploads\/2017\/05\/voir.png\" alt=\"\" width=\"89\" height=\"31\" \/><\/a><\/td>\n<\/tr>\n<tr>\n<td style=\"width: 25.0144%;\">29 avril<\/td>\n<td style=\"width: 58.2361%;\">Conf\u00e9rence L&rsquo;\u00e9glise Saint-Cl\u00e9ment au moment du protestantisme<\/td>\n<td style=\"width: 16.4179%;\"><a href=\"http:\/\/lorrylesmetz-histoire.fr\/?page_id=6433\"><img loading=\"lazy\" decoding=\"async\" class=\"alignnone size-full wp-image-683\" src=\"http:\/\/lorrylesmetz-histoire.fr\/wp-content\/uploads\/2017\/05\/voir.png\" alt=\"\" width=\"89\" height=\"31\" \/><\/a><\/td>\n<\/tr>\n<tr>\n<td style=\"width: 25.0144%;\">18 mars<\/td>\n<td style=\"width: 58.2361%;\">Assembl\u00e9e g\u00e9n\u00e9rale et conf\u00e9rence<\/td>\n<td style=\"width: 16.4179%;\"><a href=\"http:\/\/lorrylesmetz-histoire.fr\/?page_id=6313\"><img loading=\"lazy\" decoding=\"async\" class=\"alignnone size-full wp-image-683\" src=\"http:\/\/lorrylesmetz-histoire.fr\/wp-content\/uploads\/2017\/05\/voir.png\" alt=\"\" width=\"89\" height=\"31\" \/><\/a><\/td>\n<\/tr>\n<\/tbody>\n<\/table>\n<p><a href=\"http:\/\/lorrylesmetz-histoire.fr\/?page_id=60\"><img loading=\"lazy\" decoding=\"async\" class=\"alignnone wp-image-378 size-full\" src=\"http:\/\/lorrylesmetz-histoire.fr\/wp-content\/uploads\/2017\/05\/retour.png?_t=1648017499\" alt=\"\" width=\"89\" height=\"31\" \/><\/a><\/p>\n","protected":false},"excerpt":{"rendered":"<p>24 &amp; 25 septembre Exposition pour nos 20 ans 29 avril Conf\u00e9rence L&rsquo;\u00e9glise Saint-Cl\u00e9ment au moment du protestantisme 18 mars Assembl\u00e9e g\u00e9n\u00e9rale et conf\u00e9rence<\/p>\n","protected":false},"author":1,"featured_media":0,"parent":60,"menu_order":4,"comment_status":"closed","ping_status":"closed","template":"","meta":{"_mc_calendar":[],"footnotes":""},"class_list":["post-6317","page","type-page","status-publish","hentry"],"_links":{"self":[{"href":"http:\/\/lorrylesmetz-histoire.fr\/index.php?rest_route=\/wp\/v2\/pages\/6317","targetHints":{"allow":["GET"]}}],"collection":[{"href":"http:\/\/lorrylesmetz-histoire.fr\/index.php?rest_route=\/wp\/v2\/pages"}],"about":[{"href":"http:\/\/lorrylesmetz-histoire.fr\/index.php?rest_route=\/wp\/v2\/types\/page"}],"author":[{"embeddable":true,"href":"http:\/\/lorrylesmetz-histoire.fr\/index.php?rest_route=\/wp\/v2\/users\/1"}],"replies":[{"embeddable":true,"href":"http:\/\/lorrylesmetz-histoire.fr\/index.php?rest_route=%2Fwp%2Fv2%2Fcomments&post=6317"}],"version-history":[{"count":5,"href":"http:\/\/lorrylesmetz-histoire.fr\/index.php?rest_route=\/wp\/v2\/pages\/6317\/revisions"}],"predecessor-version":[{"id":6564,"href":"http:\/\/lorrylesmetz-histoire.fr\/index.php?rest_route=\/wp\/v2\/pages\/6317\/revisions\/6564"}],"up":[{"embeddable":true,"href":"http:\/\/lorrylesmetz-histoire.fr\/index.php?rest_route=\/wp\/v2\/pages\/60"}],"wp:attachment":[{"href":"http:\/\/lorrylesmetz-histoire.fr\/index.php?rest_route=%2Fwp%2Fv2%2Fmedia&parent=6317"}],"curies":[{"name":"wp","href":"https:\/\/api.w.org\/{rel}","templated":true}]}}