{"id":6381,"date":"2022-04-15T16:42:44","date_gmt":"2022-04-15T14:42:44","guid":{"rendered":"http:\/\/lorrylesmetz-histoire.fr\/?page_id=6381"},"modified":"2022-04-15T16:42:44","modified_gmt":"2022-04-15T14:42:44","slug":"colloque-chpm","status":"publish","type":"page","link":"http:\/\/lorrylesmetz-histoire.fr\/?page_id=6381","title":{"rendered":"Colloque CHPM"},"content":{"rendered":"<p>9 avril 2022<br \/>\nLorry-l\u00e8s-Metz \u00ab\u00a0au fil du temps\u00a0\u00bb \u00e9tait pr\u00e9sent au colloque du Comit\u00e9 d\u2019histoire du Pays messin (CHPM) qui s\u2019est tenu le 9\u00a0avril au grenier de Ch\u00e8vremont, au mus\u00e9e de la Cour d\u2019Or.<br \/>\nPhilippe Brunella, conservateur en chef du patrimoine et directeur du mus\u00e9e et de l\u2019arch\u00e9ologie de l\u2019Eurom\u00e9tropole de Metz a accueilli les arrivants, puis Marc Bojic, pr\u00e9sident de la Soci\u00e9t\u00e9 d\u2019histoire de Woippy, a pr\u00e9sent\u00e9 la journ\u00e9e dont le th\u00e8me \u00e9tait \u00ab\u00a0Metz et le Pays messin entre les deux guerres\u00a0\u00bb.<br \/>\nPierre Brasme s\u2019est int\u00e9ress\u00e9 \u00e0 la vie \u00e0 Woippy et l\u2019\u00e9volution de la commune. Sylvie Reich a \u00e9voqu\u00e9 l\u2019am\u00e9nagement du cimeti\u00e8re militaire de Marange. Michel F\u00e8vre a d\u00e9taill\u00e9 les changements de l\u2019urbanisme de Metz avec les cons\u00e9quences sur l\u2019aspect de la ville.<br \/>\nPhilippe Voivenel, de la compagnie des Impromptus.com, a pr\u00e9sent\u00e9 un spectacle tir\u00e9 du roman de Pierre Brasme, <em>L\u2019ind\u00e9sirable<\/em>. La com\u00e9dienne et le musicien ont \u00e9t\u00e9 f\u00e9licit\u00e9s par l\u2019auteur.<br \/>\nApr\u00e8s la pause d\u00e9jeuner, Philippe Brunella a expliqu\u00e9 le fonctionnement du mus\u00e9e entre les deux guerres.<br \/>\nYvette Illy a d\u00e9crit Plappeville entre les deux guerres.<br \/>\nPhilippe Wilmouth a parl\u00e9 du front antis\u00e9mite en Moselle en 1938-1939.<br \/>\nLe colloque s\u2019est termin\u00e9 par l\u2019\u00e9volution de Montigny entre les deux guerres, pr\u00e9sent\u00e9 par Lucien Arz et Robert Habermann.<br \/>\nNotons la venue de Patrick Thil, adjoint charg\u00e9 de la culture, qui repr\u00e9sentait le maire de Metz.<br \/>\nPhotos et texte de G\u00e9rard Kester<\/p>\n<div id=\"metaslider-id-6333\" style=\"width: 100%; margin: 0 auto;\" class=\"ml-slider-3-108-0 metaslider metaslider-responsive metaslider-6333 ml-slider has-dots-nav ms-theme-default\" role=\"region\" aria-label=\"Colloque CHMP 2022\" data-height=\"800\" data-width=\"800\">\n    <div id=\"metaslider_container_6333\">\n        <ul id='metaslider_6333' class='rslides'>\n            <li aria-roledescription='slide' aria-labelledby='slide-0'><a href=\"http:\/\/lorrylesmetz-histoire.fr\/wp-content\/uploads\/2022\/04\/AB01.jpg\" target=\"_blank\"><img loading=\"lazy\" decoding=\"async\" src=\"http:\/\/lorrylesmetz-histoire.fr\/wp-content\/uploads\/2022\/04\/AB01-800x800.jpg\" height=\"800\" width=\"800\" alt=\"\" class=\"slider-6333 slide-6358 msDefaultImage\" title=\"AB01\" \/><\/a><\/li>\n            <li style='display: none;' aria-roledescription='slide' aria-labelledby='slide-1'><a href=\"http:\/\/lorrylesmetz-histoire.fr\/wp-content\/uploads\/2022\/04\/AB02.jpg\" target=\"_blank\"><img loading=\"lazy\" decoding=\"async\" src=\"http:\/\/lorrylesmetz-histoire.fr\/wp-content\/uploads\/2022\/04\/AB02-800x800.jpg\" height=\"800\" width=\"800\" alt=\"\" class=\"slider-6333 slide-6359 msDefaultImage\" title=\"AB02\" \/><div class=\"caption-wrap\"><div class=\"caption\">Philippe Brunella<\/div><\/div><\/a><\/li>\n            <li style='display: none;' aria-roledescription='slide' aria-labelledby='slide-2'><a href=\"http:\/\/lorrylesmetz-histoire.fr\/wp-content\/uploads\/2022\/04\/AB03.jpg\" target=\"_blank\"><img loading=\"lazy\" decoding=\"async\" src=\"http:\/\/lorrylesmetz-histoire.fr\/wp-content\/uploads\/2022\/04\/AB03-800x800.jpg\" height=\"800\" width=\"800\" alt=\"\" class=\"slider-6333 slide-6360 msDefaultImage\" title=\"AB03\" \/><div class=\"caption-wrap\"><div class=\"caption\">Marc Bojic<\/div><\/div><\/a><\/li>\n            <li style='display: none;' aria-roledescription='slide' aria-labelledby='slide-3'><a href=\"http:\/\/lorrylesmetz-histoire.fr\/wp-content\/uploads\/2022\/04\/AB04.jpg\" target=\"_blank\"><img loading=\"lazy\" decoding=\"async\" src=\"http:\/\/lorrylesmetz-histoire.fr\/wp-content\/uploads\/2022\/04\/AB04-800x800.jpg\" height=\"800\" width=\"800\" alt=\"\" class=\"slider-6333 slide-6361 msDefaultImage\" title=\"AB04\" \/><div class=\"caption-wrap\"><div class=\"caption\">Pierre Brasme<\/div><\/div><\/a><\/li>\n            <li style='display: none;' aria-roledescription='slide' aria-labelledby='slide-4'><a href=\"http:\/\/lorrylesmetz-histoire.fr\/wp-content\/uploads\/2022\/04\/AB05.jpg\" target=\"_blank\"><img loading=\"lazy\" decoding=\"async\" src=\"http:\/\/lorrylesmetz-histoire.fr\/wp-content\/uploads\/2022\/04\/AB05-800x800.jpg\" height=\"800\" width=\"800\" alt=\"\" class=\"slider-6333 slide-6362 msDefaultImage\" title=\"AB05\" \/><div class=\"caption-wrap\"><div class=\"caption\">Sylvie Reich<\/div><\/div><\/a><\/li>\n            <li style='display: none;' aria-roledescription='slide' aria-labelledby='slide-5'><a href=\"http:\/\/lorrylesmetz-histoire.fr\/wp-content\/uploads\/2022\/04\/AB06.jpg\" target=\"_blank\"><img loading=\"lazy\" decoding=\"async\" src=\"http:\/\/lorrylesmetz-histoire.fr\/wp-content\/uploads\/2022\/04\/AB06-800x800.jpg\" height=\"800\" width=\"800\" alt=\"\" class=\"slider-6333 slide-6363 msDefaultImage\" title=\"AB06\" \/><\/a><\/li>\n            <li style='display: none;' aria-roledescription='slide' aria-labelledby='slide-6'><a href=\"http:\/\/lorrylesmetz-histoire.fr\/wp-content\/uploads\/2022\/04\/AB07.jpg\" target=\"_blank\"><img loading=\"lazy\" decoding=\"async\" src=\"http:\/\/lorrylesmetz-histoire.fr\/wp-content\/uploads\/2022\/04\/AB07-800x800.jpg\" height=\"800\" width=\"800\" alt=\"\" class=\"slider-6333 slide-6364 msDefaultImage\" title=\"AB07\" \/><div class=\"caption-wrap\"><div class=\"caption\">Michel F\u00e8vre<\/div><\/div><\/a><\/li>\n            <li style='display: none;' aria-roledescription='slide' aria-labelledby='slide-7'><a href=\"http:\/\/lorrylesmetz-histoire.fr\/wp-content\/uploads\/2022\/04\/AB081.jpg\" target=\"_blank\"><img loading=\"lazy\" decoding=\"async\" src=\"http:\/\/lorrylesmetz-histoire.fr\/wp-content\/uploads\/2022\/04\/AB08-800x800.jpg\" height=\"800\" width=\"800\" alt=\"\" class=\"slider-6333 slide-6365 msDefaultImage\" title=\"AB08\" \/><div class=\"caption-wrap\"><div class=\"caption\">Philippe Voivenel<\/div><\/div><\/a><\/li>\n            <li style='display: none;' aria-roledescription='slide' aria-labelledby='slide-8'><a href=\"http:\/\/lorrylesmetz-histoire.fr\/wp-content\/uploads\/2022\/04\/AB09.jpg\" target=\"_blank\"><img loading=\"lazy\" decoding=\"async\" src=\"http:\/\/lorrylesmetz-histoire.fr\/wp-content\/uploads\/2022\/04\/AB09-800x800.jpg\" height=\"800\" width=\"800\" alt=\"\" class=\"slider-6333 slide-6366 msDefaultImage\" title=\"AB09\" \/><div class=\"caption-wrap\"><div class=\"caption\">Le spectacle tir\u00e9 de L\u2019ind\u00e9sirable<\/div><\/div><\/a><\/li>\n            <li style='display: none;' aria-roledescription='slide' aria-labelledby='slide-9'><a href=\"http:\/\/lorrylesmetz-histoire.fr\/wp-content\/uploads\/2022\/04\/AB10.jpg\" target=\"_blank\"><img loading=\"lazy\" decoding=\"async\" src=\"http:\/\/lorrylesmetz-histoire.fr\/wp-content\/uploads\/2022\/04\/AB10-800x800.jpg\" height=\"800\" width=\"800\" alt=\"\" class=\"slider-6333 slide-6367 msDefaultImage\" title=\"AB10\" \/><\/a><\/li>\n            <li style='display: none;' aria-roledescription='slide' aria-labelledby='slide-10'><a href=\"http:\/\/lorrylesmetz-histoire.fr\/wp-content\/uploads\/2022\/04\/AB11.jpg\" target=\"_blank\"><img loading=\"lazy\" decoding=\"async\" src=\"http:\/\/lorrylesmetz-histoire.fr\/wp-content\/uploads\/2022\/04\/AB11-800x800.jpg\" height=\"800\" width=\"800\" alt=\"\" class=\"slider-6333 slide-6368 msDefaultImage\" title=\"AB11\" \/><\/a><\/li>\n            <li style='display: none;' aria-roledescription='slide' aria-labelledby='slide-11'><a href=\"http:\/\/lorrylesmetz-histoire.fr\/wp-content\/uploads\/2022\/04\/AB12.jpg\" target=\"_blank\"><img loading=\"lazy\" decoding=\"async\" src=\"http:\/\/lorrylesmetz-histoire.fr\/wp-content\/uploads\/2022\/04\/AB12-800x800.jpg\" height=\"800\" width=\"800\" alt=\"\" class=\"slider-6333 slide-6369 msDefaultImage\" title=\"AB12\" \/><div class=\"caption-wrap\"><div class=\"caption\">Pierre Brasme f\u00e9licite les com\u00e9diens<\/div><\/div><\/a><\/li>\n            <li style='display: none;' aria-roledescription='slide' aria-labelledby='slide-12'><a href=\"http:\/\/lorrylesmetz-histoire.fr\/wp-content\/uploads\/2022\/04\/AB13.jpg\" target=\"_blank\"><img loading=\"lazy\" decoding=\"async\" src=\"http:\/\/lorrylesmetz-histoire.fr\/wp-content\/uploads\/2022\/04\/AB13-800x800.jpg\" height=\"800\" width=\"800\" alt=\"\" class=\"slider-6333 slide-6370 msDefaultImage\" title=\"AB13\" \/><div class=\"caption-wrap\"><div class=\"caption\">Patrick Thil<\/div><\/div><\/a><\/li>\n            <li style='display: none;' aria-roledescription='slide' aria-labelledby='slide-13'><a href=\"http:\/\/lorrylesmetz-histoire.fr\/wp-content\/uploads\/2022\/04\/AB14.jpg\" target=\"_blank\"><img loading=\"lazy\" decoding=\"async\" src=\"http:\/\/lorrylesmetz-histoire.fr\/wp-content\/uploads\/2022\/04\/AB14-800x800.jpg\" height=\"800\" width=\"800\" alt=\"\" class=\"slider-6333 slide-6371 msDefaultImage\" title=\"AB14\" \/><div class=\"caption-wrap\"><div class=\"caption\">S\u00e9bastien Wagner<\/div><\/div><\/a><\/li>\n            <li style='display: none;' aria-roledescription='slide' aria-labelledby='slide-14'><a href=\"http:\/\/lorrylesmetz-histoire.fr\/wp-content\/uploads\/2022\/04\/AB15.jpg\" target=\"_blank\"><img loading=\"lazy\" decoding=\"async\" src=\"http:\/\/lorrylesmetz-histoire.fr\/wp-content\/uploads\/2022\/04\/AB15-800x800.jpg\" height=\"800\" width=\"800\" alt=\"\" class=\"slider-6333 slide-6372 msDefaultImage\" title=\"AB15\" \/><div class=\"caption-wrap\"><div class=\"caption\">Philippe Brunella<\/div><\/div><\/a><\/li>\n            <li style='display: none;' aria-roledescription='slide' aria-labelledby='slide-15'><a href=\"http:\/\/lorrylesmetz-histoire.fr\/wp-content\/uploads\/2022\/04\/AB16.jpg\" target=\"_blank\"><img loading=\"lazy\" decoding=\"async\" src=\"http:\/\/lorrylesmetz-histoire.fr\/wp-content\/uploads\/2022\/04\/AB16-800x800.jpg\" height=\"800\" width=\"800\" alt=\"\" class=\"slider-6333 slide-6373 msDefaultImage\" title=\"AB16\" \/><div class=\"caption-wrap\"><div class=\"caption\">Philippe Brunella<\/div><\/div><\/a><\/li>\n            <li style='display: none;' aria-roledescription='slide' aria-labelledby='slide-16'><a href=\"http:\/\/lorrylesmetz-histoire.fr\/wp-content\/uploads\/2022\/04\/AB17.jpg\" target=\"_blank\"><img loading=\"lazy\" decoding=\"async\" src=\"http:\/\/lorrylesmetz-histoire.fr\/wp-content\/uploads\/2022\/04\/AB17-800x800.jpg\" height=\"800\" width=\"800\" alt=\"\" class=\"slider-6333 slide-6374 msDefaultImage\" title=\"AB17\" \/><\/a><\/li>\n            <li style='display: none;' aria-roledescription='slide' aria-labelledby='slide-17'><a href=\"http:\/\/lorrylesmetz-histoire.fr\/wp-content\/uploads\/2022\/04\/AB18.jpg\" target=\"_blank\"><img loading=\"lazy\" decoding=\"async\" src=\"http:\/\/lorrylesmetz-histoire.fr\/wp-content\/uploads\/2022\/04\/AB18-800x800.jpg\" height=\"800\" width=\"800\" alt=\"\" class=\"slider-6333 slide-6375 msDefaultImage\" title=\"AB18\" \/><div class=\"caption-wrap\"><div class=\"caption\">Yvette Illy<\/div><\/div><\/a><\/li>\n            <li style='display: none;' aria-roledescription='slide' aria-labelledby='slide-18'><a href=\"http:\/\/lorrylesmetz-histoire.fr\/wp-content\/uploads\/2022\/04\/AB19.jpg\" target=\"_blank\"><img loading=\"lazy\" decoding=\"async\" src=\"http:\/\/lorrylesmetz-histoire.fr\/wp-content\/uploads\/2022\/04\/AB19-800x800.jpg\" height=\"800\" width=\"800\" alt=\"\" class=\"slider-6333 slide-6376 msDefaultImage\" title=\"AB19\" \/><\/a><\/li>\n            <li style='display: none;' aria-roledescription='slide' aria-labelledby='slide-19'><a href=\"http:\/\/lorrylesmetz-histoire.fr\/wp-content\/uploads\/2022\/04\/AB20.jpg\" target=\"_blank\"><img loading=\"lazy\" decoding=\"async\" src=\"http:\/\/lorrylesmetz-histoire.fr\/wp-content\/uploads\/2022\/04\/AB20-800x800.jpg\" height=\"800\" width=\"800\" alt=\"\" class=\"slider-6333 slide-6377 msDefaultImage\" title=\"AB20\" \/><\/a><\/li>\n            <li style='display: none;' aria-roledescription='slide' aria-labelledby='slide-20'><a href=\"http:\/\/lorrylesmetz-histoire.fr\/wp-content\/uploads\/2022\/04\/AB21.jpg\" target=\"_blank\"><img loading=\"lazy\" decoding=\"async\" src=\"http:\/\/lorrylesmetz-histoire.fr\/wp-content\/uploads\/2022\/04\/AB21-800x800.jpg\" height=\"800\" width=\"800\" alt=\"\" class=\"slider-6333 slide-6378 msDefaultImage\" title=\"AB21\" \/><div class=\"caption-wrap\"><div class=\"caption\">Philippe Wilmouth<\/div><\/div><\/a><\/li>\n            <li style='display: none;' aria-roledescription='slide' aria-labelledby='slide-21'><a href=\"http:\/\/lorrylesmetz-histoire.fr\/wp-content\/uploads\/2022\/04\/AB22.jpg\" target=\"_blank\"><img loading=\"lazy\" decoding=\"async\" src=\"http:\/\/lorrylesmetz-histoire.fr\/wp-content\/uploads\/2022\/04\/AB22-800x800.jpg\" height=\"800\" width=\"800\" alt=\"\" class=\"slider-6333 slide-6379 msDefaultImage\" title=\"AB22\" \/><div class=\"caption-wrap\"><div class=\"caption\">Lucien Arz<\/div><\/div><\/a><\/li>\n            <li style='display: none;' aria-roledescription='slide' aria-labelledby='slide-22'><a href=\"http:\/\/lorrylesmetz-histoire.fr\/wp-content\/uploads\/2022\/04\/AB23.jpg\" target=\"_self\"><img loading=\"lazy\" decoding=\"async\" src=\"http:\/\/lorrylesmetz-histoire.fr\/wp-content\/uploads\/2022\/04\/AB23-800x800.jpg\" height=\"800\" width=\"800\" alt=\"\" class=\"slider-6333 slide-6380 msDefaultImage\" title=\"AB23\" \/><div class=\"caption-wrap\"><div class=\"caption\">Robert Habermann<\/div><\/div><\/a><\/li>\n        <\/ul>\n        \n    <\/div>\n<\/div>\n<p><a href=\"http:\/\/lorrylesmetz-histoire.fr\/?page_id=6222\"><img loading=\"lazy\" decoding=\"async\" class=\"alignnone size-full wp-image-378\" src=\"http:\/\/lorrylesmetz-histoire.fr\/wp-content\/uploads\/2017\/05\/retour.png\" alt=\"\" width=\"89\" height=\"31\" \/><\/a><\/p>\n<p>&nbsp;<\/p>\n","protected":false},"excerpt":{"rendered":"<p>9 avril 2022 Lorry-l\u00e8s-Metz \u00ab\u00a0au fil du temps\u00a0\u00bb \u00e9tait pr\u00e9sent au colloque du Comit\u00e9 d\u2019histoire du Pays messin (CHPM) qui s\u2019est tenu le 9\u00a0avril au grenier de Ch\u00e8vremont, au mus\u00e9e de la Cour d\u2019Or. Philippe Brunella, conservateur en chef du&hellip; <\/p>\n","protected":false},"author":1,"featured_media":0,"parent":6222,"menu_order":2,"comment_status":"closed","ping_status":"closed","template":"","meta":{"_mc_calendar":[],"footnotes":""},"class_list":["post-6381","page","type-page","status-publish","hentry"],"_links":{"self":[{"href":"http:\/\/lorrylesmetz-histoire.fr\/index.php?rest_route=\/wp\/v2\/pages\/6381","targetHints":{"allow":["GET"]}}],"collection":[{"href":"http:\/\/lorrylesmetz-histoire.fr\/index.php?rest_route=\/wp\/v2\/pages"}],"about":[{"href":"http:\/\/lorrylesmetz-histoire.fr\/index.php?rest_route=\/wp\/v2\/types\/page"}],"author":[{"embeddable":true,"href":"http:\/\/lorrylesmetz-histoire.fr\/index.php?rest_route=\/wp\/v2\/users\/1"}],"replies":[{"embeddable":true,"href":"http:\/\/lorrylesmetz-histoire.fr\/index.php?rest_route=%2Fwp%2Fv2%2Fcomments&post=6381"}],"version-history":[{"count":2,"href":"http:\/\/lorrylesmetz-histoire.fr\/index.php?rest_route=\/wp\/v2\/pages\/6381\/revisions"}],"predecessor-version":[{"id":6383,"href":"http:\/\/lorrylesmetz-histoire.fr\/index.php?rest_route=\/wp\/v2\/pages\/6381\/revisions\/6383"}],"up":[{"embeddable":true,"href":"http:\/\/lorrylesmetz-histoire.fr\/index.php?rest_route=\/wp\/v2\/pages\/6222"}],"wp:attachment":[{"href":"http:\/\/lorrylesmetz-histoire.fr\/index.php?rest_route=%2Fwp%2Fv2%2Fmedia&parent=6381"}],"curies":[{"name":"wp","href":"https:\/\/api.w.org\/{rel}","templated":true}]}}