{"id":6434,"date":"2022-05-02T08:49:40","date_gmt":"2022-05-02T06:49:40","guid":{"rendered":"http:\/\/lorrylesmetz-histoire.fr\/?page_id=6434"},"modified":"2022-05-02T09:03:05","modified_gmt":"2022-05-02T07:03:05","slug":"a-01","status":"publish","type":"page","link":"http:\/\/lorrylesmetz-histoire.fr\/?page_id=6434","title":{"rendered":"A G Les amis du temple de Longeville"},"content":{"rendered":"<h2>27 avril 2022<\/h2>\n<p>Lorry-l\u00e8s-Metz \u00ab au fil du temps \u00bb \u00e9tait \u00e0 l\u2019assembl\u00e9e g\u00e9n\u00e9rale de l\u2019association \u00ab Les amis du temple de Longeville \u00bb. L\u2019activit\u00e9 de l\u2019association s\u2019est concentr\u00e9e sur la remise en \u00e9tat de l\u2019orgue, chantier quasiment achev\u00e9. Des explications de l&rsquo;orgue ont \u00e9t\u00e9 donn\u00e9es par Robert Sigwalt, conseiller technique.<\/p>\n<p>Photos G\u00e9rard Kester<\/p>\n<div id=\"metaslider-id-6409\" style=\"width: 100%; margin: 0 auto;\" class=\"ml-slider-3-108-0 metaslider metaslider-responsive metaslider-6409 ml-slider has-dots-nav ms-theme-default\" role=\"region\" aria-label=\"AG ATL 2022\" data-height=\"800\" data-width=\"800\">\n    <div id=\"metaslider_container_6409\">\n        <ul id='metaslider_6409' class='rslides'>\n            <li aria-roledescription='slide' aria-labelledby='slide-0'><a href=\"http:\/\/lorrylesmetz-histoire.fr\/wp-content\/uploads\/2022\/05\/BA-034.jpg\" target=\"_blank\"><img loading=\"lazy\" decoding=\"async\" src=\"http:\/\/lorrylesmetz-histoire.fr\/wp-content\/uploads\/2022\/05\/BA-034-800x800.jpg\" height=\"800\" width=\"800\" alt=\"\" class=\"slider-6409 slide-6410 msDefaultImage\" title=\"BA 034\" \/><\/a><\/li>\n            <li style='display: none;' aria-roledescription='slide' aria-labelledby='slide-1'><a href=\"http:\/\/lorrylesmetz-histoire.fr\/wp-content\/uploads\/2022\/05\/BA-035.jpg\" target=\"_blank\"><img loading=\"lazy\" decoding=\"async\" src=\"http:\/\/lorrylesmetz-histoire.fr\/wp-content\/uploads\/2022\/05\/BA-035-800x800.jpg\" height=\"800\" width=\"800\" alt=\"\" class=\"slider-6409 slide-6411 msDefaultImage\" title=\"BA 035\" \/><\/a><\/li>\n            <li style='display: none;' aria-roledescription='slide' aria-labelledby='slide-2'><a href=\"http:\/\/lorrylesmetz-histoire.fr\/wp-content\/uploads\/2022\/05\/BA-036.jpg\" target=\"_blank\"><img loading=\"lazy\" decoding=\"async\" src=\"http:\/\/lorrylesmetz-histoire.fr\/wp-content\/uploads\/2022\/05\/BA-036-800x800.jpg\" height=\"800\" width=\"800\" alt=\"\" class=\"slider-6409 slide-6412 msDefaultImage\" title=\"BA 036\" \/><\/a><\/li>\n            <li style='display: none;' aria-roledescription='slide' aria-labelledby='slide-3'><a href=\"http:\/\/lorrylesmetz-histoire.fr\/wp-content\/uploads\/2022\/05\/BA-037.jpg\" target=\"_blank\"><img loading=\"lazy\" decoding=\"async\" src=\"http:\/\/lorrylesmetz-histoire.fr\/wp-content\/uploads\/2022\/05\/BA-037-800x800.jpg\" height=\"800\" width=\"800\" alt=\"\" class=\"slider-6409 slide-6413 msDefaultImage\" title=\"BA 037\" \/><\/a><\/li>\n            <li style='display: none;' aria-roledescription='slide' aria-labelledby='slide-4'><a href=\"http:\/\/lorrylesmetz-histoire.fr\/wp-content\/uploads\/2022\/05\/BA-038.jpg\" target=\"_blank\"><img loading=\"lazy\" decoding=\"async\" src=\"http:\/\/lorrylesmetz-histoire.fr\/wp-content\/uploads\/2022\/05\/BA-038-800x800.jpg\" height=\"800\" width=\"800\" alt=\"\" class=\"slider-6409 slide-6414 msDefaultImage\" title=\"BA 038\" \/><\/a><\/li>\n            <li style='display: none;' aria-roledescription='slide' aria-labelledby='slide-5'><a href=\"http:\/\/lorrylesmetz-histoire.fr\/wp-content\/uploads\/2022\/05\/BA-039.jpg\" target=\"_blank\"><img loading=\"lazy\" decoding=\"async\" src=\"http:\/\/lorrylesmetz-histoire.fr\/wp-content\/uploads\/2022\/05\/BA-039-800x800.jpg\" height=\"800\" width=\"800\" alt=\"\" class=\"slider-6409 slide-6415 msDefaultImage\" title=\"BA 039\" \/><\/a><\/li>\n            <li style='display: none;' aria-roledescription='slide' aria-labelledby='slide-6'><a href=\"http:\/\/lorrylesmetz-histoire.fr\/wp-content\/uploads\/2022\/05\/BA-040.jpg\" target=\"_blank\"><img loading=\"lazy\" decoding=\"async\" src=\"http:\/\/lorrylesmetz-histoire.fr\/wp-content\/uploads\/2022\/05\/BA-040-800x800.jpg\" height=\"800\" width=\"800\" alt=\"\" class=\"slider-6409 slide-6416 msDefaultImage\" title=\"BA 040\" \/><\/a><\/li>\n            <li style='display: none;' aria-roledescription='slide' aria-labelledby='slide-7'><a href=\"http:\/\/lorrylesmetz-histoire.fr\/wp-content\/uploads\/2022\/05\/BA-041.jpg\" target=\"_blank\"><img loading=\"lazy\" decoding=\"async\" src=\"http:\/\/lorrylesmetz-histoire.fr\/wp-content\/uploads\/2022\/05\/BA-041-800x800.jpg\" height=\"800\" width=\"800\" alt=\"\" class=\"slider-6409 slide-6417 msDefaultImage\" title=\"BA 041\" \/><\/a><\/li>\n        <\/ul>\n        \n    <\/div>\n<\/div>\n<p>&nbsp;<\/p>\n<p><strong><a href=\"http:\/\/lorrylesmetz-histoire.fr\/?page_id=6222\"><img loading=\"lazy\" decoding=\"async\" class=\"alignnone size-full wp-image-378\" src=\"http:\/\/lorrylesmetz-histoire.fr\/wp-content\/uploads\/2017\/05\/retour.png\" alt=\"\" width=\"89\" height=\"31\" \/><\/a><\/strong><\/p>\n","protected":false},"excerpt":{"rendered":"<p>27 avril 2022 Lorry-l\u00e8s-Metz \u00ab au fil du temps \u00bb \u00e9tait \u00e0 l\u2019assembl\u00e9e g\u00e9n\u00e9rale de l\u2019association \u00ab Les amis du temple de Longeville \u00bb. L\u2019activit\u00e9 de l\u2019association s\u2019est concentr\u00e9e sur la remise en \u00e9tat de l\u2019orgue, chantier quasiment achev\u00e9. Des&hellip; <\/p>\n","protected":false},"author":1,"featured_media":0,"parent":6222,"menu_order":3,"comment_status":"closed","ping_status":"closed","template":"","meta":{"_mc_calendar":[],"footnotes":""},"class_list":["post-6434","page","type-page","status-publish","hentry"],"_links":{"self":[{"href":"http:\/\/lorrylesmetz-histoire.fr\/index.php?rest_route=\/wp\/v2\/pages\/6434","targetHints":{"allow":["GET"]}}],"collection":[{"href":"http:\/\/lorrylesmetz-histoire.fr\/index.php?rest_route=\/wp\/v2\/pages"}],"about":[{"href":"http:\/\/lorrylesmetz-histoire.fr\/index.php?rest_route=\/wp\/v2\/types\/page"}],"author":[{"embeddable":true,"href":"http:\/\/lorrylesmetz-histoire.fr\/index.php?rest_route=\/wp\/v2\/users\/1"}],"replies":[{"embeddable":true,"href":"http:\/\/lorrylesmetz-histoire.fr\/index.php?rest_route=%2Fwp%2Fv2%2Fcomments&post=6434"}],"version-history":[{"count":2,"href":"http:\/\/lorrylesmetz-histoire.fr\/index.php?rest_route=\/wp\/v2\/pages\/6434\/revisions"}],"predecessor-version":[{"id":6437,"href":"http:\/\/lorrylesmetz-histoire.fr\/index.php?rest_route=\/wp\/v2\/pages\/6434\/revisions\/6437"}],"up":[{"embeddable":true,"href":"http:\/\/lorrylesmetz-histoire.fr\/index.php?rest_route=\/wp\/v2\/pages\/6222"}],"wp:attachment":[{"href":"http:\/\/lorrylesmetz-histoire.fr\/index.php?rest_route=%2Fwp%2Fv2%2Fmedia&parent=6434"}],"curies":[{"name":"wp","href":"https:\/\/api.w.org\/{rel}","templated":true}]}}