{"id":6479,"date":"2022-10-16T18:09:25","date_gmt":"2022-10-16T16:09:25","guid":{"rendered":"http:\/\/lorrylesmetz-histoire.fr\/?page_id=6479"},"modified":"2022-10-16T18:09:25","modified_gmt":"2022-10-16T16:09:25","slug":"exposition-20-ans","status":"publish","type":"page","link":"http:\/\/lorrylesmetz-histoire.fr\/?page_id=6479","title":{"rendered":"Exposition 20 ans"},"content":{"rendered":"<h2>25\u00a0septembre\u00a02022<\/h2>\n<p>Une belle exposition a \u00e9t\u00e9 r\u00e9alis\u00e9e pour f\u00eater les 20\u00a0ans de Lorry-l\u00e8s-Metz \u00ab\u00a0au fil du temps\u00a0\u00bb. Chacun a pu avoir les explications qu\u2019il souhaitait sur l\u2019association, ses travaux, ses r\u00e9alisations et ses collaborations\u00a0: public, tr\u00e8s concern\u00e9 et int\u00e9ress\u00e9.<\/p>\n<p>\u00c9tait programm\u00e9e une excellente conf\u00e9rence de Sophie\u00a0Cr\u00e9ty sur Am\u00e9lie\u00a0Valentino, femme peintre de la Belle\u00a0\u00c9poque. Apr\u00e8s la communication, la pr\u00e9sidente, Claudine Kester-ElGhozi a sensibilis\u00e9 le public sur la possession lorriote d\u2019une \u0153uvre picturale m\u00e9connue d\u2019Am\u00e9lie\u00a0Valentino\u2009; un d\u00e9bat s\u2019est install\u00e9 sur le devenir du tableau, tant au niveau de la restauration que de l\u2019exposition permanente.<\/p>\n<p>Elle a rappel\u00e9 que la mission d\u2019une association d\u2019histoire n\u2019\u00e9tait pas seulement de raconter les m\u00e9moires villageoises, mais de veiller \u00e0 la protection et la sauvegarde du patrimoine.<\/p>\n<p>Un verre de l\u2019amiti\u00e9 (ENFIN\u2009!) a r\u00e9uni le public, les membres du comit\u00e9 et l\u2019intervenante\u2009; on sentait la grande joie des retrouvailles, des \u00e9changes dont les temps r\u00e9cents nous avaient priv\u00e9s.<\/p>\n<p>La pr\u00e9sidente renouvelle ses remerciements \u00e0 la formidable \u00e9quipe qui l\u2019accompagne, la soutenant dans ses objectifs et leur r\u00e9alisation.<\/p>\n<div id=\"metaslider-id-6520\" style=\"width: 100%; margin: 0 auto;\" class=\"ml-slider-3-108-0 metaslider metaslider-responsive metaslider-6520 ml-slider has-dots-nav ms-theme-default\" role=\"region\" aria-label=\"Expo 20 ans\" data-height=\"800\" data-width=\"800\">\n    <div id=\"metaslider_container_6520\">\n        <ul id='metaslider_6520' class='rslides'>\n            <li aria-roledescription='slide' aria-labelledby='slide-0'><a href=\"http:\/\/lorrylesmetz-histoire.fr\/wp-content\/uploads\/2022\/10\/A01.jpg\" target=\"_blank\"><img loading=\"lazy\" decoding=\"async\" src=\"http:\/\/lorrylesmetz-histoire.fr\/wp-content\/uploads\/2022\/10\/A01-800x800.jpg\" height=\"800\" width=\"800\" alt=\"\" class=\"slider-6520 slide-6521 msDefaultImage\" title=\"A01\" \/><\/a><\/li>\n            <li style='display: none;' aria-roledescription='slide' aria-labelledby='slide-1'><a href=\"http:\/\/lorrylesmetz-histoire.fr\/wp-content\/uploads\/2022\/10\/A02.jpg\" target=\"_blank\"><img loading=\"lazy\" decoding=\"async\" src=\"http:\/\/lorrylesmetz-histoire.fr\/wp-content\/uploads\/2022\/10\/A02-800x800.jpg\" height=\"800\" width=\"800\" alt=\"\" class=\"slider-6520 slide-6522 msDefaultImage\" title=\"A02\" \/><\/a><\/li>\n            <li style='display: none;' aria-roledescription='slide' aria-labelledby='slide-2'><a href=\"http:\/\/lorrylesmetz-histoire.fr\/wp-content\/uploads\/2022\/10\/A03.jpg\" target=\"_blank\"><img loading=\"lazy\" decoding=\"async\" src=\"http:\/\/lorrylesmetz-histoire.fr\/wp-content\/uploads\/2022\/10\/A03-800x800.jpg\" height=\"800\" width=\"800\" alt=\"\" class=\"slider-6520 slide-6523 msDefaultImage\" title=\"A03\" \/><\/a><\/li>\n            <li style='display: none;' aria-roledescription='slide' aria-labelledby='slide-3'><a href=\"http:\/\/lorrylesmetz-histoire.fr\/wp-content\/uploads\/2022\/10\/A04.jpg\" target=\"_blank\"><img loading=\"lazy\" decoding=\"async\" src=\"http:\/\/lorrylesmetz-histoire.fr\/wp-content\/uploads\/2022\/10\/A04-800x800.jpg\" height=\"800\" width=\"800\" alt=\"\" class=\"slider-6520 slide-6524 msDefaultImage\" title=\"A04\" \/><\/a><\/li>\n            <li style='display: none;' aria-roledescription='slide' aria-labelledby='slide-4'><a href=\"http:\/\/lorrylesmetz-histoire.fr\/wp-content\/uploads\/2022\/10\/A05.jpg\" target=\"_blank\"><img loading=\"lazy\" decoding=\"async\" src=\"http:\/\/lorrylesmetz-histoire.fr\/wp-content\/uploads\/2022\/10\/A05-800x800.jpg\" height=\"800\" width=\"800\" alt=\"\" class=\"slider-6520 slide-6525 msDefaultImage\" title=\"A05\" \/><\/a><\/li>\n            <li style='display: none;' aria-roledescription='slide' aria-labelledby='slide-5'><a href=\"http:\/\/lorrylesmetz-histoire.fr\/wp-content\/uploads\/2022\/10\/A06.jpg\" target=\"_blank\"><img loading=\"lazy\" decoding=\"async\" src=\"http:\/\/lorrylesmetz-histoire.fr\/wp-content\/uploads\/2022\/10\/A06-800x800.jpg\" height=\"800\" width=\"800\" alt=\"\" class=\"slider-6520 slide-6526 msDefaultImage\" title=\"A06\" \/><\/a><\/li>\n            <li style='display: none;' aria-roledescription='slide' aria-labelledby='slide-6'><a href=\"http:\/\/lorrylesmetz-histoire.fr\/wp-content\/uploads\/2022\/10\/A07.jpg\" target=\"_blank\"><img loading=\"lazy\" decoding=\"async\" src=\"http:\/\/lorrylesmetz-histoire.fr\/wp-content\/uploads\/2022\/10\/A07-800x800.jpg\" height=\"800\" width=\"800\" alt=\"\" class=\"slider-6520 slide-6527 msDefaultImage\" title=\"A07\" \/><\/a><\/li>\n            <li style='display: none;' aria-roledescription='slide' aria-labelledby='slide-7'><a href=\"http:\/\/lorrylesmetz-histoire.fr\/wp-content\/uploads\/2022\/10\/A08.jpg\" target=\"_blank\"><img loading=\"lazy\" decoding=\"async\" src=\"http:\/\/lorrylesmetz-histoire.fr\/wp-content\/uploads\/2022\/10\/A08-800x800.jpg\" height=\"800\" width=\"800\" alt=\"\" class=\"slider-6520 slide-6528 msDefaultImage\" title=\"A08\" \/><\/a><\/li>\n            <li style='display: none;' aria-roledescription='slide' aria-labelledby='slide-8'><a href=\"http:\/\/lorrylesmetz-histoire.fr\/wp-content\/uploads\/2022\/10\/A09.jpg\" target=\"_blank\"><img loading=\"lazy\" decoding=\"async\" src=\"http:\/\/lorrylesmetz-histoire.fr\/wp-content\/uploads\/2022\/10\/A09-800x800.jpg\" height=\"800\" width=\"800\" alt=\"\" class=\"slider-6520 slide-6529 msDefaultImage\" title=\"A09\" \/><\/a><\/li>\n            <li style='display: none;' aria-roledescription='slide' aria-labelledby='slide-9'><a href=\"http:\/\/lorrylesmetz-histoire.fr\/wp-content\/uploads\/2022\/10\/A10.jpg\" target=\"_blank\"><img loading=\"lazy\" decoding=\"async\" src=\"http:\/\/lorrylesmetz-histoire.fr\/wp-content\/uploads\/2022\/10\/A10-800x800.jpg\" height=\"800\" width=\"800\" alt=\"\" class=\"slider-6520 slide-6530 msDefaultImage\" title=\"A10\" \/><\/a><\/li>\n            <li style='display: none;' aria-roledescription='slide' aria-labelledby='slide-10'><a href=\"http:\/\/lorrylesmetz-histoire.fr\/wp-content\/uploads\/2022\/10\/A11.jpg\" target=\"_blank\"><img loading=\"lazy\" decoding=\"async\" src=\"http:\/\/lorrylesmetz-histoire.fr\/wp-content\/uploads\/2022\/10\/A11-800x800.jpg\" height=\"800\" width=\"800\" alt=\"\" class=\"slider-6520 slide-6531 msDefaultImage\" title=\"A11\" \/><\/a><\/li>\n            <li style='display: none;' aria-roledescription='slide' aria-labelledby='slide-11'><a href=\"http:\/\/lorrylesmetz-histoire.fr\/wp-content\/uploads\/2022\/10\/A12.jpg\" target=\"_blank\"><img loading=\"lazy\" decoding=\"async\" src=\"http:\/\/lorrylesmetz-histoire.fr\/wp-content\/uploads\/2022\/10\/A12-800x800.jpg\" height=\"800\" width=\"800\" alt=\"\" class=\"slider-6520 slide-6532 msDefaultImage\" title=\"A12\" \/><\/a><\/li>\n            <li style='display: none;' aria-roledescription='slide' aria-labelledby='slide-12'><a href=\"http:\/\/lorrylesmetz-histoire.fr\/wp-content\/uploads\/2022\/10\/A13.jpg\" target=\"_blank\"><img loading=\"lazy\" decoding=\"async\" src=\"http:\/\/lorrylesmetz-histoire.fr\/wp-content\/uploads\/2022\/10\/A13-800x800.jpg\" height=\"800\" width=\"800\" alt=\"\" class=\"slider-6520 slide-6533 msDefaultImage\" title=\"A13\" \/><\/a><\/li>\n            <li style='display: none;' aria-roledescription='slide' aria-labelledby='slide-13'><a href=\"http:\/\/lorrylesmetz-histoire.fr\/wp-content\/uploads\/2022\/10\/A14.jpg\" target=\"_blank\"><img loading=\"lazy\" decoding=\"async\" src=\"http:\/\/lorrylesmetz-histoire.fr\/wp-content\/uploads\/2022\/10\/A14-800x800.jpg\" height=\"800\" width=\"800\" alt=\"\" class=\"slider-6520 slide-6534 msDefaultImage\" title=\"A14\" \/><\/a><\/li>\n            <li style='display: none;' aria-roledescription='slide' aria-labelledby='slide-14'><a href=\"http:\/\/lorrylesmetz-histoire.fr\/wp-content\/uploads\/2022\/10\/A15.jpg\" target=\"_blank\"><img loading=\"lazy\" decoding=\"async\" src=\"http:\/\/lorrylesmetz-histoire.fr\/wp-content\/uploads\/2022\/10\/A15-800x800.jpg\" height=\"800\" width=\"800\" alt=\"\" class=\"slider-6520 slide-6535 msDefaultImage\" title=\"A15\" \/><\/a><\/li>\n            <li style='display: none;' aria-roledescription='slide' aria-labelledby='slide-15'><a href=\"http:\/\/lorrylesmetz-histoire.fr\/wp-content\/uploads\/2022\/10\/A16.jpg\" target=\"_blank\"><img loading=\"lazy\" decoding=\"async\" src=\"http:\/\/lorrylesmetz-histoire.fr\/wp-content\/uploads\/2022\/10\/A16-800x800.jpg\" height=\"800\" width=\"800\" alt=\"\" class=\"slider-6520 slide-6536 msDefaultImage\" title=\"A16\" \/><\/a><\/li>\n            <li style='display: none;' aria-roledescription='slide' aria-labelledby='slide-16'><a href=\"http:\/\/lorrylesmetz-histoire.fr\/wp-content\/uploads\/2022\/10\/A17.jpg\" target=\"_blank\"><img loading=\"lazy\" decoding=\"async\" src=\"http:\/\/lorrylesmetz-histoire.fr\/wp-content\/uploads\/2022\/10\/A17-800x800.jpg\" height=\"800\" width=\"800\" alt=\"\" class=\"slider-6520 slide-6537 msDefaultImage\" title=\"A17\" \/><\/a><\/li>\n            <li style='display: none;' aria-roledescription='slide' aria-labelledby='slide-17'><a href=\"http:\/\/lorrylesmetz-histoire.fr\/wp-content\/uploads\/2022\/10\/A18.jpg\" target=\"_blank\"><img loading=\"lazy\" decoding=\"async\" src=\"http:\/\/lorrylesmetz-histoire.fr\/wp-content\/uploads\/2022\/10\/A18-800x800.jpg\" height=\"800\" width=\"800\" alt=\"\" class=\"slider-6520 slide-6538 msDefaultImage\" title=\"A18\" \/><\/a><\/li>\n            <li style='display: none;' aria-roledescription='slide' aria-labelledby='slide-18'><a href=\"http:\/\/lorrylesmetz-histoire.fr\/wp-content\/uploads\/2022\/10\/A19.jpg\" target=\"_blank\"><img loading=\"lazy\" decoding=\"async\" src=\"http:\/\/lorrylesmetz-histoire.fr\/wp-content\/uploads\/2022\/10\/A19-800x800.jpg\" height=\"800\" width=\"800\" alt=\"\" class=\"slider-6520 slide-6539 msDefaultImage\" title=\"A19\" \/><\/a><\/li>\n            <li style='display: none;' aria-roledescription='slide' aria-labelledby='slide-19'><a href=\"http:\/\/lorrylesmetz-histoire.fr\/wp-content\/uploads\/2022\/10\/A20.jpg\" target=\"_blank\"><img loading=\"lazy\" decoding=\"async\" src=\"http:\/\/lorrylesmetz-histoire.fr\/wp-content\/uploads\/2022\/10\/A20-800x800.jpg\" height=\"800\" width=\"800\" alt=\"\" class=\"slider-6520 slide-6540 msDefaultImage\" title=\"A20\" \/><\/a><\/li>\n            <li style='display: none;' aria-roledescription='slide' aria-labelledby='slide-20'><a href=\"http:\/\/lorrylesmetz-histoire.fr\/wp-content\/uploads\/2022\/10\/A21.jpg\" target=\"_blank\"><img loading=\"lazy\" decoding=\"async\" src=\"http:\/\/lorrylesmetz-histoire.fr\/wp-content\/uploads\/2022\/10\/A21-800x800.jpg\" height=\"800\" width=\"800\" alt=\"\" class=\"slider-6520 slide-6541 msDefaultImage\" title=\"A21\" \/><\/a><\/li>\n            <li style='display: none;' aria-roledescription='slide' aria-labelledby='slide-21'><a href=\"http:\/\/lorrylesmetz-histoire.fr\/wp-content\/uploads\/2022\/10\/A22.jpg\" target=\"_blank\"><img loading=\"lazy\" decoding=\"async\" src=\"http:\/\/lorrylesmetz-histoire.fr\/wp-content\/uploads\/2022\/10\/A22-800x800.jpg\" height=\"800\" width=\"800\" alt=\"\" class=\"slider-6520 slide-6542 msDefaultImage\" title=\"A22\" \/><\/a><\/li>\n            <li style='display: none;' aria-roledescription='slide' aria-labelledby='slide-22'><a href=\"http:\/\/lorrylesmetz-histoire.fr\/wp-content\/uploads\/2022\/10\/A23.jpg\" target=\"_blank\"><img loading=\"lazy\" decoding=\"async\" src=\"http:\/\/lorrylesmetz-histoire.fr\/wp-content\/uploads\/2022\/10\/A23-800x800.jpg\" height=\"800\" width=\"800\" alt=\"\" class=\"slider-6520 slide-6543 msDefaultImage\" title=\"A23\" \/><\/a><\/li>\n            <li style='display: none;' aria-roledescription='slide' aria-labelledby='slide-23'><a href=\"http:\/\/lorrylesmetz-histoire.fr\/wp-content\/uploads\/2022\/10\/A24.jpg\" target=\"_blank\"><img loading=\"lazy\" decoding=\"async\" src=\"http:\/\/lorrylesmetz-histoire.fr\/wp-content\/uploads\/2022\/10\/A24-800x800.jpg\" height=\"800\" width=\"800\" alt=\"\" class=\"slider-6520 slide-6544 msDefaultImage\" title=\"A24\" \/><\/a><\/li>\n            <li style='display: none;' aria-roledescription='slide' aria-labelledby='slide-24'><a href=\"http:\/\/lorrylesmetz-histoire.fr\/wp-content\/uploads\/2022\/10\/A25.jpg\" target=\"_blank\"><img loading=\"lazy\" decoding=\"async\" src=\"http:\/\/lorrylesmetz-histoire.fr\/wp-content\/uploads\/2022\/10\/A25-800x800.jpg\" height=\"800\" width=\"800\" alt=\"\" class=\"slider-6520 slide-6545 msDefaultImage\" title=\"A25\" \/><\/a><\/li>\n            <li style='display: none;' aria-roledescription='slide' aria-labelledby='slide-25'><a href=\"http:\/\/lorrylesmetz-histoire.fr\/wp-content\/uploads\/2022\/10\/A26.jpg\" target=\"_blank\"><img loading=\"lazy\" decoding=\"async\" src=\"http:\/\/lorrylesmetz-histoire.fr\/wp-content\/uploads\/2022\/10\/A26-800x800.jpg\" height=\"800\" width=\"800\" alt=\"\" class=\"slider-6520 slide-6546 msDefaultImage\" title=\"A26\" \/><\/a><\/li>\n            <li style='display: none;' aria-roledescription='slide' aria-labelledby='slide-26'><a href=\"http:\/\/lorrylesmetz-histoire.fr\/wp-content\/uploads\/2022\/10\/A27.jpg\" target=\"_blank\"><img loading=\"lazy\" decoding=\"async\" src=\"http:\/\/lorrylesmetz-histoire.fr\/wp-content\/uploads\/2022\/10\/A27-800x800.jpg\" height=\"800\" width=\"800\" alt=\"\" class=\"slider-6520 slide-6547 msDefaultImage\" title=\"A27\" \/><\/a><\/li>\n            <li style='display: none;' aria-roledescription='slide' aria-labelledby='slide-27'><a href=\"http:\/\/lorrylesmetz-histoire.fr\/wp-content\/uploads\/2022\/10\/A28.jpg\" target=\"_blank\"><img loading=\"lazy\" decoding=\"async\" src=\"http:\/\/lorrylesmetz-histoire.fr\/wp-content\/uploads\/2022\/10\/A28-800x800.jpg\" height=\"800\" width=\"800\" alt=\"\" class=\"slider-6520 slide-6548 msDefaultImage\" title=\"A28\" \/><\/a><\/li>\n            <li style='display: none;' aria-roledescription='slide' aria-labelledby='slide-28'><a href=\"http:\/\/lorrylesmetz-histoire.fr\/wp-content\/uploads\/2022\/10\/A29.jpg\" target=\"_blank\"><img loading=\"lazy\" decoding=\"async\" src=\"http:\/\/lorrylesmetz-histoire.fr\/wp-content\/uploads\/2022\/10\/A29-800x800.jpg\" height=\"800\" width=\"800\" alt=\"\" class=\"slider-6520 slide-6549 msDefaultImage\" title=\"A29\" \/><\/a><\/li>\n            <li style='display: none;' aria-roledescription='slide' aria-labelledby='slide-29'><a href=\"http:\/\/lorrylesmetz-histoire.fr\/wp-content\/uploads\/2022\/10\/A30.jpg\" target=\"_blank\"><img loading=\"lazy\" decoding=\"async\" src=\"http:\/\/lorrylesmetz-histoire.fr\/wp-content\/uploads\/2022\/10\/A30-800x800.jpg\" height=\"800\" width=\"800\" alt=\"\" class=\"slider-6520 slide-6550 msDefaultImage\" title=\"A30\" \/><\/a><\/li>\n            <li style='display: none;' aria-roledescription='slide' aria-labelledby='slide-30'><a href=\"http:\/\/lorrylesmetz-histoire.fr\/wp-content\/uploads\/2022\/10\/A31.jpg\" target=\"_blank\"><img loading=\"lazy\" decoding=\"async\" src=\"http:\/\/lorrylesmetz-histoire.fr\/wp-content\/uploads\/2022\/10\/A31-800x800.jpg\" height=\"800\" width=\"800\" alt=\"\" class=\"slider-6520 slide-6551 msDefaultImage\" title=\"A31\" \/><\/a><\/li>\n            <li style='display: none;' aria-roledescription='slide' aria-labelledby='slide-31'><a href=\"http:\/\/lorrylesmetz-histoire.fr\/wp-content\/uploads\/2022\/10\/A32.jpg\" target=\"_blank\"><img loading=\"lazy\" decoding=\"async\" src=\"http:\/\/lorrylesmetz-histoire.fr\/wp-content\/uploads\/2022\/10\/A32-800x800.jpg\" height=\"800\" width=\"800\" alt=\"\" class=\"slider-6520 slide-6552 msDefaultImage\" title=\"A32\" \/><\/a><\/li>\n            <li style='display: none;' aria-roledescription='slide' aria-labelledby='slide-32'><a href=\"http:\/\/lorrylesmetz-histoire.fr\/wp-content\/uploads\/2022\/10\/A33.jpg\" target=\"_blank\"><img loading=\"lazy\" decoding=\"async\" src=\"http:\/\/lorrylesmetz-histoire.fr\/wp-content\/uploads\/2022\/10\/A33-800x800.jpg\" height=\"800\" width=\"800\" alt=\"\" class=\"slider-6520 slide-6553 msDefaultImage\" title=\"A33\" \/><\/a><\/li>\n            <li style='display: none;' aria-roledescription='slide' aria-labelledby='slide-33'><a href=\"http:\/\/lorrylesmetz-histoire.fr\/wp-content\/uploads\/2022\/10\/A34.jpg\" target=\"_blank\"><img loading=\"lazy\" decoding=\"async\" src=\"http:\/\/lorrylesmetz-histoire.fr\/wp-content\/uploads\/2022\/10\/A34-800x800.jpg\" height=\"800\" width=\"800\" alt=\"\" class=\"slider-6520 slide-6554 msDefaultImage\" title=\"A34\" \/><\/a><\/li>\n            <li style='display: none;' aria-roledescription='slide' aria-labelledby='slide-34'><a href=\"http:\/\/lorrylesmetz-histoire.fr\/wp-content\/uploads\/2022\/10\/A35.jpg\" target=\"_blank\"><img loading=\"lazy\" decoding=\"async\" src=\"http:\/\/lorrylesmetz-histoire.fr\/wp-content\/uploads\/2022\/10\/A35-800x800.jpg\" height=\"800\" width=\"800\" alt=\"\" class=\"slider-6520 slide-6555 msDefaultImage\" title=\"A35\" \/><\/a><\/li>\n            <li style='display: none;' aria-roledescription='slide' aria-labelledby='slide-35'><a href=\"http:\/\/lorrylesmetz-histoire.fr\/wp-content\/uploads\/2022\/10\/A36.jpg\" target=\"_blank\"><img loading=\"lazy\" decoding=\"async\" src=\"http:\/\/lorrylesmetz-histoire.fr\/wp-content\/uploads\/2022\/10\/A36-800x800.jpg\" height=\"800\" width=\"800\" alt=\"\" class=\"slider-6520 slide-6556 msDefaultImage\" title=\"A36\" \/><\/a><\/li>\n            <li style='display: none;' aria-roledescription='slide' aria-labelledby='slide-36'><a href=\"http:\/\/lorrylesmetz-histoire.fr\/wp-content\/uploads\/2022\/10\/A37.jpg\" target=\"_blank\"><img loading=\"lazy\" decoding=\"async\" src=\"http:\/\/lorrylesmetz-histoire.fr\/wp-content\/uploads\/2022\/10\/A37-800x800.jpg\" height=\"800\" width=\"800\" alt=\"\" class=\"slider-6520 slide-6557 msDefaultImage\" title=\"A37\" \/><\/a><\/li>\n            <li style='display: none;' aria-roledescription='slide' aria-labelledby='slide-37'><a href=\"http:\/\/lorrylesmetz-histoire.fr\/wp-content\/uploads\/2022\/10\/A38.jpg\" target=\"_blank\"><img loading=\"lazy\" decoding=\"async\" src=\"http:\/\/lorrylesmetz-histoire.fr\/wp-content\/uploads\/2022\/10\/A38-800x800.jpg\" height=\"800\" width=\"800\" alt=\"\" class=\"slider-6520 slide-6558 msDefaultImage\" title=\"A38\" \/><\/a><\/li>\n            <li style='display: none;' aria-roledescription='slide' aria-labelledby='slide-38'><a href=\"http:\/\/lorrylesmetz-histoire.fr\/wp-content\/uploads\/2022\/10\/A39.jpg\" target=\"_blank\"><img loading=\"lazy\" decoding=\"async\" src=\"http:\/\/lorrylesmetz-histoire.fr\/wp-content\/uploads\/2022\/10\/A39-800x800.jpg\" height=\"800\" width=\"800\" alt=\"\" class=\"slider-6520 slide-6559 msDefaultImage\" title=\"A39\" \/><\/a><\/li>\n            <li style='display: none;' aria-roledescription='slide' aria-labelledby='slide-39'><a href=\"http:\/\/lorrylesmetz-histoire.fr\/wp-content\/uploads\/2022\/10\/A40.jpg\" target=\"_blank\"><img loading=\"lazy\" decoding=\"async\" src=\"http:\/\/lorrylesmetz-histoire.fr\/wp-content\/uploads\/2022\/10\/A40-800x800.jpg\" height=\"800\" width=\"800\" alt=\"\" class=\"slider-6520 slide-6560 msDefaultImage\" title=\"A40\" \/><\/a><\/li>\n        <\/ul>\n        \n    <\/div>\n<\/div>\n<p>Photos de Claudine\u00a0KESTER, G\u00e9rard\u00a0KESTER, Roger\u00a0MARIOTTE<\/p>\n<p><a href=\"http:\/\/lorrylesmetz-histoire.fr\/?page_id=6317\"><img loading=\"lazy\" decoding=\"async\" class=\"alignnone size-full wp-image-378\" src=\"http:\/\/lorrylesmetz-histoire.fr\/wp-content\/uploads\/2017\/05\/retour.png\" alt=\"\" width=\"89\" height=\"31\" \/><\/a><\/p>\n<p>&nbsp;<\/p>\n","protected":false},"excerpt":{"rendered":"<p>25\u00a0septembre\u00a02022 Une belle exposition a \u00e9t\u00e9 r\u00e9alis\u00e9e pour f\u00eater les 20\u00a0ans de Lorry-l\u00e8s-Metz \u00ab\u00a0au fil du temps\u00a0\u00bb. Chacun a pu avoir les explications qu\u2019il souhaitait sur l\u2019association, ses travaux, ses r\u00e9alisations et ses collaborations\u00a0: public, tr\u00e8s concern\u00e9 et int\u00e9ress\u00e9. \u00c9tait&hellip; <\/p>\n","protected":false},"author":1,"featured_media":0,"parent":6317,"menu_order":0,"comment_status":"closed","ping_status":"closed","template":"","meta":{"_mc_calendar":[],"footnotes":""},"class_list":["post-6479","page","type-page","status-publish","hentry"],"_links":{"self":[{"href":"http:\/\/lorrylesmetz-histoire.fr\/index.php?rest_route=\/wp\/v2\/pages\/6479","targetHints":{"allow":["GET"]}}],"collection":[{"href":"http:\/\/lorrylesmetz-histoire.fr\/index.php?rest_route=\/wp\/v2\/pages"}],"about":[{"href":"http:\/\/lorrylesmetz-histoire.fr\/index.php?rest_route=\/wp\/v2\/types\/page"}],"author":[{"embeddable":true,"href":"http:\/\/lorrylesmetz-histoire.fr\/index.php?rest_route=\/wp\/v2\/users\/1"}],"replies":[{"embeddable":true,"href":"http:\/\/lorrylesmetz-histoire.fr\/index.php?rest_route=%2Fwp%2Fv2%2Fcomments&post=6479"}],"version-history":[{"count":2,"href":"http:\/\/lorrylesmetz-histoire.fr\/index.php?rest_route=\/wp\/v2\/pages\/6479\/revisions"}],"predecessor-version":[{"id":6562,"href":"http:\/\/lorrylesmetz-histoire.fr\/index.php?rest_route=\/wp\/v2\/pages\/6479\/revisions\/6562"}],"up":[{"embeddable":true,"href":"http:\/\/lorrylesmetz-histoire.fr\/index.php?rest_route=\/wp\/v2\/pages\/6317"}],"wp:attachment":[{"href":"http:\/\/lorrylesmetz-histoire.fr\/index.php?rest_route=%2Fwp%2Fv2%2Fmedia&parent=6479"}],"curies":[{"name":"wp","href":"https:\/\/api.w.org\/{rel}","templated":true}]}}