{"id":652,"date":"2017-05-29T11:39:56","date_gmt":"2017-05-29T09:39:56","guid":{"rendered":"http:\/\/lorrylesmetz-histoire.fr\/?page_id=652"},"modified":"2017-06-06T16:55:36","modified_gmt":"2017-06-06T14:55:36","slug":"articles-de-journaux-02","status":"publish","type":"page","link":"http:\/\/lorrylesmetz-histoire.fr\/?page_id=652","title":{"rendered":"Plans et cartes"},"content":{"rendered":"<p>Ce sont des extraits de cartes anciennes et photos centr\u00e9es sur notre village.<\/p>\n<table>\n<tbody>\n<tr>\n<td>\n<p><div id=\"attachment_666\" style=\"width: 160px\" class=\"wp-caption aligncenter\"><a href=\"http:\/\/lorrylesmetz-histoire.fr\/wp-content\/uploads\/2017\/05\/lorry_naudin_1728.jpg\" target=\"_blank\"><img loading=\"lazy\" decoding=\"async\" aria-describedby=\"caption-attachment-666\" class=\"wp-image-666\" src=\"http:\/\/lorrylesmetz-histoire.fr\/wp-content\/uploads\/2017\/05\/lorry_naudin_1728-150x150.jpg\" alt=\"\" width=\"150\" height=\"86\" srcset=\"http:\/\/lorrylesmetz-histoire.fr\/wp-content\/uploads\/2017\/05\/lorry_naudin_1728-300x173.jpg 300w, http:\/\/lorrylesmetz-histoire.fr\/wp-content\/uploads\/2017\/05\/lorry_naudin_1728-100x58.jpg 100w, http:\/\/lorrylesmetz-histoire.fr\/wp-content\/uploads\/2017\/05\/lorry_naudin_1728-150x86.jpg 150w, http:\/\/lorrylesmetz-histoire.fr\/wp-content\/uploads\/2017\/05\/lorry_naudin_1728-200x115.jpg 200w, http:\/\/lorrylesmetz-histoire.fr\/wp-content\/uploads\/2017\/05\/lorry_naudin_1728-450x259.jpg 450w, http:\/\/lorrylesmetz-histoire.fr\/wp-content\/uploads\/2017\/05\/lorry_naudin_1728-600x346.jpg 600w, http:\/\/lorrylesmetz-histoire.fr\/wp-content\/uploads\/2017\/05\/lorry_naudin_1728.jpg 614w\" sizes=\"auto, (max-width: 150px) 100vw, 150px\" \/><\/a><p id=\"caption-attachment-666\" class=\"wp-caption-text\">Carte de Naudin de 1728.<\/p><\/div><\/td>\n<td style=\"vertical-align: top; text-align: justify;\">La carte de Naudin. Ces cartes concernant la Lorraine furent \u00e9tablies de 1728 \u00e0 1739 par une \u00e9quipe d&rsquo;ing\u00e9nieurs g\u00e9ographes appartenant \u00e0 l&rsquo;atelier des Naudin, install\u00e9 \u00e0 Versailles. L&rsquo;\u00e9chelle et de 1\/28 800.<br \/>\nOn distingue bien l&rsquo;\u00e9glise de Lorry-l\u00e8s-Metz, les trois bassins correspondants aux trois moulins sur le Rh\u00f4ne, et ce qui semble \u00eatre l&rsquo;\u00e9glise de Vigneulles.\u00c0\u00a0gauche de Vigneulles, on peut voir des arbres stylis\u00e9s qui localisent des bois. Sur Vigneulles et entre Lorry-l\u00e8s-Metz et Tignomont, d&rsquo;autres l\u00e9gendes repr\u00e9sentent de la vigne.<\/td>\n<\/tr>\n<tr>\n<td>\n<p><div id=\"attachment_670\" style=\"width: 160px\" class=\"wp-caption aligncenter\"><a href=\"http:\/\/lorrylesmetz-histoire.fr\/wp-content\/uploads\/2017\/05\/lorry_cassini_1760.jpg\" target=\"_blank\"><img loading=\"lazy\" decoding=\"async\" aria-describedby=\"caption-attachment-670\" class=\"wp-image-670\" src=\"http:\/\/lorrylesmetz-histoire.fr\/wp-content\/uploads\/2017\/05\/lorry_cassini_1760-150x150.jpg\" alt=\"\" width=\"150\" height=\"123\" srcset=\"http:\/\/lorrylesmetz-histoire.fr\/wp-content\/uploads\/2017\/05\/lorry_cassini_1760-300x245.jpg 300w, http:\/\/lorrylesmetz-histoire.fr\/wp-content\/uploads\/2017\/05\/lorry_cassini_1760-100x82.jpg 100w, http:\/\/lorrylesmetz-histoire.fr\/wp-content\/uploads\/2017\/05\/lorry_cassini_1760-150x123.jpg 150w, http:\/\/lorrylesmetz-histoire.fr\/wp-content\/uploads\/2017\/05\/lorry_cassini_1760-200x163.jpg 200w, http:\/\/lorrylesmetz-histoire.fr\/wp-content\/uploads\/2017\/05\/lorry_cassini_1760-450x368.jpg 450w, http:\/\/lorrylesmetz-histoire.fr\/wp-content\/uploads\/2017\/05\/lorry_cassini_1760-600x490.jpg 600w, http:\/\/lorrylesmetz-histoire.fr\/wp-content\/uploads\/2017\/05\/lorry_cassini_1760.jpg 640w\" sizes=\"auto, (max-width: 150px) 100vw, 150px\" \/><\/a><p id=\"caption-attachment-670\" class=\"wp-caption-text\">Carte de Cassini de 1760.<\/p><\/div><\/td>\n<td style=\"vertical-align: top; text-align: justify;\">La carte de Cassini. La carte suivante est due aux Cassini p\u00e8re et fils. Lev\u00e9e \u00e0 partir de 1756, sur ordre du roi Louis XV, elle est \u00e0 l&rsquo;\u00e9chelle de 1\/86 400.<br \/>\n<a href=\"http:\/\/www.geoportail.gouv.fr\/donnee\/54\/carte-de-cassini?c=1.0986386930841712,48.02768324127838&amp;z=0.01841127537817229&amp;l=GEOGRAPHICALGRIDSYSTEMS.CASSINI$GEOPORTAIL:OGC:WMTS%281%29&amp;permalink=yes\">Cartes de Cassini sur le site Geoportail<\/a><\/td>\n<\/tr>\n<tr>\n<td>\n<p><div id=\"attachment_667\" style=\"width: 160px\" class=\"wp-caption aligncenter\"><a href=\"http:\/\/lorrylesmetz-histoire.fr\/wp-content\/uploads\/2017\/05\/lorry_1884.jpg\" target=\"_blank\"><img loading=\"lazy\" decoding=\"async\" aria-describedby=\"caption-attachment-667\" class=\"wp-image-667\" src=\"http:\/\/lorrylesmetz-histoire.fr\/wp-content\/uploads\/2017\/05\/lorry_1884-150x150.jpg\" alt=\"\" width=\"150\" height=\"80\" srcset=\"http:\/\/lorrylesmetz-histoire.fr\/wp-content\/uploads\/2017\/05\/lorry_1884-300x161.jpg 300w, http:\/\/lorrylesmetz-histoire.fr\/wp-content\/uploads\/2017\/05\/lorry_1884-768x412.jpg 768w, http:\/\/lorrylesmetz-histoire.fr\/wp-content\/uploads\/2017\/05\/lorry_1884-1024x550.jpg 1024w, http:\/\/lorrylesmetz-histoire.fr\/wp-content\/uploads\/2017\/05\/lorry_1884-100x54.jpg 100w, http:\/\/lorrylesmetz-histoire.fr\/wp-content\/uploads\/2017\/05\/lorry_1884-150x80.jpg 150w, http:\/\/lorrylesmetz-histoire.fr\/wp-content\/uploads\/2017\/05\/lorry_1884-200x107.jpg 200w, http:\/\/lorrylesmetz-histoire.fr\/wp-content\/uploads\/2017\/05\/lorry_1884-450x241.jpg 450w, http:\/\/lorrylesmetz-histoire.fr\/wp-content\/uploads\/2017\/05\/lorry_1884-600x322.jpg 600w, http:\/\/lorrylesmetz-histoire.fr\/wp-content\/uploads\/2017\/05\/lorry_1884-900x483.jpg 900w, http:\/\/lorrylesmetz-histoire.fr\/wp-content\/uploads\/2017\/05\/lorry_1884.jpg 1051w\" sizes=\"auto, (max-width: 150px) 100vw, 150px\" \/><\/a><p id=\"caption-attachment-667\" class=\"wp-caption-text\">Lorry-l\u00e8s-Metz en 1884.<\/p><\/div><\/td>\n<td style=\"text-align: justify; vertical-align: top;\">Une carte de 1884. Cette carte au 1\/100 000 date de 1884, tous les noms sont donc germanis\u00e9s du fait de l&rsquo;occupation allemande durant l&rsquo;Annexion (1870-1914).<br \/>\nOn voit encore deux moulins sur le Rh\u00f4ne. A droite de Lorry-l\u00e8s-Metz, la l\u00e9gende nous indique des vignes.<\/td>\n<\/tr>\n<tr>\n<td>\u00a0<a href=\"http:\/\/lorrylesmetz-histoire.fr\/wp-content\/uploads\/2017\/05\/lorry_1959_vigneulles.jpg\" target=\"_blank\"><img loading=\"lazy\" decoding=\"async\" class=\"aligncenter wp-image-668\" src=\"http:\/\/lorrylesmetz-histoire.fr\/wp-content\/uploads\/2017\/05\/lorry_1959_vigneulles-150x150.jpg\" alt=\"\" width=\"150\" height=\"103\" srcset=\"http:\/\/lorrylesmetz-histoire.fr\/wp-content\/uploads\/2017\/05\/lorry_1959_vigneulles-300x205.jpg 300w, http:\/\/lorrylesmetz-histoire.fr\/wp-content\/uploads\/2017\/05\/lorry_1959_vigneulles-768x525.jpg 768w, http:\/\/lorrylesmetz-histoire.fr\/wp-content\/uploads\/2017\/05\/lorry_1959_vigneulles-1024x700.jpg 1024w, http:\/\/lorrylesmetz-histoire.fr\/wp-content\/uploads\/2017\/05\/lorry_1959_vigneulles-100x68.jpg 100w, http:\/\/lorrylesmetz-histoire.fr\/wp-content\/uploads\/2017\/05\/lorry_1959_vigneulles-150x103.jpg 150w, http:\/\/lorrylesmetz-histoire.fr\/wp-content\/uploads\/2017\/05\/lorry_1959_vigneulles-200x137.jpg 200w, http:\/\/lorrylesmetz-histoire.fr\/wp-content\/uploads\/2017\/05\/lorry_1959_vigneulles-450x308.jpg 450w, http:\/\/lorrylesmetz-histoire.fr\/wp-content\/uploads\/2017\/05\/lorry_1959_vigneulles-600x410.jpg 600w, http:\/\/lorrylesmetz-histoire.fr\/wp-content\/uploads\/2017\/05\/lorry_1959_vigneulles-900x615.jpg 900w, http:\/\/lorrylesmetz-histoire.fr\/wp-content\/uploads\/2017\/05\/lorry_1959_vigneulles.jpg 1347w\" sizes=\"auto, (max-width: 150px) 100vw, 150px\" \/><\/a><\/td>\n<td style=\"vertical-align: top;\">\u00a0Une photo a\u00e9rienne de Lorry-l\u00e8s-Metz de 1959. Collection Andr\u00e9 Geissenhoffer.<\/td>\n<\/tr>\n<tr>\n<td>\u00a0<a href=\"http:\/\/lorrylesmetz-histoire.fr\/wp-content\/uploads\/2017\/05\/lorry_1962_vigneulles.jpg\" target=\"_blank\"><img loading=\"lazy\" decoding=\"async\" class=\"aligncenter wp-image-669\" src=\"http:\/\/lorrylesmetz-histoire.fr\/wp-content\/uploads\/2017\/05\/lorry_1962_vigneulles-150x150.jpg\" alt=\"\" width=\"150\" height=\"88\" srcset=\"http:\/\/lorrylesmetz-histoire.fr\/wp-content\/uploads\/2017\/05\/lorry_1962_vigneulles-300x176.jpg 300w, http:\/\/lorrylesmetz-histoire.fr\/wp-content\/uploads\/2017\/05\/lorry_1962_vigneulles-768x451.jpg 768w, http:\/\/lorrylesmetz-histoire.fr\/wp-content\/uploads\/2017\/05\/lorry_1962_vigneulles-1024x602.jpg 1024w, http:\/\/lorrylesmetz-histoire.fr\/wp-content\/uploads\/2017\/05\/lorry_1962_vigneulles-100x59.jpg 100w, http:\/\/lorrylesmetz-histoire.fr\/wp-content\/uploads\/2017\/05\/lorry_1962_vigneulles-150x88.jpg 150w, http:\/\/lorrylesmetz-histoire.fr\/wp-content\/uploads\/2017\/05\/lorry_1962_vigneulles-200x118.jpg 200w, http:\/\/lorrylesmetz-histoire.fr\/wp-content\/uploads\/2017\/05\/lorry_1962_vigneulles-450x265.jpg 450w, http:\/\/lorrylesmetz-histoire.fr\/wp-content\/uploads\/2017\/05\/lorry_1962_vigneulles-600x353.jpg 600w, http:\/\/lorrylesmetz-histoire.fr\/wp-content\/uploads\/2017\/05\/lorry_1962_vigneulles-900x529.jpg 900w, http:\/\/lorrylesmetz-histoire.fr\/wp-content\/uploads\/2017\/05\/lorry_1962_vigneulles.jpg 1560w\" sizes=\"auto, (max-width: 150px) 100vw, 150px\" \/><\/a><\/td>\n<td style=\"vertical-align: top;\">\u00a0Une photo a\u00e9rienne de Lorry-l\u00e8s-Metz de 1962. Collection Andr\u00e9 Geissenhoffer.<\/td>\n<\/tr>\n<\/tbody>\n<\/table>\n<p>&nbsp;<\/p>\n","protected":false},"excerpt":{"rendered":"<p>Ce sont des extraits de cartes anciennes et photos centr\u00e9es sur notre village. La carte de Naudin. Ces cartes concernant la Lorraine furent \u00e9tablies de 1728 \u00e0 1739 par une \u00e9quipe d&rsquo;ing\u00e9nieurs g\u00e9ographes appartenant \u00e0 l&rsquo;atelier des Naudin, install\u00e9 \u00e0&hellip; <\/p>\n","protected":false},"author":1,"featured_media":0,"parent":174,"menu_order":1,"comment_status":"closed","ping_status":"closed","template":"","meta":{"_mc_calendar":[],"footnotes":""},"class_list":["post-652","page","type-page","status-publish","hentry"],"_links":{"self":[{"href":"http:\/\/lorrylesmetz-histoire.fr\/index.php?rest_route=\/wp\/v2\/pages\/652","targetHints":{"allow":["GET"]}}],"collection":[{"href":"http:\/\/lorrylesmetz-histoire.fr\/index.php?rest_route=\/wp\/v2\/pages"}],"about":[{"href":"http:\/\/lorrylesmetz-histoire.fr\/index.php?rest_route=\/wp\/v2\/types\/page"}],"author":[{"embeddable":true,"href":"http:\/\/lorrylesmetz-histoire.fr\/index.php?rest_route=\/wp\/v2\/users\/1"}],"replies":[{"embeddable":true,"href":"http:\/\/lorrylesmetz-histoire.fr\/index.php?rest_route=%2Fwp%2Fv2%2Fcomments&post=652"}],"version-history":[{"count":0,"href":"http:\/\/lorrylesmetz-histoire.fr\/index.php?rest_route=\/wp\/v2\/pages\/652\/revisions"}],"up":[{"embeddable":true,"href":"http:\/\/lorrylesmetz-histoire.fr\/index.php?rest_route=\/wp\/v2\/pages\/174"}],"wp:attachment":[{"href":"http:\/\/lorrylesmetz-histoire.fr\/index.php?rest_route=%2Fwp%2Fv2%2Fmedia&parent=652"}],"curies":[{"name":"wp","href":"https:\/\/api.w.org\/{rel}","templated":true}]}}