{"id":653,"date":"2017-05-29T11:41:09","date_gmt":"2017-05-29T09:41:09","guid":{"rendered":"http:\/\/lorrylesmetz-histoire.fr\/?page_id=653"},"modified":"2017-06-06T16:55:25","modified_gmt":"2017-06-06T14:55:25","slug":"articles-de-journaux-03","status":"publish","type":"page","link":"http:\/\/lorrylesmetz-histoire.fr\/?page_id=653","title":{"rendered":"Archives d\u00e9partementales et \u00e9tat-civil"},"content":{"rendered":"<h2><strong>Relev\u00e9 de documents des archives d\u00e9partementales<\/strong><\/h2>\n<p>L&rsquo;association \u00e0 recens\u00e9 des documents concernant Lorry-l\u00e8s-Metz aux archives d\u00e9partementales (liste non exhaustive).<br \/>\nOn y trouve la r\u00e9f\u00e9rence archive, la date, le nom et une courte description (parfois sibylline) du sujet.<\/p>\n<p>De 1436 \u00e0 1858 sont recens\u00e9s 518 \u00e9v\u00e8nements sur la vie \u00e0 Lorry-l\u00e8s-Metz : \u00e9change, abandon, achat, acqu\u00eat, acquisition, adjudication, affaire, affiche, bail, compromis, dette, dismes, don , donation, h\u00e9ritage, inventaire, liquidation, mariage, obligation, partage, promesse, publication, requ\u00eate, soumission, testament, transaction, vente.<\/p>\n<table>\n<tbody>\n<tr>\n<td style=\"vertical-align: top;\">Le fichier complet :<\/td>\n<td><a href=\"http:\/\/lorrylesmetz-histoire.fr\/?media_dl=695\"><img decoding=\"async\" src=\"http:\/\/lorrylesmetz-histoire.fr\/wp-content\/uploads\/2017\/05\/telecharger_ods.png\" \/><\/a><\/td>\n<\/tr>\n<tr>\n<td style=\"vertical-align: top;\">Version simplifi\u00e9e :<\/td>\n<td><a href=\"http:\/\/lorrylesmetz-histoire.fr\/?page_id=680\" target=\"_blank\"><img loading=\"lazy\" decoding=\"async\" class=\"alignleft wp-image-683 size-full\" src=\"http:\/\/lorrylesmetz-histoire.fr\/wp-content\/uploads\/2017\/05\/voir.png?_t=1496073755\" alt=\"\" width=\"89\" height=\"31\" \/><\/a><\/td>\n<\/tr>\n<tr>\n<td style=\"vertical-align: top;\">Uniquement les noms de famille :<\/td>\n<td><a href=\"http:\/\/lorrylesmetz-histoire.fr\/?page_id=687\" target=\"_blank\"><img loading=\"lazy\" decoding=\"async\" class=\"alignnone wp-image-683 size-full\" src=\"http:\/\/lorrylesmetz-histoire.fr\/wp-content\/uploads\/2017\/05\/voir.png\" alt=\"\" width=\"89\" height=\"31\" \/><\/a><\/td>\n<\/tr>\n<\/tbody>\n<\/table>\n<p>Le bulletin n\u00b0 17 donne quelques explications sur ce tableau.<\/p>\n<h2><strong>Les mariages \u00e0 Lorry-l\u00e8s-Metz de 1637 \u00e0 1905<\/strong><\/h2>\n<p>Les noms et dates de mariage dans notre commune pendant 300 ans. On trouve souvent le lieu de r\u00e9sidence des mari\u00e9s.<br \/>\nLe bulletin n\u00b0 18 donne quelques explications sur ce tableau.<\/p>\n<a href=\"http:\/\/lorrylesmetz-histoire.fr\/?media_dl=696\"><img decoding=\"async\" src=\"http:\/\/lorrylesmetz-histoire.fr\/wp-content\/uploads\/2017\/05\/telecharger_ods.png\" \/><\/a>\n","protected":false},"excerpt":{"rendered":"<p>Relev\u00e9 de documents des archives d\u00e9partementales L&rsquo;association \u00e0 recens\u00e9 des documents concernant Lorry-l\u00e8s-Metz aux archives d\u00e9partementales (liste non exhaustive). On y trouve la r\u00e9f\u00e9rence archive, la date, le nom et une courte description (parfois sibylline) du sujet. De 1436 \u00e0&hellip; <\/p>\n","protected":false},"author":1,"featured_media":0,"parent":174,"menu_order":0,"comment_status":"closed","ping_status":"closed","template":"","meta":{"_mc_calendar":[],"footnotes":""},"class_list":["post-653","page","type-page","status-publish","hentry"],"_links":{"self":[{"href":"http:\/\/lorrylesmetz-histoire.fr\/index.php?rest_route=\/wp\/v2\/pages\/653","targetHints":{"allow":["GET"]}}],"collection":[{"href":"http:\/\/lorrylesmetz-histoire.fr\/index.php?rest_route=\/wp\/v2\/pages"}],"about":[{"href":"http:\/\/lorrylesmetz-histoire.fr\/index.php?rest_route=\/wp\/v2\/types\/page"}],"author":[{"embeddable":true,"href":"http:\/\/lorrylesmetz-histoire.fr\/index.php?rest_route=\/wp\/v2\/users\/1"}],"replies":[{"embeddable":true,"href":"http:\/\/lorrylesmetz-histoire.fr\/index.php?rest_route=%2Fwp%2Fv2%2Fcomments&post=653"}],"version-history":[{"count":0,"href":"http:\/\/lorrylesmetz-histoire.fr\/index.php?rest_route=\/wp\/v2\/pages\/653\/revisions"}],"up":[{"embeddable":true,"href":"http:\/\/lorrylesmetz-histoire.fr\/index.php?rest_route=\/wp\/v2\/pages\/174"}],"wp:attachment":[{"href":"http:\/\/lorrylesmetz-histoire.fr\/index.php?rest_route=%2Fwp%2Fv2%2Fmedia&parent=653"}],"curies":[{"name":"wp","href":"https:\/\/api.w.org\/{rel}","templated":true}]}}