{"id":6655,"date":"2023-02-03T08:59:24","date_gmt":"2023-02-03T07:59:24","guid":{"rendered":"http:\/\/lorrylesmetz-histoire.fr\/?page_id=6655"},"modified":"2023-02-03T08:59:24","modified_gmt":"2023-02-03T07:59:24","slug":"my-calendar","status":"publish","type":"page","link":"http:\/\/lorrylesmetz-histoire.fr\/?page_id=6655","title":{"rendered":"My Calendar"},"content":{"rendered":"\r\n<div id='my-calendar' class='mc-main mcjs listjs gridjs minijs ajaxjs my-calendar calendar month my-calendar is-main-view' >\n<script type=\"application\/ld+json\">\n[{\"@context\":\"https:\/\/schema.org\",\"@type\":\"Event\",\"name\":\"R\\u00e9union mensuelle\",\"description\":\"R\\u00e9union ouverte \\u00e0 tous - salle \\u00e0 l&#039;espace Milclub\",\"image\":\"http:\/\/lorrylesmetz-histoire.fr\/wp-content\/uploads\/2017\/05\/cropped-fileuse.jpg\",\"url\":\"http:\/\/lorrylesmetz-histoire.fr\/?page_id=6655&#038;mc_id=546&#038;rest_route=\/wp\/v2\/pages\/6655\",\"startDate\":\"2026-04-07T18:00:00+02:00\",\"endDate\":\"2026-04-07T19:00:00+02:00\",\"duration\":\"PT1H\",\"eventAttendanceMode\":\"https:\/\/schema.org\/OnlineEventAttendanceMode\",\"location\":{\"@type\":\"VirtualLocation\",\"url\":\"http:\/\/lorrylesmetz-histoire.fr\/?page_id=6655&#038;mc_id=546&#038;rest_route=\/wp\/v2\/pages\/6655\"}}]\n<\/script>\n<h2 id=\"mc_head_my-calendar\" class=\"heading my-calendar-month\"><span>\u00c9v\u00e8nements en avril 2026<\/span><\/h2>\n\n<nav class=\"my-calendar-navigation\" aria-label=\"Calendrier (Haut)\">\n<div class=\"my-calendar-header\"><div class=\"my-calendar-date-switcher\"><form class=\"mc-date-switcher\" action=\"http:\/\/lorrylesmetz-histoire.fr?rest_route=\/wp\/v2\/pages\/6655\" method=\"get\"><div><input type=\"hidden\" name=\"cid\" value=\"my-calendar\" \/><input type=\"hidden\" name=\"rest_route\" value=\"\/wp\/v2\/pages\/6655\" \/> <label class=\"maybe-hide\" for=\"my-calendar-month\">Mois<\/label> <select id=\"my-calendar-month\" name=\"month\">\n<option value='1'>janvier<\/option>\n<option value='2'>f\u00e9vrier<\/option>\n<option value='3'>mars<\/option>\n<option value='4' selected='selected'>avril<\/option>\n<option value='5'>mai<\/option>\n<option value='6'>juin<\/option>\n<option value='7'>juillet<\/option>\n<option value='8'>ao\u00fbt<\/option>\n<option value='9'>septembre<\/option>\n<option value='10'>octobre<\/option>\n<option value='11'>novembre<\/option>\n<option value='12'>d\u00e9cembre<\/option>\n<\/select>\n <label class=\"maybe-hide\" for=\"my-calendar-year\">Ann\u00e9e<\/label> <select id=\"my-calendar-year\" name=\"yr\">\n<option value=\"2017\">2017<\/option>\n<option value=\"2018\">2018<\/option>\n<option value=\"2019\">2019<\/option>\n<option value=\"2020\">2020<\/option>\n<option value=\"2021\">2021<\/option>\n<option value=\"2022\">2022<\/option>\n<option value=\"2023\">2023<\/option>\n<option value=\"2024\">2024<\/option>\n<option value=\"2025\">2025<\/option>\n<option value=\"2026\" selected='selected'>2026<\/option>\n<option value=\"2027\">2027<\/option>\n<option value=\"2028\">2028<\/option>\n<option value=\"2029\">2029<\/option>\n<option value=\"2030\">2030<\/option>\n<option value=\"2031\">2031<\/option>\n<option value=\"2032\">2032<\/option>\n<option value=\"2033\">2033<\/option>\n<option value=\"2034\">2034<\/option>\n<\/select> <input type=\"submit\" class=\"button\" id=\"my-calendar-button\" value=\"Aller\" \/><\/div><\/form><\/div><div class='mc-format'>\r\n\t\t<ul><li><button type='button' id='mc_grid-my-calendar' data-href='http:\/\/lorrylesmetz-histoire.fr\/?page_id=6655&#038;format=calendar&#038;rest_route=\/wp\/v2\/pages\/6655' aria-pressed=\"true\" class='mc-navigation-button mc-grid-option mc-active'><span class='mc-icon' aria-hidden='true'><\/span><span class=\"maybe-hide\">Vue <\/span>Calendrier<\/button><\/li><li><button type='button' id='mc_list-my-calendar' data-href='http:\/\/lorrylesmetz-histoire.fr\/?page_id=6655&#038;format=list&#038;rest_route=\/wp\/v2\/pages\/6655'  class='mc-navigation-button mc-list-option'><span class='mc-icon' aria-hidden='true'><\/span><span class=\"maybe-hide\">Vue en <\/span>Liste<\/button><\/li><\/ul>\r\n\t\t<\/div><div class='mc-time'><ul><li><button type='button' id='mc_month-my-calendar' data-href='http:\/\/lorrylesmetz-histoire.fr\/?page_id=6655&#038;cid=my-calendar&#038;rest_route=\/wp\/v2\/pages\/6655&#038;time=month' class='mc-navigation-button month mc-active' aria-pressed='true'>Mois<\/button><\/li><li><button type='button' id='mc_week-my-calendar' data-href='http:\/\/lorrylesmetz-histoire.fr\/?page_id=6655&#038;cid=my-calendar&#038;dy=6&#038;month=4&#038;rest_route=\/wp\/v2\/pages\/6655&#038;time=week&#038;yr=2026' class='mc-navigation-button week'>Semaine<\/button><\/li><li><button type='button' id='mc_day-my-calendar' data-href='http:\/\/lorrylesmetz-histoire.fr\/?page_id=6655&#038;cid=my-calendar&#038;dy=6&#038;rest_route=\/wp\/v2\/pages\/6655&#038;time=day' class='mc-navigation-button day'>Jour<\/button><li><\/ul><\/div>\r\n\t\t<div class=\"my-calendar-nav\">\r\n\t\t\t<ul>\r\n\t\t\t\t<li class=\"my-calendar-prev\"><button type=\"button\" class=\"mc-navigation-button\" id=\"mc_previous_my-calendar\" data-href=\"http:\/\/lorrylesmetz-histoire.fr\/?page_id=6655&#038;cid=my-calendar&#038;dy&#038;month=3&#038;rest_route=\/wp\/v2\/pages\/6655&#038;time=month&#038;yr=2026\"><span class=\"mc-icon\" aria-hidden=\"true\"><\/span>Pr\u00e9c\u00e9dent<\/button><\/li><li class=\"my-calendar-today\"><button type=\"button\" id=\"mc_today_my-calendar\" data-href=\"http:\/\/lorrylesmetz-histoire.fr\/?page_id=6655&#038;cid=my-calendar&#038;rest_route=\/wp\/v2\/pages\/6655\" class=\"mc-navigation-button today mc-active\" aria-current=\"true\"><span class=\"mc-icon\" aria-hidden=\"true\"><\/span>Aujourd\u2019hui<\/button><\/li><li class=\"my-calendar-next\"><button type=\"button\" class=\"mc-navigation-button\" id=\"mc_next_my-calendar\" data-href=\"http:\/\/lorrylesmetz-histoire.fr\/?page_id=6655&#038;cid=my-calendar&#038;dy&#038;month=5&#038;rest_route=\/wp\/v2\/pages\/6655&#038;time=month&#038;yr=2026\">Suivant<span class=\"mc-icon\" aria-hidden=\"true\"><\/span><\/button><\/li>\r\n\t\t\t<\/ul>\r\n\t\t<\/div><\/div>\n<\/nav>\n<div class=\"mc-content\">\n<table class='my-calendar-table' aria-labelledby='mc_head_my-calendar'>\n<thead>\n\t<tr class='mc-row'>\n\t\t<th scope=\"col\" class='day-heading mon'><abbr title=\"lundi\" aria-hidden=\"true\">lun<\/abbr><span class=\"screen-reader-text\">lundi<\/span><\/th>\n\n\t\t<th scope=\"col\" class='day-heading tues'><abbr title=\"mardi\" aria-hidden=\"true\">mar<\/abbr><span class=\"screen-reader-text\">mardi<\/span><\/th>\n\n\t\t<th scope=\"col\" class='day-heading wed'><abbr title=\"mercredi\" aria-hidden=\"true\">mer<\/abbr><span class=\"screen-reader-text\">mercredi<\/span><\/th>\n\n\t\t<th scope=\"col\" class='day-heading thur'><abbr title=\"jeudi\" aria-hidden=\"true\">jeu<\/abbr><span class=\"screen-reader-text\">jeudi<\/span><\/th>\n\n\t\t<th scope=\"col\" class='day-heading fri'><abbr title=\"vendredi\" aria-hidden=\"true\">ven<\/abbr><span class=\"screen-reader-text\">vendredi<\/span><\/th>\n\n\t\t<th scope=\"col\" class='weekend-heading sat'><abbr title=\"samedi\" aria-hidden=\"true\">sam<\/abbr><span class=\"screen-reader-text\">samedi<\/span><\/th>\n\n\t\t<th scope=\"col\" class='weekend-heading sun'><abbr title=\"dimanche\" aria-hidden=\"true\">dim<\/abbr><span class=\"screen-reader-text\">dimanche<\/span><\/th>\n\t<\/tr>\n<\/thead>\n<tbody>\n<tr class='mc-row'><td class='no-events lundi lun past-day past-date  nextmonth no-events day-with-date'><div class='mc-date-container'><span class='mc-date no-events'><span aria-hidden='true'>30<\/span><span class='screen-reader-text'>30 mars 2026<\/span><\/span><\/div>\n<\/td>\n<td class='no-events mardi mar past-day past-date  nextmonth no-events day-with-date'><div class='mc-date-container'><span class='mc-date no-events'><span aria-hidden='true'>31<\/span><span class='screen-reader-text'>31 mars 2026<\/span><\/span><\/div>\n<\/td>\n<td class='no-events mercredi mer past-day past-date   no-events day-with-date'><div class='mc-date-container'><span class='mc-date no-events'><span aria-hidden='true'>1<\/span><span class='screen-reader-text'>1 avril 2026<\/span><\/span><\/div>\n<\/td>\n<td class='no-events jeudi jeu past-day past-date   no-events day-with-date'><div class='mc-date-container'><span class='mc-date no-events'><span aria-hidden='true'>2<\/span><span class='screen-reader-text'>2 avril 2026<\/span><\/span><\/div>\n<\/td>\n<td class='no-events vendredi ven past-day past-date   no-events day-with-date'><div class='mc-date-container'><span class='mc-date no-events'><span aria-hidden='true'>3<\/span><span class='screen-reader-text'>3 avril 2026<\/span><\/span><\/div>\n<\/td>\n<td class='no-events samedi sam past-day past-date weekend  no-events day-with-date'><div class='mc-date-container'><span class='mc-date no-events'><span aria-hidden='true'>4<\/span><span class='screen-reader-text'>4 avril 2026<\/span><\/span><\/div>\n<\/td>\n<td class='no-events dimanche dim past-day past-date weekend  no-events day-with-date'><div class='mc-date-container'><span class='mc-date no-events'><span aria-hidden='true'>5<\/span><span class='screen-reader-text'>5 avril 2026<\/span><\/span><\/div>\n<\/td>\n<\/tr>\n<!-- End Event Row -->\n<tr class='mc-row'><td class='no-events lundi lun past-day past-date   no-events day-with-date'><div class='mc-date-container'><span class='mc-date no-events'><span aria-hidden='true'>6<\/span><span class='screen-reader-text'>6 avril 2026<\/span><\/span><\/div>\n<\/td>\n<td id='calendar-2026-04-07' class='mc-events mardi mar past-day past-date   has-events author1 mcat_2020 day-with-date'><div class='mc-date-container'>\n\t<span class='mc-date'><span aria-hidden='true' class='mc-day-number'>7<\/span><span class='screen-reader-text mc-day-date'>7 avril 2026<\/span><span class=\"event-icon\" aria-hidden=\"true\">&#9679;<\/span><span class=\"screen-reader-text\"><span class=\"mc-list-details event-count\">(1 \u00e9v\u00e8nement)<\/span><\/span><\/span><\/div><article id='mc_calendar_07_546-calendar-546' class='mc-mc_calendar_546 calendar-event mc_2020 mc_no-location  past-event mc_primary_2020 recurring mc mc-start-18-00 ungrouped mc-event-19 mc-events mc-event mc_rel_2020'><header>\t<h3 class='event-title summary' id='mc_546-title-my-calendar'><button type='button'  aria-expanded='false' aria-controls='mc_calendar_07_546-calendar-details-546' class='calendar open url summary'><div>18 00: R\u00e9union mensuelle<\/div><\/button><\/h3>\n<\/header><div id='mc_calendar_07_546-calendar-details-546' class='details no-image single-details'  aria-labelledby='mc_546-title-my-calendar'>\n\t<button type='button' aria-controls='mc_calendar_07_546-calendar-details-546' class='mc-toggle close'><span class='dashicons dashicons-dismiss' aria-hidden='true'><\/span><span class='screen-reader-text'>Close<\/span><\/button><span class=\"event-time value-title\" title=\"2026-04-07T18:00:00\">18 00<span class=\"time-separator\"> - <\/span><\/span>\r\n\r\n<div class=\"sub-details\">\r\n\r\n<p class='mc_details'><a href='http:\/\/lorrylesmetz-histoire.fr\/?page_id=6655&#038;mc_id=546&#038;rest_route=\/wp\/v2\/pages\/6655' class='mc-details' rel=\"nofollow\">More<span class=\"screen-reader-text\"> about R\u00e9union mensuelle<\/span><\/a><\/p>\r\n<p><a href=\"http:\/\/lorrylesmetz-histoire.fr\/?page_id=6655&#038;mc_id=546&#038;rest_route=\/wp\/v2\/pages\/6655\" class=\"event-link external\"><span class=\"screen-reader-text\">More information about <\/span>R\u00e9union mensuelle<\/a><\/p><\/div><\/div><!--end .details--><\/article>\n<\/td>\n<td class='no-events mercredi mer past-day past-date   no-events day-with-date'><div class='mc-date-container'><span class='mc-date no-events'><span aria-hidden='true'>8<\/span><span class='screen-reader-text'>8 avril 2026<\/span><\/span><\/div>\n<\/td>\n<td class='no-events jeudi jeu past-day past-date   no-events day-with-date'><div class='mc-date-container'><span class='mc-date no-events'><span aria-hidden='true'>9<\/span><span class='screen-reader-text'>9 avril 2026<\/span><\/span><\/div>\n<\/td>\n<td class='no-events vendredi ven past-day past-date   no-events day-with-date'><div class='mc-date-container'><span class='mc-date no-events'><span aria-hidden='true'>10<\/span><span class='screen-reader-text'>10 avril 2026<\/span><\/span><\/div>\n<\/td>\n<td class='no-events samedi sam past-day past-date weekend  no-events day-with-date'><div class='mc-date-container'><span class='mc-date no-events'><span aria-hidden='true'>11<\/span><span class='screen-reader-text'>11 avril 2026<\/span><\/span><\/div>\n<\/td>\n<td class='no-events dimanche dim past-day past-date weekend  no-events day-with-date'><div class='mc-date-container'><span class='mc-date no-events'><span aria-hidden='true'>12<\/span><span class='screen-reader-text'>12 avril 2026<\/span><\/span><\/div>\n<\/td>\n<\/tr>\n<!-- End Event Row -->\n<tr class='mc-row'><td class='no-events lundi lun past-day past-date   no-events day-with-date'><div class='mc-date-container'><span class='mc-date no-events'><span aria-hidden='true'>13<\/span><span class='screen-reader-text'>13 avril 2026<\/span><\/span><\/div>\n<\/td>\n<td class='no-events mardi mar past-day past-date   no-events day-with-date'><div class='mc-date-container'><span class='mc-date no-events'><span aria-hidden='true'>14<\/span><span class='screen-reader-text'>14 avril 2026<\/span><\/span><\/div>\n<\/td>\n<td class='no-events mercredi mer past-day past-date   no-events day-with-date'><div class='mc-date-container'><span class='mc-date no-events'><span aria-hidden='true'>15<\/span><span class='screen-reader-text'>15 avril 2026<\/span><\/span><\/div>\n<\/td>\n<td class='no-events jeudi jeu past-day past-date   no-events day-with-date'><div class='mc-date-container'><span class='mc-date no-events'><span aria-hidden='true'>16<\/span><span class='screen-reader-text'>16 avril 2026<\/span><\/span><\/div>\n<\/td>\n<td class='no-events vendredi ven past-day past-date   no-events day-with-date'><div class='mc-date-container'><span class='mc-date no-events'><span aria-hidden='true'>17<\/span><span class='screen-reader-text'>17 avril 2026<\/span><\/span><\/div>\n<\/td>\n<td class='no-events samedi sam past-day past-date weekend  no-events day-with-date'><div class='mc-date-container'><span class='mc-date no-events'><span aria-hidden='true'>18<\/span><span class='screen-reader-text'>18 avril 2026<\/span><\/span><\/div>\n<\/td>\n<td class='no-events dimanche dim past-day past-date weekend  no-events day-with-date'><div class='mc-date-container'><span class='mc-date no-events'><span aria-hidden='true'>19<\/span><span class='screen-reader-text'>19 avril 2026<\/span><\/span><\/div>\n<\/td>\n<\/tr>\n<!-- End Event Row -->\n<tr class='mc-row'><td class='no-events lundi lun past-day past-date   no-events day-with-date'><div class='mc-date-container'><span class='mc-date no-events'><span aria-hidden='true'>20<\/span><span class='screen-reader-text'>20 avril 2026<\/span><\/span><\/div>\n<\/td>\n<td class='no-events mardi mar past-day past-date   no-events day-with-date'><div class='mc-date-container'><span class='mc-date no-events'><span aria-hidden='true'>21<\/span><span class='screen-reader-text'>21 avril 2026<\/span><\/span><\/div>\n<\/td>\n<td class='no-events mercredi mer past-day past-date   no-events day-with-date'><div class='mc-date-container'><span class='mc-date no-events'><span aria-hidden='true'>22<\/span><span class='screen-reader-text'>22 avril 2026<\/span><\/span><\/div>\n<\/td>\n<td class='no-events jeudi jeu past-day past-date   no-events day-with-date'><div class='mc-date-container'><span class='mc-date no-events'><span aria-hidden='true'>23<\/span><span class='screen-reader-text'>23 avril 2026<\/span><\/span><\/div>\n<\/td>\n<td class='no-events vendredi ven past-day past-date   no-events day-with-date'><div class='mc-date-container'><span class='mc-date no-events'><span aria-hidden='true'>24<\/span><span class='screen-reader-text'>24 avril 2026<\/span><\/span><\/div>\n<\/td>\n<td class='no-events samedi sam past-day past-date weekend  no-events day-with-date'><div class='mc-date-container'><span class='mc-date no-events'><span aria-hidden='true'>25<\/span><span class='screen-reader-text'>25 avril 2026<\/span><\/span><\/div>\n<\/td>\n<td class='no-events dimanche dim past-day past-date weekend  no-events day-with-date'><div class='mc-date-container'><span class='mc-date no-events'><span aria-hidden='true'>26<\/span><span class='screen-reader-text'>26 avril 2026<\/span><\/span><\/div>\n<\/td>\n<\/tr>\n<!-- End Event Row -->\n<tr class='mc-row'><td class='no-events lundi lun past-day past-date   no-events day-with-date'><div class='mc-date-container'><span class='mc-date no-events'><span aria-hidden='true'>27<\/span><span class='screen-reader-text'>27 avril 2026<\/span><\/span><\/div>\n<\/td>\n<td class='no-events mardi mar past-day past-date   no-events day-with-date'><div class='mc-date-container'><span class='mc-date no-events'><span aria-hidden='true'>28<\/span><span class='screen-reader-text'>28 avril 2026<\/span><\/span><\/div>\n<\/td>\n<td aria-current=\"date\" class='no-events mercredi mer current-day   no-events day-with-date'><div class='mc-date-container'><span class='mc-date no-events'><span aria-hidden='true'>29<\/span><span class='screen-reader-text'>29 avril 2026<\/span><\/span><\/div>\n<\/td>\n<td class='no-events jeudi jeu future-day   no-events day-with-date'><div class='mc-date-container'><span class='mc-date no-events'><span aria-hidden='true'>30<\/span><span class='screen-reader-text'>30 avril 2026<\/span><\/span><\/div>\n<\/td>\n<td class='no-events vendredi ven future-day  nextmonth no-events day-with-date'><div class='mc-date-container'><span class='mc-date no-events'><span aria-hidden='true'>1<\/span><span class='screen-reader-text'>1 mai 2026<\/span><\/span><\/div>\n<\/td>\n<td class='no-events samedi sam future-day weekend nextmonth no-events day-with-date'><div class='mc-date-container'><span class='mc-date no-events'><span aria-hidden='true'>2<\/span><span class='screen-reader-text'>2 mai 2026<\/span><\/span><\/div>\n<\/td>\n<td class='no-events dimanche dim future-day weekend nextmonth no-events day-with-date'><div class='mc-date-container'><span class='mc-date no-events'><span aria-hidden='true'>3<\/span><span class='screen-reader-text'>3 mai 2026<\/span><\/span><\/div>\n<\/td>\n<\/tr>\n<!-- End Event Row -->\n\n<\/tbody>\n<\/table><\/div><!-- .mc-content -->\n<nav class=\"my-calendar-navigation\" aria-label=\"Calendrier (Bas)\">\n<div class=\"mc_bottomnav my-calendar-footer\"><div class=\"category-key has-icons\"><h2 class=\"maybe-hide\">Cat\u00e9gories d\u2019\u00e9v\u00e8nement<\/h2>\n<ul>\n<li class=\"cat_2020\"><button type=\"button\" class=\"mc-navigation-button\" id=\"mc_cat_6-my-calendar\" data-href=\"http:\/\/lorrylesmetz-histoire.fr\/?page_id=6655&#038;mcat=6&#038;rest_route=\/wp\/v2\/pages\/6655\" ><span class=\"mc-category-title\">2020<\/span><\/button><\/li><li class=\"cat_assemble-gnrale\"><button type=\"button\" class=\"mc-navigation-button\" id=\"mc_cat_3-my-calendar\" data-href=\"http:\/\/lorrylesmetz-histoire.fr\/?page_id=6655&#038;mcat=3&#038;rest_route=\/wp\/v2\/pages\/6655\" ><span class=\"category-color-sample svg\" style=\"background:#db1818;\"><svg style=\"fill:#ffffff\" focusable=\"false\" role=\"img\" aria-labelledby=\"cat_3\" class=\"category-icon\" xmlns=\"http:\/\/www.w3.org\/2000\/svg\" viewBox=\"0 0 576 512\"><!-- Font Awesome Free 5.15.3 by @fontawesome - https:\/\/fontawesome.com License - https:\/\/fontawesome.com\/license\/free (Icons: CC BY 4.0, Fonts: SIL OFL 1.1, Code: MIT License) --><title id='cat_3'>Assembl\u00e9e g\u00e9n\u00e9rale<\/title><path d=\"M259.3 17.8L194 150.2 47.9 171.5c-26.2 3.8-36.7 36.1-17.7 54.6l105.7 103-25 145.5c-4.5 26.3 23.2 46 46.4 33.7L288 439.6l130.7 68.7c23.2 12.2 50.9-7.4 46.4-33.7l-25-145.5 105.7-103c19-18.5 8.5-50.8-17.7-54.6L382 150.2 316.7 17.8c-11.7-23.6-45.6-23.9-57.4 0z\"\/><\/svg><\/span>Assembl\u00e9e g\u00e9n\u00e9rale<\/button><\/li><li class=\"cat_confrence-visite\"><button type=\"button\" class=\"mc-navigation-button\" id=\"mc_cat_5-my-calendar\" data-href=\"http:\/\/lorrylesmetz-histoire.fr\/?page_id=6655&#038;mcat=5&#038;rest_route=\/wp\/v2\/pages\/6655\" ><span class=\"category-color-sample svg\" style=\"background:#73d62c;\"><svg style=\"fill:#000000\" focusable=\"false\" role=\"img\" aria-labelledby=\"cat_5\" class=\"category-icon\" xmlns=\"http:\/\/www.w3.org\/2000\/svg\" viewBox=\"0 0 640 512\"><!-- Font Awesome Free 5.15.3 by @fontawesome - https:\/\/fontawesome.com License - https:\/\/fontawesome.com\/license\/free (Icons: CC BY 4.0, Fonts: SIL OFL 1.1, Code: MIT License) --><title id='cat_5'>Conf\u00e9rence, visite<\/title><path d=\"M0 224v272c0 8.84 7.16 16 16 16h80V192H32c-17.67 0-32 14.33-32 32zm360-48h-24v-40c0-4.42-3.58-8-8-8h-16c-4.42 0-8 3.58-8 8v64c0 4.42 3.58 8 8 8h48c4.42 0 8-3.58 8-8v-16c0-4.42-3.58-8-8-8zm137.75-63.96l-160-106.67a32.02 32.02 0 0 0-35.5 0l-160 106.67A32.002 32.002 0 0 0 128 138.66V512h128V368c0-8.84 7.16-16 16-16h96c8.84 0 16 7.16 16 16v144h128V138.67c0-10.7-5.35-20.7-14.25-26.63zM320 256c-44.18 0-80-35.82-80-80s35.82-80 80-80 80 35.82 80 80-35.82 80-80 80zm288-64h-64v320h80c8.84 0 16-7.16 16-16V224c0-17.67-14.33-32-32-32z\"\/><\/svg><\/span>Conf\u00e9rence, visite<\/button><\/li><li class=\"cat_general\"><button type=\"button\" class=\"mc-navigation-button\" id=\"mc_cat_1-my-calendar\" data-href=\"http:\/\/lorrylesmetz-histoire.fr\/?page_id=6655&#038;mcat=1&#038;rest_route=\/wp\/v2\/pages\/6655\" ><span class=\"category-color-sample svg\" style=\"background:#ffffcc;\"><svg style=\"fill:#000000\" focusable=\"false\" role=\"img\" aria-labelledby=\"cat_1\" class=\"category-icon\" xmlns=\"http:\/\/www.w3.org\/2000\/svg\" viewBox=\"0 0 448 512\"><!-- Font Awesome Free 5.15.3 by @fontawesome - https:\/\/fontawesome.com License - https:\/\/fontawesome.com\/license\/free (Icons: CC BY 4.0, Fonts: SIL OFL 1.1, Code: MIT License) --><title id='cat_1'>General<\/title><path d=\"M12 192h424c6.6 0 12 5.4 12 12v260c0 26.5-21.5 48-48 48H48c-26.5 0-48-21.5-48-48V204c0-6.6 5.4-12 12-12zm436-44v-36c0-26.5-21.5-48-48-48h-48V12c0-6.6-5.4-12-12-12h-40c-6.6 0-12 5.4-12 12v52H160V12c0-6.6-5.4-12-12-12h-40c-6.6 0-12 5.4-12 12v52H48C21.5 64 0 85.5 0 112v36c0 6.6 5.4 12 12 12h424c6.6 0 12-5.4 12-12z\"\/><\/svg><\/span>General<\/button><\/li><li class=\"cat_runion-mensuelle\"><button type=\"button\" class=\"mc-navigation-button\" id=\"mc_cat_2-my-calendar\" data-href=\"http:\/\/lorrylesmetz-histoire.fr\/?page_id=6655&#038;mcat=2&#038;rest_route=\/wp\/v2\/pages\/6655\" ><span class=\"category-color-sample svg\" style=\"background:#e2c81d;\"><svg style=\"fill:#000000\" focusable=\"false\" role=\"img\" aria-labelledby=\"cat_2\" class=\"category-icon\" xmlns=\"http:\/\/www.w3.org\/2000\/svg\" viewBox=\"0 0 640 512\"><!-- Font Awesome Free 5.15.3 by @fontawesome - https:\/\/fontawesome.com License - https:\/\/fontawesome.com\/license\/free (Icons: CC BY 4.0, Fonts: SIL OFL 1.1, Code: MIT License) --><title id='cat_2'>R\u00e9union mensuelle<\/title><path d=\"M434.7 64h-85.9c-8 0-15.7 3-21.6 8.4l-98.3 90c-.1.1-.2.3-.3.4-16.6 15.6-16.3 40.5-2.1 56 12.7 13.9 39.4 17.6 56.1 2.7.1-.1.3-.1.4-.2l79.9-73.2c6.5-5.9 16.7-5.5 22.6 1 6 6.5 5.5 16.6-1 22.6l-26.1 23.9L504 313.8c2.9 2.4 5.5 5 7.9 7.7V128l-54.6-54.6c-5.9-6-14.1-9.4-22.6-9.4zM544 128.2v223.9c0 17.7 14.3 32 32 32h64V128.2h-96zm48 223.9c-8.8 0-16-7.2-16-16s7.2-16 16-16 16 7.2 16 16-7.2 16-16 16zM0 384h64c17.7 0 32-14.3 32-32V128.2H0V384zm48-63.9c8.8 0 16 7.2 16 16s-7.2 16-16 16-16-7.2-16-16c0-8.9 7.2-16 16-16zm435.9 18.6L334.6 217.5l-30 27.5c-29.7 27.1-75.2 24.5-101.7-4.4-26.9-29.4-24.8-74.9 4.4-101.7L289.1 64h-83.8c-8.5 0-16.6 3.4-22.6 9.4L128 128v223.9h18.3l90.5 81.9c27.4 22.3 67.7 18.1 90-9.3l.2-.2 17.9 15.5c15.9 13 39.4 10.5 52.3-5.4l31.4-38.6 5.4 4.4c13.7 11.1 33.9 9.1 45-4.7l9.5-11.7c11.2-13.8 9.1-33.9-4.6-45.1z\"\/><\/svg><\/span>R\u00e9union mensuelle<\/button><\/li><li class='all-categories'><span class='mc-active' id='mc_cat_all-my-calendar' tabindex='-1'>Toutes les cat\u00e9gories<\/span><\/li><\/ul><\/div><div class='mc-export mc-subscribe'>\r\n\t<ul><li class='ics google'><a href='https:\/\/www.google.com\/calendar\/render?cid=webcal:\/\/lorrylesmetz-histoire.fr\/?feed=my-calendar-google' rel='nofollow'><span class='mc-icon' aria-hidden='true'><\/span><span class=\"maybe-hide\">Cr\u00e9er un compte <\/span>Google<\/a><\/li><li class='ics ical'><a href='webcal:\/\/lorrylesmetz-histoire.fr\/?feed=my-calendar-google' rel='nofollow'><span class='mc-icon' aria-hidden='true'><\/span><span class=\"maybe-hide\">Cr\u00e9er un compte <\/span>iCal<\/a><\/li><\/ul>\r\n<\/div><div class='mc-print'><a id='mc_print-my-calendar' href='http:\/\/lorrylesmetz-histoire.fr?cid=mc-print-view&#038;dy=1&#038;href=http%3A%2F%2Florrylesmetz-histoire.fr%3Frest_route%3D%2Fwp%2Fv2%2Fpages%2F6655&#038;month=4&#038;rest_route=\/wp\/v2\/pages\/6655&#038;time=month&#038;yr=2026' rel='nofollow'><span class='mc-icon' aria-hidden='true'><\/span><span class=\"maybe-hide\">Vue<\/span> impression<\/a><\/div><\/div>\n<\/nav>\n\r\n<\/div><!-- Close Main My Calendar Wrapper -->\n","protected":false},"excerpt":{"rendered":"","protected":false},"author":1,"featured_media":0,"parent":0,"menu_order":1,"comment_status":"closed","ping_status":"closed","template":"","meta":{"_mc_calendar":[],"footnotes":""},"class_list":["post-6655","page","type-page","status-publish","hentry"],"_links":{"self":[{"href":"http:\/\/lorrylesmetz-histoire.fr\/index.php?rest_route=\/wp\/v2\/pages\/6655","targetHints":{"allow":["GET"]}}],"collection":[{"href":"http:\/\/lorrylesmetz-histoire.fr\/index.php?rest_route=\/wp\/v2\/pages"}],"about":[{"href":"http:\/\/lorrylesmetz-histoire.fr\/index.php?rest_route=\/wp\/v2\/types\/page"}],"author":[{"embeddable":true,"href":"http:\/\/lorrylesmetz-histoire.fr\/index.php?rest_route=\/wp\/v2\/users\/1"}],"replies":[{"embeddable":true,"href":"http:\/\/lorrylesmetz-histoire.fr\/index.php?rest_route=%2Fwp%2Fv2%2Fcomments&post=6655"}],"version-history":[{"count":1,"href":"http:\/\/lorrylesmetz-histoire.fr\/index.php?rest_route=\/wp\/v2\/pages\/6655\/revisions"}],"predecessor-version":[{"id":6656,"href":"http:\/\/lorrylesmetz-histoire.fr\/index.php?rest_route=\/wp\/v2\/pages\/6655\/revisions\/6656"}],"wp:attachment":[{"href":"http:\/\/lorrylesmetz-histoire.fr\/index.php?rest_route=%2Fwp%2Fv2%2Fmedia&parent=6655"}],"curies":[{"name":"wp","href":"https:\/\/api.w.org\/{rel}","templated":true}]}}