{"id":7157,"date":"2023-10-04T10:01:47","date_gmt":"2023-10-04T08:01:47","guid":{"rendered":"http:\/\/lorrylesmetz-histoire.fr\/?page_id=7157"},"modified":"2023-10-04T10:01:47","modified_gmt":"2023-10-04T08:01:47","slug":"journees-du-patrimoine","status":"publish","type":"page","link":"http:\/\/lorrylesmetz-histoire.fr\/?page_id=7157","title":{"rendered":"Journ\u00e9es du patrimoine"},"content":{"rendered":"<p>Lorry-l\u00e8s-Metz \u00ab\u00a0au fil du temps\u00a0\u00bb \u00e9tait aux Journ\u00e9es du Patrimoine, \u00e0 Metz\u00a0:<\/p>\n<p>Samedi 16\u00a0septembre, \u00e0 l\u2019invitation de ses amis de la SHW, \u00e0 la chapelle de Sainte-Chr\u00e9tienne pour une visite guid\u00e9e par la sup\u00e9rieure de la congr\u00e9gation, suivie d\u2019une conf\u00e9rence sur Hildegarde\u00a0de\u00a0Bingen, abbesse c\u00e9l\u00e8bre du XII<sup>e<\/sup>\u00a0si\u00e8cle, dont certains chants ont \u00e9t\u00e9 ex\u00e9cut\u00e9s par Marie-Reine\u00a0Demolli\u00e8re et ses solistes.<\/p>\n<p>Dimanche\u00a017, pour la d\u00e9couverte de la chapelle Sainte-Blandine de l\u2019ancien h\u00f4pital \u00e9ponyme.<\/p>\n<p>Des journ\u00e9es enrichissantes.<\/p>\n<div id=\"metaslider-id-7130\" style=\"width: 100%; margin: 0 auto;\" class=\"ml-slider-3-108-0 metaslider metaslider-responsive metaslider-7130 ml-slider has-dots-nav ms-theme-default\" role=\"region\" aria-label=\"Journ\u00e9es patrimoine 2023\" data-height=\"600\" data-width=\"800\">\n    <div id=\"metaslider_container_7130\">\n        <ul id='metaslider_7130' class='rslides'>\n            <li aria-roledescription='slide' aria-labelledby='slide-0'><a href=\"http:\/\/lorrylesmetz-histoire.fr\/wp-content\/uploads\/2023\/10\/00.jpg\" target=\"_blank\"><img loading=\"lazy\" decoding=\"async\" src=\"http:\/\/lorrylesmetz-histoire.fr\/wp-content\/uploads\/2023\/10\/00-800x600.jpg\" height=\"600\" width=\"800\" alt=\"\" class=\"slider-7130 slide-7131 msDefaultImage\" title=\"00\" \/><\/a><\/li>\n            <li style='display: none;' aria-roledescription='slide' aria-labelledby='slide-1'><a href=\"http:\/\/lorrylesmetz-histoire.fr\/wp-content\/uploads\/2023\/10\/01-.jpg\" target=\"_blank\"><img loading=\"lazy\" decoding=\"async\" src=\"http:\/\/lorrylesmetz-histoire.fr\/wp-content\/uploads\/2023\/10\/01--scaled-800x600.jpg\" height=\"600\" width=\"800\" alt=\"\" class=\"slider-7130 slide-7132 msDefaultImage\" title=\"01\" \/><\/a><\/li>\n            <li style='display: none;' aria-roledescription='slide' aria-labelledby='slide-2'><a href=\"http:\/\/lorrylesmetz-histoire.fr\/wp-content\/uploads\/2023\/10\/02.jpg\" target=\"_blank\"><img loading=\"lazy\" decoding=\"async\" src=\"http:\/\/lorrylesmetz-histoire.fr\/wp-content\/uploads\/2023\/10\/02-scaled-800x600.jpg\" height=\"600\" width=\"800\" alt=\"\" class=\"slider-7130 slide-7133 msDefaultImage\" title=\"02\" \/><\/a><\/li>\n            <li style='display: none;' aria-roledescription='slide' aria-labelledby='slide-3'><a href=\"http:\/\/lorrylesmetz-histoire.fr\/wp-content\/uploads\/2023\/10\/03.jpg\" target=\"_blank\"><img loading=\"lazy\" decoding=\"async\" src=\"http:\/\/lorrylesmetz-histoire.fr\/wp-content\/uploads\/2023\/10\/03-scaled-800x600.jpg\" height=\"600\" width=\"800\" alt=\"\" class=\"slider-7130 slide-7134 msDefaultImage\" title=\"03\" \/><\/a><\/li>\n            <li style='display: none;' aria-roledescription='slide' aria-labelledby='slide-4'><a href=\"http:\/\/lorrylesmetz-histoire.fr\/wp-content\/uploads\/2023\/10\/04.jpg\" target=\"_blank\"><img loading=\"lazy\" decoding=\"async\" src=\"http:\/\/lorrylesmetz-histoire.fr\/wp-content\/uploads\/2023\/10\/04-scaled-800x600.jpg\" height=\"600\" width=\"800\" alt=\"\" class=\"slider-7130 slide-7135 msDefaultImage\" title=\"04\" \/><\/a><\/li>\n            <li style='display: none;' aria-roledescription='slide' aria-labelledby='slide-5'><a href=\"http:\/\/lorrylesmetz-histoire.fr\/wp-content\/uploads\/2023\/10\/05.jpg\" target=\"_blank\"><img loading=\"lazy\" decoding=\"async\" src=\"http:\/\/lorrylesmetz-histoire.fr\/wp-content\/uploads\/2023\/10\/05-scaled-800x600.jpg\" height=\"600\" width=\"800\" alt=\"\" class=\"slider-7130 slide-7136 msDefaultImage\" title=\"05\" \/><\/a><\/li>\n            <li style='display: none;' aria-roledescription='slide' aria-labelledby='slide-6'><a href=\"http:\/\/lorrylesmetz-histoire.fr\/wp-content\/uploads\/2023\/10\/06.jpg\" target=\"_blank\"><img loading=\"lazy\" decoding=\"async\" src=\"http:\/\/lorrylesmetz-histoire.fr\/wp-content\/uploads\/2023\/10\/06-scaled-800x600.jpg\" height=\"600\" width=\"800\" alt=\"\" class=\"slider-7130 slide-7137 msDefaultImage\" title=\"06\" \/><\/a><\/li>\n            <li style='display: none;' aria-roledescription='slide' aria-labelledby='slide-7'><a href=\"http:\/\/lorrylesmetz-histoire.fr\/wp-content\/uploads\/2023\/10\/07.jpg\" target=\"_blank\"><img loading=\"lazy\" decoding=\"async\" src=\"http:\/\/lorrylesmetz-histoire.fr\/wp-content\/uploads\/2023\/10\/07-scaled-800x600.jpg\" height=\"600\" width=\"800\" alt=\"\" class=\"slider-7130 slide-7138 msDefaultImage\" title=\"07\" \/><\/a><\/li>\n            <li style='display: none;' aria-roledescription='slide' aria-labelledby='slide-8'><a href=\"http:\/\/lorrylesmetz-histoire.fr\/wp-content\/uploads\/2023\/10\/08.jpg\" target=\"_blank\"><img loading=\"lazy\" decoding=\"async\" src=\"http:\/\/lorrylesmetz-histoire.fr\/wp-content\/uploads\/2023\/10\/08-scaled-800x600.jpg\" height=\"600\" width=\"800\" alt=\"\" class=\"slider-7130 slide-7139 msDefaultImage\" title=\"08\" \/><\/a><\/li>\n            <li style='display: none;' aria-roledescription='slide' aria-labelledby='slide-9'><a href=\"http:\/\/lorrylesmetz-histoire.fr\/wp-content\/uploads\/2023\/10\/09.jpg\" target=\"_blank\"><img loading=\"lazy\" decoding=\"async\" src=\"http:\/\/lorrylesmetz-histoire.fr\/wp-content\/uploads\/2023\/10\/09-scaled-800x600.jpg\" height=\"600\" width=\"800\" alt=\"\" class=\"slider-7130 slide-7140 msDefaultImage\" title=\"09\" \/><\/a><\/li>\n            <li style='display: none;' aria-roledescription='slide' aria-labelledby='slide-10'><a href=\"http:\/\/lorrylesmetz-histoire.fr\/wp-content\/uploads\/2023\/10\/10.jpg\" target=\"_blank\"><img loading=\"lazy\" decoding=\"async\" src=\"http:\/\/lorrylesmetz-histoire.fr\/wp-content\/uploads\/2023\/10\/10-scaled-800x600.jpg\" height=\"600\" width=\"800\" alt=\"\" class=\"slider-7130 slide-7141 msDefaultImage\" title=\"10\" \/><\/a><\/li>\n            <li style='display: none;' aria-roledescription='slide' aria-labelledby='slide-11'><a href=\"http:\/\/lorrylesmetz-histoire.fr\/wp-content\/uploads\/2023\/10\/11.jpg\" target=\"_blank\"><img loading=\"lazy\" decoding=\"async\" src=\"http:\/\/lorrylesmetz-histoire.fr\/wp-content\/uploads\/2023\/10\/11-scaled-800x600.jpg\" height=\"600\" width=\"800\" alt=\"\" class=\"slider-7130 slide-7142 msDefaultImage\" title=\"11\" \/><\/a><\/li>\n            <li style='display: none;' aria-roledescription='slide' aria-labelledby='slide-12'><a href=\"http:\/\/lorrylesmetz-histoire.fr\/wp-content\/uploads\/2023\/10\/12.jpg\" target=\"_blank\"><img loading=\"lazy\" decoding=\"async\" src=\"http:\/\/lorrylesmetz-histoire.fr\/wp-content\/uploads\/2023\/10\/12-scaled-800x600.jpg\" height=\"600\" width=\"800\" alt=\"\" class=\"slider-7130 slide-7143 msDefaultImage\" title=\"12\" \/><\/a><\/li>\n            <li style='display: none;' aria-roledescription='slide' aria-labelledby='slide-13'><a href=\"http:\/\/lorrylesmetz-histoire.fr\/wp-content\/uploads\/2023\/10\/13.jpg\" target=\"_blank\"><img loading=\"lazy\" decoding=\"async\" src=\"http:\/\/lorrylesmetz-histoire.fr\/wp-content\/uploads\/2023\/10\/13-scaled-800x600.jpg\" height=\"600\" width=\"800\" alt=\"\" class=\"slider-7130 slide-7144 msDefaultImage\" title=\"13\" \/><\/a><\/li>\n            <li style='display: none;' aria-roledescription='slide' aria-labelledby='slide-14'><a href=\"http:\/\/lorrylesmetz-histoire.fr\/wp-content\/uploads\/2023\/10\/14.jpg\" target=\"_blank\"><img loading=\"lazy\" decoding=\"async\" src=\"http:\/\/lorrylesmetz-histoire.fr\/wp-content\/uploads\/2023\/10\/14-scaled-800x600.jpg\" height=\"600\" width=\"800\" alt=\"\" class=\"slider-7130 slide-7145 msDefaultImage\" title=\"14\" \/><\/a><\/li>\n            <li style='display: none;' aria-roledescription='slide' aria-labelledby='slide-15'><a href=\"http:\/\/lorrylesmetz-histoire.fr\/wp-content\/uploads\/2023\/10\/15.jpg\" target=\"_blank\"><img loading=\"lazy\" decoding=\"async\" src=\"http:\/\/lorrylesmetz-histoire.fr\/wp-content\/uploads\/2023\/10\/15-scaled-800x600.jpg\" height=\"600\" width=\"800\" alt=\"\" class=\"slider-7130 slide-7146 msDefaultImage\" title=\"15\" \/><\/a><\/li>\n            <li style='display: none;' aria-roledescription='slide' aria-labelledby='slide-16'><a href=\"http:\/\/lorrylesmetz-histoire.fr\/wp-content\/uploads\/2023\/10\/16.jpg\" target=\"_blank\"><img loading=\"lazy\" decoding=\"async\" src=\"http:\/\/lorrylesmetz-histoire.fr\/wp-content\/uploads\/2023\/10\/16-scaled-800x600.jpg\" height=\"600\" width=\"800\" alt=\"\" class=\"slider-7130 slide-7147 msDefaultImage\" title=\"16\" \/><\/a><\/li>\n            <li style='display: none;' aria-roledescription='slide' aria-labelledby='slide-17'><a href=\"http:\/\/lorrylesmetz-histoire.fr\/wp-content\/uploads\/2023\/10\/17.jpg\" target=\"_blank\"><img loading=\"lazy\" decoding=\"async\" src=\"http:\/\/lorrylesmetz-histoire.fr\/wp-content\/uploads\/2023\/10\/17-scaled-800x600.jpg\" height=\"600\" width=\"800\" alt=\"\" class=\"slider-7130 slide-7148 msDefaultImage\" title=\"17\" \/><\/a><\/li>\n            <li style='display: none;' aria-roledescription='slide' aria-labelledby='slide-18'><a href=\"http:\/\/lorrylesmetz-histoire.fr\/wp-content\/uploads\/2023\/10\/18.jpg\" target=\"_blank\"><img loading=\"lazy\" decoding=\"async\" src=\"http:\/\/lorrylesmetz-histoire.fr\/wp-content\/uploads\/2023\/10\/18-scaled-800x600.jpg\" height=\"600\" width=\"800\" alt=\"\" class=\"slider-7130 slide-7149 msDefaultImage\" title=\"18\" \/><\/a><\/li>\n            <li style='display: none;' aria-roledescription='slide' aria-labelledby='slide-19'><a href=\"http:\/\/lorrylesmetz-histoire.fr\/wp-content\/uploads\/2023\/10\/19.jpg\" target=\"_blank\"><img loading=\"lazy\" decoding=\"async\" src=\"http:\/\/lorrylesmetz-histoire.fr\/wp-content\/uploads\/2023\/10\/19-scaled-800x600.jpg\" height=\"600\" width=\"800\" alt=\"\" class=\"slider-7130 slide-7150 msDefaultImage\" title=\"19\" \/><\/a><\/li>\n            <li style='display: none;' aria-roledescription='slide' aria-labelledby='slide-20'><a href=\"http:\/\/lorrylesmetz-histoire.fr\/wp-content\/uploads\/2023\/10\/20.jpg\" target=\"_blank\"><img loading=\"lazy\" decoding=\"async\" src=\"http:\/\/lorrylesmetz-histoire.fr\/wp-content\/uploads\/2023\/10\/20-scaled-800x600.jpg\" height=\"600\" width=\"800\" alt=\"\" class=\"slider-7130 slide-7151 msDefaultImage\" title=\"20\" \/><\/a><\/li>\n            <li style='display: none;' aria-roledescription='slide' aria-labelledby='slide-21'><a href=\"http:\/\/lorrylesmetz-histoire.fr\/wp-content\/uploads\/2023\/10\/21.jpg\" target=\"_blank\"><img loading=\"lazy\" decoding=\"async\" src=\"http:\/\/lorrylesmetz-histoire.fr\/wp-content\/uploads\/2023\/10\/21-scaled-800x600.jpg\" height=\"600\" width=\"800\" alt=\"\" class=\"slider-7130 slide-7152 msDefaultImage\" title=\"21\" \/><\/a><\/li>\n            <li style='display: none;' aria-roledescription='slide' aria-labelledby='slide-22'><a href=\"http:\/\/lorrylesmetz-histoire.fr\/wp-content\/uploads\/2023\/10\/22.jpg\" target=\"_blank\"><img loading=\"lazy\" decoding=\"async\" src=\"http:\/\/lorrylesmetz-histoire.fr\/wp-content\/uploads\/2023\/10\/22-scaled-800x600.jpg\" height=\"600\" width=\"800\" alt=\"\" class=\"slider-7130 slide-7153 msDefaultImage\" title=\"22\" \/><\/a><\/li>\n            <li style='display: none;' aria-roledescription='slide' aria-labelledby='slide-23'><a href=\"http:\/\/lorrylesmetz-histoire.fr\/wp-content\/uploads\/2023\/10\/23.jpg\" target=\"_blank\"><img loading=\"lazy\" decoding=\"async\" src=\"http:\/\/lorrylesmetz-histoire.fr\/wp-content\/uploads\/2023\/10\/23-scaled-800x600.jpg\" height=\"600\" width=\"800\" alt=\"\" class=\"slider-7130 slide-7154 msDefaultImage\" title=\"23\" \/><\/a><\/li>\n            <li style='display: none;' aria-roledescription='slide' aria-labelledby='slide-24'><a href=\"http:\/\/lorrylesmetz-histoire.fr\/wp-content\/uploads\/2023\/10\/24.jpg\" target=\"_blank\"><img loading=\"lazy\" decoding=\"async\" src=\"http:\/\/lorrylesmetz-histoire.fr\/wp-content\/uploads\/2023\/10\/24-scaled-800x600.jpg\" height=\"600\" width=\"800\" alt=\"\" class=\"slider-7130 slide-7155 msDefaultImage\" title=\"24\" \/><\/a><\/li>\n            <li style='display: none;' aria-roledescription='slide' aria-labelledby='slide-25'><a href=\"http:\/\/lorrylesmetz-histoire.fr\/wp-content\/uploads\/2023\/10\/25.jpg\" target=\"_blank\"><img loading=\"lazy\" decoding=\"async\" src=\"http:\/\/lorrylesmetz-histoire.fr\/wp-content\/uploads\/2023\/10\/25--scaled-800x600.jpg\" height=\"600\" width=\"800\" alt=\"\" class=\"slider-7130 slide-7156 msDefaultImage\" title=\"25\" \/><\/a><\/li>\n        <\/ul>\n        \n    <\/div>\n<\/div>\n<p>Photos G\u00e9rard\u00a0KESTER<\/p>\n<p><a href=\"http:\/\/lorrylesmetz-histoire.fr\/?page_id=7005\"><img loading=\"lazy\" decoding=\"async\" class=\"alignnone size-full wp-image-378\" src=\"http:\/\/lorrylesmetz-histoire.fr\/wp-content\/uploads\/2017\/05\/retour.png\" alt=\"\" width=\"89\" height=\"31\" \/><\/a><\/p>\n","protected":false},"excerpt":{"rendered":"<p>Lorry-l\u00e8s-Metz \u00ab\u00a0au fil du temps\u00a0\u00bb \u00e9tait aux Journ\u00e9es du Patrimoine, \u00e0 Metz\u00a0: Samedi 16\u00a0septembre, \u00e0 l\u2019invitation de ses amis de la SHW, \u00e0 la chapelle de Sainte-Chr\u00e9tienne pour une visite guid\u00e9e par la sup\u00e9rieure de la congr\u00e9gation, suivie d\u2019une conf\u00e9rence&hellip; <\/p>\n","protected":false},"author":1,"featured_media":0,"parent":7005,"menu_order":2,"comment_status":"closed","ping_status":"closed","template":"","meta":{"_mc_calendar":[],"footnotes":""},"class_list":["post-7157","page","type-page","status-publish","hentry"],"_links":{"self":[{"href":"http:\/\/lorrylesmetz-histoire.fr\/index.php?rest_route=\/wp\/v2\/pages\/7157","targetHints":{"allow":["GET"]}}],"collection":[{"href":"http:\/\/lorrylesmetz-histoire.fr\/index.php?rest_route=\/wp\/v2\/pages"}],"about":[{"href":"http:\/\/lorrylesmetz-histoire.fr\/index.php?rest_route=\/wp\/v2\/types\/page"}],"author":[{"embeddable":true,"href":"http:\/\/lorrylesmetz-histoire.fr\/index.php?rest_route=\/wp\/v2\/users\/1"}],"replies":[{"embeddable":true,"href":"http:\/\/lorrylesmetz-histoire.fr\/index.php?rest_route=%2Fwp%2Fv2%2Fcomments&post=7157"}],"version-history":[{"count":3,"href":"http:\/\/lorrylesmetz-histoire.fr\/index.php?rest_route=\/wp\/v2\/pages\/7157\/revisions"}],"predecessor-version":[{"id":7161,"href":"http:\/\/lorrylesmetz-histoire.fr\/index.php?rest_route=\/wp\/v2\/pages\/7157\/revisions\/7161"}],"up":[{"embeddable":true,"href":"http:\/\/lorrylesmetz-histoire.fr\/index.php?rest_route=\/wp\/v2\/pages\/7005"}],"wp:attachment":[{"href":"http:\/\/lorrylesmetz-histoire.fr\/index.php?rest_route=%2Fwp%2Fv2%2Fmedia&parent=7157"}],"curies":[{"name":"wp","href":"https:\/\/api.w.org\/{rel}","templated":true}]}}