{"id":7278,"date":"2023-10-22T10:03:19","date_gmt":"2023-10-22T08:03:19","guid":{"rendered":"http:\/\/lorrylesmetz-histoire.fr\/?page_id=7278"},"modified":"2023-10-22T10:16:15","modified_gmt":"2023-10-22T08:16:15","slug":"b","status":"publish","type":"page","link":"http:\/\/lorrylesmetz-histoire.fr\/?page_id=7278","title":{"rendered":"R\u00e9union du CHMP"},"content":{"rendered":"<h2>9 octobre 2023<\/h2>\n<p>Lorry-l\u00e8s-Metz \u00ab\u00a0au fil du temps\u00a0\u00bb \u00e9tait pr\u00e9sent \u00e0 la r\u00e9union du Comit\u00e9 d\u2019Histoire du Pays Messin.<\/p>\n<p>Dans les sujets d\u00e9battus\u00a0:<\/p>\n<ul style=\"list-style-type: disc;\">\n<li>la confirmation du th\u00e8me du Salon du Livre d\u2019Histoire de la Ville de Woippy : l\u2019\u00c9gypte;<\/li>\n<li>l\u2019\u00e9tude d\u2019un sujet pour le colloque 2024, qui se tiendra le vendredi avant le Salon du livre d\u2019histoire de la cille de Woippy ;<\/li>\n<li>l\u2019\u00e9tude d\u2019un projet ayant pour objet la prospective d\u2019un espace qui permettrait d\u2019archiver les documents et recherches des associations du Pays messin \u00e9largi, afin que tout le travail ne soit pas perdu lorsque les associations disparaissent : projet \u00e0 monter, personnes \u00e0 contacter, m\u00e9thode de classement \u00e0 adopter\u2026 Bref, le Comit\u00e9 a de beaux jours de travail devant lui !<\/li>\n<\/ul>\n<p><a href=\"http:\/\/lorrylesmetz-histoire.fr\/wp-content\/uploads\/2023\/10\/B01.jpg\" target=\"_blank\" rel=\"noopener\"><img loading=\"lazy\" decoding=\"async\" class=\"aligncenter wp-image-7282 size-medium\" src=\"http:\/\/lorrylesmetz-histoire.fr\/wp-content\/uploads\/2023\/10\/B01-300x225.jpg\" alt=\"\" width=\"300\" height=\"225\" srcset=\"http:\/\/lorrylesmetz-histoire.fr\/wp-content\/uploads\/2023\/10\/B01-300x225.jpg 300w, http:\/\/lorrylesmetz-histoire.fr\/wp-content\/uploads\/2023\/10\/B01-1024x768.jpg 1024w, http:\/\/lorrylesmetz-histoire.fr\/wp-content\/uploads\/2023\/10\/B01-768x576.jpg 768w, http:\/\/lorrylesmetz-histoire.fr\/wp-content\/uploads\/2023\/10\/B01-1536x1152.jpg 1536w, http:\/\/lorrylesmetz-histoire.fr\/wp-content\/uploads\/2023\/10\/B01.jpg 1560w\" sizes=\"auto, (max-width: 300px) 100vw, 300px\" \/><\/a> <a href=\"http:\/\/lorrylesmetz-histoire.fr\/wp-content\/uploads\/2023\/10\/B02.jpg\" target=\"_blank\" rel=\"noopener\"><img loading=\"lazy\" decoding=\"async\" class=\"aligncenter wp-image-7283 size-medium\" src=\"http:\/\/lorrylesmetz-histoire.fr\/wp-content\/uploads\/2023\/10\/B02-300x149.jpg?_t=1697962557\" alt=\"\" width=\"300\" height=\"149\" srcset=\"http:\/\/lorrylesmetz-histoire.fr\/wp-content\/uploads\/2023\/10\/B02-300x149.jpg 300w, http:\/\/lorrylesmetz-histoire.fr\/wp-content\/uploads\/2023\/10\/B02-1024x510.jpg 1024w, http:\/\/lorrylesmetz-histoire.fr\/wp-content\/uploads\/2023\/10\/B02-768x383.jpg 768w, http:\/\/lorrylesmetz-histoire.fr\/wp-content\/uploads\/2023\/10\/B02.jpg 1421w\" sizes=\"auto, (max-width: 300px) 100vw, 300px\" \/><\/a><\/p>\n<p>Photos Claudine KESTER-ELGHOZI<\/p>\n<p><a href=\"http:\/\/lorrylesmetz-histoire.fr\/?page_id=7005\"><img loading=\"lazy\" decoding=\"async\" class=\"alignnone size-full wp-image-378\" src=\"http:\/\/lorrylesmetz-histoire.fr\/wp-content\/uploads\/2017\/05\/retour.png\" alt=\"\" width=\"89\" height=\"31\" \/><\/a><\/p>\n","protected":false},"excerpt":{"rendered":"<p>9 octobre 2023 Lorry-l\u00e8s-Metz \u00ab\u00a0au fil du temps\u00a0\u00bb \u00e9tait pr\u00e9sent \u00e0 la r\u00e9union du Comit\u00e9 d\u2019Histoire du Pays Messin. Dans les sujets d\u00e9battus\u00a0: la confirmation du th\u00e8me du Salon du Livre d\u2019Histoire de la Ville de Woippy : l\u2019\u00c9gypte; l\u2019\u00e9tude&hellip; <\/p>\n","protected":false},"author":1,"featured_media":0,"parent":7005,"menu_order":1,"comment_status":"closed","ping_status":"closed","template":"","meta":{"_mc_calendar":[],"footnotes":""},"class_list":["post-7278","page","type-page","status-publish","hentry"],"_links":{"self":[{"href":"http:\/\/lorrylesmetz-histoire.fr\/index.php?rest_route=\/wp\/v2\/pages\/7278","targetHints":{"allow":["GET"]}}],"collection":[{"href":"http:\/\/lorrylesmetz-histoire.fr\/index.php?rest_route=\/wp\/v2\/pages"}],"about":[{"href":"http:\/\/lorrylesmetz-histoire.fr\/index.php?rest_route=\/wp\/v2\/types\/page"}],"author":[{"embeddable":true,"href":"http:\/\/lorrylesmetz-histoire.fr\/index.php?rest_route=\/wp\/v2\/users\/1"}],"replies":[{"embeddable":true,"href":"http:\/\/lorrylesmetz-histoire.fr\/index.php?rest_route=%2Fwp%2Fv2%2Fcomments&post=7278"}],"version-history":[{"count":6,"href":"http:\/\/lorrylesmetz-histoire.fr\/index.php?rest_route=\/wp\/v2\/pages\/7278\/revisions"}],"predecessor-version":[{"id":7287,"href":"http:\/\/lorrylesmetz-histoire.fr\/index.php?rest_route=\/wp\/v2\/pages\/7278\/revisions\/7287"}],"up":[{"embeddable":true,"href":"http:\/\/lorrylesmetz-histoire.fr\/index.php?rest_route=\/wp\/v2\/pages\/7005"}],"wp:attachment":[{"href":"http:\/\/lorrylesmetz-histoire.fr\/index.php?rest_route=%2Fwp%2Fv2%2Fmedia&parent=7278"}],"curies":[{"name":"wp","href":"https:\/\/api.w.org\/{rel}","templated":true}]}}