{"id":7376,"date":"2023-12-18T11:16:47","date_gmt":"2023-12-18T10:16:47","guid":{"rendered":"http:\/\/lorrylesmetz-histoire.fr\/?page_id=7376"},"modified":"2023-12-18T11:36:49","modified_gmt":"2023-12-18T10:36:49","slug":"colloque","status":"publish","type":"page","link":"http:\/\/lorrylesmetz-histoire.fr\/?page_id=7376","title":{"rendered":"Colloque"},"content":{"rendered":"<h2 align=\"justify\">6 novembre\u00a02023<\/h2>\n<p align=\"justify\">Nous avons repris nos colloques annuels emp\u00each\u00e9s par les ann\u00e9es Covid.<\/p>\n<p align=\"justify\">Hormis Sophie\u00a0Cr\u00e9ty, arch\u00e9ologue, n\u2019intervenaient que des membres du Comit\u00e9, tous f\u00e9rus d\u2019histoire et passionn\u00e9s par des sujets tr\u00e8s diff\u00e9rents. Je rends ici hommage au travail consid\u00e9rable qu\u2019ils fournissent, toujours partants pour partager leur savoir et leurs trouvailles.<\/p>\n<p align=\"justify\">Jean-Luc\u00a0Baudinet et Sophie\u00a0Cr\u00e9ty ont fait d\u00e9couvrir, y compris aux Lorriots, le r\u00e9giment \u00e9cossais des Black Wach qui a laiss\u00e9 des graffitis dans la batterie de Jean-Marie\u00a0J\u00e9not. Patricia\u00a0Lallier a parl\u00e9 au nom de Maurice\u00a0Vigneron, excus\u00e9, de la d\u00e9signation du Soldat inconnu, moment fort puisque Maurice, fils de L\u00e9opold\u00a0Vigneron, tenait ce r\u00e9cit de la bouche m\u00eame de son p\u00e8re, pr\u00e9sent en cet instant solennel. Et Roger\u00a0Mariotte, fervent collectionneur de cartes postales anciennes, nous a fait d\u00e9couvrir\u2026 les statues messines disparues.<\/p>\n<p align=\"justify\">Le verre de l\u2019amiti\u00e9 a fini l\u2019apr\u00e8s-midi dans l\u2019\u00e9change et la bonne humeur.<\/p>\n<p align=\"justify\">Photos Claudine\u00a0Kester-ElGhozi et Roger\u00a0Mariotte<\/p>\n<p align=\"justify\"><div id=\"metaslider-id-7378\" style=\"width: 100%; margin: 0 auto;\" class=\"ml-slider-3-108-0 metaslider metaslider-responsive metaslider-7378 ml-slider has-dots-nav ms-theme-default\" role=\"region\" aria-label=\"Colloque 2023\" data-height=\"600\" data-width=\"800\">\n    <div id=\"metaslider_container_7378\">\n        <ul id='metaslider_7378' class='rslides'>\n            <li aria-roledescription='slide' aria-labelledby='slide-0'><a href=\"http:\/\/lorrylesmetz-histoire.fr\/wp-content\/uploads\/2023\/12\/B01.jpg\" target=\"_blank\"><img loading=\"lazy\" decoding=\"async\" src=\"http:\/\/lorrylesmetz-histoire.fr\/wp-content\/uploads\/2023\/12\/B01-800x600.jpg\" height=\"600\" width=\"800\" alt=\"\" class=\"slider-7378 slide-7379 msDefaultImage\" title=\"B01\" \/><\/a><\/li>\n            <li style='display: none;' aria-roledescription='slide' aria-labelledby='slide-1'><a href=\"http:\/\/lorrylesmetz-histoire.fr\/wp-content\/uploads\/2023\/12\/B02.jpg\" target=\"_blank\"><img loading=\"lazy\" decoding=\"async\" src=\"http:\/\/lorrylesmetz-histoire.fr\/wp-content\/uploads\/2023\/12\/B02-800x600.jpg\" height=\"600\" width=\"800\" alt=\"\" class=\"slider-7378 slide-7380 msDefaultImage\" title=\"B02\" \/><\/a><\/li>\n            <li style='display: none;' aria-roledescription='slide' aria-labelledby='slide-2'><a href=\"http:\/\/lorrylesmetz-histoire.fr\/wp-content\/uploads\/2023\/12\/B03.jpg\" target=\"_blank\"><img loading=\"lazy\" decoding=\"async\" src=\"http:\/\/lorrylesmetz-histoire.fr\/wp-content\/uploads\/2023\/12\/B03-rotated-800x600.jpg\" height=\"600\" width=\"800\" alt=\"\" class=\"slider-7378 slide-7381 msDefaultImage\" title=\"B03\" \/><\/a><\/li>\n            <li style='display: none;' aria-roledescription='slide' aria-labelledby='slide-3'><a href=\"http:\/\/lorrylesmetz-histoire.fr\/wp-content\/uploads\/2023\/12\/B04.jpg\" target=\"_blank\"><img loading=\"lazy\" decoding=\"async\" src=\"http:\/\/lorrylesmetz-histoire.fr\/wp-content\/uploads\/2023\/12\/B04-rotated-800x600.jpg\" height=\"600\" width=\"800\" alt=\"\" class=\"slider-7378 slide-7382 msDefaultImage\" title=\"B04\" \/><\/a><\/li>\n            <li style='display: none;' aria-roledescription='slide' aria-labelledby='slide-4'><a href=\"http:\/\/lorrylesmetz-histoire.fr\/wp-content\/uploads\/2023\/12\/B05.jpg\" target=\"_blank\"><img loading=\"lazy\" decoding=\"async\" src=\"http:\/\/lorrylesmetz-histoire.fr\/wp-content\/uploads\/2023\/12\/B05-rotated-800x600.jpg\" height=\"600\" width=\"800\" alt=\"\" class=\"slider-7378 slide-7383 msDefaultImage\" title=\"B05\" \/><\/a><\/li>\n            <li style='display: none;' aria-roledescription='slide' aria-labelledby='slide-5'><a href=\"http:\/\/lorrylesmetz-histoire.fr\/wp-content\/uploads\/2023\/12\/B06.jpg\" target=\"_blank\"><img loading=\"lazy\" decoding=\"async\" src=\"http:\/\/lorrylesmetz-histoire.fr\/wp-content\/uploads\/2023\/12\/B06-800x600.jpg\" height=\"600\" width=\"800\" alt=\"\" class=\"slider-7378 slide-7384 msDefaultImage\" title=\"B06\" \/><\/a><\/li>\n            <li style='display: none;' aria-roledescription='slide' aria-labelledby='slide-6'><a href=\"http:\/\/lorrylesmetz-histoire.fr\/wp-content\/uploads\/2023\/12\/B07.jpg\" target=\"_blank\"><img loading=\"lazy\" decoding=\"async\" src=\"http:\/\/lorrylesmetz-histoire.fr\/wp-content\/uploads\/2023\/12\/B07-800x600.jpg\" height=\"600\" width=\"800\" alt=\"\" class=\"slider-7378 slide-7385 msDefaultImage\" title=\"B07\" \/><\/a><\/li>\n            <li style='display: none;' aria-roledescription='slide' aria-labelledby='slide-7'><a href=\"http:\/\/lorrylesmetz-histoire.fr\/wp-content\/uploads\/2023\/12\/B08.jpg\" target=\"_blank\"><img loading=\"lazy\" decoding=\"async\" src=\"http:\/\/lorrylesmetz-histoire.fr\/wp-content\/uploads\/2023\/12\/B08-800x600.jpg\" height=\"600\" width=\"800\" alt=\"\" class=\"slider-7378 slide-7386 msDefaultImage\" title=\"B08\" \/><\/a><\/li>\n            <li style='display: none;' aria-roledescription='slide' aria-labelledby='slide-8'><a href=\"http:\/\/lorrylesmetz-histoire.fr\/wp-content\/uploads\/2023\/12\/B09.jpg\" target=\"_blank\"><img loading=\"lazy\" decoding=\"async\" src=\"http:\/\/lorrylesmetz-histoire.fr\/wp-content\/uploads\/2023\/12\/B09-800x600.jpg\" height=\"600\" width=\"800\" alt=\"\" class=\"slider-7378 slide-7387 msDefaultImage\" title=\"B09\" \/><\/a><\/li>\n            <li style='display: none;' aria-roledescription='slide' aria-labelledby='slide-9'><a href=\"http:\/\/lorrylesmetz-histoire.fr\/wp-content\/uploads\/2023\/12\/B10.jpg\" target=\"_blank\"><img loading=\"lazy\" decoding=\"async\" src=\"http:\/\/lorrylesmetz-histoire.fr\/wp-content\/uploads\/2023\/12\/B10-800x600.jpg\" height=\"600\" width=\"800\" alt=\"\" class=\"slider-7378 slide-7388 msDefaultImage\" title=\"B10\" \/><\/a><\/li>\n            <li style='display: none;' aria-roledescription='slide' aria-labelledby='slide-10'><a href=\"http:\/\/lorrylesmetz-histoire.fr\/wp-content\/uploads\/2023\/12\/B11.jpg\" target=\"_blank\"><img loading=\"lazy\" decoding=\"async\" src=\"http:\/\/lorrylesmetz-histoire.fr\/wp-content\/uploads\/2023\/12\/B11-800x600.jpg\" height=\"600\" width=\"800\" alt=\"\" class=\"slider-7378 slide-7389 msDefaultImage\" title=\"B11\" \/><\/a><\/li>\n            <li style='display: none;' aria-roledescription='slide' aria-labelledby='slide-11'><a href=\"http:\/\/lorrylesmetz-histoire.fr\/wp-content\/uploads\/2023\/12\/B12.jpg\" target=\"_blank\"><img loading=\"lazy\" decoding=\"async\" src=\"http:\/\/lorrylesmetz-histoire.fr\/wp-content\/uploads\/2023\/12\/B12-800x600.jpg\" height=\"600\" width=\"800\" alt=\"\" class=\"slider-7378 slide-7390 msDefaultImage\" title=\"B12\" \/><\/a><\/li>\n            <li style='display: none;' aria-roledescription='slide' aria-labelledby='slide-12'><a href=\"http:\/\/lorrylesmetz-histoire.fr\/wp-content\/uploads\/2023\/12\/B13.jpg\" target=\"_blank\"><img loading=\"lazy\" decoding=\"async\" src=\"http:\/\/lorrylesmetz-histoire.fr\/wp-content\/uploads\/2023\/12\/B13-800x600.jpg\" height=\"600\" width=\"800\" alt=\"\" class=\"slider-7378 slide-7391 msDefaultImage\" title=\"B13\" \/><\/a><\/li>\n            <li style='display: none;' aria-roledescription='slide' aria-labelledby='slide-13'><a href=\"http:\/\/lorrylesmetz-histoire.fr\/wp-content\/uploads\/2023\/12\/B14.jpg\" target=\"_blank\"><img loading=\"lazy\" decoding=\"async\" src=\"http:\/\/lorrylesmetz-histoire.fr\/wp-content\/uploads\/2023\/12\/B14-800x600.jpg\" height=\"600\" width=\"800\" alt=\"\" class=\"slider-7378 slide-7392 msDefaultImage\" title=\"B14\" \/><\/a><\/li>\n            <li style='display: none;' aria-roledescription='slide' aria-labelledby='slide-14'><a href=\"http:\/\/lorrylesmetz-histoire.fr\/wp-content\/uploads\/2023\/12\/B15.jpg\" target=\"_blank\"><img loading=\"lazy\" decoding=\"async\" src=\"http:\/\/lorrylesmetz-histoire.fr\/wp-content\/uploads\/2023\/12\/B15-800x600.jpg\" height=\"600\" width=\"800\" alt=\"\" class=\"slider-7378 slide-7393 msDefaultImage\" title=\"B15\" \/><\/a><\/li>\n            <li style='display: none;' aria-roledescription='slide' aria-labelledby='slide-15'><a href=\"http:\/\/lorrylesmetz-histoire.fr\/wp-content\/uploads\/2023\/12\/B16.jpg\" target=\"_blank\"><img loading=\"lazy\" decoding=\"async\" src=\"http:\/\/lorrylesmetz-histoire.fr\/wp-content\/uploads\/2023\/12\/B16-800x600.jpg\" height=\"600\" width=\"800\" alt=\"\" class=\"slider-7378 slide-7394 msDefaultImage\" title=\"B16\" \/><\/a><\/li>\n            <li style='display: none;' aria-roledescription='slide' aria-labelledby='slide-16'><a href=\"http:\/\/lorrylesmetz-histoire.fr\/wp-content\/uploads\/2023\/12\/B17.jpg\" target=\"_blank\"><img loading=\"lazy\" decoding=\"async\" src=\"http:\/\/lorrylesmetz-histoire.fr\/wp-content\/uploads\/2023\/12\/B17-800x600.jpg\" height=\"600\" width=\"800\" alt=\"\" class=\"slider-7378 slide-7395 msDefaultImage\" title=\"B17\" \/><\/a><\/li>\n            <li style='display: none;' aria-roledescription='slide' aria-labelledby='slide-17'><a href=\"http:\/\/lorrylesmetz-histoire.fr\/wp-content\/uploads\/2023\/12\/B18.jpg\" target=\"_blank\"><img loading=\"lazy\" decoding=\"async\" src=\"http:\/\/lorrylesmetz-histoire.fr\/wp-content\/uploads\/2023\/12\/B18-800x600.jpg\" height=\"600\" width=\"800\" alt=\"\" class=\"slider-7378 slide-7396 msDefaultImage\" title=\"B18\" \/><\/a><\/li>\n        <\/ul>\n        \n    <\/div>\n<\/div><\/p>\n<p align=\"justify\"><a href=\"http:\/\/lorrylesmetz-histoire.fr\/?page_id=6688\"><img loading=\"lazy\" decoding=\"async\" class=\"alignnone size-full wp-image-378\" src=\"http:\/\/lorrylesmetz-histoire.fr\/wp-content\/uploads\/2017\/05\/retour.png\" alt=\"\" width=\"89\" height=\"31\" \/><\/a><\/p>\n<p align=\"justify\">\n","protected":false},"excerpt":{"rendered":"<p>6 novembre\u00a02023 Nous avons repris nos colloques annuels emp\u00each\u00e9s par les ann\u00e9es Covid. Hormis Sophie\u00a0Cr\u00e9ty, arch\u00e9ologue, n\u2019intervenaient que des membres du Comit\u00e9, tous f\u00e9rus d\u2019histoire et passionn\u00e9s par des sujets tr\u00e8s diff\u00e9rents. Je rends ici hommage au travail consid\u00e9rable qu\u2019ils&hellip; <\/p>\n","protected":false},"author":1,"featured_media":0,"parent":6688,"menu_order":8,"comment_status":"closed","ping_status":"closed","template":"","meta":{"_mc_calendar":[],"footnotes":""},"class_list":["post-7376","page","type-page","status-publish","hentry"],"_links":{"self":[{"href":"http:\/\/lorrylesmetz-histoire.fr\/index.php?rest_route=\/wp\/v2\/pages\/7376","targetHints":{"allow":["GET"]}}],"collection":[{"href":"http:\/\/lorrylesmetz-histoire.fr\/index.php?rest_route=\/wp\/v2\/pages"}],"about":[{"href":"http:\/\/lorrylesmetz-histoire.fr\/index.php?rest_route=\/wp\/v2\/types\/page"}],"author":[{"embeddable":true,"href":"http:\/\/lorrylesmetz-histoire.fr\/index.php?rest_route=\/wp\/v2\/users\/1"}],"replies":[{"embeddable":true,"href":"http:\/\/lorrylesmetz-histoire.fr\/index.php?rest_route=%2Fwp%2Fv2%2Fcomments&post=7376"}],"version-history":[{"count":7,"href":"http:\/\/lorrylesmetz-histoire.fr\/index.php?rest_route=\/wp\/v2\/pages\/7376\/revisions"}],"predecessor-version":[{"id":7403,"href":"http:\/\/lorrylesmetz-histoire.fr\/index.php?rest_route=\/wp\/v2\/pages\/7376\/revisions\/7403"}],"up":[{"embeddable":true,"href":"http:\/\/lorrylesmetz-histoire.fr\/index.php?rest_route=\/wp\/v2\/pages\/6688"}],"wp:attachment":[{"href":"http:\/\/lorrylesmetz-histoire.fr\/index.php?rest_route=%2Fwp%2Fv2%2Fmedia&parent=7376"}],"curies":[{"name":"wp","href":"https:\/\/api.w.org\/{rel}","templated":true}]}}