{"id":738,"date":"2018-01-02T07:43:59","date_gmt":"2018-01-02T06:43:59","guid":{"rendered":"http:\/\/lorrylesmetz-histoire.fr\/?page_id=738"},"modified":"2018-01-02T07:43:59","modified_gmt":"2018-01-02T06:43:59","slug":"2017-01-02","status":"publish","type":"page","link":"http:\/\/lorrylesmetz-histoire.fr\/?page_id=738","title":{"rendered":"2017"},"content":{"rendered":"<table style=\"width: 603px;\">\n<tbody>\n<tr>\n<td style=\"width: 106px;\">6 juillet<\/td>\n<td style=\"width: 284.233px;\">La centrale hydro\u00e9lectrique d\u2019Argancy<\/td>\n<td style=\"width: 129.767px;\"><a href=\"http:\/\/lorrylesmetz-histoire.fr\/?page_id=1613\"><img loading=\"lazy\" decoding=\"async\" class=\"alignnone\" src=\"http:\/\/lorrylesmetz-histoire.fr\/wp-content\/uploads\/2017\/05\/voir.png?_t=1496251280\" alt=\"\" width=\"89\" height=\"31\" \/><\/a><\/td>\n<\/tr>\n<tr>\n<td style=\"width: 106px;\">10 mai<\/td>\n<td style=\"width: 284.233px;\">Les 90\u00a0ans de notre doyen, Maurice\u00a0Vigneron<\/td>\n<td style=\"width: 129.767px;\"><a href=\"http:\/\/lorrylesmetz-histoire.fr\/?page_id=743\"><img loading=\"lazy\" decoding=\"async\" class=\"alignnone\" src=\"http:\/\/lorrylesmetz-histoire.fr\/wp-content\/uploads\/2017\/05\/voir.png?_t=1496251280\" alt=\"\" width=\"89\" height=\"31\" \/><\/a><\/td>\n<\/tr>\n<tr>\n<td style=\"width: 106px;\">28 avril<\/td>\n<td style=\"width: 284.233px;\">\u00a0Exposition sur les sceaux<\/td>\n<td style=\"width: 129.767px;\"><a href=\"http:\/\/lorrylesmetz-histoire.fr\/?page_id=742\"><img loading=\"lazy\" decoding=\"async\" class=\"alignnone\" src=\"http:\/\/lorrylesmetz-histoire.fr\/wp-content\/uploads\/2017\/05\/voir.png?_t=1496251280\" alt=\"\" width=\"89\" height=\"31\" \/><\/a><\/td>\n<\/tr>\n<tr>\n<td style=\"width: 106px;\">30 mars<\/td>\n<td style=\"width: 284.233px;\">\u00a01870, la chute d\u2019un empire<\/td>\n<td style=\"width: 129.767px;\"><a href=\"http:\/\/lorrylesmetz-histoire.fr\/?page_id=741\"><img loading=\"lazy\" decoding=\"async\" class=\"alignnone\" src=\"http:\/\/lorrylesmetz-histoire.fr\/wp-content\/uploads\/2017\/05\/voir.png?_t=1496251280\" alt=\"\" width=\"89\" height=\"31\" \/><\/a><\/td>\n<\/tr>\n<tr>\n<td style=\"width: 106px;\">8\u00a0mars<\/td>\n<td style=\"width: 284.233px;\">\u00a0Visite de la synagogue de Metz<\/td>\n<td style=\"width: 129.767px;\"><a href=\"http:\/\/lorrylesmetz-histoire.fr\/?page_id=740\"><img loading=\"lazy\" decoding=\"async\" src=\"http:\/\/lorrylesmetz-histoire.fr\/wp-content\/uploads\/2017\/05\/voir.png?_t=1496251280\" alt=\"\" width=\"89\" height=\"31\" \/><\/a><\/td>\n<\/tr>\n<tr>\n<td style=\"width: 106px;\">3 f\u00e9vrier<\/td>\n<td style=\"width: 284.233px;\">\u00a0Assembl\u00e9e g\u00e9n\u00e9rale 2017<\/td>\n<td style=\"width: 129.767px;\"><a href=\"http:\/\/lorrylesmetz-histoire.fr\/?page_id=739\"><img loading=\"lazy\" decoding=\"async\" src=\"http:\/\/lorrylesmetz-histoire.fr\/wp-content\/uploads\/2017\/05\/voir.png\" alt=\"\" width=\"89\" height=\"31\" \/><\/a><\/td>\n<\/tr>\n<tr>\n<td style=\"width: 106px;\">27 janvier<\/td>\n<td style=\"width: 284.233px;\">Visite des \u00e9tablissements Salmon<\/td>\n<td style=\"width: 129.767px;\"><a href=\"http:\/\/lorrylesmetz-histoire.fr\/?page_id=737\"><img loading=\"lazy\" decoding=\"async\" src=\"http:\/\/lorrylesmetz-histoire.fr\/wp-content\/uploads\/2017\/05\/voir.png\" alt=\"\" width=\"89\" height=\"31\" \/><\/a><\/td>\n<\/tr>\n<\/tbody>\n<\/table>\n<p><a href=\"http:\/\/lorrylesmetz-histoire.fr\/?page_id=60\"><img loading=\"lazy\" decoding=\"async\" class=\"alignnone size-full wp-image-378\" src=\"http:\/\/lorrylesmetz-histoire.fr\/wp-content\/uploads\/2017\/05\/retour.png\" alt=\"\" width=\"89\" height=\"31\" \/><\/a><\/p>\n","protected":false},"excerpt":{"rendered":"<p>6 juillet La centrale hydro\u00e9lectrique d\u2019Argancy 10 mai Les 90\u00a0ans de notre doyen, Maurice\u00a0Vigneron 28 avril \u00a0Exposition sur les sceaux 30 mars \u00a01870, la chute d\u2019un empire 8\u00a0mars \u00a0Visite de la synagogue de Metz 3 f\u00e9vrier \u00a0Assembl\u00e9e g\u00e9n\u00e9rale 2017 27&hellip; <\/p>\n","protected":false},"author":1,"featured_media":0,"parent":60,"menu_order":11,"comment_status":"closed","ping_status":"closed","template":"","meta":{"_mc_calendar":[],"footnotes":""},"class_list":["post-738","page","type-page","status-publish","hentry"],"_links":{"self":[{"href":"http:\/\/lorrylesmetz-histoire.fr\/index.php?rest_route=\/wp\/v2\/pages\/738","targetHints":{"allow":["GET"]}}],"collection":[{"href":"http:\/\/lorrylesmetz-histoire.fr\/index.php?rest_route=\/wp\/v2\/pages"}],"about":[{"href":"http:\/\/lorrylesmetz-histoire.fr\/index.php?rest_route=\/wp\/v2\/types\/page"}],"author":[{"embeddable":true,"href":"http:\/\/lorrylesmetz-histoire.fr\/index.php?rest_route=\/wp\/v2\/users\/1"}],"replies":[{"embeddable":true,"href":"http:\/\/lorrylesmetz-histoire.fr\/index.php?rest_route=%2Fwp%2Fv2%2Fcomments&post=738"}],"version-history":[{"count":1,"href":"http:\/\/lorrylesmetz-histoire.fr\/index.php?rest_route=\/wp\/v2\/pages\/738\/revisions"}],"predecessor-version":[{"id":2981,"href":"http:\/\/lorrylesmetz-histoire.fr\/index.php?rest_route=\/wp\/v2\/pages\/738\/revisions\/2981"}],"up":[{"embeddable":true,"href":"http:\/\/lorrylesmetz-histoire.fr\/index.php?rest_route=\/wp\/v2\/pages\/60"}],"wp:attachment":[{"href":"http:\/\/lorrylesmetz-histoire.fr\/index.php?rest_route=%2Fwp%2Fv2%2Fmedia&parent=738"}],"curies":[{"name":"wp","href":"https:\/\/api.w.org\/{rel}","templated":true}]}}