{"id":739,"date":"2017-05-31T19:07:01","date_gmt":"2017-05-31T17:07:01","guid":{"rendered":"http:\/\/lorrylesmetz-histoire.fr\/?page_id=739"},"modified":"2018-01-02T07:50:43","modified_gmt":"2018-01-02T06:50:43","slug":"2017-01-03","status":"publish","type":"page","link":"http:\/\/lorrylesmetz-histoire.fr\/?page_id=739","title":{"rendered":"Assembl\u00e9e g\u00e9n\u00e9rale"},"content":{"rendered":"<h3>3\u00a0f\u00e9vrier\u00a02017<\/h3>\n<p style=\"text-align: justify;\">Assembl\u00e9e g\u00e9n\u00e9rale de Lorry-l\u00e8s-Metz \u00ab\u00a0au fil du temps\u00a0\u00bb \u00e9tait tr\u00e8s aimablement h\u00e9berg\u00e9e chez nos amis de la Soci\u00e9t\u00e9 d\u2019Histoire de Woippy en raison de la r\u00e9fection du foyer communal. Fran\u00e7ois\u00a0Courtade, pr\u00e9sident, avait demand\u00e9 \u00e0 l\u2019acad\u00e9micien Pierre\u00a0Brasme de faire une conf\u00e9rence tir\u00e9e de son ouvrage \u00ab\u00a0<em>Metz, dans la guerre 1914-1918<\/em>\u00a0\u00bb. Tr\u00e8s imag\u00e9e, celle-ci fut passionnante.<\/p>\n<p style=\"text-align: justify;\">Lors de cette assembl\u00e9e g\u00e9n\u00e9rale, Fran\u00e7ois\u00a0Courtade a annonc\u00e9 qu\u2019il quittait apr\u00e8s quinze ann\u00e9es son poste de pr\u00e9sident tr\u00e8s sereinement, mais qu\u2019il entendait rester actif au sein de l\u2019association. Une <em>standing ovation<\/em> salua l\u2019\u00e9norme travail accompli.<\/p>\n<div id=\"metaslider-id-783\" style=\"width: 100%; margin: 0 auto;\" class=\"ml-slider-3-108-0 metaslider metaslider-responsive metaslider-783 ml-slider has-dots-nav ms-theme-default\" role=\"region\" aria-label=\"AG 2017\" data-height=\"400\" data-width=\"400\">\n    <div id=\"metaslider_container_783\">\n        <ul id='metaslider_783' class='rslides'>\n            <li aria-roledescription='slide' aria-labelledby='slide-0'><a href=\"http:\/\/localhost\/lfdt2\/wp-content\/uploads\/2017\/05\/1.jpg\" target=\"_blank\"><img loading=\"lazy\" decoding=\"async\" width=\"664\" height=\"1000\" src=\"http:\/\/lorrylesmetz-histoire.fr\/wp-content\/uploads\/2017\/05\/1.jpg\" class=\"slider-783 slide-784 msDefaultImage\" alt=\"\" rel=\"\" title=\"\" srcset=\"http:\/\/lorrylesmetz-histoire.fr\/wp-content\/uploads\/2017\/05\/1.jpg 664w, http:\/\/lorrylesmetz-histoire.fr\/wp-content\/uploads\/2017\/05\/1-199x300.jpg 199w, http:\/\/lorrylesmetz-histoire.fr\/wp-content\/uploads\/2017\/05\/1-100x151.jpg 100w, http:\/\/lorrylesmetz-histoire.fr\/wp-content\/uploads\/2017\/05\/1-150x226.jpg 150w, http:\/\/lorrylesmetz-histoire.fr\/wp-content\/uploads\/2017\/05\/1-200x301.jpg 200w, http:\/\/lorrylesmetz-histoire.fr\/wp-content\/uploads\/2017\/05\/1-300x452.jpg 300w, http:\/\/lorrylesmetz-histoire.fr\/wp-content\/uploads\/2017\/05\/1-450x678.jpg 450w, http:\/\/lorrylesmetz-histoire.fr\/wp-content\/uploads\/2017\/05\/1-600x904.jpg 600w\" sizes=\"auto, (max-width: 664px) 100vw, 664px\" \/><\/a><\/li>\n            <li style='display: none;' aria-roledescription='slide' aria-labelledby='slide-1'><a href=\"http:\/\/lorrylesmetz-histoire.fr\/wp-content\/uploads\/2017\/08\/P1010072.jpg\" target=\"_blank\"><img loading=\"lazy\" decoding=\"async\" width=\"1240\" height=\"930\" src=\"http:\/\/lorrylesmetz-histoire.fr\/wp-content\/uploads\/2017\/08\/P1010072.jpg\" class=\"slider-783 slide-2749 msDefaultImage\" alt=\"\" rel=\"\" title=\"\" srcset=\"http:\/\/lorrylesmetz-histoire.fr\/wp-content\/uploads\/2017\/08\/P1010072.jpg 1240w, http:\/\/lorrylesmetz-histoire.fr\/wp-content\/uploads\/2017\/08\/P1010072-300x225.jpg 300w, http:\/\/lorrylesmetz-histoire.fr\/wp-content\/uploads\/2017\/08\/P1010072-768x576.jpg 768w, http:\/\/lorrylesmetz-histoire.fr\/wp-content\/uploads\/2017\/08\/P1010072-1024x768.jpg 1024w\" sizes=\"auto, (max-width: 1240px) 100vw, 1240px\" \/><\/a><\/li>\n            <li style='display: none;' aria-roledescription='slide' aria-labelledby='slide-2'><a href=\"http:\/\/localhost\/lfdt2\/wp-content\/uploads\/2017\/05\/2.jpg\" target=\"_blank\"><img loading=\"lazy\" decoding=\"async\" width=\"1000\" height=\"664\" src=\"http:\/\/lorrylesmetz-histoire.fr\/wp-content\/uploads\/2017\/05\/2.jpg\" class=\"slider-783 slide-785 msDefaultImage\" alt=\"\" rel=\"\" title=\"\" srcset=\"http:\/\/lorrylesmetz-histoire.fr\/wp-content\/uploads\/2017\/05\/2.jpg 1000w, http:\/\/lorrylesmetz-histoire.fr\/wp-content\/uploads\/2017\/05\/2-300x199.jpg 300w, http:\/\/lorrylesmetz-histoire.fr\/wp-content\/uploads\/2017\/05\/2-768x510.jpg 768w, http:\/\/lorrylesmetz-histoire.fr\/wp-content\/uploads\/2017\/05\/2-100x66.jpg 100w, http:\/\/lorrylesmetz-histoire.fr\/wp-content\/uploads\/2017\/05\/2-150x100.jpg 150w, http:\/\/lorrylesmetz-histoire.fr\/wp-content\/uploads\/2017\/05\/2-200x133.jpg 200w, http:\/\/lorrylesmetz-histoire.fr\/wp-content\/uploads\/2017\/05\/2-450x299.jpg 450w, http:\/\/lorrylesmetz-histoire.fr\/wp-content\/uploads\/2017\/05\/2-600x398.jpg 600w, http:\/\/lorrylesmetz-histoire.fr\/wp-content\/uploads\/2017\/05\/2-900x598.jpg 900w\" sizes=\"auto, (max-width: 1000px) 100vw, 1000px\" \/><\/a><\/li>\n            <li style='display: none;' aria-roledescription='slide' aria-labelledby='slide-3'><a href=\"http:\/\/localhost\/lfdt2\/wp-content\/uploads\/2017\/05\/3.jpg\" target=\"_blank\"><img loading=\"lazy\" decoding=\"async\" width=\"1000\" height=\"641\" src=\"http:\/\/lorrylesmetz-histoire.fr\/wp-content\/uploads\/2017\/05\/3.jpg\" class=\"slider-783 slide-786 msDefaultImage\" alt=\"\" rel=\"\" title=\"\" srcset=\"http:\/\/lorrylesmetz-histoire.fr\/wp-content\/uploads\/2017\/05\/3.jpg 1000w, http:\/\/lorrylesmetz-histoire.fr\/wp-content\/uploads\/2017\/05\/3-300x192.jpg 300w, http:\/\/lorrylesmetz-histoire.fr\/wp-content\/uploads\/2017\/05\/3-768x492.jpg 768w, http:\/\/lorrylesmetz-histoire.fr\/wp-content\/uploads\/2017\/05\/3-100x64.jpg 100w, http:\/\/lorrylesmetz-histoire.fr\/wp-content\/uploads\/2017\/05\/3-150x96.jpg 150w, http:\/\/lorrylesmetz-histoire.fr\/wp-content\/uploads\/2017\/05\/3-200x128.jpg 200w, http:\/\/lorrylesmetz-histoire.fr\/wp-content\/uploads\/2017\/05\/3-450x288.jpg 450w, http:\/\/lorrylesmetz-histoire.fr\/wp-content\/uploads\/2017\/05\/3-600x385.jpg 600w, http:\/\/lorrylesmetz-histoire.fr\/wp-content\/uploads\/2017\/05\/3-900x577.jpg 900w\" sizes=\"auto, (max-width: 1000px) 100vw, 1000px\" \/><\/a><\/li>\n            <li style='display: none;' aria-roledescription='slide' aria-labelledby='slide-4'><a href=\"http:\/\/lorrylesmetz-histoire.fr\/wp-content\/uploads\/2017\/08\/P1010081.jpg\" target=\"_blank\"><img loading=\"lazy\" decoding=\"async\" width=\"1240\" height=\"930\" src=\"http:\/\/lorrylesmetz-histoire.fr\/wp-content\/uploads\/2017\/08\/P1010081.jpg\" class=\"slider-783 slide-2752 msDefaultImage\" alt=\"\" rel=\"\" title=\"\" srcset=\"http:\/\/lorrylesmetz-histoire.fr\/wp-content\/uploads\/2017\/08\/P1010081.jpg 1240w, http:\/\/lorrylesmetz-histoire.fr\/wp-content\/uploads\/2017\/08\/P1010081-300x225.jpg 300w, http:\/\/lorrylesmetz-histoire.fr\/wp-content\/uploads\/2017\/08\/P1010081-768x576.jpg 768w, http:\/\/lorrylesmetz-histoire.fr\/wp-content\/uploads\/2017\/08\/P1010081-1024x768.jpg 1024w\" sizes=\"auto, (max-width: 1240px) 100vw, 1240px\" \/><\/a><\/li>\n            <li style='display: none;' aria-roledescription='slide' aria-labelledby='slide-5'><a href=\"http:\/\/lorrylesmetz-histoire.fr\/wp-content\/uploads\/2017\/08\/P1010076.jpg\" target=\"_blank\"><img loading=\"lazy\" decoding=\"async\" width=\"1240\" height=\"930\" src=\"http:\/\/lorrylesmetz-histoire.fr\/wp-content\/uploads\/2017\/08\/P1010076.jpg\" class=\"slider-783 slide-2750 msDefaultImage\" alt=\"\" rel=\"\" title=\"\" srcset=\"http:\/\/lorrylesmetz-histoire.fr\/wp-content\/uploads\/2017\/08\/P1010076.jpg 1240w, http:\/\/lorrylesmetz-histoire.fr\/wp-content\/uploads\/2017\/08\/P1010076-300x225.jpg 300w, http:\/\/lorrylesmetz-histoire.fr\/wp-content\/uploads\/2017\/08\/P1010076-768x576.jpg 768w, http:\/\/lorrylesmetz-histoire.fr\/wp-content\/uploads\/2017\/08\/P1010076-1024x768.jpg 1024w\" sizes=\"auto, (max-width: 1240px) 100vw, 1240px\" \/><\/a><\/li>\n            <li style='display: none;' aria-roledescription='slide' aria-labelledby='slide-6'><a href=\"http:\/\/lorrylesmetz-histoire.fr\/wp-content\/uploads\/2017\/08\/P1010080.jpg\" target=\"_blank\"><img loading=\"lazy\" decoding=\"async\" width=\"1240\" height=\"930\" src=\"http:\/\/lorrylesmetz-histoire.fr\/wp-content\/uploads\/2017\/08\/P1010080.jpg\" class=\"slider-783 slide-2751 msDefaultImage\" alt=\"\" rel=\"\" title=\"\" srcset=\"http:\/\/lorrylesmetz-histoire.fr\/wp-content\/uploads\/2017\/08\/P1010080.jpg 1240w, http:\/\/lorrylesmetz-histoire.fr\/wp-content\/uploads\/2017\/08\/P1010080-300x225.jpg 300w, http:\/\/lorrylesmetz-histoire.fr\/wp-content\/uploads\/2017\/08\/P1010080-768x576.jpg 768w, http:\/\/lorrylesmetz-histoire.fr\/wp-content\/uploads\/2017\/08\/P1010080-1024x768.jpg 1024w\" sizes=\"auto, (max-width: 1240px) 100vw, 1240px\" \/><\/a><\/li>\n            <li style='display: none;' aria-roledescription='slide' aria-labelledby='slide-7'><a href=\"http:\/\/lorrylesmetz-histoire.fr\/wp-content\/uploads\/2017\/08\/P1010086.jpg\" target=\"_blank\"><img loading=\"lazy\" decoding=\"async\" width=\"1240\" height=\"930\" src=\"http:\/\/lorrylesmetz-histoire.fr\/wp-content\/uploads\/2017\/08\/P1010086.jpg\" class=\"slider-783 slide-2754 msDefaultImage\" alt=\"\" rel=\"\" title=\"\" srcset=\"http:\/\/lorrylesmetz-histoire.fr\/wp-content\/uploads\/2017\/08\/P1010086.jpg 1240w, http:\/\/lorrylesmetz-histoire.fr\/wp-content\/uploads\/2017\/08\/P1010086-300x225.jpg 300w, http:\/\/lorrylesmetz-histoire.fr\/wp-content\/uploads\/2017\/08\/P1010086-768x576.jpg 768w, http:\/\/lorrylesmetz-histoire.fr\/wp-content\/uploads\/2017\/08\/P1010086-1024x768.jpg 1024w\" sizes=\"auto, (max-width: 1240px) 100vw, 1240px\" \/><\/a><\/li>\n            <li style='display: none;' aria-roledescription='slide' aria-labelledby='slide-8'><a href=\"http:\/\/lorrylesmetz-histoire.fr\/wp-content\/uploads\/2017\/08\/P1010085.jpg\" target=\"_blank\"><img loading=\"lazy\" decoding=\"async\" width=\"1240\" height=\"930\" src=\"http:\/\/lorrylesmetz-histoire.fr\/wp-content\/uploads\/2017\/08\/P1010085.jpg\" class=\"slider-783 slide-2753 msDefaultImage\" alt=\"\" rel=\"\" title=\"\" srcset=\"http:\/\/lorrylesmetz-histoire.fr\/wp-content\/uploads\/2017\/08\/P1010085.jpg 1240w, http:\/\/lorrylesmetz-histoire.fr\/wp-content\/uploads\/2017\/08\/P1010085-300x225.jpg 300w, http:\/\/lorrylesmetz-histoire.fr\/wp-content\/uploads\/2017\/08\/P1010085-768x576.jpg 768w, http:\/\/lorrylesmetz-histoire.fr\/wp-content\/uploads\/2017\/08\/P1010085-1024x768.jpg 1024w\" sizes=\"auto, (max-width: 1240px) 100vw, 1240px\" \/><\/a><\/li>\n            <li style='display: none;' aria-roledescription='slide' aria-labelledby='slide-9'><a href=\"http:\/\/localhost\/lfdt2\/wp-content\/uploads\/2017\/05\/4.jpg\" target=\"_blank\"><img loading=\"lazy\" decoding=\"async\" width=\"664\" height=\"1000\" src=\"http:\/\/lorrylesmetz-histoire.fr\/wp-content\/uploads\/2017\/05\/4.jpg\" class=\"slider-783 slide-787 msDefaultImage\" alt=\"\" rel=\"\" title=\"\" srcset=\"http:\/\/lorrylesmetz-histoire.fr\/wp-content\/uploads\/2017\/05\/4.jpg 664w, http:\/\/lorrylesmetz-histoire.fr\/wp-content\/uploads\/2017\/05\/4-199x300.jpg 199w, http:\/\/lorrylesmetz-histoire.fr\/wp-content\/uploads\/2017\/05\/4-100x151.jpg 100w, http:\/\/lorrylesmetz-histoire.fr\/wp-content\/uploads\/2017\/05\/4-150x226.jpg 150w, http:\/\/lorrylesmetz-histoire.fr\/wp-content\/uploads\/2017\/05\/4-200x301.jpg 200w, http:\/\/lorrylesmetz-histoire.fr\/wp-content\/uploads\/2017\/05\/4-300x452.jpg 300w, http:\/\/lorrylesmetz-histoire.fr\/wp-content\/uploads\/2017\/05\/4-450x678.jpg 450w, http:\/\/lorrylesmetz-histoire.fr\/wp-content\/uploads\/2017\/05\/4-600x904.jpg 600w\" sizes=\"auto, (max-width: 664px) 100vw, 664px\" \/><\/a><\/li>\n            <li style='display: none;' aria-roledescription='slide' aria-labelledby='slide-10'><a href=\"http:\/\/lorrylesmetz-histoire.fr\/wp-content\/uploads\/2017\/08\/P1010089.jpg\" target=\"_blank\"><img loading=\"lazy\" decoding=\"async\" width=\"720\" height=\"960\" src=\"http:\/\/lorrylesmetz-histoire.fr\/wp-content\/uploads\/2017\/08\/P1010089.jpg\" class=\"slider-783 slide-2755 msDefaultImage\" alt=\"\" rel=\"\" title=\"\" srcset=\"http:\/\/lorrylesmetz-histoire.fr\/wp-content\/uploads\/2017\/08\/P1010089.jpg 720w, http:\/\/lorrylesmetz-histoire.fr\/wp-content\/uploads\/2017\/08\/P1010089-225x300.jpg 225w\" sizes=\"auto, (max-width: 720px) 100vw, 720px\" \/><\/a><\/li>\n            <li style='display: none;' aria-roledescription='slide' aria-labelledby='slide-11'><a href=\"http:\/\/localhost\/lfdt2\/wp-content\/uploads\/2017\/05\/5.jpg\" target=\"_blank\"><img loading=\"lazy\" decoding=\"async\" width=\"1000\" height=\"727\" src=\"http:\/\/lorrylesmetz-histoire.fr\/wp-content\/uploads\/2017\/05\/5.jpg\" class=\"slider-783 slide-788 msDefaultImage\" alt=\"\" rel=\"\" title=\"\" srcset=\"http:\/\/lorrylesmetz-histoire.fr\/wp-content\/uploads\/2017\/05\/5.jpg 1000w, http:\/\/lorrylesmetz-histoire.fr\/wp-content\/uploads\/2017\/05\/5-300x218.jpg 300w, http:\/\/lorrylesmetz-histoire.fr\/wp-content\/uploads\/2017\/05\/5-768x558.jpg 768w, http:\/\/lorrylesmetz-histoire.fr\/wp-content\/uploads\/2017\/05\/5-100x73.jpg 100w, http:\/\/lorrylesmetz-histoire.fr\/wp-content\/uploads\/2017\/05\/5-150x109.jpg 150w, http:\/\/lorrylesmetz-histoire.fr\/wp-content\/uploads\/2017\/05\/5-200x145.jpg 200w, http:\/\/lorrylesmetz-histoire.fr\/wp-content\/uploads\/2017\/05\/5-450x327.jpg 450w, http:\/\/lorrylesmetz-histoire.fr\/wp-content\/uploads\/2017\/05\/5-600x436.jpg 600w, http:\/\/lorrylesmetz-histoire.fr\/wp-content\/uploads\/2017\/05\/5-900x654.jpg 900w\" sizes=\"auto, (max-width: 1000px) 100vw, 1000px\" \/><\/a><\/li>\n            <li style='display: none;' aria-roledescription='slide' aria-labelledby='slide-12'><a href=\"http:\/\/localhost\/lfdt2\/wp-content\/uploads\/2017\/05\/6.jpg\" target=\"_blank\"><img loading=\"lazy\" decoding=\"async\" width=\"664\" height=\"1000\" src=\"http:\/\/lorrylesmetz-histoire.fr\/wp-content\/uploads\/2017\/05\/6.jpg\" class=\"slider-783 slide-789 msDefaultImage\" alt=\"\" rel=\"\" title=\"\" srcset=\"http:\/\/lorrylesmetz-histoire.fr\/wp-content\/uploads\/2017\/05\/6.jpg 664w, http:\/\/lorrylesmetz-histoire.fr\/wp-content\/uploads\/2017\/05\/6-199x300.jpg 199w, http:\/\/lorrylesmetz-histoire.fr\/wp-content\/uploads\/2017\/05\/6-100x151.jpg 100w, http:\/\/lorrylesmetz-histoire.fr\/wp-content\/uploads\/2017\/05\/6-150x226.jpg 150w, http:\/\/lorrylesmetz-histoire.fr\/wp-content\/uploads\/2017\/05\/6-200x301.jpg 200w, http:\/\/lorrylesmetz-histoire.fr\/wp-content\/uploads\/2017\/05\/6-300x452.jpg 300w, http:\/\/lorrylesmetz-histoire.fr\/wp-content\/uploads\/2017\/05\/6-450x678.jpg 450w, http:\/\/lorrylesmetz-histoire.fr\/wp-content\/uploads\/2017\/05\/6-600x904.jpg 600w\" sizes=\"auto, (max-width: 664px) 100vw, 664px\" \/><\/a><\/li>\n        <\/ul>\n        \n    <\/div>\n<\/div>\n<p>Photos G\u00e9rard\u00a0Kester et Roger\u00a0Mariotte.<\/p>\n<p><a href=\"http:\/\/lorrylesmetz-histoire.fr\/?page_id=738\"><img loading=\"lazy\" decoding=\"async\" class=\"alignnone wp-image-378 size-full\" src=\"http:\/\/lorrylesmetz-histoire.fr\/wp-content\/uploads\/2017\/05\/retour.png?_t=1496249913\" alt=\"\" width=\"89\" height=\"31\" \/><\/a><\/p>\n","protected":false},"excerpt":{"rendered":"<p>3\u00a0f\u00e9vrier\u00a02017 Assembl\u00e9e g\u00e9n\u00e9rale de Lorry-l\u00e8s-Metz \u00ab\u00a0au fil du temps\u00a0\u00bb \u00e9tait tr\u00e8s aimablement h\u00e9berg\u00e9e chez nos amis de la Soci\u00e9t\u00e9 d\u2019Histoire de Woippy en raison de la r\u00e9fection du foyer communal. Fran\u00e7ois\u00a0Courtade, pr\u00e9sident, avait demand\u00e9 \u00e0 l\u2019acad\u00e9micien Pierre\u00a0Brasme de faire une&hellip; <\/p>\n","protected":false},"author":1,"featured_media":0,"parent":738,"menu_order":1,"comment_status":"closed","ping_status":"closed","template":"","meta":{"_mc_calendar":[],"footnotes":""},"class_list":["post-739","page","type-page","status-publish","hentry"],"_links":{"self":[{"href":"http:\/\/lorrylesmetz-histoire.fr\/index.php?rest_route=\/wp\/v2\/pages\/739","targetHints":{"allow":["GET"]}}],"collection":[{"href":"http:\/\/lorrylesmetz-histoire.fr\/index.php?rest_route=\/wp\/v2\/pages"}],"about":[{"href":"http:\/\/lorrylesmetz-histoire.fr\/index.php?rest_route=\/wp\/v2\/types\/page"}],"author":[{"embeddable":true,"href":"http:\/\/lorrylesmetz-histoire.fr\/index.php?rest_route=\/wp\/v2\/users\/1"}],"replies":[{"embeddable":true,"href":"http:\/\/lorrylesmetz-histoire.fr\/index.php?rest_route=%2Fwp%2Fv2%2Fcomments&post=739"}],"version-history":[{"count":3,"href":"http:\/\/lorrylesmetz-histoire.fr\/index.php?rest_route=\/wp\/v2\/pages\/739\/revisions"}],"predecessor-version":[{"id":2988,"href":"http:\/\/lorrylesmetz-histoire.fr\/index.php?rest_route=\/wp\/v2\/pages\/739\/revisions\/2988"}],"up":[{"embeddable":true,"href":"http:\/\/lorrylesmetz-histoire.fr\/index.php?rest_route=\/wp\/v2\/pages\/738"}],"wp:attachment":[{"href":"http:\/\/lorrylesmetz-histoire.fr\/index.php?rest_route=%2Fwp%2Fv2%2Fmedia&parent=739"}],"curies":[{"name":"wp","href":"https:\/\/api.w.org\/{rel}","templated":true}]}}