{"id":743,"date":"2017-06-03T16:46:56","date_gmt":"2017-06-03T14:46:56","guid":{"rendered":"http:\/\/lorrylesmetz-histoire.fr\/?page_id=743"},"modified":"2018-01-02T07:47:33","modified_gmt":"2018-01-02T06:47:33","slug":"2017-01-07","status":"publish","type":"page","link":"http:\/\/lorrylesmetz-histoire.fr\/?page_id=743","title":{"rendered":"Les 90 ans de notre doyen"},"content":{"rendered":"<h3>10\u00a0mai\u00a02017<\/h3>\n<p style=\"text-align: justify;\">Lorry-l\u00e8s-Metz \u00ab\u00a0au fil du temps\u00a0\u00bb f\u00eate son doyen.<\/p>\n<p style=\"text-align: justify;\">Entour\u00e9 des membres de l\u2019association, en pr\u00e9sence de monsieur Jean-Yves Le Ber, maire de la commune, Maurice\u00a0Vigneron a souffl\u00e9 ses 90\u00a0bougies.<\/p>\n<p style=\"text-align: justify;\">La pr\u00e9sidente, dans un discours, a c\u00e9l\u00e9br\u00e9 sa carri\u00e8re militaire qui l\u2019a emmen\u00e9 en tant que spahi au Maroc puis en Indochine\u00a0: vingt ans au service de la France \u00ab\u00a0sous le Tr\u00e8fle noir\u00a0\u00bb. Elle a rendu hommage \u00e0 son courage (m\u00e9daille militaire et L\u00e9gion d\u2019honneur), mais aussi \u00e0 l\u2019homme attachant, passionn\u00e9 d\u2019Histoire, qui a int\u00e9gr\u00e9 le groupe depuis quinze ans et l\u2019a beaucoup enrichi par ses r\u00e9cits.<\/p>\n<p style=\"text-align: justify;\">Son \u00e9pouse, qui fut sa \u00ab\u00a0marraine de guerre\u00a0\u00bb et qui l\u2019a soutenu tout au long de la vie, avait confectionn\u00e9 un superbe et d\u00e9licieux g\u00e2teau, arros\u00e9 de champagne.<\/p>\n<p style=\"text-align: justify;\">Joyeux anniversaire Maurice\u2009!<\/p>\n<p>&nbsp;<\/p>\n<div id=\"metaslider-id-1061\" style=\"width: 100%; margin: 0 auto;\" class=\"ml-slider-3-108-0 metaslider metaslider-responsive metaslider-1061 ml-slider has-dots-nav ms-theme-default\" role=\"region\" aria-label=\"90 ans\" data-height=\"400\" data-width=\"400\">\n    <div id=\"metaslider_container_1061\">\n        <ul id='metaslider_1061' class='rslides'>\n            <li aria-roledescription='slide' aria-labelledby='slide-0'><a href=\"http:\/\/localhost\/lfdt2\/wp-content\/uploads\/2017\/06\/01-1.jpg\" target=\"_blank\"><img loading=\"lazy\" decoding=\"async\" width=\"1205\" height=\"800\" src=\"http:\/\/lorrylesmetz-histoire.fr\/wp-content\/uploads\/2017\/06\/01-1.jpg\" class=\"slider-1061 slide-1062 msDefaultImage\" alt=\"\" rel=\"\" title=\"\" srcset=\"http:\/\/lorrylesmetz-histoire.fr\/wp-content\/uploads\/2017\/06\/01-1.jpg 1205w, http:\/\/lorrylesmetz-histoire.fr\/wp-content\/uploads\/2017\/06\/01-1-300x199.jpg 300w, http:\/\/lorrylesmetz-histoire.fr\/wp-content\/uploads\/2017\/06\/01-1-768x510.jpg 768w, http:\/\/lorrylesmetz-histoire.fr\/wp-content\/uploads\/2017\/06\/01-1-1024x680.jpg 1024w\" sizes=\"auto, (max-width: 1205px) 100vw, 1205px\" \/><\/a><\/li>\n            <li style='display: none;' aria-roledescription='slide' aria-labelledby='slide-1'><a href=\"http:\/\/localhost\/lfdt2\/wp-content\/uploads\/2017\/06\/02-1.jpg\" target=\"_blank\"><img loading=\"lazy\" decoding=\"async\" width=\"1204\" height=\"800\" src=\"http:\/\/lorrylesmetz-histoire.fr\/wp-content\/uploads\/2017\/06\/02-1.jpg\" class=\"slider-1061 slide-1063 msDefaultImage\" alt=\"\" rel=\"\" title=\"\" srcset=\"http:\/\/lorrylesmetz-histoire.fr\/wp-content\/uploads\/2017\/06\/02-1.jpg 1204w, http:\/\/lorrylesmetz-histoire.fr\/wp-content\/uploads\/2017\/06\/02-1-300x199.jpg 300w, http:\/\/lorrylesmetz-histoire.fr\/wp-content\/uploads\/2017\/06\/02-1-768x510.jpg 768w, http:\/\/lorrylesmetz-histoire.fr\/wp-content\/uploads\/2017\/06\/02-1-1024x680.jpg 1024w\" sizes=\"auto, (max-width: 1204px) 100vw, 1204px\" \/><\/a><\/li>\n            <li style='display: none;' aria-roledescription='slide' aria-labelledby='slide-2'><a href=\"http:\/\/localhost\/lfdt2\/wp-content\/uploads\/2017\/06\/03-1.jpg\" target=\"_blank\"><img loading=\"lazy\" decoding=\"async\" width=\"1067\" height=\"800\" src=\"http:\/\/lorrylesmetz-histoire.fr\/wp-content\/uploads\/2017\/06\/03-1.jpg\" class=\"slider-1061 slide-1064 msDefaultImage\" alt=\"\" rel=\"\" title=\"\" srcset=\"http:\/\/lorrylesmetz-histoire.fr\/wp-content\/uploads\/2017\/06\/03-1.jpg 1067w, http:\/\/lorrylesmetz-histoire.fr\/wp-content\/uploads\/2017\/06\/03-1-300x225.jpg 300w, http:\/\/lorrylesmetz-histoire.fr\/wp-content\/uploads\/2017\/06\/03-1-768x576.jpg 768w, http:\/\/lorrylesmetz-histoire.fr\/wp-content\/uploads\/2017\/06\/03-1-1024x768.jpg 1024w\" sizes=\"auto, (max-width: 1067px) 100vw, 1067px\" \/><\/a><\/li>\n            <li style='display: none;' aria-roledescription='slide' aria-labelledby='slide-3'><a href=\"http:\/\/localhost\/lfdt2\/wp-content\/uploads\/2017\/06\/04-1.jpg\" target=\"_blank\"><img loading=\"lazy\" decoding=\"async\" width=\"1067\" height=\"800\" src=\"http:\/\/lorrylesmetz-histoire.fr\/wp-content\/uploads\/2017\/06\/04-1.jpg\" class=\"slider-1061 slide-1065 msDefaultImage\" alt=\"\" rel=\"\" title=\"\" srcset=\"http:\/\/lorrylesmetz-histoire.fr\/wp-content\/uploads\/2017\/06\/04-1.jpg 1067w, http:\/\/lorrylesmetz-histoire.fr\/wp-content\/uploads\/2017\/06\/04-1-300x225.jpg 300w, http:\/\/lorrylesmetz-histoire.fr\/wp-content\/uploads\/2017\/06\/04-1-768x576.jpg 768w, http:\/\/lorrylesmetz-histoire.fr\/wp-content\/uploads\/2017\/06\/04-1-1024x768.jpg 1024w\" sizes=\"auto, (max-width: 1067px) 100vw, 1067px\" \/><\/a><\/li>\n            <li style='display: none;' aria-roledescription='slide' aria-labelledby='slide-4'><a href=\"http:\/\/localhost\/lfdt2\/wp-content\/uploads\/2017\/06\/05-1.jpg\" target=\"_blank\"><img loading=\"lazy\" decoding=\"async\" width=\"1067\" height=\"800\" src=\"http:\/\/lorrylesmetz-histoire.fr\/wp-content\/uploads\/2017\/06\/05-1.jpg\" class=\"slider-1061 slide-1066 msDefaultImage\" alt=\"\" rel=\"\" title=\"\" srcset=\"http:\/\/lorrylesmetz-histoire.fr\/wp-content\/uploads\/2017\/06\/05-1.jpg 1067w, http:\/\/lorrylesmetz-histoire.fr\/wp-content\/uploads\/2017\/06\/05-1-300x225.jpg 300w, http:\/\/lorrylesmetz-histoire.fr\/wp-content\/uploads\/2017\/06\/05-1-768x576.jpg 768w, http:\/\/lorrylesmetz-histoire.fr\/wp-content\/uploads\/2017\/06\/05-1-1024x768.jpg 1024w\" sizes=\"auto, (max-width: 1067px) 100vw, 1067px\" \/><\/a><\/li>\n            <li style='display: none;' aria-roledescription='slide' aria-labelledby='slide-5'><a href=\"http:\/\/localhost\/lfdt2\/wp-content\/uploads\/2017\/06\/06.jpg\" target=\"_blank\"><img loading=\"lazy\" decoding=\"async\" width=\"1067\" height=\"800\" src=\"http:\/\/lorrylesmetz-histoire.fr\/wp-content\/uploads\/2017\/06\/06.jpg\" class=\"slider-1061 slide-1067 msDefaultImage\" alt=\"\" rel=\"\" title=\"\" srcset=\"http:\/\/lorrylesmetz-histoire.fr\/wp-content\/uploads\/2017\/06\/06.jpg 1067w, http:\/\/lorrylesmetz-histoire.fr\/wp-content\/uploads\/2017\/06\/06-300x225.jpg 300w, http:\/\/lorrylesmetz-histoire.fr\/wp-content\/uploads\/2017\/06\/06-768x576.jpg 768w, http:\/\/lorrylesmetz-histoire.fr\/wp-content\/uploads\/2017\/06\/06-1024x768.jpg 1024w\" sizes=\"auto, (max-width: 1067px) 100vw, 1067px\" \/><\/a><\/li>\n            <li style='display: none;' aria-roledescription='slide' aria-labelledby='slide-6'><a href=\"http:\/\/localhost\/lfdt2\/wp-content\/uploads\/2017\/06\/08-1.jpg\" target=\"_self\"><img loading=\"lazy\" decoding=\"async\" width=\"531\" height=\"800\" src=\"http:\/\/lorrylesmetz-histoire.fr\/wp-content\/uploads\/2017\/06\/08-1.jpg\" class=\"slider-1061 slide-1068 msDefaultImage\" alt=\"\" rel=\"\" title=\"\" srcset=\"http:\/\/lorrylesmetz-histoire.fr\/wp-content\/uploads\/2017\/06\/08-1.jpg 531w, http:\/\/lorrylesmetz-histoire.fr\/wp-content\/uploads\/2017\/06\/08-1-199x300.jpg 199w\" sizes=\"auto, (max-width: 531px) 100vw, 531px\" \/><\/a><\/li>\n            <li style='display: none;' aria-roledescription='slide' aria-labelledby='slide-7'><a href=\"http:\/\/localhost\/lfdt2\/wp-content\/uploads\/2017\/06\/09.jpg\" target=\"_blank\"><img loading=\"lazy\" decoding=\"async\" width=\"531\" height=\"800\" src=\"http:\/\/lorrylesmetz-histoire.fr\/wp-content\/uploads\/2017\/06\/09.jpg\" class=\"slider-1061 slide-1069 msDefaultImage\" alt=\"\" rel=\"\" title=\"\" srcset=\"http:\/\/lorrylesmetz-histoire.fr\/wp-content\/uploads\/2017\/06\/09.jpg 531w, http:\/\/lorrylesmetz-histoire.fr\/wp-content\/uploads\/2017\/06\/09-199x300.jpg 199w\" sizes=\"auto, (max-width: 531px) 100vw, 531px\" \/><\/a><\/li>\n            <li style='display: none;' aria-roledescription='slide' aria-labelledby='slide-8'><a href=\"http:\/\/localhost\/lfdt2\/wp-content\/uploads\/2017\/06\/10.jpg\" target=\"_blank\"><img loading=\"lazy\" decoding=\"async\" width=\"531\" height=\"800\" src=\"http:\/\/lorrylesmetz-histoire.fr\/wp-content\/uploads\/2017\/06\/10.jpg\" class=\"slider-1061 slide-1070 msDefaultImage\" alt=\"\" rel=\"\" title=\"\" srcset=\"http:\/\/lorrylesmetz-histoire.fr\/wp-content\/uploads\/2017\/06\/10.jpg 531w, http:\/\/lorrylesmetz-histoire.fr\/wp-content\/uploads\/2017\/06\/10-199x300.jpg 199w\" sizes=\"auto, (max-width: 531px) 100vw, 531px\" \/><\/a><\/li>\n            <li style='display: none;' aria-roledescription='slide' aria-labelledby='slide-9'><a href=\"http:\/\/localhost\/lfdt2\/wp-content\/uploads\/2017\/06\/11-1.jpg\" target=\"_self\"><img loading=\"lazy\" decoding=\"async\" width=\"531\" height=\"800\" src=\"http:\/\/lorrylesmetz-histoire.fr\/wp-content\/uploads\/2017\/06\/11-1.jpg\" class=\"slider-1061 slide-1071 msDefaultImage\" alt=\"\" rel=\"\" title=\"\" srcset=\"http:\/\/lorrylesmetz-histoire.fr\/wp-content\/uploads\/2017\/06\/11-1.jpg 531w, http:\/\/lorrylesmetz-histoire.fr\/wp-content\/uploads\/2017\/06\/11-1-199x300.jpg 199w\" sizes=\"auto, (max-width: 531px) 100vw, 531px\" \/><\/a><\/li>\n            <li style='display: none;' aria-roledescription='slide' aria-labelledby='slide-10'><a href=\"http:\/\/localhost\/lfdt2\/wp-content\/uploads\/2017\/06\/12.jpg\" target=\"_blank\"><img loading=\"lazy\" decoding=\"async\" width=\"920\" height=\"800\" src=\"http:\/\/lorrylesmetz-histoire.fr\/wp-content\/uploads\/2017\/06\/12.jpg\" class=\"slider-1061 slide-1072 msDefaultImage\" alt=\"\" rel=\"\" title=\"\" srcset=\"http:\/\/lorrylesmetz-histoire.fr\/wp-content\/uploads\/2017\/06\/12.jpg 920w, http:\/\/lorrylesmetz-histoire.fr\/wp-content\/uploads\/2017\/06\/12-300x261.jpg 300w, http:\/\/lorrylesmetz-histoire.fr\/wp-content\/uploads\/2017\/06\/12-768x668.jpg 768w\" sizes=\"auto, (max-width: 920px) 100vw, 920px\" \/><\/a><\/li>\n            <li style='display: none;' aria-roledescription='slide' aria-labelledby='slide-11'><a href=\"http:\/\/localhost\/lfdt2\/wp-content\/uploads\/2017\/06\/14.jpg\" target=\"_blank\"><img loading=\"lazy\" decoding=\"async\" width=\"1205\" height=\"800\" src=\"http:\/\/lorrylesmetz-histoire.fr\/wp-content\/uploads\/2017\/06\/14.jpg\" class=\"slider-1061 slide-1073 msDefaultImage\" alt=\"\" rel=\"\" title=\"\" srcset=\"http:\/\/lorrylesmetz-histoire.fr\/wp-content\/uploads\/2017\/06\/14.jpg 1205w, http:\/\/lorrylesmetz-histoire.fr\/wp-content\/uploads\/2017\/06\/14-300x199.jpg 300w, http:\/\/lorrylesmetz-histoire.fr\/wp-content\/uploads\/2017\/06\/14-768x510.jpg 768w, http:\/\/lorrylesmetz-histoire.fr\/wp-content\/uploads\/2017\/06\/14-1024x680.jpg 1024w\" sizes=\"auto, (max-width: 1205px) 100vw, 1205px\" \/><\/a><\/li>\n            <li style='display: none;' aria-roledescription='slide' aria-labelledby='slide-12'><a href=\"http:\/\/localhost\/lfdt2\/wp-content\/uploads\/2017\/06\/15.jpg\" target=\"_blank\"><img loading=\"lazy\" decoding=\"async\" width=\"505\" height=\"800\" src=\"http:\/\/lorrylesmetz-histoire.fr\/wp-content\/uploads\/2017\/06\/15.jpg\" class=\"slider-1061 slide-1074 msDefaultImage\" alt=\"\" rel=\"\" title=\"\" srcset=\"http:\/\/lorrylesmetz-histoire.fr\/wp-content\/uploads\/2017\/06\/15.jpg 505w, http:\/\/lorrylesmetz-histoire.fr\/wp-content\/uploads\/2017\/06\/15-189x300.jpg 189w\" sizes=\"auto, (max-width: 505px) 100vw, 505px\" \/><\/a><\/li>\n            <li style='display: none;' aria-roledescription='slide' aria-labelledby='slide-13'><a href=\"http:\/\/localhost\/lfdt2\/wp-content\/uploads\/2017\/06\/16.jpg\" target=\"_blank\"><img loading=\"lazy\" decoding=\"async\" width=\"531\" height=\"800\" src=\"http:\/\/lorrylesmetz-histoire.fr\/wp-content\/uploads\/2017\/06\/16.jpg\" class=\"slider-1061 slide-1075 msDefaultImage\" alt=\"\" rel=\"\" title=\"\" srcset=\"http:\/\/lorrylesmetz-histoire.fr\/wp-content\/uploads\/2017\/06\/16.jpg 531w, http:\/\/lorrylesmetz-histoire.fr\/wp-content\/uploads\/2017\/06\/16-199x300.jpg 199w\" sizes=\"auto, (max-width: 531px) 100vw, 531px\" \/><\/a><\/li>\n            <li style='display: none;' aria-roledescription='slide' aria-labelledby='slide-14'><a href=\"http:\/\/localhost\/lfdt2\/wp-content\/uploads\/2017\/06\/19.jpg\" target=\"_blank\"><img loading=\"lazy\" decoding=\"async\" width=\"1067\" height=\"800\" src=\"http:\/\/lorrylesmetz-histoire.fr\/wp-content\/uploads\/2017\/06\/19.jpg\" class=\"slider-1061 slide-1076 msDefaultImage\" alt=\"\" rel=\"\" title=\"\" srcset=\"http:\/\/lorrylesmetz-histoire.fr\/wp-content\/uploads\/2017\/06\/19.jpg 1067w, http:\/\/lorrylesmetz-histoire.fr\/wp-content\/uploads\/2017\/06\/19-300x225.jpg 300w, http:\/\/lorrylesmetz-histoire.fr\/wp-content\/uploads\/2017\/06\/19-768x576.jpg 768w, http:\/\/lorrylesmetz-histoire.fr\/wp-content\/uploads\/2017\/06\/19-1024x768.jpg 1024w\" sizes=\"auto, (max-width: 1067px) 100vw, 1067px\" \/><\/a><\/li>\n            <li style='display: none;' aria-roledescription='slide' aria-labelledby='slide-15'><a href=\"http:\/\/localhost\/lfdt2\/wp-content\/uploads\/2017\/06\/20.jpg\" target=\"_blank\"><img loading=\"lazy\" decoding=\"async\" width=\"600\" height=\"800\" src=\"http:\/\/lorrylesmetz-histoire.fr\/wp-content\/uploads\/2017\/06\/20.jpg\" class=\"slider-1061 slide-1077 msDefaultImage\" alt=\"\" rel=\"\" title=\"\" srcset=\"http:\/\/lorrylesmetz-histoire.fr\/wp-content\/uploads\/2017\/06\/20.jpg 600w, http:\/\/lorrylesmetz-histoire.fr\/wp-content\/uploads\/2017\/06\/20-225x300.jpg 225w\" sizes=\"auto, (max-width: 600px) 100vw, 600px\" \/><\/a><\/li>\n            <li style='display: none;' aria-roledescription='slide' aria-labelledby='slide-16'><a href=\"http:\/\/localhost\/lfdt2\/wp-content\/uploads\/2017\/06\/21.jpg\" target=\"_blank\"><img loading=\"lazy\" decoding=\"async\" width=\"531\" height=\"800\" src=\"http:\/\/lorrylesmetz-histoire.fr\/wp-content\/uploads\/2017\/06\/21.jpg\" class=\"slider-1061 slide-1078 msDefaultImage\" alt=\"\" rel=\"\" title=\"\" srcset=\"http:\/\/lorrylesmetz-histoire.fr\/wp-content\/uploads\/2017\/06\/21.jpg 531w, http:\/\/lorrylesmetz-histoire.fr\/wp-content\/uploads\/2017\/06\/21-199x300.jpg 199w\" sizes=\"auto, (max-width: 531px) 100vw, 531px\" \/><\/a><\/li>\n            <li style='display: none;' aria-roledescription='slide' aria-labelledby='slide-17'><a href=\"http:\/\/localhost\/lfdt2\/wp-content\/uploads\/2017\/06\/22.jpg\" target=\"_blank\"><img loading=\"lazy\" decoding=\"async\" width=\"531\" height=\"800\" src=\"http:\/\/lorrylesmetz-histoire.fr\/wp-content\/uploads\/2017\/06\/22.jpg\" class=\"slider-1061 slide-1079 msDefaultImage\" alt=\"\" rel=\"\" title=\"\" srcset=\"http:\/\/lorrylesmetz-histoire.fr\/wp-content\/uploads\/2017\/06\/22.jpg 531w, http:\/\/lorrylesmetz-histoire.fr\/wp-content\/uploads\/2017\/06\/22-199x300.jpg 199w\" sizes=\"auto, (max-width: 531px) 100vw, 531px\" \/><\/a><\/li>\n            <li style='display: none;' aria-roledescription='slide' aria-labelledby='slide-18'><a href=\"http:\/\/localhost\/lfdt2\/wp-content\/uploads\/2017\/06\/23.jpg\" target=\"_blank\"><img loading=\"lazy\" decoding=\"async\" width=\"531\" height=\"800\" src=\"http:\/\/lorrylesmetz-histoire.fr\/wp-content\/uploads\/2017\/06\/23.jpg\" class=\"slider-1061 slide-1080 msDefaultImage\" alt=\"\" rel=\"\" title=\"\" srcset=\"http:\/\/lorrylesmetz-histoire.fr\/wp-content\/uploads\/2017\/06\/23.jpg 531w, http:\/\/lorrylesmetz-histoire.fr\/wp-content\/uploads\/2017\/06\/23-199x300.jpg 199w\" sizes=\"auto, (max-width: 531px) 100vw, 531px\" \/><\/a><\/li>\n            <li style='display: none;' aria-roledescription='slide' aria-labelledby='slide-19'><a href=\"http:\/\/localhost\/lfdt2\/wp-content\/uploads\/2017\/06\/24.jpg\" target=\"_blank\"><img loading=\"lazy\" decoding=\"async\" width=\"531\" height=\"800\" src=\"http:\/\/lorrylesmetz-histoire.fr\/wp-content\/uploads\/2017\/06\/24.jpg\" class=\"slider-1061 slide-1081 msDefaultImage\" alt=\"\" rel=\"\" title=\"\" srcset=\"http:\/\/lorrylesmetz-histoire.fr\/wp-content\/uploads\/2017\/06\/24.jpg 531w, http:\/\/lorrylesmetz-histoire.fr\/wp-content\/uploads\/2017\/06\/24-199x300.jpg 199w\" sizes=\"auto, (max-width: 531px) 100vw, 531px\" \/><\/a><\/li>\n            <li style='display: none;' aria-roledescription='slide' aria-labelledby='slide-20'><a href=\"http:\/\/localhost\/lfdt2\/wp-content\/uploads\/2017\/06\/25.jpg\" target=\"_blank\"><img loading=\"lazy\" decoding=\"async\" width=\"531\" height=\"800\" src=\"http:\/\/lorrylesmetz-histoire.fr\/wp-content\/uploads\/2017\/06\/25.jpg\" class=\"slider-1061 slide-1082 msDefaultImage\" alt=\"\" rel=\"\" title=\"\" srcset=\"http:\/\/lorrylesmetz-histoire.fr\/wp-content\/uploads\/2017\/06\/25.jpg 531w, http:\/\/lorrylesmetz-histoire.fr\/wp-content\/uploads\/2017\/06\/25-199x300.jpg 199w\" sizes=\"auto, (max-width: 531px) 100vw, 531px\" \/><\/a><\/li>\n            <li style='display: none;' aria-roledescription='slide' aria-labelledby='slide-21'><a href=\"http:\/\/localhost\/lfdt2\/wp-content\/uploads\/2017\/06\/26.jpg\" target=\"_blank\"><img loading=\"lazy\" decoding=\"async\" width=\"531\" height=\"800\" src=\"http:\/\/lorrylesmetz-histoire.fr\/wp-content\/uploads\/2017\/06\/26.jpg\" class=\"slider-1061 slide-1083 msDefaultImage\" alt=\"\" rel=\"\" title=\"\" srcset=\"http:\/\/lorrylesmetz-histoire.fr\/wp-content\/uploads\/2017\/06\/26.jpg 531w, http:\/\/lorrylesmetz-histoire.fr\/wp-content\/uploads\/2017\/06\/26-199x300.jpg 199w\" sizes=\"auto, (max-width: 531px) 100vw, 531px\" \/><\/a><\/li>\n            <li style='display: none;' aria-roledescription='slide' aria-labelledby='slide-22'><a href=\"http:\/\/localhost\/lfdt2\/wp-content\/uploads\/2017\/06\/27.jpg\" target=\"_blank\"><img loading=\"lazy\" decoding=\"async\" width=\"531\" height=\"800\" src=\"http:\/\/lorrylesmetz-histoire.fr\/wp-content\/uploads\/2017\/06\/27.jpg\" class=\"slider-1061 slide-1084 msDefaultImage\" alt=\"\" rel=\"\" title=\"\" srcset=\"http:\/\/lorrylesmetz-histoire.fr\/wp-content\/uploads\/2017\/06\/27.jpg 531w, http:\/\/lorrylesmetz-histoire.fr\/wp-content\/uploads\/2017\/06\/27-199x300.jpg 199w\" sizes=\"auto, (max-width: 531px) 100vw, 531px\" \/><\/a><\/li>\n            <li style='display: none;' aria-roledescription='slide' aria-labelledby='slide-23'><a href=\"http:\/\/localhost\/lfdt2\/wp-content\/uploads\/2017\/06\/28.jpg\" target=\"_blank\"><img loading=\"lazy\" decoding=\"async\" width=\"531\" height=\"800\" src=\"http:\/\/lorrylesmetz-histoire.fr\/wp-content\/uploads\/2017\/06\/28.jpg\" class=\"slider-1061 slide-1085 msDefaultImage\" alt=\"\" rel=\"\" title=\"\" srcset=\"http:\/\/lorrylesmetz-histoire.fr\/wp-content\/uploads\/2017\/06\/28.jpg 531w, http:\/\/lorrylesmetz-histoire.fr\/wp-content\/uploads\/2017\/06\/28-199x300.jpg 199w\" sizes=\"auto, (max-width: 531px) 100vw, 531px\" \/><\/a><\/li>\n            <li style='display: none;' aria-roledescription='slide' aria-labelledby='slide-24'><a href=\"http:\/\/localhost\/lfdt2\/wp-content\/uploads\/2017\/06\/30.jpg\" target=\"_blank\"><img loading=\"lazy\" decoding=\"async\" width=\"531\" height=\"800\" src=\"http:\/\/lorrylesmetz-histoire.fr\/wp-content\/uploads\/2017\/06\/29.jpg\" class=\"slider-1061 slide-1086 msDefaultImage\" alt=\"\" rel=\"\" title=\"\" srcset=\"http:\/\/lorrylesmetz-histoire.fr\/wp-content\/uploads\/2017\/06\/29.jpg 531w, http:\/\/lorrylesmetz-histoire.fr\/wp-content\/uploads\/2017\/06\/29-199x300.jpg 199w\" sizes=\"auto, (max-width: 531px) 100vw, 531px\" \/><\/a><\/li>\n            <li style='display: none;' aria-roledescription='slide' aria-labelledby='slide-25'><a href=\"http:\/\/localhost\/lfdt2\/wp-content\/uploads\/2017\/06\/30.jpg\" target=\"_self\"><img loading=\"lazy\" decoding=\"async\" width=\"531\" height=\"800\" src=\"http:\/\/lorrylesmetz-histoire.fr\/wp-content\/uploads\/2017\/06\/30.jpg\" class=\"slider-1061 slide-1087 msDefaultImage\" alt=\"\" rel=\"\" title=\"\" srcset=\"http:\/\/lorrylesmetz-histoire.fr\/wp-content\/uploads\/2017\/06\/30.jpg 531w, http:\/\/lorrylesmetz-histoire.fr\/wp-content\/uploads\/2017\/06\/30-199x300.jpg 199w\" sizes=\"auto, (max-width: 531px) 100vw, 531px\" \/><\/a><\/li>\n            <li style='display: none;' aria-roledescription='slide' aria-labelledby='slide-26'><a href=\"http:\/\/localhost\/lfdt2\/wp-content\/uploads\/2017\/06\/31.jpg\" target=\"_self\"><img loading=\"lazy\" decoding=\"async\" width=\"531\" height=\"800\" src=\"http:\/\/lorrylesmetz-histoire.fr\/wp-content\/uploads\/2017\/06\/31.jpg\" class=\"slider-1061 slide-1088 msDefaultImage\" alt=\"\" rel=\"\" title=\"\" srcset=\"http:\/\/lorrylesmetz-histoire.fr\/wp-content\/uploads\/2017\/06\/31.jpg 531w, http:\/\/lorrylesmetz-histoire.fr\/wp-content\/uploads\/2017\/06\/31-199x300.jpg 199w\" sizes=\"auto, (max-width: 531px) 100vw, 531px\" \/><\/a><\/li>\n            <li style='display: none;' aria-roledescription='slide' aria-labelledby='slide-27'><a href=\"http:\/\/localhost\/lfdt2\/wp-content\/uploads\/2017\/06\/32.jpg\" target=\"_blank\"><img loading=\"lazy\" decoding=\"async\" width=\"531\" height=\"800\" src=\"http:\/\/lorrylesmetz-histoire.fr\/wp-content\/uploads\/2017\/06\/32.jpg\" class=\"slider-1061 slide-1089 msDefaultImage\" alt=\"\" rel=\"\" title=\"\" srcset=\"http:\/\/lorrylesmetz-histoire.fr\/wp-content\/uploads\/2017\/06\/32.jpg 531w, http:\/\/lorrylesmetz-histoire.fr\/wp-content\/uploads\/2017\/06\/32-199x300.jpg 199w\" sizes=\"auto, (max-width: 531px) 100vw, 531px\" \/><\/a><\/li>\n        <\/ul>\n        \n    <\/div>\n<\/div>\n<p>Photo Claudine\u00a0Kester-Elghozi et G\u00e9rard Kester<\/p>\n<p><a href=\"http:\/\/lorrylesmetz-histoire.fr\/?page_id=738\"><img loading=\"lazy\" decoding=\"async\" class=\"alignnone wp-image-378 size-full\" src=\"http:\/\/lorrylesmetz-histoire.fr\/wp-content\/uploads\/2017\/05\/retour.png?_t=1496249913\" alt=\"\" width=\"89\" height=\"31\" \/><\/a><\/p>\n<p>&nbsp;<\/p>\n","protected":false},"excerpt":{"rendered":"<p>10\u00a0mai\u00a02017 Lorry-l\u00e8s-Metz \u00ab\u00a0au fil du temps\u00a0\u00bb f\u00eate son doyen. Entour\u00e9 des membres de l\u2019association, en pr\u00e9sence de monsieur Jean-Yves Le Ber, maire de la commune, Maurice\u00a0Vigneron a souffl\u00e9 ses 90\u00a0bougies. La pr\u00e9sidente, dans un discours, a c\u00e9l\u00e9br\u00e9 sa carri\u00e8re militaire&hellip; <\/p>\n","protected":false},"author":1,"featured_media":0,"parent":738,"menu_order":5,"comment_status":"closed","ping_status":"closed","template":"","meta":{"_mc_calendar":[],"footnotes":""},"class_list":["post-743","page","type-page","status-publish","hentry"],"_links":{"self":[{"href":"http:\/\/lorrylesmetz-histoire.fr\/index.php?rest_route=\/wp\/v2\/pages\/743","targetHints":{"allow":["GET"]}}],"collection":[{"href":"http:\/\/lorrylesmetz-histoire.fr\/index.php?rest_route=\/wp\/v2\/pages"}],"about":[{"href":"http:\/\/lorrylesmetz-histoire.fr\/index.php?rest_route=\/wp\/v2\/types\/page"}],"author":[{"embeddable":true,"href":"http:\/\/lorrylesmetz-histoire.fr\/index.php?rest_route=\/wp\/v2\/users\/1"}],"replies":[{"embeddable":true,"href":"http:\/\/lorrylesmetz-histoire.fr\/index.php?rest_route=%2Fwp%2Fv2%2Fcomments&post=743"}],"version-history":[{"count":1,"href":"http:\/\/lorrylesmetz-histoire.fr\/index.php?rest_route=\/wp\/v2\/pages\/743\/revisions"}],"predecessor-version":[{"id":2984,"href":"http:\/\/lorrylesmetz-histoire.fr\/index.php?rest_route=\/wp\/v2\/pages\/743\/revisions\/2984"}],"up":[{"embeddable":true,"href":"http:\/\/lorrylesmetz-histoire.fr\/index.php?rest_route=\/wp\/v2\/pages\/738"}],"wp:attachment":[{"href":"http:\/\/lorrylesmetz-histoire.fr\/index.php?rest_route=%2Fwp%2Fv2%2Fmedia&parent=743"}],"curies":[{"name":"wp","href":"https:\/\/api.w.org\/{rel}","templated":true}]}}