{"id":744,"date":"2017-06-12T11:13:28","date_gmt":"2017-06-12T09:13:28","guid":{"rendered":"http:\/\/lorrylesmetz-histoire.fr\/?page_id=744"},"modified":"2020-02-29T17:57:13","modified_gmt":"2020-02-29T16:57:13","slug":"2017-01-08","status":"publish","type":"page","link":"http:\/\/lorrylesmetz-histoire.fr\/?page_id=744","title":{"rendered":"2016"},"content":{"rendered":"<table>\n<tbody>\n<tr>\n<td>11 novembre<\/td>\n<td>C\u00e9r\u00e9monie au monuments aux morts<br \/>\net \u00ab Les oubli\u00e9s de 1914-1918 \u00bb<\/td>\n<td>\u00a0<a href=\"http:\/\/lorrylesmetz-histoire.fr\/?page_id=1271\"><img loading=\"lazy\" decoding=\"async\" class=\"alignnone wp-image-683 size-full\" src=\"http:\/\/lorrylesmetz-histoire.fr\/wp-content\/uploads\/2017\/05\/voir.png?_t=1502377839\" alt=\"\" width=\"89\" height=\"31\" \/><\/a><\/td>\n<\/tr>\n<tr>\n<td>27 mai<\/td>\n<td>Conf\u00e9rence de Claude G\u00e9rard<br \/>\n\u00ab Destin de femmes en Alg\u00e9rie \u00bb<\/td>\n<td>\u00a0<a href=\"http:\/\/lorrylesmetz-histoire.fr\/?page_id=1272\"><img loading=\"lazy\" decoding=\"async\" class=\"alignnone wp-image-683 size-full\" src=\"http:\/\/lorrylesmetz-histoire.fr\/wp-content\/uploads\/2017\/05\/voir.png?_t=1502374969\" alt=\"\" width=\"89\" height=\"31\" \/><\/a><\/td>\n<\/tr>\n<tr>\n<td>30 avril<\/td>\n<td>Les remparts de Metz<\/td>\n<td><a href=\"http:\/\/lorrylesmetz-histoire.fr\/?page_id=1273\"><img loading=\"lazy\" decoding=\"async\" class=\"alignnone wp-image-683 size-full\" src=\"http:\/\/lorrylesmetz-histoire.fr\/wp-content\/uploads\/2017\/05\/voir.png?_t=1502374277\" alt=\"\" width=\"89\" height=\"31\" \/><\/a><\/td>\n<\/tr>\n<tr>\n<td>12 mars<\/td>\n<td>Colloque<\/td>\n<td><a href=\"http:\/\/lorrylesmetz-histoire.fr\/?page_id=1274\"><img loading=\"lazy\" decoding=\"async\" class=\"alignnone\" src=\"http:\/\/lorrylesmetz-histoire.fr\/wp-content\/uploads\/2017\/05\/voir.png\" alt=\"\" width=\"89\" height=\"31\" \/><\/a><\/td>\n<\/tr>\n<tr>\n<td>5 f\u00e9vrier<\/td>\n<td>Assembl\u00e9e g\u00e9n\u00e9rale<\/td>\n<td><a href=\"http:\/\/lorrylesmetz-histoire.fr\/?page_id=1275\"><img loading=\"lazy\" decoding=\"async\" class=\"alignnone\" src=\"http:\/\/lorrylesmetz-histoire.fr\/wp-content\/uploads\/2017\/05\/voir.png\" alt=\"\" width=\"89\" height=\"31\" \/><\/a><\/td>\n<\/tr>\n<tr>\n<td>13 janvier<\/td>\n<td>Galette des Rois<\/td>\n<td><a href=\"http:\/\/lorrylesmetz-histoire.fr\/?page_id=1276\"><img loading=\"lazy\" decoding=\"async\" src=\"http:\/\/lorrylesmetz-histoire.fr\/wp-content\/uploads\/2017\/05\/voir.png\" alt=\"\" width=\"89\" height=\"31\" \/><\/a><\/td>\n<\/tr>\n<\/tbody>\n<\/table>\n<p><a href=\"http:\/\/lorrylesmetz-histoire.fr\/?page_id=60\"><img loading=\"lazy\" decoding=\"async\" class=\"alignnone size-full wp-image-378\" src=\"http:\/\/lorrylesmetz-histoire.fr\/wp-content\/uploads\/2017\/05\/retour.png\" alt=\"\" width=\"89\" height=\"31\" \/><\/a><\/p>\n","protected":false},"excerpt":{"rendered":"<p>11 novembre C\u00e9r\u00e9monie au monuments aux morts et \u00ab Les oubli\u00e9s de 1914-1918 \u00bb \u00a0 27 mai Conf\u00e9rence de Claude G\u00e9rard \u00ab Destin de femmes en Alg\u00e9rie \u00bb \u00a0 30 avril Les remparts de Metz 12 mars Colloque 5 f\u00e9vrier&hellip; <\/p>\n","protected":false},"author":1,"featured_media":0,"parent":60,"menu_order":13,"comment_status":"closed","ping_status":"closed","template":"","meta":{"_mc_calendar":[],"footnotes":""},"class_list":["post-744","page","type-page","status-publish","hentry"],"_links":{"self":[{"href":"http:\/\/lorrylesmetz-histoire.fr\/index.php?rest_route=\/wp\/v2\/pages\/744","targetHints":{"allow":["GET"]}}],"collection":[{"href":"http:\/\/lorrylesmetz-histoire.fr\/index.php?rest_route=\/wp\/v2\/pages"}],"about":[{"href":"http:\/\/lorrylesmetz-histoire.fr\/index.php?rest_route=\/wp\/v2\/types\/page"}],"author":[{"embeddable":true,"href":"http:\/\/lorrylesmetz-histoire.fr\/index.php?rest_route=\/wp\/v2\/users\/1"}],"replies":[{"embeddable":true,"href":"http:\/\/lorrylesmetz-histoire.fr\/index.php?rest_route=%2Fwp%2Fv2%2Fcomments&post=744"}],"version-history":[{"count":10,"href":"http:\/\/lorrylesmetz-histoire.fr\/index.php?rest_route=\/wp\/v2\/pages\/744\/revisions"}],"predecessor-version":[{"id":5475,"href":"http:\/\/lorrylesmetz-histoire.fr\/index.php?rest_route=\/wp\/v2\/pages\/744\/revisions\/5475"}],"up":[{"embeddable":true,"href":"http:\/\/lorrylesmetz-histoire.fr\/index.php?rest_route=\/wp\/v2\/pages\/60"}],"wp:attachment":[{"href":"http:\/\/lorrylesmetz-histoire.fr\/index.php?rest_route=%2Fwp%2Fv2%2Fmedia&parent=744"}],"curies":[{"name":"wp","href":"https:\/\/api.w.org\/{rel}","templated":true}]}}