{"id":7511,"date":"2023-12-19T16:13:25","date_gmt":"2023-12-19T15:13:25","guid":{"rendered":"http:\/\/lorrylesmetz-histoire.fr\/?page_id=7511"},"modified":"2023-12-19T16:19:53","modified_gmt":"2023-12-19T15:19:53","slug":"lorraine-celtique","status":"publish","type":"page","link":"http:\/\/lorrylesmetz-histoire.fr\/?page_id=7511","title":{"rendered":"Lorraine celtique"},"content":{"rendered":"<h2>Vendredi 17 novembre\u00a02023<\/h2>\n<p>S\u00e9bastien\u00a0Wagner, directeur des \u00c9ditions des Paraiges, donnait une conf\u00e9rence sur la Lorraine celtique, ses origines et sa complexit\u00e9 au cours des si\u00e8cles. Les Celtes (\u00e0 ne pas confondre avec les Normands, redoutables navigateurs, ce que n\u2019\u00e9taient pas les Celtes) \u00e9taient la f\u00e9d\u00e9ration de moult tribus qui englobait le nord-est de la France et la Belgique. On retrouve leur trace gr\u00e2ce aux toponymes. Le d\u00e9coupage des fronti\u00e8res a curieusement surv\u00e9cu 2000 ans apr\u00e8s dans l\u2019implantation des dioc\u00e8ses catholiques. Des coutumes ont perdur\u00e9 longtemps comme le Trimazo de mai et on f\u00eate encore les <em>Rommelbootzen<\/em>, ces racines-lanternes (citrouilles et betteraves creus\u00e9es) qui brillent dans la nuit magique de Samain, le 31\u00a0octobre, o\u00f9 les esprits s\u2019affolent quelques heures entre Ombre et Lumi\u00e8re, terrifiant les humains.<br \/>\nLe conf\u00e9rencier a \u00e9t\u00e9 remerci\u00e9 par un petit \u00ab kit de No\u00ebl \u00bb et la soir\u00e9e s\u2019est finie par le verre de l\u2019amiti\u00e9\u2026 comme \u00e0 l\u2019habitude.<\/p>\n<p>Photos Claudine\u00a0Kester-ElGhozi et Roger\u00a0Mariotte<\/p>\n<div id=\"metaslider-id-7490\" style=\"width: 100%; margin: 0 auto;\" class=\"ml-slider-3-108-0 metaslider metaslider-responsive metaslider-7490 ml-slider has-dots-nav ms-theme-default\" role=\"region\" aria-label=\"Lorraine celtique\" data-height=\"600\" data-width=\"800\">\n    <div id=\"metaslider_container_7490\">\n        <ul id='metaslider_7490' class='rslides'>\n            <li aria-roledescription='slide' aria-labelledby='slide-0'><a href=\"http:\/\/lorrylesmetz-histoire.fr\/wp-content\/uploads\/2023\/12\/E01.jpg\" target=\"_blank\"><img loading=\"lazy\" decoding=\"async\" src=\"http:\/\/lorrylesmetz-histoire.fr\/wp-content\/uploads\/2023\/12\/E01-800x600.jpg\" height=\"600\" width=\"800\" alt=\"\" class=\"slider-7490 slide-7491 msDefaultImage\" title=\"E01\" \/><\/a><\/li>\n            <li style='display: none;' aria-roledescription='slide' aria-labelledby='slide-1'><a href=\"http:\/\/lorrylesmetz-histoire.fr\/wp-content\/uploads\/2023\/12\/E02.jpg\" target=\"_blank\"><img loading=\"lazy\" decoding=\"async\" src=\"http:\/\/lorrylesmetz-histoire.fr\/wp-content\/uploads\/2023\/12\/E02-800x600.jpg\" height=\"600\" width=\"800\" alt=\"\" class=\"slider-7490 slide-7492 msDefaultImage\" title=\"E02\" \/><\/a><\/li>\n            <li style='display: none;' aria-roledescription='slide' aria-labelledby='slide-2'><a href=\"http:\/\/lorrylesmetz-histoire.fr\/wp-content\/uploads\/2023\/12\/E03.jpg\" target=\"_blank\"><img loading=\"lazy\" decoding=\"async\" src=\"http:\/\/lorrylesmetz-histoire.fr\/wp-content\/uploads\/2023\/12\/E03-800x600.jpg\" height=\"600\" width=\"800\" alt=\"\" class=\"slider-7490 slide-7493 msDefaultImage\" title=\"E03\" \/><\/a><\/li>\n            <li style='display: none;' aria-roledescription='slide' aria-labelledby='slide-3'><a href=\"http:\/\/lorrylesmetz-histoire.fr\/wp-content\/uploads\/2023\/12\/E04.jpg\" target=\"_blank\"><img loading=\"lazy\" decoding=\"async\" src=\"http:\/\/lorrylesmetz-histoire.fr\/wp-content\/uploads\/2023\/12\/E04-800x600.jpg\" height=\"600\" width=\"800\" alt=\"\" class=\"slider-7490 slide-7494 msDefaultImage\" title=\"E04\" \/><\/a><\/li>\n            <li style='display: none;' aria-roledescription='slide' aria-labelledby='slide-4'><a href=\"http:\/\/lorrylesmetz-histoire.fr\/wp-content\/uploads\/2023\/12\/E05.jpg\" target=\"_blank\"><img loading=\"lazy\" decoding=\"async\" src=\"http:\/\/lorrylesmetz-histoire.fr\/wp-content\/uploads\/2023\/12\/E05-800x600.jpg\" height=\"600\" width=\"800\" alt=\"\" class=\"slider-7490 slide-7495 msDefaultImage\" title=\"E05\" \/><\/a><\/li>\n            <li style='display: none;' aria-roledescription='slide' aria-labelledby='slide-5'><a href=\"http:\/\/lorrylesmetz-histoire.fr\/wp-content\/uploads\/2023\/12\/E06.jpg\" target=\"_blank\"><img loading=\"lazy\" decoding=\"async\" src=\"http:\/\/lorrylesmetz-histoire.fr\/wp-content\/uploads\/2023\/12\/E06-800x600.jpg\" height=\"600\" width=\"800\" alt=\"\" class=\"slider-7490 slide-7496 msDefaultImage\" title=\"E06\" \/><\/a><\/li>\n            <li style='display: none;' aria-roledescription='slide' aria-labelledby='slide-6'><a href=\"http:\/\/lorrylesmetz-histoire.fr\/wp-content\/uploads\/2023\/12\/E07.jpg\" target=\"_blank\"><img loading=\"lazy\" decoding=\"async\" src=\"http:\/\/lorrylesmetz-histoire.fr\/wp-content\/uploads\/2023\/12\/E07-800x600.jpg\" height=\"600\" width=\"800\" alt=\"\" class=\"slider-7490 slide-7497 msDefaultImage\" title=\"E07\" \/><\/a><\/li>\n            <li style='display: none;' aria-roledescription='slide' aria-labelledby='slide-7'><a href=\"http:\/\/lorrylesmetz-histoire.fr\/wp-content\/uploads\/2023\/12\/E08.jpg\" target=\"_blank\"><img loading=\"lazy\" decoding=\"async\" src=\"http:\/\/lorrylesmetz-histoire.fr\/wp-content\/uploads\/2023\/12\/E08-800x600.jpg\" height=\"600\" width=\"800\" alt=\"\" class=\"slider-7490 slide-7498 msDefaultImage\" title=\"E08\" \/><\/a><\/li>\n            <li style='display: none;' aria-roledescription='slide' aria-labelledby='slide-8'><a href=\"http:\/\/lorrylesmetz-histoire.fr\/wp-content\/uploads\/2023\/12\/E09.jpg\" target=\"_blank\"><img loading=\"lazy\" decoding=\"async\" src=\"http:\/\/lorrylesmetz-histoire.fr\/wp-content\/uploads\/2023\/12\/E09-800x600.jpg\" height=\"600\" width=\"800\" alt=\"\" class=\"slider-7490 slide-7499 msDefaultImage\" title=\"E09\" \/><\/a><\/li>\n            <li style='display: none;' aria-roledescription='slide' aria-labelledby='slide-9'><a href=\"http:\/\/lorrylesmetz-histoire.fr\/wp-content\/uploads\/2023\/12\/E10.jpg\" target=\"_blank\"><img loading=\"lazy\" decoding=\"async\" src=\"http:\/\/lorrylesmetz-histoire.fr\/wp-content\/uploads\/2023\/12\/E10-800x600.jpg\" height=\"600\" width=\"800\" alt=\"\" class=\"slider-7490 slide-7500 msDefaultImage\" title=\"E10\" \/><\/a><\/li>\n            <li style='display: none;' aria-roledescription='slide' aria-labelledby='slide-10'><a href=\"http:\/\/lorrylesmetz-histoire.fr\/wp-content\/uploads\/2023\/12\/E11.jpg\" target=\"_blank\"><img loading=\"lazy\" decoding=\"async\" src=\"http:\/\/lorrylesmetz-histoire.fr\/wp-content\/uploads\/2023\/12\/E11-800x600.jpg\" height=\"600\" width=\"800\" alt=\"\" class=\"slider-7490 slide-7501 msDefaultImage\" title=\"E11\" \/><\/a><\/li>\n            <li style='display: none;' aria-roledescription='slide' aria-labelledby='slide-11'><a href=\"http:\/\/lorrylesmetz-histoire.fr\/wp-content\/uploads\/2023\/12\/E12.jpg\" target=\"_blank\"><img loading=\"lazy\" decoding=\"async\" src=\"http:\/\/lorrylesmetz-histoire.fr\/wp-content\/uploads\/2023\/12\/E12-800x600.jpg\" height=\"600\" width=\"800\" alt=\"\" class=\"slider-7490 slide-7502 msDefaultImage\" title=\"E12\" \/><\/a><\/li>\n            <li style='display: none;' aria-roledescription='slide' aria-labelledby='slide-12'><a href=\"http:\/\/lorrylesmetz-histoire.fr\/wp-content\/uploads\/2023\/12\/E13.jpg\" target=\"_blank\"><img loading=\"lazy\" decoding=\"async\" src=\"http:\/\/lorrylesmetz-histoire.fr\/wp-content\/uploads\/2023\/12\/E13-800x600.jpg\" height=\"600\" width=\"800\" alt=\"\" class=\"slider-7490 slide-7503 msDefaultImage\" title=\"E13\" \/><\/a><\/li>\n            <li style='display: none;' aria-roledescription='slide' aria-labelledby='slide-13'><a href=\"http:\/\/lorrylesmetz-histoire.fr\/wp-content\/uploads\/2023\/12\/E14.jpg\" target=\"_blank\"><img loading=\"lazy\" decoding=\"async\" src=\"http:\/\/lorrylesmetz-histoire.fr\/wp-content\/uploads\/2023\/12\/E14-800x600.jpg\" height=\"600\" width=\"800\" alt=\"\" class=\"slider-7490 slide-7504 msDefaultImage\" title=\"E14\" \/><\/a><\/li>\n            <li style='display: none;' aria-roledescription='slide' aria-labelledby='slide-14'><a href=\"http:\/\/lorrylesmetz-histoire.fr\/wp-content\/uploads\/2023\/12\/E15.jpg\" target=\"_blank\"><img loading=\"lazy\" decoding=\"async\" src=\"http:\/\/lorrylesmetz-histoire.fr\/wp-content\/uploads\/2023\/12\/E15-800x600.jpg\" height=\"600\" width=\"800\" alt=\"\" class=\"slider-7490 slide-7505 msDefaultImage\" title=\"E15\" \/><\/a><\/li>\n            <li style='display: none;' aria-roledescription='slide' aria-labelledby='slide-15'><a href=\"http:\/\/lorrylesmetz-histoire.fr\/wp-content\/uploads\/2023\/12\/E16.jpg\" target=\"_blank\"><img loading=\"lazy\" decoding=\"async\" src=\"http:\/\/lorrylesmetz-histoire.fr\/wp-content\/uploads\/2023\/12\/E16-800x600.jpg\" height=\"600\" width=\"800\" alt=\"\" class=\"slider-7490 slide-7506 msDefaultImage\" title=\"E16\" \/><\/a><\/li>\n            <li style='display: none;' aria-roledescription='slide' aria-labelledby='slide-16'><a href=\"http:\/\/lorrylesmetz-histoire.fr\/wp-content\/uploads\/2023\/12\/E17.jpg\" target=\"_blank\"><img loading=\"lazy\" decoding=\"async\" src=\"http:\/\/lorrylesmetz-histoire.fr\/wp-content\/uploads\/2023\/12\/E17-800x600.jpg\" height=\"600\" width=\"800\" alt=\"\" class=\"slider-7490 slide-7507 msDefaultImage\" title=\"E17\" \/><\/a><\/li>\n            <li style='display: none;' aria-roledescription='slide' aria-labelledby='slide-17'><a href=\"http:\/\/lorrylesmetz-histoire.fr\/wp-content\/uploads\/2023\/12\/E18.jpg\" target=\"_blank\"><img loading=\"lazy\" decoding=\"async\" src=\"http:\/\/lorrylesmetz-histoire.fr\/wp-content\/uploads\/2023\/12\/E18-800x600.jpg\" height=\"600\" width=\"800\" alt=\"\" class=\"slider-7490 slide-7508 msDefaultImage\" title=\"E18\" \/><\/a><\/li>\n            <li style='display: none;' aria-roledescription='slide' aria-labelledby='slide-18'><a href=\"http:\/\/lorrylesmetz-histoire.fr\/wp-content\/uploads\/2023\/12\/E19.jpg\" target=\"_blank\"><img loading=\"lazy\" decoding=\"async\" src=\"http:\/\/lorrylesmetz-histoire.fr\/wp-content\/uploads\/2023\/12\/E19-800x600.jpg\" height=\"600\" width=\"800\" alt=\"\" class=\"slider-7490 slide-7509 msDefaultImage\" title=\"E19\" \/><\/a><\/li>\n            <li style='display: none;' aria-roledescription='slide' aria-labelledby='slide-19'><a href=\"http:\/\/lorrylesmetz-histoire.fr\/wp-content\/uploads\/2023\/12\/E20.jpg\" target=\"_blank\"><img loading=\"lazy\" decoding=\"async\" src=\"http:\/\/lorrylesmetz-histoire.fr\/wp-content\/uploads\/2023\/12\/E20-800x600.jpg\" height=\"600\" width=\"800\" alt=\"\" class=\"slider-7490 slide-7510 msDefaultImage\" title=\"E20\" \/><\/a><\/li>\n        <\/ul>\n        \n    <\/div>\n<\/div>\n<p><a href=\"http:\/\/lorrylesmetz-histoire.fr\/?page_id=6688\" target=\"_blank\" rel=\"noopener\"><img loading=\"lazy\" decoding=\"async\" class=\"alignnone wp-image-378 size-full\" src=\"http:\/\/lorrylesmetz-histoire.fr\/wp-content\/uploads\/2017\/05\/retour.png\" alt=\"\" width=\"89\" height=\"31\" \/><\/a><\/p>\n","protected":false},"excerpt":{"rendered":"<p>Vendredi 17 novembre\u00a02023 S\u00e9bastien\u00a0Wagner, directeur des \u00c9ditions des Paraiges, donnait une conf\u00e9rence sur la Lorraine celtique, ses origines et sa complexit\u00e9 au cours des si\u00e8cles. Les Celtes (\u00e0 ne pas confondre avec les Normands, redoutables navigateurs, ce que n\u2019\u00e9taient pas&hellip; <\/p>\n","protected":false},"author":1,"featured_media":0,"parent":6688,"menu_order":9,"comment_status":"closed","ping_status":"closed","template":"","meta":{"_mc_calendar":[],"footnotes":""},"class_list":["post-7511","page","type-page","status-publish","hentry"],"_links":{"self":[{"href":"http:\/\/lorrylesmetz-histoire.fr\/index.php?rest_route=\/wp\/v2\/pages\/7511","targetHints":{"allow":["GET"]}}],"collection":[{"href":"http:\/\/lorrylesmetz-histoire.fr\/index.php?rest_route=\/wp\/v2\/pages"}],"about":[{"href":"http:\/\/lorrylesmetz-histoire.fr\/index.php?rest_route=\/wp\/v2\/types\/page"}],"author":[{"embeddable":true,"href":"http:\/\/lorrylesmetz-histoire.fr\/index.php?rest_route=\/wp\/v2\/users\/1"}],"replies":[{"embeddable":true,"href":"http:\/\/lorrylesmetz-histoire.fr\/index.php?rest_route=%2Fwp%2Fv2%2Fcomments&post=7511"}],"version-history":[{"count":3,"href":"http:\/\/lorrylesmetz-histoire.fr\/index.php?rest_route=\/wp\/v2\/pages\/7511\/revisions"}],"predecessor-version":[{"id":7514,"href":"http:\/\/lorrylesmetz-histoire.fr\/index.php?rest_route=\/wp\/v2\/pages\/7511\/revisions\/7514"}],"up":[{"embeddable":true,"href":"http:\/\/lorrylesmetz-histoire.fr\/index.php?rest_route=\/wp\/v2\/pages\/6688"}],"wp:attachment":[{"href":"http:\/\/lorrylesmetz-histoire.fr\/index.php?rest_route=%2Fwp%2Fv2%2Fmedia&parent=7511"}],"curies":[{"name":"wp","href":"https:\/\/api.w.org\/{rel}","templated":true}]}}