{"id":76,"date":"2017-05-23T15:18:11","date_gmt":"2017-05-23T13:18:11","guid":{"rendered":"http:\/\/lorrylesmetz-histoire.fr\/?page_id=76"},"modified":"2024-12-08T08:57:28","modified_gmt":"2024-12-08T07:57:28","slug":"le-blason","status":"publish","type":"page","link":"http:\/\/lorrylesmetz-histoire.fr\/?page_id=76","title":{"rendered":"Le blason"},"content":{"rendered":"<h2>H\u00e9raldique<\/h2>\n<p>D&rsquo;argent au laurier de sinople, mouvant de la pointe, fruit\u00e9 de gueules, au chef de m\u00eame charg\u00e9 de trois besants d&rsquo;or, le premier charg\u00e9 d&rsquo;une croix patt\u00e9e de m\u00eame.<\/p>\n<div id=\"attachment_279\" style=\"width: 147px\" class=\"wp-caption aligncenter\"><img loading=\"lazy\" decoding=\"async\" aria-describedby=\"caption-attachment-279\" class=\"wp-image-279\" src=\"http:\/\/lorrylesmetz-histoire.fr\/wp-content\/uploads\/2017\/05\/blason_lorry_couleur-273x300.png\" alt=\"\" width=\"137\" height=\"151\" srcset=\"http:\/\/lorrylesmetz-histoire.fr\/wp-content\/uploads\/2017\/05\/blason_lorry_couleur-273x300.png 273w, http:\/\/lorrylesmetz-histoire.fr\/wp-content\/uploads\/2017\/05\/blason_lorry_couleur-100x110.png 100w, http:\/\/lorrylesmetz-histoire.fr\/wp-content\/uploads\/2017\/05\/blason_lorry_couleur-150x165.png 150w, http:\/\/lorrylesmetz-histoire.fr\/wp-content\/uploads\/2017\/05\/blason_lorry_couleur-200x220.png 200w, http:\/\/lorrylesmetz-histoire.fr\/wp-content\/uploads\/2017\/05\/blason_lorry_couleur-300x330.png 300w, http:\/\/lorrylesmetz-histoire.fr\/wp-content\/uploads\/2017\/05\/blason_lorry_couleur-450x495.png 450w, http:\/\/lorrylesmetz-histoire.fr\/wp-content\/uploads\/2017\/05\/blason_lorry_couleur.png 600w\" sizes=\"auto, (max-width: 137px) 100vw, 137px\" \/><p id=\"caption-attachment-279\" class=\"wp-caption-text\">Blason en couleurs<\/p><\/div>\n<h2>Commentaires<\/h2>\n<ul>\n<li><em>de sinople <\/em>: de couleur verte symbole de la libert\u00e9<\/li>\n<li><em>fruit\u00e9 <\/em>: portant des fruits<\/li>\n<li><em>au chef <\/em>: partie sup\u00e9rieur de l&rsquo;\u00e9cusson<\/li>\n<li><em>charg\u00e9 de trois besants <\/em>: orn\u00e9 des trois cercles<\/li>\n<li><em>croix patt\u00e9e <\/em>: croix dont l&rsquo;extr\u00e9mit\u00e9 des bras s&rsquo;\u00e9largit<\/li>\n<\/ul>\n<p>Le laurier fait r\u00e9f\u00e9rence au nom latin de Lorry-l\u00e8s-Metz : <em>lauriacum<\/em>, qui veut dire laurier. Ce sont des armes parlantes. Lorry-l\u00e8s-Metz d\u00e9pendait du Pays messin du Val de Metz. Plus exactement, il \u00e9tait sous la domination du paraige de Saint-Martin qui portait \u00ab de gueules, \u00e0 trois besants d&rsquo;or, celui de dextre charg\u00e9 d&rsquo;une croix du champ \u00bb.<\/p>\n<h2>Blason en noir et blanc (version h\u00e9raldique)<\/h2>\n<figure><\/figure>\n<div id=\"attachment_285\" style=\"width: 147px\" class=\"wp-caption aligncenter\"><img loading=\"lazy\" decoding=\"async\" aria-describedby=\"caption-attachment-285\" class=\"wp-image-285\" src=\"http:\/\/lorrylesmetz-histoire.fr\/wp-content\/uploads\/2017\/05\/blason_lorry_noir_et_blanc-273x300.png\" alt=\"\" width=\"137\" height=\"150\" srcset=\"http:\/\/lorrylesmetz-histoire.fr\/wp-content\/uploads\/2017\/05\/blason_lorry_noir_et_blanc-273x300.png 273w, http:\/\/lorrylesmetz-histoire.fr\/wp-content\/uploads\/2017\/05\/blason_lorry_noir_et_blanc-100x110.png 100w, http:\/\/lorrylesmetz-histoire.fr\/wp-content\/uploads\/2017\/05\/blason_lorry_noir_et_blanc-150x165.png 150w, http:\/\/lorrylesmetz-histoire.fr\/wp-content\/uploads\/2017\/05\/blason_lorry_noir_et_blanc-200x220.png 200w, http:\/\/lorrylesmetz-histoire.fr\/wp-content\/uploads\/2017\/05\/blason_lorry_noir_et_blanc-300x330.png 300w, http:\/\/lorrylesmetz-histoire.fr\/wp-content\/uploads\/2017\/05\/blason_lorry_noir_et_blanc-450x494.png 450w, http:\/\/lorrylesmetz-histoire.fr\/wp-content\/uploads\/2017\/05\/blason_lorry_noir_et_blanc.png 600w\" sizes=\"auto, (max-width: 137px) 100vw, 137px\" \/><p id=\"caption-attachment-285\" class=\"wp-caption-text\">Blason en noir et blanc<\/p><\/div>\n<h2>Blason en niveaux de gris<\/h2>\n<div id=\"attachment_280\" style=\"width: 146px\" class=\"wp-caption aligncenter\"><img loading=\"lazy\" decoding=\"async\" aria-describedby=\"caption-attachment-280\" class=\"wp-image-280\" src=\"http:\/\/lorrylesmetz-histoire.fr\/wp-content\/uploads\/2017\/05\/blason_Lorry_niveau_de_gris-273x300.jpg\" alt=\"\" width=\"136\" height=\"150\" srcset=\"http:\/\/lorrylesmetz-histoire.fr\/wp-content\/uploads\/2017\/05\/blason_Lorry_niveau_de_gris-273x300.jpg 273w, http:\/\/lorrylesmetz-histoire.fr\/wp-content\/uploads\/2017\/05\/blason_Lorry_niveau_de_gris-100x110.jpg 100w, http:\/\/lorrylesmetz-histoire.fr\/wp-content\/uploads\/2017\/05\/blason_Lorry_niveau_de_gris-150x165.jpg 150w, http:\/\/lorrylesmetz-histoire.fr\/wp-content\/uploads\/2017\/05\/blason_Lorry_niveau_de_gris-200x220.jpg 200w, http:\/\/lorrylesmetz-histoire.fr\/wp-content\/uploads\/2017\/05\/blason_Lorry_niveau_de_gris-300x330.jpg 300w, http:\/\/lorrylesmetz-histoire.fr\/wp-content\/uploads\/2017\/05\/blason_Lorry_niveau_de_gris-450x495.jpg 450w, http:\/\/lorrylesmetz-histoire.fr\/wp-content\/uploads\/2017\/05\/blason_Lorry_niveau_de_gris.jpg 600w\" sizes=\"auto, (max-width: 136px) 100vw, 136px\" \/><p id=\"caption-attachment-280\" class=\"wp-caption-text\">Blason en niveaux de gris<\/p><\/div>\n<p>La version en niveaux de gris est une adaptation de la version couleur, pour que les diff\u00e9rences entre les niveaux de gris soient bonnes. C&rsquo;est une vue d&rsquo;artiste, pour une repr\u00e9sentation conforme il faut utiliser la version couleur ou noir et blanc.<\/p>\n<h2>Utilisation<\/h2>\n<p>Les blasons (redessin\u00e9s par G\u00e9rard Kester) sont libres de droit et utilisables sans autorisation.<\/p>\n<p>&nbsp;<\/p>\n<h4>Blason en couleur<\/h4>\n<p><a href=\"http:\/\/lorrylesmetz-histoire.fr\/?media_dl=278\"><img decoding=\"async\" src=\"http:\/\/lorrylesmetz-histoire.fr\/wp-content\/uploads\/2017\/05\/telecharger_pdf.png\" \/><\/a> <a href=\"http:\/\/lorrylesmetz-histoire.fr\/?media_dl=277\"><img decoding=\"async\" src=\"http:\/\/lorrylesmetz-histoire.fr\/wp-content\/uploads\/2017\/05\/telecharger_jpg.png\" \/><\/a>\u00a0<a href=\"http:\/\/lorrylesmetz-histoire.fr\/?media_dl=286\"><img decoding=\"async\" src=\"http:\/\/lorrylesmetz-histoire.fr\/wp-content\/uploads\/2017\/05\/telecharger_svg.png\" \/><\/a><\/p>\n<h4>Blason en noir et blanc<\/h4>\n<p><a href=\"http:\/\/lorrylesmetz-histoire.fr\/?media_dl=284\"><img decoding=\"async\" src=\"http:\/\/lorrylesmetz-histoire.fr\/wp-content\/uploads\/2017\/05\/telecharger_pdf.png\" \/><\/a>\u00a0<a href=\"http:\/\/lorrylesmetz-histoire.fr\/?media_dl=283\"><img decoding=\"async\" src=\"http:\/\/lorrylesmetz-histoire.fr\/wp-content\/uploads\/2017\/05\/telecharger_jpg.png\" \/><\/a>\u00a0<a href=\"http:\/\/lorrylesmetz-histoire.fr\/?media_dl=288\"><img decoding=\"async\" src=\"http:\/\/lorrylesmetz-histoire.fr\/wp-content\/uploads\/2017\/05\/telecharger_svg.png\" \/><\/a><\/p>\n<h4>Blason en niveaux de gris<\/h4>\n<p><a href=\"http:\/\/lorrylesmetz-histoire.fr\/?media_dl=281\"><img decoding=\"async\" src=\"http:\/\/lorrylesmetz-histoire.fr\/wp-content\/uploads\/2017\/05\/telecharger_pdf.png\" \/><\/a>\u00a0 <a href=\"http:\/\/lorrylesmetz-histoire.fr\/?media_dl=280\"><img decoding=\"async\" src=\"http:\/\/lorrylesmetz-histoire.fr\/wp-content\/uploads\/2017\/05\/telecharger_jpg.png\" \/><\/a> <a href=\"http:\/\/lorrylesmetz-histoire.fr\/?media_dl=287\"><img decoding=\"async\" src=\"http:\/\/lorrylesmetz-histoire.fr\/wp-content\/uploads\/2017\/05\/telecharger_svg.png\" \/><\/a><\/p>\n","protected":false},"excerpt":{"rendered":"<p>H\u00e9raldique D&rsquo;argent au laurier de sinople, mouvant de la pointe, fruit\u00e9 de gueules, au chef de m\u00eame charg\u00e9 de trois besants d&rsquo;or, le premier charg\u00e9 d&rsquo;une croix patt\u00e9e de m\u00eame. Commentaires de sinople : de couleur verte symbole de la&hellip; <\/p>\n","protected":false},"author":1,"featured_media":0,"parent":80,"menu_order":0,"comment_status":"closed","ping_status":"closed","template":"","meta":{"_mc_calendar":[],"footnotes":""},"class_list":["post-76","page","type-page","status-publish","hentry"],"_links":{"self":[{"href":"http:\/\/lorrylesmetz-histoire.fr\/index.php?rest_route=\/wp\/v2\/pages\/76","targetHints":{"allow":["GET"]}}],"collection":[{"href":"http:\/\/lorrylesmetz-histoire.fr\/index.php?rest_route=\/wp\/v2\/pages"}],"about":[{"href":"http:\/\/lorrylesmetz-histoire.fr\/index.php?rest_route=\/wp\/v2\/types\/page"}],"author":[{"embeddable":true,"href":"http:\/\/lorrylesmetz-histoire.fr\/index.php?rest_route=\/wp\/v2\/users\/1"}],"replies":[{"embeddable":true,"href":"http:\/\/lorrylesmetz-histoire.fr\/index.php?rest_route=%2Fwp%2Fv2%2Fcomments&post=76"}],"version-history":[{"count":4,"href":"http:\/\/lorrylesmetz-histoire.fr\/index.php?rest_route=\/wp\/v2\/pages\/76\/revisions"}],"predecessor-version":[{"id":8616,"href":"http:\/\/lorrylesmetz-histoire.fr\/index.php?rest_route=\/wp\/v2\/pages\/76\/revisions\/8616"}],"up":[{"embeddable":true,"href":"http:\/\/lorrylesmetz-histoire.fr\/index.php?rest_route=\/wp\/v2\/pages\/80"}],"wp:attachment":[{"href":"http:\/\/lorrylesmetz-histoire.fr\/index.php?rest_route=%2Fwp%2Fv2%2Fmedia&parent=76"}],"curies":[{"name":"wp","href":"https:\/\/api.w.org\/{rel}","templated":true}]}}