{"id":7649,"date":"2024-05-02T10:49:23","date_gmt":"2024-05-02T08:49:23","guid":{"rendered":"http:\/\/lorrylesmetz-histoire.fr\/?page_id=7649"},"modified":"2025-03-21T09:52:04","modified_gmt":"2025-03-21T08:52:04","slug":"2024-2","status":"publish","type":"page","link":"http:\/\/lorrylesmetz-histoire.fr\/?page_id=7649","title":{"rendered":"2024"},"content":{"rendered":"<table style=\"width: 100%;\">\n<tbody>\n<tr>\n<td style=\"width: 19.0713%;\">10 novembre<\/td>\n<td style=\"width: 60.0332%;\">Conf\u00e9rence Les aum\u00f4niers militaires dans la garnison de Metz de 1802 \u00e0 1870<\/td>\n<td style=\"width: 20.5638%;\"><a href=\"http:\/\/lorrylesmetz-histoire.fr\/?page_id=8123\"><img loading=\"lazy\" decoding=\"async\" class=\"alignnone wp-image-683 size-full\" src=\"http:\/\/lorrylesmetz-histoire.fr\/wp-content\/uploads\/2017\/05\/voir.png?_t=1733148070\" alt=\"\" width=\"89\" height=\"31\" \/><\/a><\/td>\n<\/tr>\n<tr>\n<td style=\"width: 19.0713%;\">27 septembre<\/td>\n<td style=\"width: 60.0332%;\">Colloque La lib\u00e9ration de Lorry-l\u00e8s-Metz et du Pays messin<\/td>\n<td style=\"width: 20.5638%;\"><a href=\"http:\/\/lorrylesmetz-histoire.fr\/?page_id=8600\"><img loading=\"lazy\" decoding=\"async\" class=\"alignnone size-full wp-image-683\" src=\"http:\/\/lorrylesmetz-histoire.fr\/wp-content\/uploads\/2017\/05\/voir.png\" alt=\"\" width=\"89\" height=\"31\" \/><\/a><\/td>\n<\/tr>\n<tr>\n<td style=\"width: 19.0713%;\">24 juin<\/td>\n<td style=\"width: 60.0332%;\">Visite du fort de Guentrange<\/td>\n<td style=\"width: 20.5638%;\"><a href=\"http:\/\/lorrylesmetz-histoire.fr\/?page_id=8502\"><img loading=\"lazy\" decoding=\"async\" class=\"alignnone size-full wp-image-683\" src=\"http:\/\/lorrylesmetz-histoire.fr\/wp-content\/uploads\/2017\/05\/voir.png\" alt=\"\" width=\"89\" height=\"31\" \/><\/a><\/td>\n<\/tr>\n<tr>\n<td style=\"width: 19.0713%;\">31 mai<\/td>\n<td style=\"width: 60.0332%;\">Conf\u00e9rence Fernand Traver<\/td>\n<td style=\"width: 20.5638%;\"><a href=\"http:\/\/lorrylesmetz-histoire.fr\/?page_id=8014\"><img loading=\"lazy\" decoding=\"async\" class=\"alignnone size-full wp-image-683\" src=\"http:\/\/lorrylesmetz-histoire.fr\/wp-content\/uploads\/2017\/05\/voir.png\" alt=\"\" width=\"89\" height=\"31\" \/><\/a><\/td>\n<\/tr>\n<tr>\n<td style=\"width: 19.0713%;\">24 mai<\/td>\n<td style=\"width: 60.0332%;\">Visite du Mus\u00e9e au fil du papier<\/td>\n<td style=\"width: 20.5638%;\"><a href=\"http:\/\/lorrylesmetz-histoire.fr\/?page_id=7963\"><img loading=\"lazy\" decoding=\"async\" class=\"alignnone size-full wp-image-683\" src=\"http:\/\/lorrylesmetz-histoire.fr\/wp-content\/uploads\/2017\/05\/voir.png\" alt=\"\" width=\"89\" height=\"31\" \/><\/a><\/td>\n<\/tr>\n<tr>\n<td style=\"width: 19.0713%;\">23 avril<\/td>\n<td style=\"width: 60.0332%;\">Visite du plan relief<\/td>\n<td style=\"width: 20.5638%;\"><a href=\"http:\/\/lorrylesmetz-histoire.fr\/?page_id=7798\"><img loading=\"lazy\" decoding=\"async\" class=\"alignnone wp-image-683 size-full\" src=\"http:\/\/lorrylesmetz-histoire.fr\/wp-content\/uploads\/2017\/05\/voir.png?_t=1714806464\" alt=\"\" width=\"89\" height=\"31\" \/><\/a><\/td>\n<\/tr>\n<tr>\n<td style=\"width: 19.0713%;\">15 mars<\/td>\n<td style=\"width: 60.0332%;\">Assembl\u00e9e g\u00e9n\u00e9rale et conf\u00e9rence<\/td>\n<td style=\"width: 20.5638%;\"><a href=\"http:\/\/lorrylesmetz-histoire.fr\/?page_id=6696\"><img loading=\"lazy\" decoding=\"async\" class=\"alignnone size-full wp-image-683\" src=\"http:\/\/lorrylesmetz-histoire.fr\/wp-content\/uploads\/2017\/05\/voir.png\" alt=\"\" width=\"89\" height=\"31\" \/><\/a><\/td>\n<\/tr>\n<\/tbody>\n<\/table>\n<p><a href=\"http:\/\/lorrylesmetz-histoire.fr\/?page_id=60\"><img loading=\"lazy\" decoding=\"async\" class=\"alignnone wp-image-378 size-full\" src=\"http:\/\/lorrylesmetz-histoire.fr\/wp-content\/uploads\/2017\/05\/retour.png?_t=1648017499\" alt=\"\" width=\"89\" height=\"31\" \/><\/a><\/p>\n","protected":false},"excerpt":{"rendered":"<p>10 novembre Conf\u00e9rence Les aum\u00f4niers militaires dans la garnison de Metz de 1802 \u00e0 1870 27 septembre Colloque La lib\u00e9ration de Lorry-l\u00e8s-Metz et du Pays messin 24 juin Visite du fort de Guentrange 31 mai Conf\u00e9rence Fernand Traver 24 mai&hellip; <\/p>\n","protected":false},"author":1,"featured_media":0,"parent":60,"menu_order":2,"comment_status":"closed","ping_status":"closed","template":"","meta":{"_mc_calendar":[],"footnotes":""},"class_list":["post-7649","page","type-page","status-publish","hentry"],"_links":{"self":[{"href":"http:\/\/lorrylesmetz-histoire.fr\/index.php?rest_route=\/wp\/v2\/pages\/7649","targetHints":{"allow":["GET"]}}],"collection":[{"href":"http:\/\/lorrylesmetz-histoire.fr\/index.php?rest_route=\/wp\/v2\/pages"}],"about":[{"href":"http:\/\/lorrylesmetz-histoire.fr\/index.php?rest_route=\/wp\/v2\/types\/page"}],"author":[{"embeddable":true,"href":"http:\/\/lorrylesmetz-histoire.fr\/index.php?rest_route=\/wp\/v2\/users\/1"}],"replies":[{"embeddable":true,"href":"http:\/\/lorrylesmetz-histoire.fr\/index.php?rest_route=%2Fwp%2Fv2%2Fcomments&post=7649"}],"version-history":[{"count":10,"href":"http:\/\/lorrylesmetz-histoire.fr\/index.php?rest_route=\/wp\/v2\/pages\/7649\/revisions"}],"predecessor-version":[{"id":8733,"href":"http:\/\/lorrylesmetz-histoire.fr\/index.php?rest_route=\/wp\/v2\/pages\/7649\/revisions\/8733"}],"up":[{"embeddable":true,"href":"http:\/\/lorrylesmetz-histoire.fr\/index.php?rest_route=\/wp\/v2\/pages\/60"}],"wp:attachment":[{"href":"http:\/\/lorrylesmetz-histoire.fr\/index.php?rest_route=%2Fwp%2Fv2%2Fmedia&parent=7649"}],"curies":[{"name":"wp","href":"https:\/\/api.w.org\/{rel}","templated":true}]}}