{"id":7844,"date":"2024-05-04T09:31:25","date_gmt":"2024-05-04T07:31:25","guid":{"rendered":"http:\/\/lorrylesmetz-histoire.fr\/?page_id=7844"},"modified":"2024-05-04T09:37:37","modified_gmt":"2024-05-04T07:37:37","slug":"inauguration-du-nouveau-giratoire","status":"publish","type":"page","link":"http:\/\/lorrylesmetz-histoire.fr\/?page_id=7844","title":{"rendered":"Inauguration du nouveau giratoire"},"content":{"rendered":"<h2>26 mars 2024<\/h2>\n<p>Lorry-l\u00e8s-Metz \u00ab au fil du temps \u00bb avait \u00e9t\u00e9 invit\u00e9 par l\u2019Eurom\u00e9tropole de Metz \u00e0 l\u2019inauguration du giratoire de la Croix-de-Lorry. Il aura fallu trois maires, Marie-H\u00e9l\u00e8ne Matthieu, Jean-Yves Le Ber et Philippe Gleser ayant \u0153uvr\u00e9 sur le projet, pour voir la r\u00e9alisation du giratoire du bas du village.<\/p>\n<p>Fran\u00e7ois Grosdidier, maire de Metz et pr\u00e9sident de l&rsquo;Eurom\u00e9tropole, entour\u00e9 d\u2019\u00e9diles de cit\u00e9s voisines et de personnalit\u00e9s, a coup\u00e9 le ruban en fin d\u2019apr\u00e8s-midi.<\/p>\n<p>La d\u00e9coration de ce rond-point est de conception originale, au pied d\u2019un arbre \u00e0 la silhouette extr\u00eame-orientale, court une rivi\u00e8re de verre endigu\u00e9e de rochers. Avec le temps, des arbustes et des plantes verdiront la platebande\u00a0; pour le rendu final, attendons les jours soleilleux avec impatience\u2026<\/p>\n<p>Pour parachever le d\u00e9cor du carrefour, de part et d\u2019autre du giratoire, et rappeler les origines du village \u2013\u00a0Lorry-l\u00e8s-Metz, terre de vignerons (Le Bulletin no 26)\u00a0\u2013 un pressoir a \u00e9t\u00e9 implant\u00e9, accompagn\u00e9 de ruches (plusieurs apiculteurs dans la commune). Un vieux soc de charrue \u00e9voque le dur labeur des paysans.<\/p>\n<div id=\"metaslider-id-7807\" style=\"width: 100%; margin: 0 auto;\" class=\"ml-slider-3-108-0 metaslider metaslider-responsive metaslider-7807 ml-slider has-dots-nav ms-theme-default\" role=\"region\" aria-label=\"Inauguration giratoire\" data-height=\"600\" data-width=\"800\">\n    <div id=\"metaslider_container_7807\">\n        <ul id='metaslider_7807' class='rslides'>\n            <li aria-roledescription='slide' aria-labelledby='slide-0'><a href=\"http:\/\/lorrylesmetz-histoire.fr\/wp-content\/uploads\/2024\/05\/G01.jpg\" target=\"_blank\"><img loading=\"lazy\" decoding=\"async\" src=\"http:\/\/lorrylesmetz-histoire.fr\/wp-content\/uploads\/2024\/05\/G01-800x600.jpg\" height=\"600\" width=\"800\" alt=\"\" class=\"slider-7807 slide-7826 msDefaultImage\" title=\"G01\" \/><\/a><\/li>\n            <li style='display: none;' aria-roledescription='slide' aria-labelledby='slide-1'><a href=\"http:\/\/lorrylesmetz-histoire.fr\/wp-content\/uploads\/2024\/05\/G02.jpg\" target=\"_blank\"><img loading=\"lazy\" decoding=\"async\" src=\"http:\/\/lorrylesmetz-histoire.fr\/wp-content\/uploads\/2024\/05\/G02-800x600.jpg\" height=\"600\" width=\"800\" alt=\"\" class=\"slider-7807 slide-7827 msDefaultImage\" title=\"G02\" \/><\/a><\/li>\n            <li style='display: none;' aria-roledescription='slide' aria-labelledby='slide-2'><a href=\"http:\/\/lorrylesmetz-histoire.fr\/wp-content\/uploads\/2024\/05\/G03.jpg\" target=\"_blank\"><img loading=\"lazy\" decoding=\"async\" src=\"http:\/\/lorrylesmetz-histoire.fr\/wp-content\/uploads\/2024\/05\/G03-800x600.jpg\" height=\"600\" width=\"800\" alt=\"\" class=\"slider-7807 slide-7828 msDefaultImage\" title=\"G03\" \/><\/a><\/li>\n            <li style='display: none;' aria-roledescription='slide' aria-labelledby='slide-3'><a href=\"http:\/\/lorrylesmetz-histoire.fr\/wp-content\/uploads\/2024\/05\/G04.jpg\" target=\"_blank\"><img loading=\"lazy\" decoding=\"async\" src=\"http:\/\/lorrylesmetz-histoire.fr\/wp-content\/uploads\/2024\/05\/G04-800x600.jpg\" height=\"600\" width=\"800\" alt=\"\" class=\"slider-7807 slide-7829 msDefaultImage\" title=\"G04\" \/><\/a><\/li>\n            <li style='display: none;' aria-roledescription='slide' aria-labelledby='slide-4'><a href=\"http:\/\/lorrylesmetz-histoire.fr\/wp-content\/uploads\/2024\/05\/G05.jpg\" target=\"_blank\"><img loading=\"lazy\" decoding=\"async\" src=\"http:\/\/lorrylesmetz-histoire.fr\/wp-content\/uploads\/2024\/05\/G05-800x600.jpg\" height=\"600\" width=\"800\" alt=\"\" class=\"slider-7807 slide-7830 msDefaultImage\" title=\"G05\" \/><\/a><\/li>\n            <li style='display: none;' aria-roledescription='slide' aria-labelledby='slide-5'><a href=\"http:\/\/lorrylesmetz-histoire.fr\/wp-content\/uploads\/2024\/05\/G06.jpg\" target=\"_blank\"><img loading=\"lazy\" decoding=\"async\" src=\"http:\/\/lorrylesmetz-histoire.fr\/wp-content\/uploads\/2024\/05\/G06-800x600.jpg\" height=\"600\" width=\"800\" alt=\"\" class=\"slider-7807 slide-7831 msDefaultImage\" title=\"G06\" \/><\/a><\/li>\n            <li style='display: none;' aria-roledescription='slide' aria-labelledby='slide-6'><a href=\"http:\/\/lorrylesmetz-histoire.fr\/wp-content\/uploads\/2024\/05\/G07.jpg\" target=\"_blank\"><img loading=\"lazy\" decoding=\"async\" src=\"http:\/\/lorrylesmetz-histoire.fr\/wp-content\/uploads\/2024\/05\/G07-800x600.jpg\" height=\"600\" width=\"800\" alt=\"\" class=\"slider-7807 slide-7832 msDefaultImage\" title=\"G07\" \/><\/a><\/li>\n            <li style='display: none;' aria-roledescription='slide' aria-labelledby='slide-7'><a href=\"http:\/\/lorrylesmetz-histoire.fr\/wp-content\/uploads\/2024\/05\/G08.jpg\" target=\"_blank\"><img loading=\"lazy\" decoding=\"async\" src=\"http:\/\/lorrylesmetz-histoire.fr\/wp-content\/uploads\/2024\/05\/G08-800x600.jpg\" height=\"600\" width=\"800\" alt=\"\" class=\"slider-7807 slide-7833 msDefaultImage\" title=\"G08\" \/><\/a><\/li>\n            <li style='display: none;' aria-roledescription='slide' aria-labelledby='slide-8'><a href=\"http:\/\/lorrylesmetz-histoire.fr\/wp-content\/uploads\/2024\/05\/G09.jpg\" target=\"_blank\"><img loading=\"lazy\" decoding=\"async\" src=\"http:\/\/lorrylesmetz-histoire.fr\/wp-content\/uploads\/2024\/05\/G09-800x600.jpg\" height=\"600\" width=\"800\" alt=\"\" class=\"slider-7807 slide-7834 msDefaultImage\" title=\"G09\" \/><\/a><\/li>\n            <li style='display: none;' aria-roledescription='slide' aria-labelledby='slide-9'><a href=\"http:\/\/lorrylesmetz-histoire.fr\/wp-content\/uploads\/2024\/05\/G10.jpg\" target=\"_blank\"><img loading=\"lazy\" decoding=\"async\" src=\"http:\/\/lorrylesmetz-histoire.fr\/wp-content\/uploads\/2024\/05\/G10-800x600.jpg\" height=\"600\" width=\"800\" alt=\"\" class=\"slider-7807 slide-7835 msDefaultImage\" title=\"G10\" \/><\/a><\/li>\n            <li style='display: none;' aria-roledescription='slide' aria-labelledby='slide-10'><a href=\"http:\/\/lorrylesmetz-histoire.fr\/wp-content\/uploads\/2024\/05\/G11.jpg\" target=\"_blank\"><img loading=\"lazy\" decoding=\"async\" src=\"http:\/\/lorrylesmetz-histoire.fr\/wp-content\/uploads\/2024\/05\/G11-800x600.jpg\" height=\"600\" width=\"800\" alt=\"\" class=\"slider-7807 slide-7836 msDefaultImage\" title=\"G11\" \/><\/a><\/li>\n            <li style='display: none;' aria-roledescription='slide' aria-labelledby='slide-11'><a href=\"http:\/\/lorrylesmetz-histoire.fr\/wp-content\/uploads\/2024\/05\/G12.jpg\" target=\"_blank\"><img loading=\"lazy\" decoding=\"async\" src=\"http:\/\/lorrylesmetz-histoire.fr\/wp-content\/uploads\/2024\/05\/G12-800x600.jpg\" height=\"600\" width=\"800\" alt=\"\" class=\"slider-7807 slide-7837 msDefaultImage\" title=\"G12\" \/><\/a><\/li>\n            <li style='display: none;' aria-roledescription='slide' aria-labelledby='slide-12'><a href=\"http:\/\/lorrylesmetz-histoire.fr\/wp-content\/uploads\/2024\/05\/G13.jpg\" target=\"_blank\"><img loading=\"lazy\" decoding=\"async\" src=\"http:\/\/lorrylesmetz-histoire.fr\/wp-content\/uploads\/2024\/05\/G13-800x600.jpg\" height=\"600\" width=\"800\" alt=\"\" class=\"slider-7807 slide-7838 msDefaultImage\" title=\"G13\" \/><\/a><\/li>\n            <li style='display: none;' aria-roledescription='slide' aria-labelledby='slide-13'><a href=\"http:\/\/lorrylesmetz-histoire.fr\/wp-content\/uploads\/2024\/05\/G14.jpg\" target=\"_blank\"><img loading=\"lazy\" decoding=\"async\" src=\"http:\/\/lorrylesmetz-histoire.fr\/wp-content\/uploads\/2024\/05\/G14-800x600.jpg\" height=\"600\" width=\"800\" alt=\"\" class=\"slider-7807 slide-7839 msDefaultImage\" title=\"G14\" \/><\/a><\/li>\n            <li style='display: none;' aria-roledescription='slide' aria-labelledby='slide-14'><a href=\"http:\/\/lorrylesmetz-histoire.fr\/wp-content\/uploads\/2024\/05\/G15.jpg\" target=\"_blank\"><img loading=\"lazy\" decoding=\"async\" src=\"http:\/\/lorrylesmetz-histoire.fr\/wp-content\/uploads\/2024\/05\/G15-800x600.jpg\" height=\"600\" width=\"800\" alt=\"\" class=\"slider-7807 slide-7840 msDefaultImage\" title=\"G15\" \/><\/a><\/li>\n            <li style='display: none;' aria-roledescription='slide' aria-labelledby='slide-15'><a href=\"http:\/\/lorrylesmetz-histoire.fr\/wp-content\/uploads\/2024\/05\/G16.jpg\" target=\"_blank\"><img loading=\"lazy\" decoding=\"async\" src=\"http:\/\/lorrylesmetz-histoire.fr\/wp-content\/uploads\/2024\/05\/G16-800x600.jpg\" height=\"600\" width=\"800\" alt=\"\" class=\"slider-7807 slide-7841 msDefaultImage\" title=\"G16\" \/><\/a><\/li>\n            <li style='display: none;' aria-roledescription='slide' aria-labelledby='slide-16'><a href=\"http:\/\/lorrylesmetz-histoire.fr\/wp-content\/uploads\/2024\/05\/G17.jpg\" target=\"_blank\"><img loading=\"lazy\" decoding=\"async\" src=\"http:\/\/lorrylesmetz-histoire.fr\/wp-content\/uploads\/2024\/05\/G17-800x600.jpg\" height=\"600\" width=\"800\" alt=\"\" class=\"slider-7807 slide-7842 msDefaultImage\" title=\"G17\" \/><\/a><\/li>\n            <li style='display: none;' aria-roledescription='slide' aria-labelledby='slide-17'><a href=\"http:\/\/lorrylesmetz-histoire.fr\/wp-content\/uploads\/2024\/05\/G18.jpg\" target=\"_blank\"><img loading=\"lazy\" decoding=\"async\" src=\"http:\/\/lorrylesmetz-histoire.fr\/wp-content\/uploads\/2024\/05\/G18-800x600.jpg\" height=\"600\" width=\"800\" alt=\"\" class=\"slider-7807 slide-7843 msDefaultImage\" title=\"G18\" \/><\/a><\/li>\n        <\/ul>\n        \n    <\/div>\n<\/div>\n<p><a href=\"http:\/\/lorrylesmetz-histoire.fr\/?page_id=7846&amp;preview=true\" target=\"_blank\" rel=\"noopener\"><img loading=\"lazy\" decoding=\"async\" class=\"alignnone size-full wp-image-378\" src=\"http:\/\/lorrylesmetz-histoire.fr\/wp-content\/uploads\/2017\/05\/retour.png\" alt=\"\" width=\"89\" height=\"31\" \/><\/a><\/p>\n","protected":false},"excerpt":{"rendered":"<p>26 mars 2024 Lorry-l\u00e8s-Metz \u00ab au fil du temps \u00bb avait \u00e9t\u00e9 invit\u00e9 par l\u2019Eurom\u00e9tropole de Metz \u00e0 l\u2019inauguration du giratoire de la Croix-de-Lorry. Il aura fallu trois maires, Marie-H\u00e9l\u00e8ne Matthieu, Jean-Yves Le Ber et Philippe Gleser ayant \u0153uvr\u00e9 sur&hellip; <\/p>\n","protected":false},"author":1,"featured_media":0,"parent":7846,"menu_order":6,"comment_status":"closed","ping_status":"closed","template":"","meta":{"_mc_calendar":[],"footnotes":""},"class_list":["post-7844","page","type-page","status-publish","hentry"],"_links":{"self":[{"href":"http:\/\/lorrylesmetz-histoire.fr\/index.php?rest_route=\/wp\/v2\/pages\/7844","targetHints":{"allow":["GET"]}}],"collection":[{"href":"http:\/\/lorrylesmetz-histoire.fr\/index.php?rest_route=\/wp\/v2\/pages"}],"about":[{"href":"http:\/\/lorrylesmetz-histoire.fr\/index.php?rest_route=\/wp\/v2\/types\/page"}],"author":[{"embeddable":true,"href":"http:\/\/lorrylesmetz-histoire.fr\/index.php?rest_route=\/wp\/v2\/users\/1"}],"replies":[{"embeddable":true,"href":"http:\/\/lorrylesmetz-histoire.fr\/index.php?rest_route=%2Fwp%2Fv2%2Fcomments&post=7844"}],"version-history":[{"count":4,"href":"http:\/\/lorrylesmetz-histoire.fr\/index.php?rest_route=\/wp\/v2\/pages\/7844\/revisions"}],"predecessor-version":[{"id":7850,"href":"http:\/\/lorrylesmetz-histoire.fr\/index.php?rest_route=\/wp\/v2\/pages\/7844\/revisions\/7850"}],"up":[{"embeddable":true,"href":"http:\/\/lorrylesmetz-histoire.fr\/index.php?rest_route=\/wp\/v2\/pages\/7846"}],"wp:attachment":[{"href":"http:\/\/lorrylesmetz-histoire.fr\/index.php?rest_route=%2Fwp%2Fv2%2Fmedia&parent=7844"}],"curies":[{"name":"wp","href":"https:\/\/api.w.org\/{rel}","templated":true}]}}