{"id":7963,"date":"2024-05-30T11:51:59","date_gmt":"2024-05-30T09:51:59","guid":{"rendered":"http:\/\/lorrylesmetz-histoire.fr\/?page_id=7963"},"modified":"2024-11-04T11:52:32","modified_gmt":"2024-11-04T10:52:32","slug":"musee-au-fil-du-papier","status":"publish","type":"page","link":"http:\/\/lorrylesmetz-histoire.fr\/?page_id=7963","title":{"rendered":"Mus\u00e9e au fil du papier"},"content":{"rendered":"<h2>25\u00a0mai\u00a02024<\/h2>\n<p>Vendredi\u00a024\u00a0mai, Lorry-l\u00e8s-Metz \u00ab\u00a0au fil du temps\u00a0\u00bb a visit\u00e9 le Mus\u00e9e au fil du papier, h\u00e9berg\u00e9 par le Mus\u00e9e de la ville de Pont-\u00e0-Mousson. Le guide s\u2019est trouv\u00e9 \u00eatre le conservateur des collections, un \u00e9rudit passionn\u00e9. Il a pr\u00e9sent\u00e9 l\u2019art du papier m\u00e2ch\u00e9, utilis\u00e9 au Second Empire pour r\u00e9aliser \u00ab\u00a0de fa\u00e7on industrielle\u00a0\u00bb (car ils sont moul\u00e9s et press\u00e9s) des meubles et des petits objets du quotidien\u00a0: tabati\u00e8re, plumier, coupelle, gu\u00e9ridon. Majoritairement noirs, les meubles (dont l\u2019ossature est en bois) sont finement peints et d\u00e9cor\u00e9s de marqueterie de nacre ou de d\u00e9calcomanies, arborant le th\u00e8me \u00ab\u00a0chinoiserie\u00a0\u00bb \u00e0 la mode \u00e0 cette \u00e9poque-l\u00e0. L\u2019usine allemande de la famille Adt, install\u00e9e ensuite \u00e0 Forbach, a produit ces objets sur plusieurs g\u00e9n\u00e9rations de directeurs. Une salle reproduit une chambre \u00e0 coucher d\u2019origine russe o\u00f9 tr\u00f4ne un miroir ovale d\u00e9mesur\u00e9. Une pi\u00e8ce est consacr\u00e9e \u00e0 l\u2019histoire de la fonderie de Pont-\u00e0-Mousson. Visite passionnante que l\u2019on recommande vivement.<\/p>\n<div id=\"metaslider-id-7928\" style=\"width: 100%;\" class=\"ml-slider-3-108-0 metaslider metaslider-flex metaslider-7928 ml-slider has-dots-nav ms-theme-default\" role=\"region\" aria-label=\"Mus\u00e9e papier\" data-height=\"600\" data-width=\"800\">\n    <div id=\"metaslider_container_7928\">\n        <div id=\"metaslider_7928\">\n            <ul class='slides'>\n                <li style=\"display: block; width: 100%;\" class=\"slide-7929 ms-image \" aria-roledescription=\"slide\" data-date=\"2024-11-04 11:09:27\" data-filename=\"A01-800x600.jpg\" data-slide-type=\"image\"><a href=\"http:\/\/lorrylesmetz-histoire.fr\/wp-content\/uploads\/2024\/11\/A01.jpg\" target=\"_blank\" aria-label=\"Voir les d\u00e9tails de la diapositive\" class=\"metaslider_image_link\"><img loading=\"lazy\" decoding=\"async\" src=\"http:\/\/lorrylesmetz-histoire.fr\/wp-content\/uploads\/2024\/11\/A01-800x600.jpg\" height=\"600\" width=\"800\" alt=\"\" class=\"slider-7928 slide-7929 msDefaultImage\" title=\"A01\" \/><\/a><\/li>\n                <li style=\"display: none; width: 100%;\" class=\"slide-7930 ms-image \" aria-roledescription=\"slide\" data-date=\"2024-11-04 11:09:28\" data-filename=\"A02-544x408.jpg\" data-slide-type=\"image\"><a href=\"http:\/\/lorrylesmetz-histoire.fr\/wp-content\/uploads\/2024\/11\/A02.jpg\" target=\"_blank\" aria-label=\"Voir les d\u00e9tails de la diapositive\" class=\"metaslider_image_link\"><img loading=\"lazy\" decoding=\"async\" src=\"http:\/\/lorrylesmetz-histoire.fr\/wp-content\/uploads\/2024\/11\/A02-544x408.jpg\" height=\"600\" width=\"800\" alt=\"\" class=\"slider-7928 slide-7930 msDefaultImage\" title=\"A02\" \/><\/a><\/li>\n                <li style=\"display: none; width: 100%;\" class=\"slide-7931 ms-image \" aria-roledescription=\"slide\" data-date=\"2024-11-04 11:09:28\" data-filename=\"A03-800x600.jpg\" data-slide-type=\"image\"><a href=\"http:\/\/lorrylesmetz-histoire.fr\/wp-content\/uploads\/2024\/11\/A03.jpg\" target=\"_blank\" aria-label=\"Voir les d\u00e9tails de la diapositive\" class=\"metaslider_image_link\"><img loading=\"lazy\" decoding=\"async\" src=\"http:\/\/lorrylesmetz-histoire.fr\/wp-content\/uploads\/2024\/11\/A03-800x600.jpg\" height=\"600\" width=\"800\" alt=\"\" class=\"slider-7928 slide-7931 msDefaultImage\" title=\"A03\" \/><\/a><\/li>\n                <li style=\"display: none; width: 100%;\" class=\"slide-7932 ms-image \" aria-roledescription=\"slide\" data-date=\"2024-11-04 11:09:28\" data-filename=\"A04-576x432.jpg\" data-slide-type=\"image\"><a href=\"http:\/\/lorrylesmetz-histoire.fr\/wp-content\/uploads\/2024\/11\/A04.jpg\" target=\"_blank\" aria-label=\"Voir les d\u00e9tails de la diapositive\" class=\"metaslider_image_link\"><img loading=\"lazy\" decoding=\"async\" src=\"http:\/\/lorrylesmetz-histoire.fr\/wp-content\/uploads\/2024\/11\/A04-576x432.jpg\" height=\"600\" width=\"800\" alt=\"\" class=\"slider-7928 slide-7932 msDefaultImage\" title=\"A04\" \/><\/a><\/li>\n                <li style=\"display: none; width: 100%;\" class=\"slide-7933 ms-image \" aria-roledescription=\"slide\" data-date=\"2024-11-04 11:09:28\" data-filename=\"A05-510x382.jpg\" data-slide-type=\"image\"><a href=\"http:\/\/lorrylesmetz-histoire.fr\/wp-content\/uploads\/2024\/11\/A05.jpg\" target=\"_blank\" aria-label=\"Voir les d\u00e9tails de la diapositive\" class=\"metaslider_image_link\"><img loading=\"lazy\" decoding=\"async\" src=\"http:\/\/lorrylesmetz-histoire.fr\/wp-content\/uploads\/2024\/11\/A05-510x382.jpg\" height=\"600\" width=\"800\" alt=\"\" class=\"slider-7928 slide-7933 msDefaultImage\" title=\"A05\" \/><\/a><\/li>\n                <li style=\"display: none; width: 100%;\" class=\"slide-7934 ms-image \" aria-roledescription=\"slide\" data-date=\"2024-11-04 11:09:29\" data-filename=\"A06-800x600.jpg\" data-slide-type=\"image\"><a href=\"http:\/\/lorrylesmetz-histoire.fr\/wp-content\/uploads\/2024\/11\/A06.jpg\" target=\"_blank\" aria-label=\"Voir les d\u00e9tails de la diapositive\" class=\"metaslider_image_link\"><img loading=\"lazy\" decoding=\"async\" src=\"http:\/\/lorrylesmetz-histoire.fr\/wp-content\/uploads\/2024\/11\/A06-800x600.jpg\" height=\"600\" width=\"800\" alt=\"\" class=\"slider-7928 slide-7934 msDefaultImage\" title=\"A06\" \/><\/a><\/li>\n                <li style=\"display: none; width: 100%;\" class=\"slide-7935 ms-image \" aria-roledescription=\"slide\" data-date=\"2024-11-04 11:09:29\" data-filename=\"A07-800x600.jpg\" data-slide-type=\"image\"><a href=\"http:\/\/lorrylesmetz-histoire.fr\/wp-content\/uploads\/2024\/11\/A07.jpg\" target=\"_blank\" aria-label=\"Voir les d\u00e9tails de la diapositive\" class=\"metaslider_image_link\"><img loading=\"lazy\" decoding=\"async\" src=\"http:\/\/lorrylesmetz-histoire.fr\/wp-content\/uploads\/2024\/11\/A07-800x600.jpg\" height=\"600\" width=\"800\" alt=\"\" class=\"slider-7928 slide-7935 msDefaultImage\" title=\"A07\" \/><\/a><\/li>\n                <li style=\"display: none; width: 100%;\" class=\"slide-7936 ms-image \" aria-roledescription=\"slide\" data-date=\"2024-11-04 11:09:30\" data-filename=\"A08-800x600.jpg\" data-slide-type=\"image\"><a href=\"http:\/\/lorrylesmetz-histoire.fr\/wp-content\/uploads\/2024\/11\/A08.jpg\" target=\"_blank\" aria-label=\"Voir les d\u00e9tails de la diapositive\" class=\"metaslider_image_link\"><img loading=\"lazy\" decoding=\"async\" src=\"http:\/\/lorrylesmetz-histoire.fr\/wp-content\/uploads\/2024\/11\/A08-800x600.jpg\" height=\"600\" width=\"800\" alt=\"\" class=\"slider-7928 slide-7936 msDefaultImage\" title=\"A08\" \/><\/a><\/li>\n                <li style=\"display: none; width: 100%;\" class=\"slide-7937 ms-image \" aria-roledescription=\"slide\" data-date=\"2024-11-04 11:09:30\" data-filename=\"A09-800x600.jpg\" data-slide-type=\"image\"><a href=\"http:\/\/lorrylesmetz-histoire.fr\/wp-content\/uploads\/2024\/11\/A09.jpg\" target=\"_blank\" aria-label=\"Voir les d\u00e9tails de la diapositive\" class=\"metaslider_image_link\"><img loading=\"lazy\" decoding=\"async\" src=\"http:\/\/lorrylesmetz-histoire.fr\/wp-content\/uploads\/2024\/11\/A09-800x600.jpg\" height=\"600\" width=\"800\" alt=\"\" class=\"slider-7928 slide-7937 msDefaultImage\" title=\"A09\" \/><\/a><\/li>\n                <li style=\"display: none; width: 100%;\" class=\"slide-7938 ms-image \" aria-roledescription=\"slide\" data-date=\"2024-11-04 11:09:30\" data-filename=\"A10-468x351.jpg\" data-slide-type=\"image\"><a href=\"http:\/\/lorrylesmetz-histoire.fr\/wp-content\/uploads\/2024\/11\/A10.jpg\" target=\"_blank\" aria-label=\"Voir les d\u00e9tails de la diapositive\" class=\"metaslider_image_link\"><img loading=\"lazy\" decoding=\"async\" src=\"http:\/\/lorrylesmetz-histoire.fr\/wp-content\/uploads\/2024\/11\/A10-468x351.jpg\" height=\"600\" width=\"800\" alt=\"\" class=\"slider-7928 slide-7938 msDefaultImage\" title=\"A10\" \/><\/a><\/li>\n                <li style=\"display: none; width: 100%;\" class=\"slide-7939 ms-image \" aria-roledescription=\"slide\" data-date=\"2024-11-04 11:09:30\" data-filename=\"A11-664x497.jpg\" data-slide-type=\"image\"><a href=\"http:\/\/lorrylesmetz-histoire.fr\/wp-content\/uploads\/2024\/11\/A11.jpg\" target=\"_blank\" aria-label=\"Voir les d\u00e9tails de la diapositive\" class=\"metaslider_image_link\"><img loading=\"lazy\" decoding=\"async\" src=\"http:\/\/lorrylesmetz-histoire.fr\/wp-content\/uploads\/2024\/11\/A11-664x497.jpg\" height=\"600\" width=\"800\" alt=\"\" class=\"slider-7928 slide-7939 msDefaultImage\" title=\"A11\" \/><\/a><\/li>\n                <li style=\"display: none; width: 100%;\" class=\"slide-7940 ms-image \" aria-roledescription=\"slide\" data-date=\"2024-11-04 11:09:30\" data-filename=\"A12-800x600.jpg\" data-slide-type=\"image\"><a href=\"http:\/\/lorrylesmetz-histoire.fr\/wp-content\/uploads\/2024\/11\/A12.jpg\" target=\"_blank\" aria-label=\"Voir les d\u00e9tails de la diapositive\" class=\"metaslider_image_link\"><img loading=\"lazy\" decoding=\"async\" src=\"http:\/\/lorrylesmetz-histoire.fr\/wp-content\/uploads\/2024\/11\/A12-800x600.jpg\" height=\"600\" width=\"800\" alt=\"\" class=\"slider-7928 slide-7940 msDefaultImage\" title=\"A12\" \/><\/a><\/li>\n                <li style=\"display: none; width: 100%;\" class=\"slide-7941 ms-image \" aria-roledescription=\"slide\" data-date=\"2024-11-04 11:09:30\" data-filename=\"A13-724x543.jpg\" data-slide-type=\"image\"><a href=\"http:\/\/lorrylesmetz-histoire.fr\/wp-content\/uploads\/2024\/11\/A13.jpg\" target=\"_blank\" aria-label=\"Voir les d\u00e9tails de la diapositive\" class=\"metaslider_image_link\"><img loading=\"lazy\" decoding=\"async\" src=\"http:\/\/lorrylesmetz-histoire.fr\/wp-content\/uploads\/2024\/11\/A13-724x543.jpg\" height=\"600\" width=\"800\" alt=\"\" class=\"slider-7928 slide-7941 msDefaultImage\" title=\"A13\" \/><\/a><\/li>\n                <li style=\"display: none; width: 100%;\" class=\"slide-7942 ms-image \" aria-roledescription=\"slide\" data-date=\"2024-11-04 11:09:31\" data-filename=\"A14-800x600.jpg\" data-slide-type=\"image\"><a href=\"http:\/\/lorrylesmetz-histoire.fr\/wp-content\/uploads\/2024\/11\/A14.jpg\" target=\"_blank\" aria-label=\"Voir les d\u00e9tails de la diapositive\" class=\"metaslider_image_link\"><img loading=\"lazy\" decoding=\"async\" src=\"http:\/\/lorrylesmetz-histoire.fr\/wp-content\/uploads\/2024\/11\/A14-800x600.jpg\" height=\"600\" width=\"800\" alt=\"\" class=\"slider-7928 slide-7942 msDefaultImage\" title=\"A14\" \/><\/a><\/li>\n                <li style=\"display: none; width: 100%;\" class=\"slide-7943 ms-image \" aria-roledescription=\"slide\" data-date=\"2024-11-04 11:09:31\" data-filename=\"A15-800x600.jpg\" data-slide-type=\"image\"><a href=\"http:\/\/lorrylesmetz-histoire.fr\/wp-content\/uploads\/2024\/11\/A15.jpg\" target=\"_blank\" aria-label=\"Voir les d\u00e9tails de la diapositive\" class=\"metaslider_image_link\"><img loading=\"lazy\" decoding=\"async\" src=\"http:\/\/lorrylesmetz-histoire.fr\/wp-content\/uploads\/2024\/11\/A15-800x600.jpg\" height=\"600\" width=\"800\" alt=\"\" class=\"slider-7928 slide-7943 msDefaultImage\" title=\"A15\" \/><\/a><\/li>\n                <li style=\"display: none; width: 100%;\" class=\"slide-7944 ms-image \" aria-roledescription=\"slide\" data-date=\"2024-11-04 11:09:31\" data-filename=\"A16-664x497.jpg\" data-slide-type=\"image\"><a href=\"http:\/\/lorrylesmetz-histoire.fr\/wp-content\/uploads\/2024\/11\/A16.jpg\" target=\"_blank\" aria-label=\"Voir les d\u00e9tails de la diapositive\" class=\"metaslider_image_link\"><img loading=\"lazy\" decoding=\"async\" src=\"http:\/\/lorrylesmetz-histoire.fr\/wp-content\/uploads\/2024\/11\/A16-664x497.jpg\" height=\"600\" width=\"800\" alt=\"\" class=\"slider-7928 slide-7944 msDefaultImage\" title=\"A16\" \/><\/a><\/li>\n                <li style=\"display: none; width: 100%;\" class=\"slide-7945 ms-image \" aria-roledescription=\"slide\" data-date=\"2024-11-04 11:09:31\" data-filename=\"A17-766x574.jpg\" data-slide-type=\"image\"><a href=\"http:\/\/lorrylesmetz-histoire.fr\/wp-content\/uploads\/2024\/11\/A17.jpg\" target=\"_blank\" aria-label=\"Voir les d\u00e9tails de la diapositive\" class=\"metaslider_image_link\"><img loading=\"lazy\" decoding=\"async\" src=\"http:\/\/lorrylesmetz-histoire.fr\/wp-content\/uploads\/2024\/11\/A17-766x574.jpg\" height=\"600\" width=\"800\" alt=\"\" class=\"slider-7928 slide-7945 msDefaultImage\" title=\"A17\" \/><\/a><\/li>\n                <li style=\"display: none; width: 100%;\" class=\"slide-7946 ms-image \" aria-roledescription=\"slide\" data-date=\"2024-11-04 11:09:31\" data-filename=\"A18-526x394.jpg\" data-slide-type=\"image\"><a href=\"http:\/\/lorrylesmetz-histoire.fr\/wp-content\/uploads\/2024\/11\/A18.jpg\" target=\"_blank\" aria-label=\"Voir les d\u00e9tails de la diapositive\" class=\"metaslider_image_link\"><img loading=\"lazy\" decoding=\"async\" src=\"http:\/\/lorrylesmetz-histoire.fr\/wp-content\/uploads\/2024\/11\/A18-526x394.jpg\" height=\"600\" width=\"800\" alt=\"\" class=\"slider-7928 slide-7946 msDefaultImage\" title=\"A18\" \/><\/a><\/li>\n                <li style=\"display: none; width: 100%;\" class=\"slide-7947 ms-image \" aria-roledescription=\"slide\" data-date=\"2024-11-04 11:09:32\" data-filename=\"A19-800x600.jpg\" data-slide-type=\"image\"><a href=\"http:\/\/lorrylesmetz-histoire.fr\/wp-content\/uploads\/2024\/11\/A19.jpg\" target=\"_blank\" aria-label=\"Voir les d\u00e9tails de la diapositive\" class=\"metaslider_image_link\"><img loading=\"lazy\" decoding=\"async\" src=\"http:\/\/lorrylesmetz-histoire.fr\/wp-content\/uploads\/2024\/11\/A19-800x600.jpg\" height=\"600\" width=\"800\" alt=\"\" class=\"slider-7928 slide-7947 msDefaultImage\" title=\"A19\" \/><\/a><\/li>\n                <li style=\"display: none; width: 100%;\" class=\"slide-7948 ms-image \" aria-roledescription=\"slide\" data-date=\"2024-11-04 11:09:32\" data-filename=\"A20-516x387.jpg\" data-slide-type=\"image\"><a href=\"http:\/\/lorrylesmetz-histoire.fr\/wp-content\/uploads\/2024\/11\/A20.jpg\" target=\"_blank\" aria-label=\"Voir les d\u00e9tails de la diapositive\" class=\"metaslider_image_link\"><img loading=\"lazy\" decoding=\"async\" src=\"http:\/\/lorrylesmetz-histoire.fr\/wp-content\/uploads\/2024\/11\/A20-516x387.jpg\" height=\"600\" width=\"800\" alt=\"\" class=\"slider-7928 slide-7948 msDefaultImage\" title=\"A20\" \/><\/a><\/li>\n                <li style=\"display: none; width: 100%;\" class=\"slide-7949 ms-image \" aria-roledescription=\"slide\" data-date=\"2024-11-04 11:09:32\" data-filename=\"A21-800x600.jpg\" data-slide-type=\"image\"><a href=\"http:\/\/lorrylesmetz-histoire.fr\/wp-content\/uploads\/2024\/11\/A21.jpg\" target=\"_blank\" aria-label=\"Voir les d\u00e9tails de la diapositive\" class=\"metaslider_image_link\"><img loading=\"lazy\" decoding=\"async\" src=\"http:\/\/lorrylesmetz-histoire.fr\/wp-content\/uploads\/2024\/11\/A21-800x600.jpg\" height=\"600\" width=\"800\" alt=\"\" class=\"slider-7928 slide-7949 msDefaultImage\" title=\"A21\" \/><\/a><\/li>\n                <li style=\"display: none; width: 100%;\" class=\"slide-7950 ms-image \" aria-roledescription=\"slide\" data-date=\"2024-11-04 11:09:32\" data-filename=\"A22-512x384.jpg\" data-slide-type=\"image\"><a href=\"http:\/\/lorrylesmetz-histoire.fr\/wp-content\/uploads\/2024\/11\/A22.jpg\" target=\"_blank\" aria-label=\"Voir les d\u00e9tails de la diapositive\" class=\"metaslider_image_link\"><img loading=\"lazy\" decoding=\"async\" src=\"http:\/\/lorrylesmetz-histoire.fr\/wp-content\/uploads\/2024\/11\/A22-512x384.jpg\" height=\"600\" width=\"800\" alt=\"\" class=\"slider-7928 slide-7950 msDefaultImage\" title=\"A22\" \/><\/a><\/li>\n                <li style=\"display: none; width: 100%;\" class=\"slide-7951 ms-image \" aria-roledescription=\"slide\" data-date=\"2024-11-04 11:09:32\" data-filename=\"A23-770x577.jpg\" data-slide-type=\"image\"><a href=\"http:\/\/lorrylesmetz-histoire.fr\/wp-content\/uploads\/2024\/11\/A23.jpg\" target=\"_blank\" aria-label=\"Voir les d\u00e9tails de la diapositive\" class=\"metaslider_image_link\"><img loading=\"lazy\" decoding=\"async\" src=\"http:\/\/lorrylesmetz-histoire.fr\/wp-content\/uploads\/2024\/11\/A23-770x577.jpg\" height=\"600\" width=\"800\" alt=\"\" class=\"slider-7928 slide-7951 msDefaultImage\" title=\"A23\" \/><\/a><\/li>\n                <li style=\"display: none; width: 100%;\" class=\"slide-7952 ms-image \" aria-roledescription=\"slide\" data-date=\"2024-11-04 11:09:32\" data-filename=\"A24-800x600.jpg\" data-slide-type=\"image\"><a href=\"http:\/\/lorrylesmetz-histoire.fr\/wp-content\/uploads\/2024\/11\/A24.jpg\" target=\"_blank\" aria-label=\"Voir les d\u00e9tails de la diapositive\" class=\"metaslider_image_link\"><img loading=\"lazy\" decoding=\"async\" src=\"http:\/\/lorrylesmetz-histoire.fr\/wp-content\/uploads\/2024\/11\/A24-800x600.jpg\" height=\"600\" width=\"800\" alt=\"\" class=\"slider-7928 slide-7952 msDefaultImage\" title=\"A24\" \/><\/a><\/li>\n                <li style=\"display: none; width: 100%;\" class=\"slide-7953 ms-image \" aria-roledescription=\"slide\" data-date=\"2024-11-04 11:09:33\" data-filename=\"A25-800x600.jpg\" data-slide-type=\"image\"><a href=\"http:\/\/lorrylesmetz-histoire.fr\/wp-content\/uploads\/2024\/11\/A25.jpg\" target=\"_blank\" aria-label=\"Voir les d\u00e9tails de la diapositive\" class=\"metaslider_image_link\"><img loading=\"lazy\" decoding=\"async\" src=\"http:\/\/lorrylesmetz-histoire.fr\/wp-content\/uploads\/2024\/11\/A25-800x600.jpg\" height=\"600\" width=\"800\" alt=\"\" class=\"slider-7928 slide-7953 msDefaultImage\" title=\"A25\" \/><\/a><\/li>\n                <li style=\"display: none; width: 100%;\" class=\"slide-7954 ms-image \" aria-roledescription=\"slide\" data-date=\"2024-11-04 11:09:33\" data-filename=\"A26-664x497.jpg\" data-slide-type=\"image\"><a href=\"http:\/\/lorrylesmetz-histoire.fr\/wp-content\/uploads\/2024\/11\/A26.jpg\" target=\"_blank\" aria-label=\"Voir les d\u00e9tails de la diapositive\" class=\"metaslider_image_link\"><img loading=\"lazy\" decoding=\"async\" src=\"http:\/\/lorrylesmetz-histoire.fr\/wp-content\/uploads\/2024\/11\/A26-664x497.jpg\" height=\"600\" width=\"800\" alt=\"\" class=\"slider-7928 slide-7954 msDefaultImage\" title=\"A26\" \/><\/a><\/li>\n                <li style=\"display: none; width: 100%;\" class=\"slide-7955 ms-image \" aria-roledescription=\"slide\" data-date=\"2024-11-04 11:09:33\" data-filename=\"A27-664x497.jpg\" data-slide-type=\"image\"><a href=\"http:\/\/lorrylesmetz-histoire.fr\/wp-content\/uploads\/2024\/11\/A27.jpg\" target=\"_blank\" aria-label=\"Voir les d\u00e9tails de la diapositive\" class=\"metaslider_image_link\"><img loading=\"lazy\" decoding=\"async\" src=\"http:\/\/lorrylesmetz-histoire.fr\/wp-content\/uploads\/2024\/11\/A27-664x497.jpg\" height=\"600\" width=\"800\" alt=\"\" class=\"slider-7928 slide-7955 msDefaultImage\" title=\"A27\" \/><\/a><\/li>\n                <li style=\"display: none; width: 100%;\" class=\"slide-7956 ms-image \" aria-roledescription=\"slide\" data-date=\"2024-11-04 11:09:33\" data-filename=\"A28-426x319.jpg\" data-slide-type=\"image\"><a href=\"http:\/\/lorrylesmetz-histoire.fr\/wp-content\/uploads\/2024\/11\/A28.jpg\" target=\"_blank\" aria-label=\"Voir les d\u00e9tails de la diapositive\" class=\"metaslider_image_link\"><img loading=\"lazy\" decoding=\"async\" src=\"http:\/\/lorrylesmetz-histoire.fr\/wp-content\/uploads\/2024\/11\/A28-426x319.jpg\" height=\"600\" width=\"800\" alt=\"\" class=\"slider-7928 slide-7956 msDefaultImage\" title=\"A28\" \/><\/a><\/li>\n                <li style=\"display: none; width: 100%;\" class=\"slide-7957 ms-image \" aria-roledescription=\"slide\" data-date=\"2024-11-04 11:09:33\" data-filename=\"A29-592x444.jpg\" data-slide-type=\"image\"><a href=\"http:\/\/lorrylesmetz-histoire.fr\/wp-content\/uploads\/2024\/11\/A29.jpg\" target=\"_blank\" aria-label=\"Voir les d\u00e9tails de la diapositive\" class=\"metaslider_image_link\"><img loading=\"lazy\" decoding=\"async\" src=\"http:\/\/lorrylesmetz-histoire.fr\/wp-content\/uploads\/2024\/11\/A29-592x444.jpg\" height=\"600\" width=\"800\" alt=\"\" class=\"slider-7928 slide-7957 msDefaultImage\" title=\"A29\" \/><\/a><\/li>\n                <li style=\"display: none; width: 100%;\" class=\"slide-7958 ms-image \" aria-roledescription=\"slide\" data-date=\"2024-11-04 11:09:34\" data-filename=\"A30-800x600.jpg\" data-slide-type=\"image\"><a href=\"http:\/\/lorrylesmetz-histoire.fr\/wp-content\/uploads\/2024\/11\/A30.jpg\" target=\"_blank\" aria-label=\"Voir les d\u00e9tails de la diapositive\" class=\"metaslider_image_link\"><img loading=\"lazy\" decoding=\"async\" src=\"http:\/\/lorrylesmetz-histoire.fr\/wp-content\/uploads\/2024\/11\/A30-800x600.jpg\" height=\"600\" width=\"800\" alt=\"\" class=\"slider-7928 slide-7958 msDefaultImage\" title=\"A30\" \/><\/a><\/li>\n                <li style=\"display: none; width: 100%;\" class=\"slide-7959 ms-image \" aria-roledescription=\"slide\" data-date=\"2024-11-04 11:09:34\" data-filename=\"A31-741x555.jpg\" data-slide-type=\"image\"><a href=\"http:\/\/lorrylesmetz-histoire.fr\/wp-content\/uploads\/2024\/11\/A31.jpg\" target=\"_blank\" aria-label=\"Voir les d\u00e9tails de la diapositive\" class=\"metaslider_image_link\"><img loading=\"lazy\" decoding=\"async\" src=\"http:\/\/lorrylesmetz-histoire.fr\/wp-content\/uploads\/2024\/11\/A31-741x555.jpg\" height=\"600\" width=\"800\" alt=\"\" class=\"slider-7928 slide-7959 msDefaultImage\" title=\"A31\" \/><\/a><\/li>\n                <li style=\"display: none; width: 100%;\" class=\"slide-7960 ms-image \" aria-roledescription=\"slide\" data-date=\"2024-11-04 11:09:34\" data-filename=\"A32-800x600.jpg\" data-slide-type=\"image\"><a href=\"http:\/\/lorrylesmetz-histoire.fr\/wp-content\/uploads\/2024\/11\/A32.jpg\" target=\"_blank\" aria-label=\"Voir les d\u00e9tails de la diapositive\" class=\"metaslider_image_link\"><img loading=\"lazy\" decoding=\"async\" src=\"http:\/\/lorrylesmetz-histoire.fr\/wp-content\/uploads\/2024\/11\/A32-800x600.jpg\" height=\"600\" width=\"800\" alt=\"\" class=\"slider-7928 slide-7960 msDefaultImage\" title=\"A32\" \/><\/a><\/li>\n                <li style=\"display: none; width: 100%;\" class=\"slide-7961 ms-image \" aria-roledescription=\"slide\" data-date=\"2024-11-04 11:09:34\" data-filename=\"A33-800x600.jpg\" data-slide-type=\"image\"><a href=\"http:\/\/lorrylesmetz-histoire.fr\/wp-content\/uploads\/2024\/11\/A33.jpg\" target=\"_blank\" aria-label=\"Voir les d\u00e9tails de la diapositive\" class=\"metaslider_image_link\"><img loading=\"lazy\" decoding=\"async\" src=\"http:\/\/lorrylesmetz-histoire.fr\/wp-content\/uploads\/2024\/11\/A33-800x600.jpg\" height=\"600\" width=\"800\" alt=\"\" class=\"slider-7928 slide-7961 msDefaultImage\" title=\"A33\" \/><\/a><\/li>\n                <li style=\"display: none; width: 100%;\" class=\"slide-7962 ms-image \" aria-roledescription=\"slide\" data-date=\"2024-11-04 11:09:34\" data-filename=\"A34-800x600.jpg\" data-slide-type=\"image\"><a href=\"http:\/\/lorrylesmetz-histoire.fr\/wp-content\/uploads\/2024\/11\/A34.jpg\" target=\"_blank\" aria-label=\"Voir les d\u00e9tails de la diapositive\" class=\"metaslider_image_link\"><img loading=\"lazy\" decoding=\"async\" src=\"http:\/\/lorrylesmetz-histoire.fr\/wp-content\/uploads\/2024\/11\/A34-800x600.jpg\" height=\"600\" width=\"800\" alt=\"\" class=\"slider-7928 slide-7962 msDefaultImage\" title=\"A34\" \/><\/a><\/li>\n            <\/ul>\n        <\/div>\n        \n    <\/div>\n<\/div>\n<p>Photos Jean-Luc\u00a0Baudinet, Claudine\u00a0Kester, G\u00e9rard\u00a0Kester, Roger\u00a0Mariotte<\/p>\n<p><a href=\"http:\/\/lorrylesmetz-histoire.fr\/?page_id=7649\"><img loading=\"lazy\" decoding=\"async\" class=\"alignnone size-full wp-image-378\" src=\"http:\/\/lorrylesmetz-histoire.fr\/wp-content\/uploads\/2017\/05\/retour.png\" alt=\"\" width=\"89\" height=\"31\" \/><\/a><\/p>\n","protected":false},"excerpt":{"rendered":"<p>25\u00a0mai\u00a02024 Vendredi\u00a024\u00a0mai, Lorry-l\u00e8s-Metz \u00ab\u00a0au fil du temps\u00a0\u00bb a visit\u00e9 le Mus\u00e9e au fil du papier, h\u00e9berg\u00e9 par le Mus\u00e9e de la ville de Pont-\u00e0-Mousson. Le guide s\u2019est trouv\u00e9 \u00eatre le conservateur des collections, un \u00e9rudit passionn\u00e9. Il a pr\u00e9sent\u00e9 l\u2019art&hellip; <\/p>\n","protected":false},"author":1,"featured_media":0,"parent":7649,"menu_order":4,"comment_status":"closed","ping_status":"closed","template":"","meta":{"_mc_calendar":[],"footnotes":""},"class_list":["post-7963","page","type-page","status-publish","hentry"],"_links":{"self":[{"href":"http:\/\/lorrylesmetz-histoire.fr\/index.php?rest_route=\/wp\/v2\/pages\/7963","targetHints":{"allow":["GET"]}}],"collection":[{"href":"http:\/\/lorrylesmetz-histoire.fr\/index.php?rest_route=\/wp\/v2\/pages"}],"about":[{"href":"http:\/\/lorrylesmetz-histoire.fr\/index.php?rest_route=\/wp\/v2\/types\/page"}],"author":[{"embeddable":true,"href":"http:\/\/lorrylesmetz-histoire.fr\/index.php?rest_route=\/wp\/v2\/users\/1"}],"replies":[{"embeddable":true,"href":"http:\/\/lorrylesmetz-histoire.fr\/index.php?rest_route=%2Fwp%2Fv2%2Fcomments&post=7963"}],"version-history":[{"count":3,"href":"http:\/\/lorrylesmetz-histoire.fr\/index.php?rest_route=\/wp\/v2\/pages\/7963\/revisions"}],"predecessor-version":[{"id":8016,"href":"http:\/\/lorrylesmetz-histoire.fr\/index.php?rest_route=\/wp\/v2\/pages\/7963\/revisions\/8016"}],"up":[{"embeddable":true,"href":"http:\/\/lorrylesmetz-histoire.fr\/index.php?rest_route=\/wp\/v2\/pages\/7649"}],"wp:attachment":[{"href":"http:\/\/lorrylesmetz-histoire.fr\/index.php?rest_route=%2Fwp%2Fv2%2Fmedia&parent=7963"}],"curies":[{"name":"wp","href":"https:\/\/api.w.org\/{rel}","templated":true}]}}